{"id":405,"date":"2023-10-05T01:24:56","date_gmt":"2023-10-04T23:24:56","guid":{"rendered":"https:\/\/ownpowr.com\/product\/pytes-e-box-48100r\/"},"modified":"2024-10-16T15:58:23","modified_gmt":"2024-10-16T13:58:23","slug":"pytes-e-box-48100r","status":"publish","type":"product","link":"https:\/\/ownpowr.com\/et\/product\/pytes-e-box-48100r\/","title":{"rendered":"PYTES E-BOX 48100R"},"content":{"rendered":"<p>Pytes kodune aku koos p\u00e4ikesepaneelidega on uue p\u00f5lvkonna LFP liitiumaku koduseks energiasalvestuseks.<\/p>\n<p>See kodune aku on turvaline, h\u00e4sti disainitud ja v\u00f5imas standardne LFP aku teie koju v\u00f5i ettev\u00f5ttesse.<br \/>\nAku on kompaktne ja modulaarne ning sobib teie p\u00e4ikesepaneelidele, on kompaktne, lihtne paigaldada, hooldusvaba ja seda saab paralleelselt paigaldatuna kasutada energiasalvestuss\u00fcsteemi ehitusplokina. Seda kasutatakse laialdaselt kodumajapidamistes energia salvestamiseks v\u00f5i<br \/>\nv\u00e4ikesed kaubanduslikud ja t\u00f6\u00f6stuslikud energiasalvestuss\u00fcsteemid, n\u00e4iteks telekommunikatsioonijaamad.<\/p>\n<p>Maksimaalne paralleelselt paigaldatav kogus on 8 * 5,12 kwh = 40,96 kwh ja koos HUBiga 56 * 5,12 kwh = 280 KwH.<\/p>\n<p>PYTES E-BOX 48100R koduaku omadused:<\/p>\n<ol>\n<li><strong>Muljetavaldav 10-aastane garantii:<\/strong> V\u00f5ite arvestada selle koduse aku pikaajalisusega, millel on kindel 10-aastane garantii.<\/li>\n<li><strong>Nutikas energiajuhtimine:<\/strong> PYTES E-BOX 48100R annab teile v\u00f5imaluse oma energiavajadusi t\u00e4ielikult ise hallata. See salvestab t\u00f5husalt teie p\u00e4ikesepaneelidest toodetud \u00fcleliigset energiat, m\u00f5\u00f5tes, j\u00e4lgides ja juhtides protsessi t\u00e4helepanelikult. T\u00e4nu intelligentsetele algoritmidele, mis optimeerivad s\u00fcsteemi kasutusiga, on energia kohe saadaval, kui seda k\u00f5ige rohkem vajate.<\/li>\n<li><strong>Varu- ja avariitoide:<\/strong> V\u00f5ite olla rahulik, teades, et see kodune aku pakub usaldusv\u00e4\u00e4rset varu- ja avariitoetust, kui v\u00f5rk ei t\u00f6\u00f6ta v\u00f5i l\u00e4bib rohkem kui 6000 ts\u00fcklit, tagades nii pikaealisuse kui ka ohutuse.<\/li>\n<li><strong>Lai \u00fchilduvus:<\/strong> PYTES E-BOX 48100R koduaku on loodud laiaulatuslikku \u00fchilduvust silmas pidades, integreerudes sujuvalt erinevate seadistustega.<\/li>\n<li><strong>Energiaarvete kokkuhoid:<\/strong> Tipptundide v\u00e4lisel ajal laeb kodune aku intelligentselt inverteri abil ja t\u00fchjeneb tipptundide ajal. See strateegia toob aja jooksul kaasa energiaarve m\u00e4rkimisv\u00e4\u00e4rse v\u00e4henemise.<\/li>\n<\/ol>\n<p>Tehnilised andmed:<\/p>\n<ul>\n<li><strong>Mudel:<\/strong> 48100R<\/li>\n<li><strong>Aku keemia:<\/strong> Liitiumraudfosfaat (LFP)<\/li>\n<li><strong>Nimipinge:<\/strong> 51.2V<\/li>\n<li><strong>Pingevahemik:<\/strong> 47.5V-57.6V<\/li>\n<li><strong>Nimiv\u00f5imsus:<\/strong> 100Ah<\/li>\n<li><strong>Hinnatud energia:<\/strong> 5.12kWh<\/li>\n<li><strong>\u00dcksuse m\u00f5\u00f5tmed:<\/strong> L440mm x B620mm x H117mm (2.6U)<\/li>\n<li><strong>\u00dchiku kaal:<\/strong> 51kg<\/li>\n<li><strong>Standardne laadimisvool:<\/strong> 50A<\/li>\n<li><strong>Maksimaalne laadimisvool:<\/strong> 50A<\/li>\n<li><strong>Standardne t\u00fchjendusvool:<\/strong> 50A<\/li>\n<li><strong>Maksimaalne t\u00fchjenduskiirus:<\/strong> 50A<\/li>\n<li><strong>Edasi-tagasi t\u00f5husus:<\/strong> \u226595%<\/li>\n<li><strong>Sideprotokollid:<\/strong> RS232, RS485, SAAB<\/li>\n<li><strong>Ts\u00fckliline eluiga:<\/strong> \u22656000 ts\u00fcklit<\/li>\n<li><strong>Kalendri elu:<\/strong> \u226510 aastat<\/li>\n<li><strong>T\u00f6\u00f6temperatuur:<\/strong> -10\u00b0C kuni 50\u00b0C<\/li>\n<li><strong>\u00dchendamise stiil:<\/strong> Paralleelne<\/li>\n<li><strong>S\u00e4ilitustemperatuur:<\/strong> 1 kuu jooksul: 1 kuu jooksul: -20\u00b0C kuni 55\u00b0C, 1-3 kuud: 0\u00b0C kuni 35\u00b0C, 3-12 kuud: 20\u00b0C kuni 25\u00b0C<\/li>\n<li><strong>Juhtpaneel:<\/strong> Lihtne paigaldamine h\u00f5lmab individuaalset seinakinnitust, kasutades kaasasolevaid klambreid, v\u00f5i selle stiilset \u00fchendamist \u0161iki kodukarbiga.<\/li>\n<\/ul>","protected":false},"excerpt":{"rendered":"<p>Pytes kodune aku koos p\u00e4ikesepaneelidega on uue p\u00f5lvkonna LFP liitiumaku koduseks energiasalvestuseks. See koduaku on turvaline, h\u00e4sti konstrueeritud ja v\u00f5imas standardne [...]<\/p>","protected":false},"featured_media":406,"template":"","meta":{"_seopress_robots_primary_cat":"none","_seopress_titles_title":"The Pytes Home Battery: A Safe, Powerful LFP Lithium Battery for Solar Panels","_seopress_titles_desc":"Experience complete energy self-management with this compact, easy-to-install home battery. Store excess energy, reduce bills, and enjoy a 10-year warranty!","_seopress_robots_index":"","_kad_blocks_custom_css":"","_kad_blocks_head_custom_js":"","_kad_blocks_body_custom_js":"","_kad_blocks_footer_custom_js":""},"product_cat":[17],"product_tag":[],"class_list":{"0":"post-405","1":"product","2":"type-product","3":"status-publish","4":"has-post-thumbnail","6":"product_cat-home-batteries","8":"first","9":"instock","10":"sale","11":"taxable","12":"shipping-taxable","13":"purchasable","14":"product-type-simple"},"taxonomy_info":{"product_cat":[{"value":17,"label":"Home batteries"}]},"featured_image_src_large":["https:\/\/ownpowr.com\/wp-content\/uploads\/2022\/11\/48100R\u8be6\u60c5-920x640_08-420x420-1.jpeg",420,420,false],"author_info":[],"comment_info":"","_links":{"self":[{"href":"https:\/\/ownpowr.com\/et\/wp-json\/wp\/v2\/product\/405","targetHints":{"allow":["GET"]}}],"collection":[{"href":"https:\/\/ownpowr.com\/et\/wp-json\/wp\/v2\/product"}],"about":[{"href":"https:\/\/ownpowr.com\/et\/wp-json\/wp\/v2\/types\/product"}],"wp:featuredmedia":[{"embeddable":true,"href":"https:\/\/ownpowr.com\/et\/wp-json\/wp\/v2\/media\/406"}],"wp:attachment":[{"href":"https:\/\/ownpowr.com\/et\/wp-json\/wp\/v2\/media?parent=405"}],"wp:term":[{"taxonomy":"product_cat","embeddable":true,"href":"https:\/\/ownpowr.com\/et\/wp-json\/wp\/v2\/product_cat?post=405"},{"taxonomy":"product_tag","embeddable":true,"href":"https:\/\/ownpowr.com\/et\/wp-json\/wp\/v2\/product_tag?post=405"}],"curies":[{"name":"wp","href":"https:\/\/api.w.org\/{rel}","templated":true}]}}