{"id":4066,"date":"2023-10-27T15:05:46","date_gmt":"2023-10-27T13:05:46","guid":{"rendered":"https:\/\/ownpowr.com\/?post_type=product&#038;p=4066"},"modified":"2025-02-27T12:52:29","modified_gmt":"2025-02-27T10:52:29","slug":"deye-micro-inverter-sun600","status":"publish","type":"product","link":"https:\/\/ownpowr.com\/et\/product\/deye-micro-inverter-sun600-ainult-kasti-kaupa-4-tukki\/","title":{"rendered":"Deye mikroinverter-SUN600"},"content":{"rendered":"<div class=\"left column\">\n<h1>DEYE SUN600\/800\/1000G3-US-220\/EU-230 |600-1000W| \u00dchefaasiline | 2 MPPT | Mikroinverter | Kiire v\u00e4ljal\u00fclitus | Kiire v\u00e4ljal\u00fclitus<\/h1>\n<p>K\u00f5rgemad saagid \/ Ohutu \/ Nutikas \/ Kasutajas\u00f5bralik<\/p>\n<div class=\"text\">\n<p>SUN 600\/800\/1000G3 on uue p\u00f5lvkonna v\u00f5rku \u00fchendatud mikroinverter, millel on intelligentsed v\u00f5rgu- ja seires\u00fcsteemid, mis tagavad maksimaalse t\u00f5hususe. SUN 600\/800\/1000G3 on optimeeritud t\u00e4nap\u00e4evaste suure v\u00f5imsusega PV-moodulite t\u00f5husaks kasutamiseks kuni 500 W v\u00e4ljundv\u00f5imsusega ja kahekordse MPPT-ga. Samuti toetab see kiiret v\u00e4ljal\u00fclitamist, tagades teie investeeringu ohutuse.<\/p>\n<\/div>\n<\/div>\n<div class=\"prodet-2\">\n<div class=\"ui container\">\n<div class=\"box grid-box\">\n<div class=\"right column\">\n<h2 class=\"titleBig\">Kaugl\u00fclitusfunktsioon<\/h2>\n<h4>Nutikas seireplatvorm<\/h4>\n<p>T\u00e4nu nutikale seireplatvormile toetavad Deye-seeria inverteritooted \u00f5nnetuse korral viivitamatut kaugl\u00fclitamist.Parameetrite seadistamine ja FW-uuendamine eemalt, mis muudab PV-elektrijaama k\u00e4itamise ja hoolduse lihtsamaks.<\/p>\n<\/div>\n<\/div>\n<\/div>\n<\/div>\n<div class=\"prodet-3\">\n<div class=\"ui container\">\n<div class=\"box grid-box\">\n<div class=\"left column\">\n<div class=\"slick-list draggable\">\n<div class=\"slick-track\">\n<div class=\"slick-slide slick-cloned\" data-slick-index=\"-2\" aria-hidden=\"true\">\n<ul>\n<li>Mooduli taseme j\u00e4lgimine, turvalisem ja arukam<\/li>\n<li>Max. DC sisendvool 13A, kohandub 500W PV-mooduliga<\/li>\n<li>Kiire v\u00e4ljal\u00fclitamise funktsioon<\/li>\n<li>IP67 kaitseaste\uff0c10 aastat garantiid<\/li>\n<li>PLC, Zigbee v\u00f5i WIFI side<\/li>\n<li>2 MPP j\u00e4lgimisseadet, mooduli taseme j\u00e4lgimine<\/li>\n<\/ul>\n<\/div>\n<div class=\"slick-slide slick-cloned\" data-slick-index=\"-1\" aria-hidden=\"true\">\n<div id=\"av_articleherstbezeichnung\">\n<h1 class=\"av_fontnormal\">DEYE SUN600<\/h1>\n<\/div>\n<div id=\"av_articletext\" class=\"clearfix\"><span class=\"artbesch\">V\u00e4ike ja suure j\u00f5udlusega inverter<br \/>\nIntelligentne mikroinverter koduv\u00f5rku toitmiseks. Seda inverterit on lihtne seadistada ja konfigureerida. Paigaldada saab peaaegu k\u00f5igi tootjate p\u00e4ikesepaneele. Ideaalne v\u00e4ikeste p\u00e4ikeses\u00fcsteemide jaoks, nt r\u00f5dudel, aiamajades, garaa\u017eides v\u00f5i varjulistel aladel.<\/span><b>Tarne praegu ilma Betteri haakeseadise ja korgita! Palun tellige otse<\/b><\/p>\n<ul type=\"disc\">\n<li>Liidesed: WiFi<\/li>\n<li>kompaktne disain<\/li>\n<li>Paigaldamine v\u00e4ljas, otse p\u00e4ikesemooduli k\u00fclge<\/li>\n<li>Jahutamine konvektsiooni abil<\/li>\n<li>Maksimaalse v\u00f5imsuse punkti j\u00e4lgimine (MPPT)<\/li>\n<li>kiire k\u00e4ivitamise funktsioon kuni 12 sekundit<\/li>\n<li>ohutu t\u00e4nu kiirele v\u00e4ljal\u00fclitusfunktsioonile<\/li>\n<li>Maakatkestuse seire<\/li>\n<li>V\u00f5rguseire<\/li>\n<li>j\u00e4\u00e4kvoolu j\u00e4lgimine<\/li>\n<li>Kaitseklass IP 67<\/li>\n<\/ul>\n<p>&nbsp;<\/p>\n<p><b>Nutikas j\u00e4lgimine:<\/b><br \/>\nJ\u00e4lgi oma edu igal ajal! Integreeritud WLAN-liides v\u00f5imaldab teil integreerida selle inverteri oma v\u00f5rku.<br \/>\nSOLARMANi rakenduse kaudu on v\u00f5imalik juurdep\u00e4\u00e4s nutitelefoni v\u00f5i tahvelarvuti abil. Lisaks on v\u00f5imalik juurdep\u00e4\u00e4s brauserip\u00f5hine juurdep\u00e4\u00e4s teie l\u00f5ppseadmega.<\/p>\n<p><b>MPPT j\u00e4lgimine:<\/b><br \/>\nMaksimaalne saagikus mis tahes ilmastikutingimustes. Olenemata sellest, kas on halb ilm v\u00f5i osaliselt varjuline, tagavad kaasaegne tehnoloogia ja uusim inverteri string-tehnoloogia optimaalse saagikuse.<\/p>\n<p><b>Lihtsalt laiendatav:<\/b><br \/>\nSelle mikroinverteriga s\u00fcsteemi saab igal ajal laiendada t\u00e4iendavate mikroinverteritega. T\u00e4iendav inverter \u00fchendatakse lihtsalt olemasoleva mikroinverteriga Betteri pistikuga.<\/p>\n<p><b>Sertifitseeritud vastavalt VDE-le:<\/b><br \/>\nMikroinverter on sertifitseeritud vastavalt standardile VDE-AR-N-4105:2018 ja seda v\u00f5ib kasutada Saksamaal. See sisaldab NA-kaitset, l\u00fclitub vooluv\u00f5rgust lahti \u00fchendamisel kohe v\u00e4lja.<\/p>\n<p><b>WLAN:<\/b><br \/>\nMikroinverterisse on integreeritud WLAN-moodul. See t\u00e4hendab, et \u00fchenduse loomiseks ei ole vaja t\u00e4iendavat riistvara. SOLARMANi rakendusega saate j\u00e4lgida oma tootlusi otse\u00fclekandes ning visualiseerida ja anal\u00fc\u00fcsida neid graafiliselt. Inverteri Deye WLAN-parool on \"12345678\" ja see tuleb sisestada \u00fcks kord Solarmani rakendusse integreerimise ajal. Energiam\u00f5\u00f5tmiseks ei ole vaja mingeid t\u00e4iendavaid seadmeid!<\/p>\n<p><b>Paigaldamine:<\/b><br \/>\nInverteril on kaitseaste IP 67 ning see on \u00e4\u00e4rmiselt vastupidav ja vastupidav. Inverter paigaldatakse koos p\u00e4ikesemooduliga lihtsalt v\u00e4litingimustesse.<\/p>\n<p><b>Vahelduvvoolu\u00fchendus:<\/b><br \/>\nKoduv\u00f5rguga \u00fchendamiseks on seadme k\u00fcljes tasuta paigaldamiseks kaasas Betteri-pistik.<\/p>\n<p><b>Alalisvoolu sisend - p\u00e4ikese pool:<\/b><br \/>\nV\u00f5imsus: 210 Watt - 400 Watt<br \/>\nMax. Sisendpinge: 60 V DC<br \/>\nMax. Sisendvool: 16 A<br \/>\nMPP kontroll: Jah<br \/>\nAlalisvoolu\u00fchendused: Jah<br \/>\n\u00dchendus: MC4<\/p>\n<p><b>Vahelduvvoolu v\u00e4ljund - v\u00f5rguv\u00e4ljund:<\/b><br \/>\nNimiv\u00f5imsus: 600 vatti (230 V\/50 Hz)<br \/>\nNimiv\u00e4ljundpinge: 230 V<br \/>\nV\u00e4ljundvool: max. 2.9 A<br \/>\n\u00dchendus: Betteri<\/p>\n<p><b>Seade:<\/b><br \/>\nM\u00f5\u00f5tmed (KxSxK): 229 x 212 x 40 mm<br \/>\nKaal: 3,5 kg<br \/>\n\u00d6ine tarbimine: &lt; 50 mW<\/p>\n<p><b>Tarne ulatus:<\/b><br \/>\n1x SUN600<br \/>\n1x WLAN antenn<br \/>\n1x kasutusjuhend (inglise keeles)<\/p>\n<p><b>Oluline:<\/b><br \/>\nElektriliinide \/ maja\u00fchendusliinide seadistamiseks, kohandamiseks soovitame alati konsulteerida kvalifitseeritud personaliga. Ettev\u00f5te reichelt elektroonik GmbH &amp; Co. KG ei v\u00f5ta endale mingit vastutust. Enne ostmist ja \u00fchendamist palume end teavitada.<\/p>\n<div id=\"clipvideo\"><strong>Lisateave:<\/strong><\/div>\n<div><a href=\"https:\/\/storeyourownpower.com\/wp-content\/uploads\/2022\/12\/Datasheet-English-microinverter.pdf\" target=\"_blank\" rel=\"noopener\">Andmebaas inglise keeles mikroinverter<\/a><\/div>\n<div><a href=\"https:\/\/storeyourownpower.com\/wp-content\/uploads\/2022\/12\/User-Manual-Deye-microinverter.pdf\" target=\"_blank\" rel=\"noopener\">Kasutusjuhend Deye mikroinverter<\/a><\/div>\n<\/div>\n<\/div>\n<\/div>\n<\/div>\n<\/div>\n<\/div>\n<\/div>\n<\/div>","protected":false},"excerpt":{"rendered":"<p>DEYE SUN600\/800\/1000G3-US-220\/EU-230 |600-1000W| \u00dchefaasiline | 2 MPPT | Mikro-Inverter | Kiire v\u00e4ljal\u00fclitus Suurem tootlus \/ Ohutu \/ Nutikas \/ Kasutajas\u00f5bralik SUN 600\/800\/1000G3 on uue p\u00f5lvkonna v\u00f5rguga seotud mikroinverter, millel on [...]<\/p>","protected":false},"featured_media":4069,"template":"","meta":{"_seopress_robots_primary_cat":"none","_seopress_titles_title":"DEYE SUN600\/800\/1000G3-US-220\/EU-230 |600-1000W| Single Phase | 2 MPPT | Micro-Inverter | Rapid Shutdown","_seopress_titles_desc":"Get the DEYE SUN600\/800\/1000G3 microinverter for maximum efficiency and safe solar energy production. Supports rapid shutdown and smart monitoring.","_seopress_robots_index":"","_kad_blocks_custom_css":"","_kad_blocks_head_custom_js":"","_kad_blocks_body_custom_js":"","_kad_blocks_footer_custom_js":""},"product_cat":[18],"product_tag":[],"class_list":{"0":"post-4066","1":"product","2":"type-product","3":"status-publish","4":"has-post-thumbnail","6":"product_cat-hybrid-inverters","8":"first","9":"instock","10":"sale","11":"taxable","12":"shipping-taxable","13":"purchasable","14":"product-type-simple"},"taxonomy_info":{"product_cat":[{"value":18,"label":"Hybrid inverters"}]},"featured_image_src_large":["https:\/\/ownpowr.com\/wp-content\/uploads\/2023\/10\/deye-microinveretr.webp",420,420,false],"author_info":[],"comment_info":"","_links":{"self":[{"href":"https:\/\/ownpowr.com\/et\/wp-json\/wp\/v2\/product\/4066","targetHints":{"allow":["GET"]}}],"collection":[{"href":"https:\/\/ownpowr.com\/et\/wp-json\/wp\/v2\/product"}],"about":[{"href":"https:\/\/ownpowr.com\/et\/wp-json\/wp\/v2\/types\/product"}],"wp:featuredmedia":[{"embeddable":true,"href":"https:\/\/ownpowr.com\/et\/wp-json\/wp\/v2\/media\/4069"}],"wp:attachment":[{"href":"https:\/\/ownpowr.com\/et\/wp-json\/wp\/v2\/media?parent=4066"}],"wp:term":[{"taxonomy":"product_cat","embeddable":true,"href":"https:\/\/ownpowr.com\/et\/wp-json\/wp\/v2\/product_cat?post=4066"},{"taxonomy":"product_tag","embeddable":true,"href":"https:\/\/ownpowr.com\/et\/wp-json\/wp\/v2\/product_tag?post=4066"}],"curies":[{"name":"wp","href":"https:\/\/api.w.org\/{rel}","templated":true}]}}