{"id":429,"date":"2023-10-04T16:42:58","date_gmt":"2023-10-04T14:42:58","guid":{"rendered":"https:\/\/ownpowr.com\/product\/pylontech-force-h1-3-55kwh-battery\/"},"modified":"2025-03-27T12:51:37","modified_gmt":"2025-03-27T10:51:37","slug":"pylontech-force-h1-3-55kwh-battery","status":"publish","type":"product","link":"https:\/\/ownpowr.com\/et\/product\/pylontech-force-h1-3-55kwh-aku\/","title":{"rendered":"Pylontech force H1 3.55kWh aku V2"},"content":{"rendered":"<h3>Pylontech Force H1 3.55kWh akumoodul - k\u00f5rgepinge<\/h3>\n<p>Force H1 on uusim HESSi akus\u00fcsteem, mida tarnib Pylontech. \"Pika eluea\" iseloom, suurim energia- ja v\u00f5imsustihedus t\u00f6\u00f6stuses, moekohane disain, lihtne paigaldamine ja laiendamine peegeldavad l\u00f5ppkasutajate tegelikke n\u00f5udeid ja Pylontech tugevaimat tehnilist v\u00f5imekust.<\/p>\n<p>Pylontech Force H1 3,55 kWh akumoodul 1 Force H1 virna kokkupanekuks 2 kuni 7 Force H1 akumoodulist j\u00e4rjestikku, et saavutada kasutatav maht 7,1 kuni 24,86 kWh. V\u00f5imalus hiljem Force H1 moodulite lisamisega suurendada.<\/p>\n<p>\u2714 Vertikaalne t\u00f6\u00f6stuslik integratsioon tagab \u00fcle 6000 ts\u00fckli koos 90% DoD-ga<\/p>\n<p>\u2714 Modulaarne disain v\u00f5imaldab l\u00f5ppklientidel valida v\u00f5imsust<\/p>\n<p>\u2714 \u00dchildub enamiku olemasolevate h\u00fcbriidinverteritega<\/p>\n<p>\u2714 Kiirlahendus v\u00e4hendab paigaldusaega ja kulusid<\/p>\n<p>\u2714 Kena disain - sobib nii sise- kui ka v\u00e4litingimustes paigaldamiseks<\/p>\n<p>*10 aastat tootja garantiid p\u00e4rast edukat registreerimist aadressil <a href=\"http:\/\/en.pylontech.com.cn\/service\/support\">http:\/\/en.pylontech.com.cn\/service\/support<\/a> ja vastavalt tingimustele, mis on esitatud selle tootega seotud dokumendis \"Piiratud garantii\".<\/p>\n<p><a href=\"https:\/\/storeyourownpower.com\/wp-content\/uploads\/2022\/10\/Datasheet-English-2.pdf\" target=\"_blank\" rel=\"noopener\">Andmeleht inglise keeles<\/a><br \/>\n<a href=\"https:\/\/storeyourownpower.com\/wp-content\/uploads\/2022\/10\/Compatibility-list-English.pdf\" target=\"_blank\" rel=\"noopener\">\u00dchilduvuse nimekiri inglise keeles<\/a><br \/>\n<a href=\"https:\/\/storeyourownpower.com\/wp-content\/uploads\/2022\/10\/Operation-manual-English.pdf\" target=\"_blank\" rel=\"noopener\">Kasutusjuhend inglise keeles<\/a><br \/>\n<a href=\"https:\/\/storeyourownpower.com\/wp-content\/uploads\/2022\/10\/Consumer-Warranty.pdf\" target=\"_blank\" rel=\"noopener\">Tarbijagarantii<\/a><\/p>","protected":false},"excerpt":{"rendered":"<p>Pylontech Force H1 3,55kWh akumoodul - k\u00f5rgepinge Force H1 on uusim HESS akus\u00fcsteem, mida tarnib Pylontech. \"Pika eluea\" iseloom, k\u00f5rgeim energia ja v\u00f5imsus [...]<\/p>","protected":false},"featured_media":430,"template":"","meta":{"_seopress_robots_primary_cat":"none","_seopress_titles_title":"Pylontech Force H1 3.55kWh Battery Module - High Voltage","_seopress_titles_desc":"The latest HESS battery system with industry-leading features. Easily expandable, high energy density, and compatible with most hybrid inverters. 10-year warranty.","_seopress_robots_index":"","_kad_blocks_custom_css":"","_kad_blocks_head_custom_js":"","_kad_blocks_body_custom_js":"","_kad_blocks_footer_custom_js":""},"product_cat":[17],"product_tag":[],"class_list":{"0":"post-429","1":"product","2":"type-product","3":"status-publish","4":"has-post-thumbnail","6":"product_cat-home-batteries","8":"first","9":"instock","10":"sale","11":"taxable","12":"shipping-taxable","13":"purchasable","14":"product-type-simple"},"taxonomy_info":{"product_cat":[{"value":17,"label":"Home batteries"}]},"featured_image_src_large":["https:\/\/ownpowr.com\/wp-content\/uploads\/2022\/11\/Pylontech-Force-H1-3.55kWh-Battery-Module-10484-img.png",553,347,false],"author_info":[],"comment_info":"","_links":{"self":[{"href":"https:\/\/ownpowr.com\/et\/wp-json\/wp\/v2\/product\/429","targetHints":{"allow":["GET"]}}],"collection":[{"href":"https:\/\/ownpowr.com\/et\/wp-json\/wp\/v2\/product"}],"about":[{"href":"https:\/\/ownpowr.com\/et\/wp-json\/wp\/v2\/types\/product"}],"wp:featuredmedia":[{"embeddable":true,"href":"https:\/\/ownpowr.com\/et\/wp-json\/wp\/v2\/media\/430"}],"wp:attachment":[{"href":"https:\/\/ownpowr.com\/et\/wp-json\/wp\/v2\/media?parent=429"}],"wp:term":[{"taxonomy":"product_cat","embeddable":true,"href":"https:\/\/ownpowr.com\/et\/wp-json\/wp\/v2\/product_cat?post=429"},{"taxonomy":"product_tag","embeddable":true,"href":"https:\/\/ownpowr.com\/et\/wp-json\/wp\/v2\/product_tag?post=429"}],"curies":[{"name":"wp","href":"https:\/\/api.w.org\/{rel}","templated":true}]}}