{"id":431,"date":"2022-11-11T10:28:23","date_gmt":"2022-11-11T08:28:23","guid":{"rendered":"https:\/\/ownpowr.com\/product\/solax-t-bat-h-5-8-master-pack-v2\/"},"modified":"2025-09-02T09:26:49","modified_gmt":"2025-09-02T07:26:49","slug":"solax-t-bat-h-5-8-master-pack-v2","status":"publish","type":"product","link":"https:\/\/ownpowr.com\/et\/product\/solax-t-bat-h-5-8-master-pack-v2\/","title":{"rendered":"SolaX Power T-Bat H 5.8 Master Pack V2 5,8 kWh"},"content":{"rendered":"<div>Solax T-BAT H 5.8 master pack V2<\/div>\n<div><\/div>\n<div class=\"product--description\">ETTEVAATUST:<br \/>\nOhtlik aine vastavalt \u00dcRO 3480 \/ Transpordi ohuklass 9 \/ Pakendigrupp IIAkut SolaX T-BAT H 5.8 \u00fchendamisel j\u00e4rgige inverteri pingevahemikku.<br \/>\nSeet\u00f5ttu tuleb X-1 h\u00fcbriidseadmete puhul \u00fchendada v\u00e4hemalt 1 pea- ja kuni 2 alamakut.<br \/>\nX-3 h\u00fcbriidseadmete puhul peab olema \u00fchendatud v\u00e4hemalt 1 pea- ja v\u00e4hemalt 1 alamaku. Kuni 3 alamakut v\u00f5ib \u00fchendada. **V1T-BAT H 5.8 ei \u00fchildu V2 T-BAT H 5.8ga**.<\/div>\n<div class=\"is--b2b-ajax-panel b2b--ajax-panel b2b--ajax-panel-orderlist\" data-id=\"order-list-remote-box\" data-plugins=\"b2bOrderList\" data-url=\"https:\/\/shop.krannich-solar.com\/de-en\/b2borderlistremote\/remoteList\/referenceNumber\/0152118\/b2b_quantity\/1\/type\/detail\">\n<div class=\"b2b--alert-container\"><\/div>\n<div>\n<form action=\"https:\/\/shop.krannich-solar.com\/de-en\/b2borderlistremote\/processAddProductsToOrderList\" method=\"post\" data-trp-original-action=\"https:\/\/shop.krannich-solar.com\/de-en\/b2borderlistremote\/processAddProductsToOrderList\">\n<div class=\"block-group group--actions\">\n<div class=\"select-field\">\n<p>Nimiv\u00f5imsus (kWh): 5.8<br \/>\nKasutatav v\u00f5imsus (kWh): 5.1<br \/>\nStandardv\u00f5imsus (kW): 2,8<\/p>\n<p>Max. V\u00f5imsus (kW): 4.0<\/p>\n<p>Nimipinge (V): 115.2<br \/>\nMax. Laadimisvool (A): 35<br \/>\nMax. T\u00fchjendusvool (A): 35<\/p>\n<p><a href=\"https:\/\/storeyourownpower.com\/wp-content\/uploads\/2022\/10\/Datasheet-English-1.pdf\" target=\"_blank\" rel=\"noopener\">Andmeleht inglise keeles<\/a><br \/>\n<a href=\"https:\/\/storeyourownpower.com\/wp-content\/uploads\/2022\/10\/Datasheet-German.pdf\" target=\"_blank\" rel=\"noopener\">Andmeleht saksa keeles<\/a><br \/>\n<a href=\"https:\/\/storeyourownpower.com\/wp-content\/uploads\/2022\/10\/Mounting-instructions-English-1.pdf\" target=\"_blank\" rel=\"noopener\">Kokkupaneku juhised inglise keeles<\/a><br \/>\n<a href=\"https:\/\/storeyourownpower.com\/wp-content\/uploads\/2022\/10\/Operations-manual-German.pdf\" target=\"_blank\" rel=\"noopener\">Kasutusjuhend saksa keeles<\/a><br \/>\n<a href=\"https:\/\/storeyourownpower.com\/wp-content\/uploads\/2022\/10\/Warranty-terms-English.pdf\" target=\"_blank\" rel=\"noopener\">Garantiitingimused inglise keeles<\/a><br \/>\n<a href=\"https:\/\/storeyourownpower.com\/wp-content\/uploads\/2022\/10\/Warranty-terms-Germany.pdf\" target=\"_blank\" rel=\"noopener\">Garantiitingimused Saksamaa<\/a><\/p>\n<\/div>\n<\/div>\n<input type=\"hidden\" name=\"trp-form-language\" value=\"et\"\/><\/form>\n<\/div>\n<\/div>","protected":false},"excerpt":{"rendered":"<p>Solax T-BAT H 5.8 master pack V2 HOIATUS: Ohtlik aine vastavalt UN 3480 \/ Transpordi ohuklass 9 \/ Pakendigrupp IISolaX T-BAT H 5.8 aku \u00fchendamisel [...]<\/p>","protected":false},"featured_media":432,"template":"","meta":{"_seopress_robots_primary_cat":"none","_seopress_titles_title":"","_seopress_titles_desc":"","_seopress_robots_index":"","_kad_blocks_custom_css":"","_kad_blocks_head_custom_js":"","_kad_blocks_body_custom_js":"","_kad_blocks_footer_custom_js":""},"product_cat":[17],"product_tag":[],"class_list":{"0":"post-431","1":"product","2":"type-product","3":"status-publish","4":"has-post-thumbnail","6":"product_cat-home-batteries","8":"first","9":"instock","10":"sale","11":"taxable","12":"shipping-taxable","13":"purchasable","14":"product-type-simple"},"taxonomy_info":{"product_cat":[{"value":17,"label":"Home batteries"}]},"featured_image_src_large":["https:\/\/ownpowr.com\/wp-content\/uploads\/2022\/11\/huts-1.jpeg",600,540,false],"author_info":[],"comment_info":"","_links":{"self":[{"href":"https:\/\/ownpowr.com\/et\/wp-json\/wp\/v2\/product\/431","targetHints":{"allow":["GET"]}}],"collection":[{"href":"https:\/\/ownpowr.com\/et\/wp-json\/wp\/v2\/product"}],"about":[{"href":"https:\/\/ownpowr.com\/et\/wp-json\/wp\/v2\/types\/product"}],"wp:featuredmedia":[{"embeddable":true,"href":"https:\/\/ownpowr.com\/et\/wp-json\/wp\/v2\/media\/432"}],"wp:attachment":[{"href":"https:\/\/ownpowr.com\/et\/wp-json\/wp\/v2\/media?parent=431"}],"wp:term":[{"taxonomy":"product_cat","embeddable":true,"href":"https:\/\/ownpowr.com\/et\/wp-json\/wp\/v2\/product_cat?post=431"},{"taxonomy":"product_tag","embeddable":true,"href":"https:\/\/ownpowr.com\/et\/wp-json\/wp\/v2\/product_tag?post=431"}],"curies":[{"name":"wp","href":"https:\/\/api.w.org\/{rel}","templated":true}]}}