{"id":4519,"date":"2023-11-01T11:34:21","date_gmt":"2023-11-01T09:34:21","guid":{"rendered":"https:\/\/ownpowr.com\/?post_type=product&#038;p=4519"},"modified":"2025-03-20T16:15:10","modified_gmt":"2025-03-20T14:15:10","slug":"deye-gb-lm4-0-battery-module","status":"publish","type":"product","link":"https:\/\/ownpowr.com\/et\/product\/deye-gb-lm4-0-akumoodul\/","title":{"rendered":"Deye GB-LM4.0 akumoodul"},"content":{"rendered":"<p>Deye GB-LM4.0 k\u00f5rgepinge akumoodul on virnastatav (vt andmelehte) GB-SL ja GB-L deye-seerias.<\/p>\n<p>GB-LM4.0 Akumoodul klastri k\u00f5rgepinge aku GB-L 4kWh (HV) LiFePO4 | 40ah p\u00e4ikesepatarei jaoks<br \/>\n<strong>Ohutus ja turvalisus<\/strong><br \/>\nSisseehitatud plahvatuse v\u00e4ljat\u00f5mbamise seade gaasi v\u00e4ljakaevamiseks ja sisseehitatud tulekaitseseade tuleallika 3 sekundiks sulgemiseks<br \/>\n<strong>K\u00f5rgepinge korstnat<\/strong><br \/>\nMoodulid on \u00fchendatud j\u00e4rjestikku ilma kaabli\u00fchenduseta ja k\u00f5rgepingeplatvorm parandab s\u00fcsteemi t\u00f5husust.<br \/>\n<strong>Soojusjuhtimine<\/strong><br \/>\nV\u00f5tmeosade, elementide, toitepistikute jne. temperatuuri tuvastamine.<br \/>\n<strong>T\u00f6\u00f6tamine laias temperatuurivahemikus<\/strong><br \/>\nSoojendusfunktsioon on valikuline, et vastata madala temperatuuri ja nosense rakendusstsenaariumidele.<br \/>\n<strong>Keskkonnas\u00f5bralikkus<\/strong><br \/>\nIP kaitseklass 65, korrosioonikaitse klass \u2265C2, keskkonnakaitse aku<br \/>\n<strong>Intelligentne ja visuaalne<\/strong><br \/>\nToetab kauguuendamist, aku hoiatusteavet reaalajas ja LCD-andmete kuvamist.<\/p>\n<p>\u00dcldine teave:<\/p>\n<p>Aku t\u00fc\u00fcp: LiFePO4 (LFP)<br \/>\nNimipinge: 102,4 Vdc<br \/>\nNimimaht: 40Ah<br \/>\nNimisenergia: 4.09kWh<br \/>\nMax. Laadimis-\/laadimisvool: 40A<br \/>\nTipplaadimis-\/laadimisvool: 50A<br \/>\nLaadimistemperatuur: 0~55\u00b0C<br \/>\nT\u00fchjendustemperatuur: -20\u00b0C ~ 55\u00b0C<br \/>\nS\u00e4ilitustemperatuur: 0\u00b0C ~ 35\u00b0C<br \/>\nSissep\u00e4\u00e4sukaitse: IP65<br \/>\nM\u00f5\u00f5tmed (laius\/k\u00f5rgus): 540*385*220mm<br \/>\nLigikaudne kaal: 39kg<\/p>\n<p><a href=\"https:\/\/ownpowr.com\/wp-content\/uploads\/2023\/11\/datasheet-gb-sl-eu.pdf\" target=\"_blank\" rel=\"noopener\">Teabeleht GB-SL-EU<\/a><\/p>\n<p>&nbsp;<\/p>","protected":false},"excerpt":{"rendered":"<p>Deye GB-LM4.0 k\u00f5rgepinge akumoodul on virnastatav (vt andmelehte) GB-SL ja GB-L deye-seeria seadmetel. GB-LM4.0 akumoodul klastri k\u00f5rgepingeaku GB-L 4kWh (HV) LiFePO4 [...]<\/p>","protected":false},"featured_media":4528,"template":"","meta":{"_seopress_robots_primary_cat":"none","_seopress_titles_title":"Deye GB-LM4.0 High Voltage, Stackable LiFePO4 Battery Module","_seopress_titles_desc":"Discover the stackable high-voltage GB-LM4.0 battery module by Deye featuring LiFePO4(LFP) type, 102.4Vdc voltage, 40Ah capacity, and 4.09kWh energy.","_seopress_robots_index":"","_kad_blocks_custom_css":"","_kad_blocks_head_custom_js":"","_kad_blocks_body_custom_js":"","_kad_blocks_footer_custom_js":""},"product_cat":[17],"product_tag":[],"class_list":{"0":"post-4519","1":"product","2":"type-product","3":"status-publish","4":"has-post-thumbnail","6":"product_cat-home-batteries","8":"first","9":"instock","10":"sale","11":"taxable","12":"shipping-taxable","13":"purchasable","14":"product-type-simple"},"taxonomy_info":{"product_cat":[{"value":17,"label":"Home batteries"}]},"featured_image_src_large":["https:\/\/ownpowr.com\/wp-content\/uploads\/2023\/11\/gb-lm4.0.jpg",550,322,false],"author_info":[],"comment_info":"","_links":{"self":[{"href":"https:\/\/ownpowr.com\/et\/wp-json\/wp\/v2\/product\/4519","targetHints":{"allow":["GET"]}}],"collection":[{"href":"https:\/\/ownpowr.com\/et\/wp-json\/wp\/v2\/product"}],"about":[{"href":"https:\/\/ownpowr.com\/et\/wp-json\/wp\/v2\/types\/product"}],"wp:featuredmedia":[{"embeddable":true,"href":"https:\/\/ownpowr.com\/et\/wp-json\/wp\/v2\/media\/4528"}],"wp:attachment":[{"href":"https:\/\/ownpowr.com\/et\/wp-json\/wp\/v2\/media?parent=4519"}],"wp:term":[{"taxonomy":"product_cat","embeddable":true,"href":"https:\/\/ownpowr.com\/et\/wp-json\/wp\/v2\/product_cat?post=4519"},{"taxonomy":"product_tag","embeddable":true,"href":"https:\/\/ownpowr.com\/et\/wp-json\/wp\/v2\/product_tag?post=4519"}],"curies":[{"name":"wp","href":"https:\/\/api.w.org\/{rel}","templated":true}]}}