{"id":4584,"date":"2023-11-01T15:23:32","date_gmt":"2023-11-01T13:23:32","guid":{"rendered":"https:\/\/ownpowr.com\/?post_type=product&#038;p=4584"},"modified":"2025-02-27T11:22:21","modified_gmt":"2025-02-27T09:22:21","slug":"deye-gb-l-12-24kwh","status":"publish","type":"product","link":"https:\/\/ownpowr.com\/et\/product\/deye-gb-l-12-24kwh\/","title":{"rendered":"Deye GB-L-12.24kWh"},"content":{"rendered":"<p>Deye GB-L-12,24 kWh on k\u00f5rgepinge aku GB-L deye sarja kodune aku koos bms-ga.<\/p>\n<p>Komplekt sisaldab:<br \/>\n3x GB-LM4.0<br \/>\n1x GB-LBS<br \/>\n1x GB-LBase<\/p>\n<p>GB-LM12.0 Akumoodul klastri k\u00f5rgepinge aku GB-L 4kWh (HV) LiFePO4 | 40ah p\u00e4ikesepatarei jaoks<br \/>\n<strong>Ohutus ja turvalisus<\/strong><br \/>\nSisseehitatud plahvatuse v\u00e4ljat\u00f5mbamise seade gaasi v\u00e4ljakaevamiseks ja sisseehitatud tulekaitseseade tuleallika 3 sekundiks sulgemiseks<br \/>\n<strong>K\u00f5rgepinge korstnat<\/strong><br \/>\nMoodulid on \u00fchendatud j\u00e4rjestikku ilma kaabli\u00fchenduseta ja k\u00f5rgepingeplatvorm parandab s\u00fcsteemi t\u00f5husust.<br \/>\n<strong>Soojusjuhtimine<\/strong><br \/>\nV\u00f5tmeosade, elementide, toitepistikute jne. temperatuuri tuvastamine.<br \/>\n<strong>T\u00f6\u00f6tamine laias temperatuurivahemikus<\/strong><br \/>\nSoojendusfunktsioon on valikuline, et vastata madala temperatuuri ja nosense rakendusstsenaariumidele.<br \/>\n<strong>Keskkonnas\u00f5bralikkus<\/strong><br \/>\nIP kaitseklass 65, korrosioonikaitse klass \u2265C2, keskkonnakaitse aku<br \/>\n<strong>Intelligentne ja visuaalne<\/strong><br \/>\nToetab kauguuendamist, aku hoiatusteavet reaalajas ja LCD-andmete kuvamist.<\/p>\n<p>&nbsp;<\/p>\n<p><a href=\"https:\/\/ownpowr.com\/wp-content\/uploads\/2023\/11\/gb-l-v1.3.pdf\" target=\"_blank\" rel=\"noopener\">GB-L-V1.3<\/a><\/p>","protected":false},"excerpt":{"rendered":"<p>Deye GB-L-12,24 kWh on k\u00f5rgepinge aku GB-L deye sarja kodune aku koos bms-ga. Komplekt sisaldab: 3x GB-LM4.0 1x GB-LBS 1x GB-LBase GB-LM12.0 Akumoodul [...]<\/p>","protected":false},"featured_media":4587,"template":"","meta":{"_seopress_robots_primary_cat":"none","_seopress_titles_title":"Deye GB-L-12.24 kWh: High-Efficiency Home Battery System","_seopress_titles_desc":"Experience high-efficiency with the Deye GB-L-12.24 kWh home battery. Featuring built-in safety measures, thermal management, and eco-friendly design. Supports remote upgrades.","_seopress_robots_index":"","_kad_blocks_custom_css":"","_kad_blocks_head_custom_js":"","_kad_blocks_body_custom_js":"","_kad_blocks_footer_custom_js":""},"product_cat":[17],"product_tag":[],"class_list":{"0":"post-4584","1":"product","2":"type-product","3":"status-publish","4":"has-post-thumbnail","6":"product_cat-home-batteries","8":"first","9":"instock","10":"sale","11":"taxable","12":"shipping-taxable","13":"purchasable","14":"product-type-simple"},"taxonomy_info":{"product_cat":[{"value":17,"label":"Home batteries"}]},"featured_image_src_large":["https:\/\/ownpowr.com\/wp-content\/uploads\/2023\/11\/gb-l-12.24.jpg",1000,1000,false],"author_info":[],"comment_info":"","_links":{"self":[{"href":"https:\/\/ownpowr.com\/et\/wp-json\/wp\/v2\/product\/4584","targetHints":{"allow":["GET"]}}],"collection":[{"href":"https:\/\/ownpowr.com\/et\/wp-json\/wp\/v2\/product"}],"about":[{"href":"https:\/\/ownpowr.com\/et\/wp-json\/wp\/v2\/types\/product"}],"wp:featuredmedia":[{"embeddable":true,"href":"https:\/\/ownpowr.com\/et\/wp-json\/wp\/v2\/media\/4587"}],"wp:attachment":[{"href":"https:\/\/ownpowr.com\/et\/wp-json\/wp\/v2\/media?parent=4584"}],"wp:term":[{"taxonomy":"product_cat","embeddable":true,"href":"https:\/\/ownpowr.com\/et\/wp-json\/wp\/v2\/product_cat?post=4584"},{"taxonomy":"product_tag","embeddable":true,"href":"https:\/\/ownpowr.com\/et\/wp-json\/wp\/v2\/product_tag?post=4584"}],"curies":[{"name":"wp","href":"https:\/\/api.w.org\/{rel}","templated":true}]}}