{"id":4588,"date":"2023-11-01T15:23:32","date_gmt":"2023-11-01T13:23:32","guid":{"rendered":"https:\/\/ownpowr.com\/?post_type=product&#038;p=4588"},"modified":"2025-02-27T11:22:43","modified_gmt":"2025-02-27T09:22:43","slug":"deye-gb-l-16-36-kwh","status":"publish","type":"product","link":"https:\/\/ownpowr.com\/et\/product\/deye-gb-l-16-36-kwh\/","title":{"rendered":"Deye GB-L-16.36 kWh"},"content":{"rendered":"<p>Deye GB-L-16,36 kWh on k\u00f5rgepinge aku GB-L deye sarja bms.<\/p>\n<p>Komplekt sisaldab:<br \/>\n4x GB-LM4.0<br \/>\n1x GB-LBS<br \/>\n1x GB-LBase<\/p>\n<p>GB-LM16.36 Akumoodul klastri k\u00f5rgepinge aku jaoks GB-L 4kWh (HV) LiFePO4 | 40ah p\u00e4ikese aku<br \/>\n<strong>Ohutus ja turvalisus<\/strong><br \/>\nSisseehitatud plahvatuse v\u00e4ljat\u00f5mbamise seade gaasi v\u00e4ljakaevamiseks ja sisseehitatud tulekaitseseade tuleallika 3 sekundiks sulgemiseks<br \/>\n<strong>K\u00f5rgepinge korstnat<\/strong><br \/>\nMoodulid on \u00fchendatud j\u00e4rjestikku ilma kaabli\u00fchenduseta ja k\u00f5rgepingeplatvorm parandab s\u00fcsteemi t\u00f5husust.<br \/>\n<strong>Soojusjuhtimine<\/strong><br \/>\nV\u00f5tmeosade, elementide, toitepistikute jne. temperatuuri tuvastamine.<br \/>\n<strong>T\u00f6\u00f6tamine laias temperatuurivahemikus<\/strong><br \/>\nSoojendusfunktsioon on valikuline, et vastata madala temperatuuri ja nosense rakendusstsenaariumidele.<br \/>\n<strong>Keskkonnas\u00f5bralikkus<\/strong><br \/>\nIP kaitseklass 65, korrosioonikaitse klass \u2265C2, keskkonnakaitse aku<br \/>\n<strong>Intelligentne ja visuaalne<\/strong><br \/>\nToetab kauguuendamist, aku hoiatusteavet reaalajas ja LCD-andmete kuvamist.<\/p>\n<p>&nbsp;<\/p>\n<p><a href=\"https:\/\/ownpowr.com\/wp-content\/uploads\/2023\/11\/gb-l-v1.3.pdf\" target=\"_blank\" rel=\"noopener\">GB-L-V1.3<\/a><\/p>","protected":false},"excerpt":{"rendered":"<p>Deye GB-L-16,36 kWh on k\u00f5rgepinge aku GB-L deye sarja bms. Komplekt sisaldab: 4x GB-LM4.0 1x GB-LBS 1x GB-LBase GB-LM16.36 Akumoodul klastrile [...]<\/p>","protected":false},"featured_media":4592,"template":"","meta":{"_seopress_robots_primary_cat":"none","_seopress_titles_title":"High-Efficiency Deye GB-L-16.36 kWh Battery with BMS","_seopress_titles_desc":"Discover Deye GB-L-16.36 kWh - a high-voltage, environmentally friendly battery with BMS. Enhanced safety measures, thermal management, and remote upgrades.","_seopress_robots_index":"","_kad_blocks_custom_css":"","_kad_blocks_head_custom_js":"","_kad_blocks_body_custom_js":"","_kad_blocks_footer_custom_js":""},"product_cat":[17],"product_tag":[],"class_list":{"0":"post-4588","1":"product","2":"type-product","3":"status-publish","4":"has-post-thumbnail","6":"product_cat-home-batteries","8":"first","9":"instock","10":"sale","11":"taxable","12":"shipping-taxable","13":"purchasable","14":"product-type-simple"},"taxonomy_info":{"product_cat":[{"value":17,"label":"Home batteries"}]},"featured_image_src_large":["https:\/\/ownpowr.com\/wp-content\/uploads\/2023\/11\/image-5.png",1000,1000,false],"author_info":[],"comment_info":"","_links":{"self":[{"href":"https:\/\/ownpowr.com\/et\/wp-json\/wp\/v2\/product\/4588","targetHints":{"allow":["GET"]}}],"collection":[{"href":"https:\/\/ownpowr.com\/et\/wp-json\/wp\/v2\/product"}],"about":[{"href":"https:\/\/ownpowr.com\/et\/wp-json\/wp\/v2\/types\/product"}],"wp:featuredmedia":[{"embeddable":true,"href":"https:\/\/ownpowr.com\/et\/wp-json\/wp\/v2\/media\/4592"}],"wp:attachment":[{"href":"https:\/\/ownpowr.com\/et\/wp-json\/wp\/v2\/media?parent=4588"}],"wp:term":[{"taxonomy":"product_cat","embeddable":true,"href":"https:\/\/ownpowr.com\/et\/wp-json\/wp\/v2\/product_cat?post=4588"},{"taxonomy":"product_tag","embeddable":true,"href":"https:\/\/ownpowr.com\/et\/wp-json\/wp\/v2\/product_tag?post=4588"}],"curies":[{"name":"wp","href":"https:\/\/api.w.org\/{rel}","templated":true}]}}