{"id":4749,"date":"2023-12-15T10:25:25","date_gmt":"2023-12-15T08:25:25","guid":{"rendered":"https:\/\/ownpowr.com\/?post_type=product&#038;p=4749"},"modified":"2024-10-16T15:40:57","modified_gmt":"2024-10-16T13:40:57","slug":"deye-gb-sl-12k-hybrid-inverter-and-16-36kwh-gb-lm4-0-battery-module","status":"publish","type":"product","link":"https:\/\/ownpowr.com\/et\/product\/deye-gb-sl-12k-hubriidinverter-ja-16-36kwh-gb-lm4-0-akumoodulit\/","title":{"rendered":"Deye GB-SL 12K h\u00fcbriidinverter+16,36kWh GB-LM4.0 akumoodul"},"content":{"rendered":"<p>Deye GB-SL 12K h\u00fcbriidinverter ja 16,63 GB-LM4.0 akumoodul on k\u00f5ik \u00fches komplektis.<\/p>\n<p>Komplekt sisaldab:<br \/>\n1 x GB-S12K<br \/>\n4 x GB-LM4.0<br \/>\n1 x GB-LB<br \/>\n1 x GB-LBase<\/p>\n<p>GB-SL(HV)<br \/>\nALL IN ONE<br \/>\nIntegreeritud disain, ilus v\u00e4limus ja stseeni integreerimine<br \/>\nMaksimaalne v\u00e4ljund :100% tasakaalustamata v\u00e4ljund, iga faas; Maksimaalne v\u00e4ljund kuni 50% nimiv\u00f5imsus<br \/>\nMaksimaalne \u00fchendus :Max. 10tk paralleelselt v\u00f5rguga ja v\u00f5rguv\u00e4lise t\u00f6\u00f6 puhul<br \/>\nRohkem toetust: Toetada diiselgeneraatori energia salvestamist<br \/>\nK\u00f5rgepinge korstnat: Moodulid on \u00fchendatud j\u00e4rjestikku ilma kaabli\u00fchenduseta ja k\u00f5rgepingeplatvorm parandab s\u00fcsteemi t\u00f5husust.<br \/>\nSoojusjuhtimine: V\u00f5tmeosade, raku, toiteploki jne temperatuuri tuvastamine.<br \/>\nLaia temperatuuriga t\u00f6\u00f6: Soojendusfunktsioon on valikuline, et t\u00e4ita madala temperatuuriga ja ilma m\u00f5ttes rakendusstsenaariumid.<\/p>\n<p><a href=\"https:\/\/ownpowr.com\/wp-content\/uploads\/2023\/11\/datasheet-gb-sl-eu.pdf\" target=\"_blank\" rel=\"noopener\">Teabeleht GB-SL-EU<\/a><\/p>","protected":false},"excerpt":{"rendered":"<p>Deye GB-SL 12K h\u00fcbriidinverter ja 16,63 GB-LM4.0 akumoodul on k\u00f5ik \u00fches komplektis. Komplekt sisaldab: 1 x GB-S12K 4 x GB-LM4.0 1 x GB-LB 1 x [...]<\/p>","protected":false},"featured_media":4752,"template":"","meta":{"_seopress_robots_primary_cat":"none","_seopress_titles_title":"Deye GB-SL 12K Hybrid Inverter and 16.36 kWh GB-LM4.0 Battery","_seopress_titles_desc":"Get an all-in-one energy solution with our Deye GB-SL 12K hybrid inverter and 16.63 GB-LM4.0 battery module set, offering 100% unbalanced output and support for diesel generator energy storage.","_seopress_robots_index":"","_kad_blocks_custom_css":"","_kad_blocks_head_custom_js":"","_kad_blocks_body_custom_js":"","_kad_blocks_footer_custom_js":""},"product_cat":[17,19],"product_tag":[],"class_list":{"0":"post-4749","1":"product","2":"type-product","3":"status-publish","4":"has-post-thumbnail","6":"product_cat-home-batteries","7":"product_cat-sets-with-inverters","9":"first","10":"instock","11":"sale","12":"taxable","13":"shipping-taxable","14":"purchasable","15":"product-type-simple"},"taxonomy_info":{"product_cat":[{"value":17,"label":"Home batteries"},{"value":19,"label":"Sets with inverters"}]},"featured_image_src_large":["https:\/\/ownpowr.com\/wp-content\/uploads\/2023\/11\/deye-gb-sl-16.36.jpeg",300,300,false],"author_info":[],"comment_info":"","_links":{"self":[{"href":"https:\/\/ownpowr.com\/et\/wp-json\/wp\/v2\/product\/4749","targetHints":{"allow":["GET"]}}],"collection":[{"href":"https:\/\/ownpowr.com\/et\/wp-json\/wp\/v2\/product"}],"about":[{"href":"https:\/\/ownpowr.com\/et\/wp-json\/wp\/v2\/types\/product"}],"wp:featuredmedia":[{"embeddable":true,"href":"https:\/\/ownpowr.com\/et\/wp-json\/wp\/v2\/media\/4752"}],"wp:attachment":[{"href":"https:\/\/ownpowr.com\/et\/wp-json\/wp\/v2\/media?parent=4749"}],"wp:term":[{"taxonomy":"product_cat","embeddable":true,"href":"https:\/\/ownpowr.com\/et\/wp-json\/wp\/v2\/product_cat?post=4749"},{"taxonomy":"product_tag","embeddable":true,"href":"https:\/\/ownpowr.com\/et\/wp-json\/wp\/v2\/product_tag?post=4749"}],"curies":[{"name":"wp","href":"https:\/\/api.w.org\/{rel}","templated":true}]}}