{"id":48405,"date":"2024-03-29T14:22:38","date_gmt":"2024-03-29T12:22:38","guid":{"rendered":"https:\/\/ownpowr.com\/?post_type=product&#038;p=48405"},"modified":"2025-01-31T10:26:04","modified_gmt":"2025-01-31T08:26:04","slug":"blauhoff-home-10k-15-2-kwh-3-fase-systeem-slim-line-ip65","status":"publish","type":"product","link":"https:\/\/ownpowr.com\/et\/product\/blauhoff-home-10k-15-2-kwh-3-fase-systeem-slim-line-ip65\/","title":{"rendered":"Blauhoff Home 10K\/15,2 kWh 3-faasiline s\u00fcsteem Slim Line IP65 HV"},"content":{"rendered":"<p>Blauhoff Home 10K\/15.2kWh 3-faasiline s\u00fcsteem Slim Line IP65 17 cm \u00f5huke Outdoor\/Indoor !<br \/>\nTuntud kaubam\u00e4rgiga Blauhoff Home 10K\/15kWh 3-faasiline s\u00fcsteem pakub usaldusv\u00e4\u00e4rset ja t\u00f5husat lahendust keskmise energiatarbimisega majapidamiste energiasalvestamiseks.Selle v\u00f5imsa s\u00fcsteemi abil saate optimeerida oma kodu energiat\u00f5husust, v\u00e4hendada s\u00f5ltuvust elektriv\u00f5rgust ja saada kasu avariitoiteest elektrikatkestuste korral.Lisaks on selle s\u00fcsteemi paigaldamine tasuta, mis tagab muretut paigaldamist. Suhtleb d\u00fcnaamilise energiaga vastavalt vajadusele ilma tellimuseta ja alati vaba energiavarustaja valikuga !<\/p>\n<p>Inverteri pikkus on 780 mm ja kaal 33,6 kg. 300 mm pikkune lisakaabel inverteri ja aku vahel v\u00f5imaldab m\u00e4\u00e4rata teie s\u00fcsteemi jaoks optimaalse paigutuse, mis tagab t\u00f5husa energia\u00fclekande ja minimaalsed energiakaod.<\/p>\n<p>Akus\u00fcsteem Blauhoff on vastupidav ning \u00fclimalt kompaktne ja lame, m\u00f5\u00f5tmetega 670 mm x 900 mm x 170 mm ja kaaluga 90 kg.Aku maht on 15,2 kWh, mis v\u00f5imaldab salvestada p\u00e4ikesepaneelide v\u00f5i muude energiaallikate poolt toodetud liigset energiat.Kui energiatootmine puudub, saate salvestatud energiat kasutada oma energiatarbimise katmiseks, v\u00e4hendades s\u00f5ltuvust elektriv\u00f5rgust ja v\u00e4hendades veelgi oma energiakulusid.See k\u00f5ik toimub automaatselt koos d\u00fcnaamilise energiakokkuleppega, nagu praegu. Siis saate talvel \u00f6\u00f6sel kasutada odavat energiat ja kasutada seda kogu p\u00e4eva ning suvel kasutada tasuta laadimist p\u00e4rastl\u00f5unal ja kasutada seda \u00f5htul ning laadida sellega autot hommikul v\u00f5i \u00f6\u00f6sel.<\/p>\n<p>Kodu 10K\/15kWh 3-faasiline s\u00fcsteem on soovitatav majapidamistele, mille keskmine aastane tarbimine on umbes 5500 kWh. 10 kW v\u00f5imsusega saate katta m\u00e4rkimisv\u00e4\u00e4rse osa oma energiavajadusest, kasutades toodetud p\u00e4ikeseenergiat ja akusse salvestatud energiat. Lisaks pakub see s\u00fcsteem avariitoite, nii et olulised seadmed j\u00e4tkavad elektrikatkestuste ajal t\u00f6\u00f6d ja teie igap\u00e4evased toimingud saavad katkematult j\u00e4tkuda.<\/p>\n<p>Blauhoff Home 10K\/15kWh 3-faasiline s\u00fcsteem Slim Line on disainitud paindlikkust silmas pidades.Sellel on generaatori\/tuuliku port, mis annab teile v\u00f5imaluse lisada t\u00e4iendavaid energiaallikaid ja suurendada veelgi oma energias\u00f5ltumatust. See s\u00fcsteem, mille minimaalne \u00fchendus on 3x25A ja mis sobib 3-faasiliste konfiguratsioonide jaoks, \u00fchildub enamiku koduste elektriv\u00f5rkudega.<br \/>\nT\u00e4nu tasuta montaa\u017eile v\u00f5ite loota professionaalsele paigaldusele, mis tagab, et teie s\u00fcsteem t\u00f6\u00f6tab optimaalselt esimesest hetkest alates ja te saate nautida muretut kogemust.<\/p>\n<p>Tehke \u00fcleminek t\u00f5husamale ja s\u00e4\u00e4stvamale energiavarustusele Blauhoff Home 10K\/15kWh 3-faasilise s\u00fcsteemiga. v\u00f5imsa energiasalvestuse, varuv\u00f5imsuse ja energiaallikate paindlikkuse abil saate loota usaldusv\u00e4\u00e4rsele energiavarustusele, saavutada kulude kokkuhoidu ja v\u00e4hendada oma s\u00fcsinikujalaj\u00e4lge.<br \/>\nValige Blauhoff ja valmistage oma kodu ette tuleviku energiavajadusteks.<\/p>\n<p><a href=\"https:\/\/blauhoff.nl\/wp-content\/uploads\/2024\/02\/Datasheet-Blauhoff-RESS-HV-Slim-Line.pdf\" target=\"_blank\" rel=\"noopener\">Teabeleht Blauhoff RESS HV Slim Line<\/a><\/p>\n<p>&nbsp;<\/p>","protected":false},"excerpt":{"rendered":"<p>Blauhoff Home 10K\/15.2kWh 3-faasiline s\u00fcsteem Slim Line IP65 17 cm \u00f5huke Outdoor\/Indoor ! Super \u00f5huke Blauhoff Home 10K\/15kWh 3-faasiline s\u00fcsteem, tuntud kaubam\u00e4rgilt Blauhoff, pakub [...]<\/p>","protected":false},"featured_media":48408,"template":"","meta":{"_seopress_robots_primary_cat":"none","_seopress_titles_title":"Maximize Energy Efficiency with Blauhoff Slim Line Home System","_seopress_titles_desc":"Maximize home energy efficiency with the slim Blauhoff Home 10K\/15.2kWh 3 phase system. Enjoy free assembly, optimal energy transfer and emergency power supply.","_seopress_robots_index":"","_kad_blocks_custom_css":"","_kad_blocks_head_custom_js":"","_kad_blocks_body_custom_js":"","_kad_blocks_footer_custom_js":""},"product_cat":[17,19],"product_tag":[],"class_list":{"0":"post-48405","1":"product","2":"type-product","3":"status-publish","4":"has-post-thumbnail","6":"product_cat-home-batteries","7":"product_cat-sets-with-inverters","9":"first","10":"instock","11":"taxable","12":"shipping-taxable","13":"purchasable","14":"product-type-simple"},"taxonomy_info":{"product_cat":[{"value":17,"label":"Home batteries"},{"value":19,"label":"Sets with inverters"}]},"featured_image_src_large":["https:\/\/ownpowr.com\/wp-content\/uploads\/2024\/03\/3-phase-12k-battery-11kwh-1-1024x1024.png",1024,1024,true],"author_info":[],"comment_info":"","_links":{"self":[{"href":"https:\/\/ownpowr.com\/et\/wp-json\/wp\/v2\/product\/48405","targetHints":{"allow":["GET"]}}],"collection":[{"href":"https:\/\/ownpowr.com\/et\/wp-json\/wp\/v2\/product"}],"about":[{"href":"https:\/\/ownpowr.com\/et\/wp-json\/wp\/v2\/types\/product"}],"wp:featuredmedia":[{"embeddable":true,"href":"https:\/\/ownpowr.com\/et\/wp-json\/wp\/v2\/media\/48408"}],"wp:attachment":[{"href":"https:\/\/ownpowr.com\/et\/wp-json\/wp\/v2\/media?parent=48405"}],"wp:term":[{"taxonomy":"product_cat","embeddable":true,"href":"https:\/\/ownpowr.com\/et\/wp-json\/wp\/v2\/product_cat?post=48405"},{"taxonomy":"product_tag","embeddable":true,"href":"https:\/\/ownpowr.com\/et\/wp-json\/wp\/v2\/product_tag?post=48405"}],"curies":[{"name":"wp","href":"https:\/\/api.w.org\/{rel}","templated":true}]}}