{"id":48417,"date":"2024-03-29T14:22:37","date_gmt":"2024-03-29T12:22:37","guid":{"rendered":"https:\/\/ownpowr.com\/?post_type=product&#038;p=48417"},"modified":"2025-01-31T10:27:26","modified_gmt":"2025-01-31T08:27:26","slug":"blauhoff-home-10k-19-kwh-3-fase-systeem-slim-line-ip65","status":"publish","type":"product","link":"https:\/\/ownpowr.com\/et\/product\/blauhoff-home-10k-19-kwh-3-fase-systeem-slim-line-ip65\/","title":{"rendered":"Blauhoff Home 10K\/19 kWh 3-faasiline s\u00fcsteem Slim Line IP65 HV"},"content":{"rendered":"<p>Blauhoff Home 10K\/19kWh 3-faasiline s\u00fcsteem Slim Line IP65 17 cm \u00f5huke Outdoor\/Indoor !<br \/>\nTuntud kaubam\u00e4rgiga Blauhoff Home 10K\/19kWh 3-faasiline s\u00fcsteem Blauhoff pakub usaldusv\u00e4\u00e4rset ja t\u00f5husat energiasalvestuslahendust keskmise tarbimisega majapidamistele.<br \/>\nSelle v\u00f5imsa s\u00fcsteemiga saate optimeerida oma kodu energiat\u00f5husust, v\u00e4hendada oma s\u00f5ltuvust elektriv\u00f5rgust ja saada elektrikatkestuste korral kasu avariitoetusest.Lisaks on selle s\u00fcsteemiga kaasas tasuta montaa\u017e, mis tagab muretu paigalduse.Suhtleb d\u00fcnaamilise energiaga vastavalt vajadusele ilma liitumislepinguta ja alati vaba energiavarustaja valikuga !<br \/>\nInverteri pikkus on 780 mm ja kaal 33,6 kg.300 mm pikkune lisakaabel inverteri ja aku vahel v\u00f5imaldab m\u00e4\u00e4rata teie s\u00fcsteemi jaoks optimaalse paigutuse, mis tagab t\u00f5husa energia\u00fclekande ja minimaalsed energiakaod.<br \/>\nAkus\u00fcsteem Blauhoff on vastupidav ning \u00fclimalt kompaktne ja lame, m\u00f5\u00f5tmetega 670 mm x 900 mm x 170 mm ja kaaluga 90 kg.Aku maht on 19 kWh, mis v\u00f5imaldab salvestada p\u00e4ikesepaneelide v\u00f5i muude energiaallikate toodetud liigset energiat.Kui energiatootmine puudub, saate salvestatud energiat kasutada energiatarbimise katmiseks, v\u00e4hendades s\u00f5ltuvust elektriv\u00f5rgust ja v\u00e4hendades veelgi energiakulusid.See k\u00f5ik k\u00e4ib automaatselt koos d\u00fcnaamilise energiakokkuleppega nagu praegu. siis saate talvel \u00f6\u00f6sel kasutada odavat energiat ja kasutada seda kogu p\u00e4eva ning suvel kasutada tasuta laadimist p\u00e4rastl\u00f5unal ja kasutada seda \u00f5htul ning laadida sellega autot hommikul v\u00f5i \u00f6\u00f6sel.<br \/>\nKodu 10K\/19kWh 3-faasiline s\u00fcsteem on soovitatav majapidamistele, mille keskmine aastane tarbimine on umbes 7300 kWh. 10 kW v\u00f5imsusega saate katta m\u00e4rkimisv\u00e4\u00e4rse osa oma energiavajadusest, kasutades toodetud p\u00e4ikeseenergiat ja akusse salvestatud energiat.Lisaks pakub see s\u00fcsteem avariitoetust, nii et olulised seadmed j\u00e4tkavad t\u00f6\u00f6d elektrikatkestuste ajal ja teie igap\u00e4evane rutiin saab katkematult j\u00e4tkuda.<br \/>\nBlauhoff Home 10K\/19kWh 3-faasiline s\u00fcsteem Slim Line on disainitud paindlikkust silmas pidades.Sellel on generaatori\/tuuliku port, mis annab teile v\u00f5imaluse lisada t\u00e4iendavaid energiaallikaid ja suurendada veelgi oma energias\u00f5ltumatust.Minimaalse \u00fchendusega 3x25A ja 3-faasiliste konfiguratsioonide jaoks sobivana \u00fchildub see s\u00fcsteem enamiku koduste elektriv\u00f5rkudega.<br \/>\nT\u00e4nu tasuta montaa\u017eile v\u00f5ite loota professionaalsele paigaldusele, mis tagab, et teie s\u00fcsteem t\u00f6\u00f6tab optimaalselt esimesest hetkest alates ja te saate nautida muretut kogemust.<br \/>\nTehke \u00fcleminek t\u00f5husamale ja s\u00e4\u00e4stvamale energiavarustusele Blauhoff Home 10K\/19kWh 3-faasilise s\u00fcsteemiga.<\/p>\n<p><a href=\"https:\/\/blauhoff.nl\/wp-content\/uploads\/2024\/02\/Datasheet-Blauhoff-RESS-HV-Slim-Line.pdf\" target=\"_blank\" rel=\"noopener\">Teabeleht Blauhoff RESS HV Slim Line<\/a><\/p>\n<p>&nbsp;<\/p>","protected":false},"excerpt":{"rendered":"<p>Blauhoff Home 10K\/19kWh 3-faasiline s\u00fcsteem Slim Line IP65 17 cm \u00f5huke Outdoor\/Indoor ! Super \u00f5huke Blauhoff Home 10K\/19kWh 3-faasiline s\u00fcsteem, tuntud kaubam\u00e4rgilt Blauhoff, pakub [...]<\/p>","protected":false},"featured_media":48420,"template":"","meta":{"_seopress_robots_primary_cat":"none","_seopress_titles_title":"Boost Efficiency with Blauhoff Home 10K\/19kWh 3 Phase System Slim Line","_seopress_titles_desc":"Enhance your energy independence with Blauhoff super slim 10K\/19kWh 3 Phase System. Its ideal for medium consumption households, offering reliable storage and emergency power. Experience hassle-free installation with free assembly.","_seopress_robots_index":"","_kad_blocks_custom_css":"","_kad_blocks_head_custom_js":"","_kad_blocks_body_custom_js":"","_kad_blocks_footer_custom_js":""},"product_cat":[17,19],"product_tag":[],"class_list":{"0":"post-48417","1":"product","2":"type-product","3":"status-publish","4":"has-post-thumbnail","6":"product_cat-home-batteries","7":"product_cat-sets-with-inverters","9":"first","10":"instock","11":"taxable","12":"shipping-taxable","13":"purchasable","14":"product-type-simple"},"taxonomy_info":{"product_cat":[{"value":17,"label":"Home batteries"},{"value":19,"label":"Sets with inverters"}]},"featured_image_src_large":["https:\/\/ownpowr.com\/wp-content\/uploads\/2024\/03\/3-phase-10k-battery-19kwh-1-480x480-1.png",480,480,false],"author_info":[],"comment_info":"","_links":{"self":[{"href":"https:\/\/ownpowr.com\/et\/wp-json\/wp\/v2\/product\/48417","targetHints":{"allow":["GET"]}}],"collection":[{"href":"https:\/\/ownpowr.com\/et\/wp-json\/wp\/v2\/product"}],"about":[{"href":"https:\/\/ownpowr.com\/et\/wp-json\/wp\/v2\/types\/product"}],"wp:featuredmedia":[{"embeddable":true,"href":"https:\/\/ownpowr.com\/et\/wp-json\/wp\/v2\/media\/48420"}],"wp:attachment":[{"href":"https:\/\/ownpowr.com\/et\/wp-json\/wp\/v2\/media?parent=48417"}],"wp:term":[{"taxonomy":"product_cat","embeddable":true,"href":"https:\/\/ownpowr.com\/et\/wp-json\/wp\/v2\/product_cat?post=48417"},{"taxonomy":"product_tag","embeddable":true,"href":"https:\/\/ownpowr.com\/et\/wp-json\/wp\/v2\/product_tag?post=48417"}],"curies":[{"name":"wp","href":"https:\/\/api.w.org\/{rel}","templated":true}]}}