{"id":48421,"date":"2024-03-29T14:22:36","date_gmt":"2024-03-29T12:22:36","guid":{"rendered":"https:\/\/ownpowr.com\/?post_type=product&#038;p=48421"},"modified":"2025-01-31T10:54:45","modified_gmt":"2025-01-31T08:54:45","slug":"blauhoff-home-15k-15-2-kwh-3-fase-systeem-slim-line-ip65","status":"publish","type":"product","link":"https:\/\/ownpowr.com\/et\/product\/blauhoff-home-15k-15-2-kwh-3-fase-systeem-slim-line-ip65\/","title":{"rendered":"Blauhoff Home 15K\/15,2 kWh 3-faasiline Systeem Slim Line IP65"},"content":{"rendered":"<p>Blauhoff Home 15K\/15.2kWh 3-faasiline s\u00fcsteem Slim Line IP65 17 cm \u00f5huke Outdoor\/Indoor !<br \/>\nTuntud kaubam\u00e4rgiga Blauhoff Home 15K\/15kWh 3-faasiline s\u00fcsteem Blauhoff pakub usaldusv\u00e4\u00e4rset ja t\u00f5husat lahendust keskmise energiatarbimisega majapidamiste energiasalvestamiseks.<br \/>\nSelle v\u00f5imsa s\u00fcsteemi abil saate optimeerida oma kodu energiat\u00f5husust, v\u00e4hendada s\u00f5ltuvust elektriv\u00f5rgust ja saada kasu avariitoiteest elektrikatkestuste korral.<br \/>\nLisaks sellele on selle s\u00fcsteemiga kaasas tasuta montaa\u017e, mis tagab probleemivaba paigalduse.Suhtleb d\u00fcnaamilise v\u00f5imsusega vastavalt vajadusele ilma tellimuseta ja alati vaba energiavarustaja valikuga !<br \/>\nInverteri pikkus on 780 mm ja kaal 33,6 kg.300 mm pikkune lisakaabel inverteri ja aku vahel v\u00f5imaldab m\u00e4\u00e4rata teie s\u00fcsteemi jaoks optimaalse paigutuse, mis tagab t\u00f5husa energia\u00fclekande ja minimaalsed energiakaod.<br \/>\nAkus\u00fcsteem Blauhoff on vastupidav ning \u00fclimalt kompaktne ja lame, m\u00f5\u00f5tmetega 670 mm x 900 mm x 170 mm ja kaaluga 90 kg.Aku maht on 15 kWh, mis v\u00f5imaldab salvestada p\u00e4ikesepaneelide v\u00f5i muude energiaallikate toodetud liigset energiat.Kui energiatootmine puudub, saate salvestatud energiat kasutada energiatarbimise katmiseks, v\u00e4hendades s\u00f5ltuvust elektriv\u00f5rgust ja v\u00e4hendades veelgi energiakulusid.See k\u00f5ik k\u00e4ib automaatselt koos d\u00fcnaamilise energiakokkuleppega nagu praegu. siis saate talvel \u00f6\u00f6sel kasutada odavat energiat ja kasutada seda kogu p\u00e4eva ning suvel kasutada tasuta laadimist p\u00e4rastl\u00f5unal ja kasutada seda \u00f5htul ning laadida sellega autot hommikul v\u00f5i \u00f6\u00f6sel.<br \/>\nKodu 15K\/15kWh 3-faasiline s\u00fcsteem on soovitatav majapidamistele, mille keskmine aastane tarbimine on umbes 5500 kWh. 15 kW v\u00f5imsusega saate katta m\u00e4rkimisv\u00e4\u00e4rse osa oma energiavajadusest, kasutades toodetud p\u00e4ikeseenergiat ja akusse salvestatud energiat.Lisaks pakub see s\u00fcsteem avariitoetust, nii et olulised seadmed t\u00f6\u00f6tavad ka elektrikatkestuste ajal ja teie igap\u00e4evased toimingud v\u00f5ivad katkematult j\u00e4tkuda.<br \/>\nBlauhoff Home 15K\/15kWh 3-faasiline s\u00fcsteem Slim Line on disainitud paindlikkust silmas pidades.Sellel on generaatori\/tuuliku port, mis annab teile v\u00f5imaluse lisada t\u00e4iendavaid energiaallikaid ja suurendada veelgi oma energias\u00f5ltumatust.Minimaalse \u00fchendusega 3x25A ja 3-faasiliste konfiguratsioonide jaoks sobivana \u00fchildub see s\u00fcsteem enamiku majapidamiste elektriv\u00f5rkudega.<br \/>\nT\u00e4nu tasuta montaa\u017eile v\u00f5ite loota professionaalsele paigaldusele, mis tagab, et teie s\u00fcsteem t\u00f6\u00f6tab optimaalselt esimesest hetkest alates ja te saate nautida muretut kogemust.<br \/>\nTehke \u00fcleminek t\u00f5husamale ja s\u00e4\u00e4stvamale energiavarustusele Blauhoff Home 15K\/15kWh 3-faasilise s\u00fcsteemiga. T\u00e4nu v\u00f5imsale energiasalvestusele, varuv\u00f5imsusele ja energiaallikate paindlikkusele saate loota usaldusv\u00e4\u00e4rsele energiavarustusele, saavutada kulude kokkuhoidu ja v\u00e4hendada oma s\u00fcsinikujalaj\u00e4lge. Valige Blauhoff ja valmistage oma kodu ette tuleviku energiavajadusteks.<\/p>\n<p>Tehke \u00fcleminek t\u00f5husamale ja s\u00e4\u00e4stvamale energiavarustusele Blauhoff Home 10K\/19kWh 3-faasilise s\u00fcsteemiga.<\/p>\n<p><a href=\"https:\/\/blauhoff.nl\/wp-content\/uploads\/2024\/02\/Datasheet-Blauhoff-RESS-HV-Slim-Line.pdf\" target=\"_blank\" rel=\"noopener\">Teabeleht Blauhoff RESS HV Slim Line<\/a><\/p>\n<p>&nbsp;<\/p>","protected":false},"excerpt":{"rendered":"<p>Blauhoff Home 15K\/15.2kWh 3-faasiline s\u00fcsteem Slim Line IP65 17 cm \u00f5huke Outdoor\/Indoor ! Super \u00f5huke Blauhoff Home 15K\/15kWh 3-faasiline s\u00fcsteem, tuntud kaubam\u00e4rgilt Blauhoff, pakub [...]<\/p>","protected":false},"featured_media":48426,"template":"","meta":{"_seopress_robots_primary_cat":"none","_seopress_titles_title":"Upgrade Your Home With Blauhoff Slim Line 15K\/15.2kWh System","_seopress_titles_desc":"Maximize efficiency with the Blauhoff Home 15K Slim Line System. Gain grid independence, secure emergency power, and enjoy free professional assembly. Optimize your home energy today.","_seopress_robots_index":"","_kad_blocks_custom_css":"","_kad_blocks_head_custom_js":"","_kad_blocks_body_custom_js":"","_kad_blocks_footer_custom_js":""},"product_cat":[17,19],"product_tag":[],"class_list":{"0":"post-48421","1":"product","2":"type-product","3":"status-publish","4":"has-post-thumbnail","6":"product_cat-home-batteries","7":"product_cat-sets-with-inverters","9":"first","10":"instock","11":"taxable","12":"shipping-taxable","13":"purchasable","14":"product-type-simple"},"taxonomy_info":{"product_cat":[{"value":17,"label":"Home batteries"},{"value":19,"label":"Sets with inverters"}]},"featured_image_src_large":["https:\/\/ownpowr.com\/wp-content\/uploads\/2024\/03\/3-phase-15k-battery-15.2kwh-1-1-480x480-1.png",480,480,false],"author_info":[],"comment_info":"","_links":{"self":[{"href":"https:\/\/ownpowr.com\/et\/wp-json\/wp\/v2\/product\/48421","targetHints":{"allow":["GET"]}}],"collection":[{"href":"https:\/\/ownpowr.com\/et\/wp-json\/wp\/v2\/product"}],"about":[{"href":"https:\/\/ownpowr.com\/et\/wp-json\/wp\/v2\/types\/product"}],"wp:featuredmedia":[{"embeddable":true,"href":"https:\/\/ownpowr.com\/et\/wp-json\/wp\/v2\/media\/48426"}],"wp:attachment":[{"href":"https:\/\/ownpowr.com\/et\/wp-json\/wp\/v2\/media?parent=48421"}],"wp:term":[{"taxonomy":"product_cat","embeddable":true,"href":"https:\/\/ownpowr.com\/et\/wp-json\/wp\/v2\/product_cat?post=48421"},{"taxonomy":"product_tag","embeddable":true,"href":"https:\/\/ownpowr.com\/et\/wp-json\/wp\/v2\/product_tag?post=48421"}],"curies":[{"name":"wp","href":"https:\/\/api.w.org\/{rel}","templated":true}]}}