{"id":49941,"date":"2024-04-05T08:59:30","date_gmt":"2024-04-05T06:59:30","guid":{"rendered":"https:\/\/ownpowr.com\/?post_type=product&#038;p=49941"},"modified":"2025-03-28T13:11:33","modified_gmt":"2025-03-28T11:11:33","slug":"blauhoff-megapack-container-ess-3-85mwh","status":"publish","type":"product","link":"https:\/\/ownpowr.com\/et\/product\/blauhoff-megapack-konteiner-ess-3-85mwh\/","title":{"rendered":"Blauhoff MegaPack Container ESS 3.85MWh"},"content":{"rendered":"<p>Blauhoff Megapack Container ESS 3.85 on konteinerisse paigutatud akus\u00fcsteem (hind ilma k\u00e4ibemaksuta ja ilma montaa\u017eita).<\/p>\n<p><strong>Madalamad kulud<\/strong><\/p>\n<p>Lihtne paigaldada ja v\u00e4hese hooldusega<\/p>\n<p>Suuremad elemendid , palju kWh seega 50% tugevam kui tavalised lahendused ja kompaktsemate<\/p>\n<p><strong>Parem t\u00f5husus<\/strong><\/p>\n<p>1500V platvormil p\u00f5hineva alalisvoolu poole t\u00f5husus on 93%.<\/p>\n<p>C4H standardse korrosioonivastase konteineri kasutusiga on v\u00e4hemalt 15 aastat.<\/p>\n<p><strong>Turvaline<\/strong><\/p>\n<p>Mitmekordne tasakaalustamine tagab turvalise ja pika aku kasutusaja<\/p>\n<p>Integreeritud gaasi- ja veekustutuss\u00fcsteemid tagavad ohutuse \u00e4\u00e4rmuslikes tingimustes.<\/p>\n<p><strong>Smart<\/strong><\/p>\n<p>Icloud AI reaalajas j\u00e4lgimine<\/p>\n<p><strong>Heakskiidud<\/strong><\/p>\n<p>CE-LVD:EN IEC62477-1, CE-EMC:EN IEC61000-6-2 , EN IEC 61000-6-4, UKCA: EN IEC 62477-1<\/p>\n<p>IEC62619-2022 (Funktsiooniohutus IEC UL 60730-1 lisa H, sealhulgas rakk)<\/p>\n<p>IEC 63056:2020<\/p>\n<p>NFPA855, Fcc-ID, UL1973:2022, UL9540A \u00dcksus<\/p>\n<p>VDE4100<\/p>\n<p>&nbsp;<\/p>","protected":false},"excerpt":{"rendered":"<p>Blauhoff Megapack Container ESS 3.85 on konteinerisse paigutatud akus\u00fcsteem (hind ilma k\u00e4ibemaksuta ja ilma montaa\u017eita). Madalamad kulud Lihtne paigaldada ja v\u00e4hene hooldus Suuremad elemendid , [...]<\/p>","protected":false},"featured_media":214720,"template":"","meta":{"_seopress_robots_primary_cat":"none","_seopress_titles_title":"Blauhoff Megapack ESS 3.85MWh: High-Efficiency, Low-Cost, Battery System","_seopress_titles_desc":"Discover Blauhoff Megapack ESS 3.85 MWh container system - 50% stronger, efficient, safe, and smart with AI monitoring. Easy to install, low maintenance.","_seopress_robots_index":"","_kad_blocks_custom_css":"","_kad_blocks_head_custom_js":"","_kad_blocks_body_custom_js":"","_kad_blocks_footer_custom_js":""},"product_cat":[17],"product_tag":[],"class_list":{"0":"post-49941","1":"product","2":"type-product","3":"status-publish","4":"has-post-thumbnail","6":"product_cat-home-batteries","8":"first","9":"instock","10":"sale","11":"taxable","12":"shipping-taxable","13":"purchasable","14":"product-type-simple"},"taxonomy_info":{"product_cat":[{"value":17,"label":"Home batteries"}]},"featured_image_src_large":["https:\/\/ownpowr.com\/wp-content\/uploads\/2024\/04\/blauhoff-megawatt-420x420-1.jpg",420,420,false],"author_info":[],"comment_info":"","_links":{"self":[{"href":"https:\/\/ownpowr.com\/et\/wp-json\/wp\/v2\/product\/49941","targetHints":{"allow":["GET"]}}],"collection":[{"href":"https:\/\/ownpowr.com\/et\/wp-json\/wp\/v2\/product"}],"about":[{"href":"https:\/\/ownpowr.com\/et\/wp-json\/wp\/v2\/types\/product"}],"wp:featuredmedia":[{"embeddable":true,"href":"https:\/\/ownpowr.com\/et\/wp-json\/wp\/v2\/media\/214720"}],"wp:attachment":[{"href":"https:\/\/ownpowr.com\/et\/wp-json\/wp\/v2\/media?parent=49941"}],"wp:term":[{"taxonomy":"product_cat","embeddable":true,"href":"https:\/\/ownpowr.com\/et\/wp-json\/wp\/v2\/product_cat?post=49941"},{"taxonomy":"product_tag","embeddable":true,"href":"https:\/\/ownpowr.com\/et\/wp-json\/wp\/v2\/product_tag?post=49941"}],"curies":[{"name":"wp","href":"https:\/\/api.w.org\/{rel}","templated":true}]}}