{"id":506,"date":"2023-10-04T16:37:56","date_gmt":"2023-10-04T14:37:56","guid":{"rendered":"https:\/\/ownpowr.com\/product\/growatt-1ph-hybrid-inverter-sph6000\/"},"modified":"2025-03-27T13:31:36","modified_gmt":"2025-03-27T11:31:36","slug":"growatt-1ph-hybrid-inverter-sph6000","status":"publish","type":"product","link":"https:\/\/ownpowr.com\/et\/product\/growatt-1ph-hubriidinverter-sph6000\/","title":{"rendered":"Growatt 1PH h\u00fcbriidinverter SPH6000 mitte Saksamaa jaoks"},"content":{"rendered":"<p>Growatt SPH6000 h\u00fcbriidinverter on \u00fchildatav kuni 4000Wp PV-s\u00fcsteemidega. H\u00fcbriidinverter on m\u00f5eldud energia salvestamiseks akudesse. Akusid saab tellida eraldi ja need ei kuulu standardvarustusse. Selle mugava s\u00fcsteemiga ei s\u00f5ltu PV-s\u00fcsteem elektriv\u00f5rgust ja suudab ise enda eest hoolitseda S\u00fcsteem on t\u00f6\u00f6tav ilma akuta ja sellega on v\u00f5imalik v\u00f5rku \u00fchendada.<\/p>\n<p>Akuinverter sisaldab 2 MPPT-d, nii et kokku saab \u00fchendada 2 stringi.<\/p>\n<p><strong>Vaikne inverter<\/strong><br \/>\nInverter Growatt SPH6000 ei sisalda ventilaatorit ega trafot, mist\u00f5ttu on see v\u00e4ga vaikne. See muudab h\u00fcbriidinverteri ideaalselt sobivaks elamute paigaldamiseks Inverter kasutab loomulikku jahutust, mis annab sellele eriti pika eluea.<\/p>\n<p><strong>Saagikus<\/strong><br \/>\nSPH6000 maksimaalne kasutegur on 97,5% See v\u00f5imaldab inverteril saavutada maksimaalset energiatootlust. Inverter on \u00fcks enimm\u00fc\u00fcdud invertereid kogu maailmas.<\/p>\n<p><strong>Growatt v\u00f5rguteenus<\/strong><br \/>\nInverter sisaldab stabiilseid j\u00e4lgimisvahendeid, nagu LAN, WiFi v\u00f5i RF\/UTP kombinatsioon ( Shinelink).Growatt pakub online nutikat teenust, et tehnilisi probleeme ja uuendusi eemalt teostada. See parandab inverteri kasutusmugavust ja t\u00f5husust. Need funktsioonid ja teenused muudavad inverteri paremaks valikuks teie PV-s\u00fcsteemi jaoks.<\/p>\n<p><a href=\"https:\/\/storeyourownpower.com\/wp-content\/uploads\/2022\/11\/Datasheet-Growatt-SPH6000.pdf\" target=\"_blank\" rel=\"noopener\">Teabeleht Growatt SPH6000<\/a><\/p>","protected":false},"excerpt":{"rendered":"<p>Growatt SPH6000 h\u00fcbriidinverter on \u00fchildatav kuni 4000Wp PV-s\u00fcsteemidega. H\u00fcbriidinverter on m\u00f5eldud energia salvestamiseks akudesse. Akusid saab tellida eraldi ja [...]<\/p>","protected":false},"featured_media":507,"template":"","meta":{"_seopress_robots_primary_cat":"none","_seopress_titles_title":"Growatt SPH6000 Hybrid Inverter: Efficient and Silent with Battery Compatibility","_seopress_titles_desc":"Maximize your energy yield with this silent, efficient inverter. Connect to the grid or store power in batteries for a self-sufficient system. Enjoy reliable monitoring and remote updates with Growatt's online service.","_seopress_robots_index":"","_kad_blocks_custom_css":"","_kad_blocks_head_custom_js":"","_kad_blocks_body_custom_js":"","_kad_blocks_footer_custom_js":""},"product_cat":[18],"product_tag":[],"class_list":{"0":"post-506","1":"product","2":"type-product","3":"status-publish","4":"has-post-thumbnail","6":"product_cat-hybrid-inverters","8":"first","9":"instock","10":"sale","11":"taxable","12":"shipping-taxable","13":"purchasable","14":"product-type-simple"},"taxonomy_info":{"product_cat":[{"value":18,"label":"Hybrid inverters"}]},"featured_image_src_large":["https:\/\/ownpowr.com\/wp-content\/uploads\/2022\/11\/Growatt_SPH_3000_6000_d63d-1024x1024.webp",1024,1024,true],"author_info":[],"comment_info":"","_links":{"self":[{"href":"https:\/\/ownpowr.com\/et\/wp-json\/wp\/v2\/product\/506","targetHints":{"allow":["GET"]}}],"collection":[{"href":"https:\/\/ownpowr.com\/et\/wp-json\/wp\/v2\/product"}],"about":[{"href":"https:\/\/ownpowr.com\/et\/wp-json\/wp\/v2\/types\/product"}],"wp:featuredmedia":[{"embeddable":true,"href":"https:\/\/ownpowr.com\/et\/wp-json\/wp\/v2\/media\/507"}],"wp:attachment":[{"href":"https:\/\/ownpowr.com\/et\/wp-json\/wp\/v2\/media?parent=506"}],"wp:term":[{"taxonomy":"product_cat","embeddable":true,"href":"https:\/\/ownpowr.com\/et\/wp-json\/wp\/v2\/product_cat?post=506"},{"taxonomy":"product_tag","embeddable":true,"href":"https:\/\/ownpowr.com\/et\/wp-json\/wp\/v2\/product_tag?post=506"}],"curies":[{"name":"wp","href":"https:\/\/api.w.org\/{rel}","templated":true}]}}