{"id":545,"date":"2023-10-04T16:37:39","date_gmt":"2023-10-04T14:37:39","guid":{"rendered":"https:\/\/ownpowr.com\/product\/encharge-3t-35-kwh\/"},"modified":"2025-03-20T13:35:02","modified_gmt":"2025-03-20T11:35:02","slug":"encharge-3t-35-kwh","status":"publish","type":"product","link":"https:\/\/ownpowr.com\/et\/product\/encharge-3t-35-kwh\/","title":{"rendered":"Enphase Encharge 3T katab ainult"},"content":{"rendered":"<p>Enphase Encharge 3T 15-aastase garantiiga<\/p>\n<p>Oluline m\u00e4rkus: paigaldaja sertifitseerimine on n\u00f5utav! Sertifitseerimise saamiseks k\u00fclastage Enphase University'd.<\/p>\n<p>Enphase IQ Battery 3T\/10T omadused:<\/p>\n<ul>\n<li>T\u00e4ielikult integreeritud vahelduvvoolu akus\u00fcsteem koos sisseehitatud IQ 8X-BAT mikroinverteritega.<\/li>\n<li>\u00d5mblusteta \u00fchendus tavalise majapidamisseadme vahelduvvooluv\u00f5rguga.<\/li>\n<li>Optimaalne s\u00fcsteemi kohandamine vastavalt kasutaja vajadustele.<\/li>\n<li>Mugav juhtimine ja j\u00e4lgimine mobiilirakenduse kaudu.<\/li>\n<li>Passiivne jahutuskonstruktsioon (ei ole liikuvaid osi ega ventilaatoreid).<\/li>\n<li>Pikaajaline j\u00f5udlus 10-aastase garantiiga.<\/li>\n<\/ul>\n<p>Pange t\u00e4hele, et aku paigaldamiseks on paigaldaja sertifitseerimine kohustuslik. Sertifitseerimise \u00fcksikasjade saamiseks v\u00f5ite p\u00f6\u00f6rduda oma Enphase'i kliendihalduri poole.<\/p>\n<p>Vajalik seade: Enphase IQ Gateway-S M\u00f5\u00f5distatud.<\/p>\n<p>Enphase IQ 3T pakub kokku 3,5 kWh salvestusmahtu ja omab nelja integreeritud mikroinverterit, mille \u00fchendatud v\u00f5imsus on 1,28 kW.<\/p>\n<p>Paigaldajad saavad t\u00f5husalt projekteerida s\u00fcsteeme nii uute klientide kui ka olemasolevate p\u00e4ikesepaneelidega klientide energiavajaduste rahuldamiseks.<\/p>\n<p>Encharge 3T akus\u00fcsteem sisaldab integreeritud Enphase IQ seeria mikroinvertereid ja akujuhtimis\u00fcksust (BMU).<\/p>\n<p>Pakendi sisu:<\/p>\n<ul>\n<li>1x Encharge 3T baas\u00fcksus (ENP-B03-T01-INT00-1-2)<\/li>\n<li>1x Encharge 3T kattekomplekt koos tarvikutega (ENP-B03T-C-0430-O)<\/li>\n<\/ul>\n<p><strong>Lisateave:<\/strong><\/p>\n<ul>\n<li><a href=\"https:\/\/storeyourownpower.com\/wp-content\/uploads\/2022\/12\/Datenblatt-German-Encharge-3T.pdf\" target=\"_blank\" rel=\"noopener\">Datenblatt German Encharge 3T<\/a><\/li>\n<li><a href=\"https:\/\/storeyourownpower.com\/wp-content\/uploads\/2022\/12\/Datasheet-English-Encharge-3T.pdf\" target=\"_blank\" rel=\"noopener\">Andmebaas inglise keeles Encharge 3T<\/a><\/li>\n<li><a href=\"https:\/\/storeyourownpower.com\/wp-content\/uploads\/2022\/12\/Warranty-terms-English-Encharge-3T.pdf\" target=\"_blank\" rel=\"noopener\">Garantiitingimused inglise keeles Encharge 3T<\/a><\/li>\n<li><a href=\"https:\/\/storeyourownpower.com\/wp-content\/uploads\/2022\/12\/Warranty-terms-German-Encharge-3T.pdf\" target=\"_blank\" rel=\"noopener\">Garantiitingimused Saksa Encharge 3T<\/a><\/li>\n<li><a href=\"https:\/\/storeyourownpower.com\/wp-content\/uploads\/2022\/12\/Mounting-instructions-English-Encharge-3T.pdf\" target=\"_blank\" rel=\"noopener\">Paigaldusjuhised inglise keeles Encharge 3T<\/a><\/li>\n<\/ul>","protected":false},"excerpt":{"rendered":"<p>15 aasta garantii selles hinnas !<\/p>","protected":false},"featured_media":546,"template":"","meta":{"_seopress_robots_primary_cat":"none","_seopress_titles_title":"Enphase Encharge 3T: Long-lasting battery storage system with integrated microinverters and warranty","_seopress_titles_desc":"Installer certification required! Optimal AC battery system with mobile app control, passive cooling, and 10-year warranty. Get certified at Enphase University.","_seopress_robots_index":"","_kad_blocks_custom_css":"","_kad_blocks_head_custom_js":"","_kad_blocks_body_custom_js":"","_kad_blocks_footer_custom_js":""},"product_cat":[17],"product_tag":[],"class_list":{"0":"post-545","1":"product","2":"type-product","3":"status-publish","4":"has-post-thumbnail","6":"product_cat-home-batteries","8":"first","9":"instock","10":"sale","11":"taxable","12":"shipping-taxable","13":"purchasable","14":"product-type-simple"},"taxonomy_info":{"product_cat":[{"value":17,"label":"Home batteries"}]},"featured_image_src_large":["https:\/\/ownpowr.com\/wp-content\/uploads\/2022\/12\/1-8-2-6-18265324d3fe1b03cc0df847668d9c62cbe673aa_det_bp_ee_encharge_3t-jpg_600x600@2x.jpeg",600,540,false],"author_info":[],"comment_info":"","_links":{"self":[{"href":"https:\/\/ownpowr.com\/et\/wp-json\/wp\/v2\/product\/545","targetHints":{"allow":["GET"]}}],"collection":[{"href":"https:\/\/ownpowr.com\/et\/wp-json\/wp\/v2\/product"}],"about":[{"href":"https:\/\/ownpowr.com\/et\/wp-json\/wp\/v2\/types\/product"}],"wp:featuredmedia":[{"embeddable":true,"href":"https:\/\/ownpowr.com\/et\/wp-json\/wp\/v2\/media\/546"}],"wp:attachment":[{"href":"https:\/\/ownpowr.com\/et\/wp-json\/wp\/v2\/media?parent=545"}],"wp:term":[{"taxonomy":"product_cat","embeddable":true,"href":"https:\/\/ownpowr.com\/et\/wp-json\/wp\/v2\/product_cat?post=545"},{"taxonomy":"product_tag","embeddable":true,"href":"https:\/\/ownpowr.com\/et\/wp-json\/wp\/v2\/product_tag?post=545"}],"curies":[{"name":"wp","href":"https:\/\/api.w.org\/{rel}","templated":true}]}}