{"id":549,"date":"2022-12-01T12:58:41","date_gmt":"2022-12-01T10:58:41","guid":{"rendered":"https:\/\/ownpowr.com\/product\/sungrow-sh10-0rt-v112\/"},"modified":"2025-03-30T21:03:00","modified_gmt":"2025-03-30T19:03:00","slug":"sungrow-sh10-0rt-v112","status":"publish","type":"product","link":"https:\/\/ownpowr.com\/et\/product\/sungrow-sh10-0rt-v112\/","title":{"rendered":"Sungrow H\u00fcbriid-inverter SH10.0RT 10 kW"},"content":{"rendered":"<p>Sungrow SH10.0RT-V112<\/p>\n<p>Paindlik kasutamine:<\/p>\n<p>- 150-600 V lai aku pinge vahemik<\/p>\n<p>- Toetab paralleel\u00fchendust master-slave juhtimisega<\/p>\n<p>- Pakub 100% v\u00f5imsust tasakaalustamata koormustele varure\u017eiimis<\/p>\n<p>Nutikas juhtimine:<\/p>\n<p>- K\u00f5rge omatarbimine koos optimeeritud sisseehitatud EMS-iga<\/p>\n<p>- Tasuta veebip\u00f5hine seire energiahalduse t\u00f5hustamiseks l\u00f5pptarbija, paigaldaja ja jaem\u00fc\u00fcja jaoks<\/p>\n<p>- Firmware kauguuendus ja kohandatavad seaded<\/p>\n<p>Energias\u00f5ltumatus:<\/p>\n<p>- Sujuv \u00fcleminek varure\u017eiimile kaitseks elektrikatkestuste eest<\/p>\n<p>- Kiirlaadimine \/ t\u00fchjendamine suurema tarbimise n\u00f5udluse rahuldamiseks<\/p>\n<p>Lihtne paigaldamine:<\/p>\n<p>- Unikaalsed push-in \u00fchendused aja kokkuhoiuks paigaldamisel<\/p>\n<p>- Puudutuseta kasutuselev\u00f5tmine nutitelefoniga<\/p>\n<p>- Kerge ja kompaktne<\/p>\n<p><a href=\"https:\/\/storeyourownpower.com\/wp-content\/uploads\/2022\/12\/Datasheet-English-2.pdf\" target=\"_blank\" rel=\"noopener\">Andmebaas inglise keeles<\/a><br \/>\n<a href=\"https:\/\/storeyourownpower.com\/wp-content\/uploads\/2022\/12\/Datasheet-German-2.pdf\" target=\"_blank\" rel=\"noopener\">Teabeleht saksa keeles<\/a><br \/>\n<a href=\"https:\/\/storeyourownpower.com\/wp-content\/uploads\/2022\/11\/DE-FS-SHRT-und-SBR-Unterschiede-und-Kompatibilita\u0308t-Versionen.pdf\" target=\"_blank\" rel=\"noopener\">SHRT ja SBR versioonide erinevused ja \u00fchilduvus<\/a><\/p>","protected":false},"excerpt":{"rendered":"<p>Sungrow SH10.0RT-V112 Paindlik rakendus: - 150-600V lai aku pingevahemik - Toetab paralleelset \u00fchendust master-slave juhtimisega - Pakub 100% v\u00f5imsust tasakaalustamata koormustele varure\u017eiimis Smart Management: - [...]<\/p>","protected":false},"featured_media":550,"template":"","meta":{"_seopress_robots_primary_cat":"none","_seopress_titles_title":"Sungrow SH10.0RT-V112: Flexible Application, Smart Management, Energy Independence, Easy Installation","_seopress_titles_desc":"Discover the Sungrow SH10.0RT-V112 with wide battery voltage range, smart management features, seamless backup mode, and easy installation for energy independence.","_seopress_robots_index":"","_kad_blocks_custom_css":"","_kad_blocks_head_custom_js":"","_kad_blocks_body_custom_js":"","_kad_blocks_footer_custom_js":""},"product_cat":[18],"product_tag":[],"class_list":{"0":"post-549","1":"product","2":"type-product","3":"status-publish","4":"has-post-thumbnail","6":"product_cat-hybrid-inverters","8":"first","9":"outofstock","10":"sale","11":"taxable","12":"shipping-taxable","13":"purchasable","14":"product-type-simple"},"taxonomy_info":{"product_cat":[{"value":18,"label":"Hybrid inverters"}]},"featured_image_src_large":["https:\/\/ownpowr.com\/wp-content\/uploads\/2022\/12\/b-1-1-f-b11f61014011a7497a53e4a35156c0f10529e03c_det_ivh_sung_shx-xrt-jpg_600x600@2x.jpeg",600,540,false],"author_info":[],"comment_info":"","_links":{"self":[{"href":"https:\/\/ownpowr.com\/et\/wp-json\/wp\/v2\/product\/549","targetHints":{"allow":["GET"]}}],"collection":[{"href":"https:\/\/ownpowr.com\/et\/wp-json\/wp\/v2\/product"}],"about":[{"href":"https:\/\/ownpowr.com\/et\/wp-json\/wp\/v2\/types\/product"}],"wp:featuredmedia":[{"embeddable":true,"href":"https:\/\/ownpowr.com\/et\/wp-json\/wp\/v2\/media\/550"}],"wp:attachment":[{"href":"https:\/\/ownpowr.com\/et\/wp-json\/wp\/v2\/media?parent=549"}],"wp:term":[{"taxonomy":"product_cat","embeddable":true,"href":"https:\/\/ownpowr.com\/et\/wp-json\/wp\/v2\/product_cat?post=549"},{"taxonomy":"product_tag","embeddable":true,"href":"https:\/\/ownpowr.com\/et\/wp-json\/wp\/v2\/product_tag?post=549"}],"curies":[{"name":"wp","href":"https:\/\/api.w.org\/{rel}","templated":true}]}}