{"id":620,"date":"2023-10-04T16:36:05","date_gmt":"2023-10-04T14:36:05","guid":{"rendered":"https:\/\/ownpowr.com\/product\/byd-premium-lvs-pdu-base\/"},"modified":"2025-10-15T14:01:34","modified_gmt":"2025-10-15T12:01:34","slug":"byd-premium-lvs-pdu-base","status":"publish","type":"product","link":"https:\/\/ownpowr.com\/et\/product\/byd-premium-lvs-pdu-base\/","title":{"rendered":"BYD premium LVS PDU + alus"},"content":{"rendered":"<p>BYD Premium LVS akujuhtimiss\u00fcsteem koos baasiga<\/p>\n<p>BYD Premium LVS PDU (Power Distribution Unit) koos alusega on juhtplokk, mis on m\u00f5eldud LVS akukomplekti jaoks. Iga akupakett vajab optimaalseks toimimiseks \u00fchte PDU-d.<\/p>\n<p>Peamised omadused:<\/p>\n<ul>\n<li>Skaleeritav v\u00f5imsus alates 4 kWh kuni 256 kWh<\/li>\n<li>Maksimaalne paindlikkus, mis toetab kuni 64 akumoodulit<\/li>\n<li>Paralleel\u00fchenduse v\u00f5imalus<\/li>\n<li>\u00dchildub juhtivate 1- ja 3-faasiliste inverteritega<\/li>\n<li>Kasutab koobaltivaba liitium-raudfosfaat (LFP) akutehnoloogiat, mis tagab suurema ohutuse, pikemad eluts\u00fcklid ja parema v\u00f5imsuse.<\/li>\n<li>V\u00f5imaldab suure v\u00f5imsusega h\u00e4daolukorras varukoopia ja v\u00f5rgu\u00fchenduseta funktsionaalsust<\/li>\n<li>Patenteeritud sisemine pistikukonstruktsioon v\u00e4listab vajaduse t\u00e4iendava juhtmestiku j\u00e4rele<\/li>\n<li>Isetarbimise optimeerimine, mis sobib elamu- ja \u00e4rirakenduseks<\/li>\n<\/ul>\n<p>AKUKARP PREMIUM LVS<\/p>\n<p>4 kWh moodul Lihtsustatud transport ja paigaldus t\u00e4nu moodulitele<\/p>\n<p>BYD Battery-Box Premium LVS on mitmek\u00fclgne liitium-raudfosfaat (LFP) akupakett, mis on m\u00f5eldud kasutamiseks koos v\u00e4lise inverteriga. Iga Battery-Box Premium LVS koosneb 1 kuni 6 paralleelselt paigutatud akumoodulist, mis pakuvad kasutatavat v\u00f5imsust vahemikus 4 kuni 24,0 kWh \u00fches tornis. Saadaval on j\u00e4rgmised konfiguratsioonid:<\/p>\n<ul>\n<li>Aku-Box LVS 4.0 (4 kWh)<\/li>\n<li>Aku-Box LVS 8.0 (8 kWh)<\/li>\n<li>Aku-Box LVS 12.0 (12 kWh)<\/li>\n<li>Aku-Box LVS 16.0 (16 kWh)<\/li>\n<li>Battery-Box LVS 20.0 (20 kWh - ainult \u00fcksiktorn)<\/li>\n<li>Battery-Box LVS 24.0 (24 kWh - ainult \u00fcksiktorn)<\/li>\n<\/ul>\n<p>Suuremate energiasalvestusvajaduste korral saate \u00fchendada paralleelselt kuni 16 Battery-Box LVS 16.0 seadet, mille maksimaalne maht on 256 kWh. Lisaks pakub s\u00fcsteem skaleeritavust, v\u00f5imaldades hiljem lisada 1 kuni 4 moodulit sisaldavaid LVS-mooduleid v\u00f5i paralleelseid torne.<\/p>\n<h2><strong style=\"font-size: 16px\">Lisateave:<\/strong><\/h2>\n<ul>\n<li><a href=\"https:\/\/storeyourownpower.com\/wp-content\/uploads\/2023\/01\/Datasheet-English-LVS.pdf\" target=\"_blank\" rel=\"noopener\">Andmebaas inglise keeles LVS<\/a><\/li>\n<li><a href=\"https:\/\/storeyourownpower.com\/wp-content\/uploads\/2023\/01\/Datenblatt-German-LVS.pdf\" target=\"_blank\" rel=\"noopener\">Datenblatt Saksa LVS<\/a><\/li>\n<li><a href=\"https:\/\/storeyourownpower.com\/wp-content\/uploads\/2023\/01\/Mounting-instructions-English-LVS.pdf\" target=\"_blank\" rel=\"noopener\">Paigaldusjuhised inglise keeles LVS<\/a><\/li>\n<li><a href=\"https:\/\/storeyourownpower.com\/wp-content\/uploads\/2023\/01\/Mounting-instructions-German-LVS.pdf\" target=\"_blank\" rel=\"noopener\">Paigaldusjuhised Saksa LVS<\/a><\/li>\n<li><a href=\"https:\/\/storeyourownpower.com\/wp-content\/uploads\/2023\/01\/Warranty-terms-English.pdf\" target=\"_blank\" rel=\"noopener\">Garantiitingimused inglise keeles<\/a><\/li>\n<li><a href=\"https:\/\/storeyourownpower.com\/wp-content\/uploads\/2023\/01\/Warranty-terms-German-LVS.pdf\" target=\"_blank\" rel=\"noopener\">Garantiitingimused Saksa LVS<\/a><\/li>\n<\/ul>","protected":false},"excerpt":{"rendered":"<p>BYD Premium LVS akujuhtimiss\u00fcsteem koos alusega BYD Premium LVS PDU (Power Distribution Unit) koos alusega on LVS akukomplekti jaoks m\u00f5eldud juhtplokk. Iga virna [...]<\/p>","protected":false},"featured_media":621,"template":"","meta":{"_seopress_robots_primary_cat":"none","_seopress_titles_title":"BYD Premium LVS PDU + base | Maximum Flexibility for any Application","_seopress_titles_desc":"The BYD Battery-Box Premium LVS offers scalable power storage from 4 kWh to 256 kWh with safety, flexibility, and high-powered capabilities for residential and commercial applications.","_seopress_robots_index":"","_kad_blocks_custom_css":"","_kad_blocks_head_custom_js":"","_kad_blocks_body_custom_js":"","_kad_blocks_footer_custom_js":""},"product_cat":[17],"product_tag":[],"class_list":{"0":"post-620","1":"product","2":"type-product","3":"status-publish","4":"has-post-thumbnail","6":"product_cat-home-batteries","8":"first","9":"instock","10":"sale","11":"taxable","12":"shipping-taxable","13":"purchasable","14":"product-type-simple"},"taxonomy_info":{"product_cat":[{"value":17,"label":"Home batteries"}]},"featured_image_src_large":["https:\/\/ownpowr.com\/wp-content\/uploads\/2023\/01\/BYD-LVS-BMU.jpeg",600,540,false],"author_info":[],"comment_info":"","_links":{"self":[{"href":"https:\/\/ownpowr.com\/et\/wp-json\/wp\/v2\/product\/620","targetHints":{"allow":["GET"]}}],"collection":[{"href":"https:\/\/ownpowr.com\/et\/wp-json\/wp\/v2\/product"}],"about":[{"href":"https:\/\/ownpowr.com\/et\/wp-json\/wp\/v2\/types\/product"}],"wp:featuredmedia":[{"embeddable":true,"href":"https:\/\/ownpowr.com\/et\/wp-json\/wp\/v2\/media\/621"}],"wp:attachment":[{"href":"https:\/\/ownpowr.com\/et\/wp-json\/wp\/v2\/media?parent=620"}],"wp:term":[{"taxonomy":"product_cat","embeddable":true,"href":"https:\/\/ownpowr.com\/et\/wp-json\/wp\/v2\/product_cat?post=620"},{"taxonomy":"product_tag","embeddable":true,"href":"https:\/\/ownpowr.com\/et\/wp-json\/wp\/v2\/product_tag?post=620"}],"curies":[{"name":"wp","href":"https:\/\/api.w.org\/{rel}","templated":true}]}}