{"id":631,"date":"2023-10-05T01:25:09","date_gmt":"2023-10-04T23:25:09","guid":{"rendered":"https:\/\/ownpowr.com\/product\/sofar-solar-hyd-10ktl-3ph\/"},"modified":"2025-03-27T12:59:51","modified_gmt":"2025-03-27T10:59:51","slug":"sofar-solar-hyd-10ktl-3ph","status":"publish","type":"product","link":"https:\/\/ownpowr.com\/et\/product\/sofar-paikeseenergia-hudro-10ktl-3ph\/","title":{"rendered":"SofarSolar HYD-10KTL-3PH"},"content":{"rendered":"<p>Meie uusim lisandumine inverterite segmendis, Hiina tootja Sofar Solar, toob turule t\u00e4iemahulise tootevaliku.<\/p>\n<p>HYD KTL-3PH seeria h\u00fcbriidinverterid s\u00e4ravad laia pingevahemikuga v\u00f5imsate moodulite p\u00f5lvkondade ja kuni 2 aku\u00fchenduse jaoks. Integreeritud AC + DC \u00fclepingekaitse ja varjujuhtimine kuuluvad ka siin standardvarustusse. V\u00f5imsusklassidega 5 kuni 20 kW leiate alati sobiva.<\/p>\n<p>\u00dchilduvad patareid:<\/p>\n<p>- Pylontech Force H1 14,2 kuni 24,86<\/p>\n<p>- Pylontech Force H2 7.1 kuni 14.2<\/p>\n<p>- Axitec AXIstorage Li SV1 13,5 kuni 23,6<\/p>\n<p>- Axitec AXIstorage Li SV2 6,7 kuni 13,5<\/p>\n<p>Toote eelised:<\/p>\n<p>- Lai MPPT pinge vahemik 180 kuni 960 V<\/p>\n<p>- Integreeritud \u00fclepingekaitse AC \/ DC t\u00fc\u00fcp II<\/p>\n<p>- Aktiivne varjujuhtimine<\/p>\n<p>Toote omadused:<\/p>\n<p>- Vahelduvvoolu v\u00f5imsus: 5 kW<\/p>\n<p>- MPPT arv: 2<\/p>\n<p>- \u00dchendusfaasid: 3<\/p>\n<p>- Liidesed: In (FRE): RS485, WiFi, Bluetooth, Ethernet, 4 x dig.In (FRE)<\/p>\n<p>- Pistikupesa: MC4<\/p>\n<p>- Kaitseklass: IP 65<\/p>\n<p>- Jahutus: passiivne<\/p>\n<p>- M\u00f5\u00f5tmed: 571 x 515 x 264 mm (KxSxS)<\/p>\n<p>- Kaal: 33,0 kg<\/p>\n<p>- Garantii: 5 aastat<\/p>\n<p><a href=\"https:\/\/storeyourownpower.com\/wp-content\/uploads\/2023\/02\/Datasheet-German-Sofar.pdf\" target=\"_blank\" rel=\"noopener\">Teabeleht Saksa Sofar<\/a><\/p>","protected":false},"excerpt":{"rendered":"<p>Meie uusim lisandumine inverterite segmendis, Hiina tootja Sofar Solar, toob turule t\u00e4iemahulise tootevaliku. HYD KTL-3PH seeria h\u00fcbriidinverterid s\u00e4ravad laia pinge [...]<\/p>","protected":false},"featured_media":628,"template":"","meta":{"_seopress_robots_primary_cat":"none","_seopress_titles_title":"Sofar Solar HYD 10KTL-3PH","_seopress_titles_desc":"Sofar Solar HYD KTL-3PH series offers a wide voltage range, 2 battery connections, overvoltage protection, shadow management, and more. Find the perfect power class from 5 to 20 kW.","_seopress_robots_index":"","_kad_blocks_custom_css":"","_kad_blocks_head_custom_js":"","_kad_blocks_body_custom_js":"","_kad_blocks_footer_custom_js":""},"product_cat":[18],"product_tag":[],"class_list":{"0":"post-631","1":"product","2":"type-product","3":"status-publish","4":"has-post-thumbnail","6":"product_cat-hybrid-inverters","8":"first","9":"instock","10":"sale","11":"taxable","12":"shipping-taxable","13":"purchasable","14":"product-type-simple"},"taxonomy_info":{"product_cat":[{"value":18,"label":"Hybrid inverters"}]},"featured_image_src_large":["https:\/\/ownpowr.com\/wp-content\/uploads\/2023\/02\/Sofar-inverter.jpeg",672,606,false],"author_info":[],"comment_info":"","_links":{"self":[{"href":"https:\/\/ownpowr.com\/et\/wp-json\/wp\/v2\/product\/631","targetHints":{"allow":["GET"]}}],"collection":[{"href":"https:\/\/ownpowr.com\/et\/wp-json\/wp\/v2\/product"}],"about":[{"href":"https:\/\/ownpowr.com\/et\/wp-json\/wp\/v2\/types\/product"}],"wp:featuredmedia":[{"embeddable":true,"href":"https:\/\/ownpowr.com\/et\/wp-json\/wp\/v2\/media\/628"}],"wp:attachment":[{"href":"https:\/\/ownpowr.com\/et\/wp-json\/wp\/v2\/media?parent=631"}],"wp:term":[{"taxonomy":"product_cat","embeddable":true,"href":"https:\/\/ownpowr.com\/et\/wp-json\/wp\/v2\/product_cat?post=631"},{"taxonomy":"product_tag","embeddable":true,"href":"https:\/\/ownpowr.com\/et\/wp-json\/wp\/v2\/product_tag?post=631"}],"curies":[{"name":"wp","href":"https:\/\/api.w.org\/{rel}","templated":true}]}}