{"id":652,"date":"2023-10-05T01:03:14","date_gmt":"2023-10-04T23:03:14","guid":{"rendered":"https:\/\/ownpowr.com\/product\/alphaess-smile-b3\/"},"modified":"2025-03-27T13:36:41","modified_gmt":"2025-03-27T11:36:41","slug":"alphaess-smile-b3","status":"publish","type":"product","link":"https:\/\/ownpowr.com\/et\/product\/alfaess-smile-b3\/","title":{"rendered":"AlphaEss Smile B3"},"content":{"rendered":"<ul>\n<li class=\"l_b6bx1li fl slick-slide\" role=\"option\" data-slick-index=\"5\" aria-hidden=\"true\" aria-describedby=\"slick-slide05\">\n<div class=\"l_b6bx1lis\">\n<div class=\"ys_imgbox_cover\">\n<ul>\n<li id=\"\" class=\"l_b6bx1li fl slick-slide slick-cloned\" data-slick-index=\"6\" aria-hidden=\"true\">\n<div class=\"l_b6bx1lis\">\n<p>SMILE-B3 energiasalvestuslahenduse tutvustamine<\/p>\n<p>Avage t\u00f5husa energiasalvestuse v\u00f5imsus SMILE-B3 abil, mis on tugev s\u00fcsteem, mis on m\u00f5eldud teie olemasolevasse seadmesse sujuvalt integreeritavaks. See 3 kW lahendus pakub v\u00f5imsusvahemikku 2,9 kWh kuni 17,2 kWh, mis tagab paindlikkuse teie energiavajaduste rahuldamiseks.<\/p>\n<p>Peamised omadused:<\/p>\n<ul>\n<li>Tagantj\u00e4rele paigaldamise \u00fchilduvus<\/li>\n<li>Vahelduvvoolu\u00fchenduste v\u00f5imekus<\/li>\n<li>Sisseehitatud aku t\u00e4iustatud j\u00f5udluse tagamiseks<\/li>\n<li>Modulaarne disain lihtsaks laiendamiseks<\/li>\n<li>Kerge paigaldus<\/li>\n<li>24\/7 j\u00e4lgimine meelerahu tagamiseks<\/li>\n<\/ul>\n<p>SMILE-B3-PLUS tehnilised andmed:<\/p>\n<ul>\n<li>Max. Vahelduvvoolu v\u00e4ljundv\u00f5imsus: 3 kW<\/li>\n<li>V\u00f5imsusvahemik: 2,9 - 17,2 kWh<\/li>\n<li>Max. Laadimis-\/laadimisvool: 60 A<\/li>\n<li>T\u00fchjenduss\u00fcgavus (DoD): 96%<\/li>\n<li>M\u00f5\u00f5tmed (S x P x K): 610 x 219 x 650 mm<\/li>\n<li>T\u00f6\u00f6temperatuuri vahemik: -10\u00b0C kuni 50\u00b0C<\/li>\n<li>IP-kaitse: IP65 \/ IP21<\/li>\n<li>Garantii: 5-aastane tootegarantii, 10-aastane j\u00f5udlusgarantii<\/li>\n<\/ul>\n<p>SMILE-B3 on ideaalne lahendus p\u00e4ikeses\u00fcsteemide jaoks, kuhu ei ole praegu akut integreeritud. Seda saab \u00fchendada kuni kuue 2,9 kWh akuga, mis suurendab teie salvestusmahtu muljetavaldava 17,2 kWh-ni. T\u00e4iustage oma energiasalvestit SMILE-B3-ga ja kogege t\u00f5husat ja usaldusv\u00e4\u00e4rset energiahaldust.<\/p>\n<\/div>\n<\/li>\n<\/ul>\n<\/div>\n<\/div>\n<\/li>\n<\/ul>\n<p><a href=\"https:\/\/storeyourownpower.com\/wp-content\/uploads\/2023\/02\/Datasheet-Smile-B3.pdf\" target=\"_blank\" rel=\"noopener\">Teabeleht Smile B3<\/a><\/p>","protected":false},"excerpt":{"rendered":"<p>&nbsp;<\/p>\n<p>&nbsp;<\/p>","protected":false},"featured_media":653,"template":"","meta":{"_seopress_robots_primary_cat":"none","_seopress_titles_title":"Expand Your Solar Storage: SMILE-B3 3kW Retrofit AC-Coupling with Built-in Battery","_seopress_titles_desc":"Upgrade your existing solar system with SMILE-B3, a modular and easy-to-install solution that maximizes your storage capacity to 17.2kWh.","_seopress_robots_index":"","_kad_blocks_custom_css":"","_kad_blocks_head_custom_js":"","_kad_blocks_body_custom_js":"","_kad_blocks_footer_custom_js":""},"product_cat":[17],"product_tag":[],"class_list":{"0":"post-652","1":"product","2":"type-product","3":"status-publish","4":"has-post-thumbnail","6":"product_cat-home-batteries","8":"first","9":"instock","10":"sale","11":"taxable","12":"shipping-taxable","13":"purchasable","14":"product-type-simple"},"taxonomy_info":{"product_cat":[{"value":17,"label":"Home batteries"}]},"featured_image_src_large":["https:\/\/ownpowr.com\/wp-content\/uploads\/2023\/02\/320_320_Product_logo_storage_system_5d3ab2d32f5cd.png",320,286,false],"author_info":[],"comment_info":"","_links":{"self":[{"href":"https:\/\/ownpowr.com\/et\/wp-json\/wp\/v2\/product\/652","targetHints":{"allow":["GET"]}}],"collection":[{"href":"https:\/\/ownpowr.com\/et\/wp-json\/wp\/v2\/product"}],"about":[{"href":"https:\/\/ownpowr.com\/et\/wp-json\/wp\/v2\/types\/product"}],"wp:featuredmedia":[{"embeddable":true,"href":"https:\/\/ownpowr.com\/et\/wp-json\/wp\/v2\/media\/653"}],"wp:attachment":[{"href":"https:\/\/ownpowr.com\/et\/wp-json\/wp\/v2\/media?parent=652"}],"wp:term":[{"taxonomy":"product_cat","embeddable":true,"href":"https:\/\/ownpowr.com\/et\/wp-json\/wp\/v2\/product_cat?post=652"},{"taxonomy":"product_tag","embeddable":true,"href":"https:\/\/ownpowr.com\/et\/wp-json\/wp\/v2\/product_tag?post=652"}],"curies":[{"name":"wp","href":"https:\/\/api.w.org\/{rel}","templated":true}]}}