{"id":663,"date":"2023-10-05T01:20:48","date_gmt":"2023-10-04T23:20:48","guid":{"rendered":"https:\/\/ownpowr.com\/product\/alphaess-smile-t10-inverter\/"},"modified":"2025-03-27T13:36:53","modified_gmt":"2025-03-27T11:36:53","slug":"alphaess-smile-t10-inverter","status":"publish","type":"product","link":"https:\/\/ownpowr.com\/et\/product\/alphaess-smile-t10-inverter\/","title":{"rendered":"AlphaEss Smile T10-HV inverter"},"content":{"rendered":"<h3>AlphaEss Smile T10-HV inverter<\/h3>\n<ul>\n<li>Klassikaline disain<img decoding=\"async\" src=\"https:\/\/www.alphaess.com\/Public\/Uploads\/uploadfile\/images\/20220428\/Design.svg\" alt=\"Disain.svg\" \/><\/li>\n<li>Parim m\u00fc\u00fcja <img decoding=\"async\" src=\"https:\/\/www.alphaess.com\/Public\/Uploads\/uploadfile\/images\/20220428\/BestSeller.svg\" alt=\"BestSeller.svg\" \/><\/li>\n<li>VPP valmis<img decoding=\"async\" src=\"https:\/\/www.alphaess.com\/Public\/Uploads\/uploadfile\/images\/20220428\/VPPReady.svg\" alt=\"VPPReady.svg\" \/><\/li>\n<li>UPS-i v\u00f5ime<img decoding=\"async\" src=\"https:\/\/www.alphaess.com\/Public\/Uploads\/uploadfile\/images\/20220523\/UPS.svg\" alt=\"UPS.svg\" \/><\/li>\n<li>K\u00f5rge \u00fchilduvus<img decoding=\"async\" class=\"\" src=\"https:\/\/www.alphaess.com\/Public\/Uploads\/uploadfile\/images\/20220523\/HighCompatibility.svg\" alt=\"HighCompatibility.svg\" width=\"24\" height=\"24\" \/><\/li>\n<\/ul>\n<p>&nbsp;<\/p>\n<p><strong>Lisateave<\/strong><\/p>\n<table class=\"enf-compare-pages-table mk-main-table\" width=\"680\">\n<tbody>\n<tr>\n<td class=\"mk-td-visible\">\n<div><\/div>\n<\/td>\n<\/tr>\n<tr class=\"mk-group-title\">\n<th>Spetsifikatsioon<\/th>\n<td class=\"mk-td-visible\"><\/td>\n<\/tr>\n<tr>\n<th>Toote garantii (min)<\/th>\n<td class=\"mk-td-visible ar:text-right\">5 aastat<\/td>\n<\/tr>\n<tr>\n<th>Salvestuss\u00fcsteemi kategooria<\/th>\n<td class=\"mk-td-visible ar:text-right\">Intelligentne<\/td>\n<\/tr>\n<tr>\n<th>Salvestuss\u00fcsteemi tehnoloogia<\/th>\n<td class=\"mk-td-visible ar:text-right\">LFP (LiFePo4)<\/td>\n<\/tr>\n<tr class=\"mk-group-title-storage-system\">\n<th colspan=\"2\">Aku andmeleht<\/th>\n<\/tr>\n<tr class=\"mk-group-title\">\n<th>Elektrilised andmed<\/th>\n<td class=\"mk-td-visible\"><\/td>\n<\/tr>\n<tr>\n<th>Nominaalne pinge<\/th>\n<td class=\"mk-td-visible\">\n<div>\n<table>\n<tbody>\n<tr>\n<td class=\"enf-api-spec-cell !p-[9px] md:!text-center !text-left ar:text-right active\" data-id=\"15888\">51.2 V<\/td>\n<\/tr>\n<\/tbody>\n<\/table>\n<\/div>\n<\/td>\n<\/tr>\n<tr>\n<th>Max. Laadimisvool<\/th>\n<td class=\"mk-td-visible\">\n<div>\n<table>\n<tbody>\n<tr>\n<td class=\"enf-api-spec-cell !p-[9px] md:!text-center !text-left ar:text-right active\" data-id=\"15888\">56 A<\/td>\n<\/tr>\n<\/tbody>\n<\/table>\n<\/div>\n<\/td>\n<\/tr>\n<tr class=\"mk-group-title\">\n<th>Temperatuuriparameetrid<\/th>\n<td class=\"mk-td-visible\"><\/td>\n<\/tr>\n<tr>\n<th>T\u00f6\u00f6temperatuur<\/th>\n<td class=\"mk-td-visible ar:text-right\">-10 ~ +50 \u2103<\/td>\n<\/tr>\n<tr class=\"mk-group-title\">\n<th>\u00dcldised andmed<\/th>\n<td class=\"mk-td-visible\"><\/td>\n<\/tr>\n<tr>\n<th>M\u00f5\u00f5tmed (pikkus\/k\u00f5rgus)<\/th>\n<td class=\"mk-td-visible\">\n<div>\n<table>\n<tbody>\n<tr>\n<td class=\"enf-api-spec-cell !p-[9px] md:!text-center !text-left ar:text-right active\" data-id=\"15888\">250x600x300 mm<\/td>\n<\/tr>\n<\/tbody>\n<\/table>\n<\/div>\n<\/td>\n<\/tr>\n<tr>\n<th>Kaal<\/th>\n<td class=\"mk-td-visible\">\n<div>\n<table>\n<tbody>\n<tr>\n<td class=\"enf-api-spec-cell !p-[9px] md:!text-center !text-left ar:text-right active\" data-id=\"15888\">35 kg<\/td>\n<\/tr>\n<\/tbody>\n<\/table>\n<\/div>\n<\/td>\n<\/tr>\n<tr class=\"mk-group-title-storage-system\">\n<th colspan=\"2\">P\u00e4ikeseinverteri teabeleht<\/th>\n<\/tr>\n<tr class=\"mk-group-title\">\n<th>Inverteri sisendandmed (DC)<\/th>\n<td class=\"mk-td-visible\"><\/td>\n<\/tr>\n<tr>\n<th>Max. Alalisvoolu v\u00f5imsus<\/th>\n<td class=\"mk-td-visible\">\n<div>\n<table>\n<tbody>\n<tr>\n<td class=\"enf-api-spec-cell !p-[9px] md:!text-center !text-left ar:text-right active\" data-id=\"15888\">10 kW<\/td>\n<\/tr>\n<\/tbody>\n<\/table>\n<\/div>\n<\/td>\n<\/tr>\n<tr>\n<th>Max. Alalisvoolu pinge<\/th>\n<td class=\"mk-td-visible\">\n<div>\n<table>\n<tbody>\n<tr>\n<td class=\"enf-api-spec-cell !p-[9px] md:!text-center !text-left ar:text-right active\" data-id=\"15888\">900 V<\/td>\n<\/tr>\n<\/tbody>\n<\/table>\n<\/div>\n<\/td>\n<\/tr>\n<tr>\n<th>Max. Alalisvool<\/th>\n<td class=\"mk-td-visible\">\n<div>\n<table>\n<tbody>\n<tr>\n<td class=\"enf-api-spec-cell !p-[9px] md:!text-center !text-left ar:text-right active\" data-id=\"15888\">23 A<\/td>\n<\/tr>\n<\/tbody>\n<\/table>\n<\/div>\n<\/td>\n<\/tr>\n<tr>\n<th>MPP(T) pinge vahemik<\/th>\n<td class=\"mk-td-visible\">\n<div>\n<table>\n<tbody>\n<tr>\n<td class=\"enf-api-spec-cell !p-[9px] md:!text-center !text-left ar:text-right active\" data-id=\"15888\">250~850 V<\/td>\n<\/tr>\n<\/tbody>\n<\/table>\n<\/div>\n<\/td>\n<\/tr>\n<tr>\n<th>MPP j\u00e4lgimisseadmete arv<\/th>\n<td class=\"mk-td-visible\">\n<div>\n<table>\n<tbody>\n<tr>\n<td class=\"enf-api-spec-cell !p-[9px] md:!text-center !text-left ar:text-right active\" data-id=\"15888\">2<\/td>\n<\/tr>\n<\/tbody>\n<\/table>\n<\/div>\n<\/td>\n<\/tr>\n<tr class=\"mk-group-title\">\n<th>Inverteri v\u00e4ljundandmed (AC)<\/th>\n<td class=\"mk-td-visible\"><\/td>\n<\/tr>\n<tr>\n<th>Max. Vahelduvvoolu v\u00f5imsus<\/th>\n<td class=\"mk-td-visible\">\n<div>\n<table>\n<tbody>\n<tr>\n<td class=\"enf-api-spec-cell !p-[9px] md:!text-center !text-left ar:text-right active\" data-id=\"15888\">10 kW<\/td>\n<\/tr>\n<\/tbody>\n<\/table>\n<\/div>\n<\/td>\n<\/tr>\n<tr>\n<th>Nominaalne vahelduvvoolu v\u00f5imsus<\/th>\n<td class=\"mk-td-visible\">\n<div>\n<table>\n<tbody>\n<tr>\n<td class=\"enf-api-spec-cell !p-[9px] md:!text-center !text-left ar:text-right active\" data-id=\"15888\">10 kW<\/td>\n<\/tr>\n<\/tbody>\n<\/table>\n<\/div>\n<\/td>\n<\/tr>\n<tr>\n<th>Nimivoolupinge<\/th>\n<td class=\"mk-td-visible\">\n<div>\n<table>\n<tbody>\n<tr>\n<td class=\"enf-api-spec-cell !p-[9px] md:!text-center !text-left ar:text-right active\" data-id=\"15888\">400 V<\/td>\n<\/tr>\n<\/tbody>\n<\/table>\n<\/div>\n<\/td>\n<\/tr>\n<tr>\n<th>S\u00f6\u00f6dufaaside arv<\/th>\n<td class=\"mk-td-visible\">\n<div>\n<table>\n<tbody>\n<tr>\n<td class=\"enf-api-spec-cell !p-[9px] md:!text-center !text-left ar:text-right active\" data-id=\"15888\">3<\/td>\n<\/tr>\n<\/tbody>\n<\/table>\n<\/div>\n<\/td>\n<\/tr>\n<tr class=\"mk-group-title\">\n<th>Inverteri \u00fcldandmed<\/th>\n<td class=\"mk-td-visible\"><\/td>\n<\/tr>\n<tr>\n<th>M\u00f5\u00f5tmed (H\/W\/D)<\/th>\n<td class=\"mk-td-visible\">\n<div>\n<table>\n<tbody>\n<tr>\n<td class=\"enf-api-spec-cell !p-[9px] md:!text-center !text-left ar:text-right active\" data-id=\"15888\">600x460x250 mm<\/td>\n<\/tr>\n<\/tbody>\n<\/table>\n<\/div>\n<\/td>\n<\/tr>\n<tr>\n<th>Kaal<\/th>\n<td class=\"mk-td-visible\">\n<div>\n<table>\n<tbody>\n<tr>\n<td class=\"enf-api-spec-cell !p-[9px] md:!text-center !text-left ar:text-right active\" data-id=\"15888\">29 kg<\/td>\n<\/tr>\n<\/tbody>\n<\/table>\n<\/div>\n<\/td>\n<\/tr>\n<tr>\n<th>Kaitseklass<\/th>\n<td class=\"mk-td-visible ar:text-right\">IP21<\/td>\n<\/tr>\n<tr>\n<th>Niiskus<\/th>\n<td class=\"mk-td-visible ar:text-right\">15-85 %<\/td>\n<\/tr>\n<tr>\n<th>N\u00e4ita<\/th>\n<td class=\"mk-td-visible ar:text-right\">LCD<\/td>\n<\/tr>\n<\/tbody>\n<\/table>\n<p>&nbsp;<\/p>\n<p>&nbsp;<\/p>","protected":false},"excerpt":{"rendered":"<p>AlphaEss Smile T10-HV inverter Klassikaline disain Parim m\u00fc\u00fcja VPP Ready UPS v\u00f5imekus K\u00f5rge \u00fchilduvus Rohkem teavet Spetsifikatsioon Toote garantii (min) 5 aastat Salvestuss\u00fcsteemi kategooria Intelligentne salvestuss\u00fcsteem Tehnoloogia [...]<\/p>","protected":false},"featured_media":664,"template":"","meta":{"_seopress_robots_primary_cat":"none","_seopress_titles_title":"Alpha ESS SMILE T10 - Intelligent Storage System with LFP Battery","_seopress_titles_desc":"Experience the power of the Alpha ESS SMILE T10 storage system with LFP battery technology. Maximize your energy usage with a sleek design, VPP readiness, and a 5-year warranty.","_seopress_robots_index":"","_kad_blocks_custom_css":"","_kad_blocks_head_custom_js":"","_kad_blocks_body_custom_js":"","_kad_blocks_footer_custom_js":""},"product_cat":[18],"product_tag":[],"class_list":{"0":"post-663","1":"product","2":"type-product","3":"status-publish","4":"has-post-thumbnail","6":"product_cat-hybrid-inverters","8":"first","9":"instock","10":"sale","11":"taxable","12":"shipping-taxable","13":"purchasable","14":"product-type-simple"},"taxonomy_info":{"product_cat":[{"value":18,"label":"Hybrid inverters"}]},"featured_image_src_large":["https:\/\/ownpowr.com\/wp-content\/uploads\/2023\/02\/Smile-T10.png",951,936,false],"author_info":[],"comment_info":"","_links":{"self":[{"href":"https:\/\/ownpowr.com\/et\/wp-json\/wp\/v2\/product\/663","targetHints":{"allow":["GET"]}}],"collection":[{"href":"https:\/\/ownpowr.com\/et\/wp-json\/wp\/v2\/product"}],"about":[{"href":"https:\/\/ownpowr.com\/et\/wp-json\/wp\/v2\/types\/product"}],"wp:featuredmedia":[{"embeddable":true,"href":"https:\/\/ownpowr.com\/et\/wp-json\/wp\/v2\/media\/664"}],"wp:attachment":[{"href":"https:\/\/ownpowr.com\/et\/wp-json\/wp\/v2\/media?parent=663"}],"wp:term":[{"taxonomy":"product_cat","embeddable":true,"href":"https:\/\/ownpowr.com\/et\/wp-json\/wp\/v2\/product_cat?post=663"},{"taxonomy":"product_tag","embeddable":true,"href":"https:\/\/ownpowr.com\/et\/wp-json\/wp\/v2\/product_tag?post=663"}],"curies":[{"name":"wp","href":"https:\/\/api.w.org\/{rel}","templated":true}]}}