{"id":8075,"date":"2024-04-04T12:26:30","date_gmt":"2024-04-04T10:26:30","guid":{"rendered":"https:\/\/ownpowr.com\/?post_type=product&#038;p=8075"},"modified":"2025-02-27T11:42:05","modified_gmt":"2025-02-27T09:42:05","slug":"deye-ai-w15-3-battery-module","status":"publish","type":"product","link":"https:\/\/ownpowr.com\/et\/product\/deye-ai-w15-3-aku-moodul\/","title":{"rendered":"Deye AI-W5.1-B 15,36kWh Energiasalvestus LiFePO 4"},"content":{"rendered":"<p class=\"product_title entry-title\">Deye AI-W15.3(LV)<\/p>\n<p>Komplekt sisaldab:<\/p>\n<p>3 x AI-W5.1<\/p>\n<p>1x AI-W5.1-PDU.1<\/p>\n<p>1x AI-W5.1-Base<\/p>\n<p>&nbsp;<\/p>\n<p class=\"price\">Deye tutvustab turvalisemat, usaldusv\u00e4\u00e4rsemat ja paindlikumat liitium-raudfosfaat (LFP) p\u00e4ikesepatarei lahendust, mis pakub turvalist ja usaldusv\u00e4\u00e4rset energiasalvestuslahendust, mis on optimeeritud elamu- ja \u00e4rirakenduste jaoks, mis vajavad energiat kitsastes ruumides v\u00f5i koormuspiirangutega.<\/p>\n<p class=\"price\">Deye liitium-raudfosfaat-akupakett pakub turvalist ja usaldusv\u00e4\u00e4rset energiasalvestuslahendust elamu- ja \u00e4rirakendustele, mis vajavad energiat kitsastes ruumides v\u00f5i koormuse piirangute all. Kompaktne ja kerge aku sobib h\u00e4sti suure v\u00f5imsusega seadmetele, mis t\u00f6\u00f6tavad piiratud ruumides, ning pakub pikaajalist j\u00f5udlust t\u00e4nu pikale ts\u00fcklile.<\/p>\n<p class=\"price\">Aku koobaltivaba LFP-keemia pakub suurt v\u00f5imsustihedust, ilma et see ohustaks ohutust. Intelligentne aku juhtimiss\u00fcsteem (BMS) j\u00e4lgib aku kriitilisi andmepunkte, nagu pinge, vool ja temperatuur, tasakaalustades laadimist ja t\u00fchjendamist, et maksimeerida aku kasutusiga.<\/p>\n<p class=\"price\">Mahtu ja v\u00f5imsust saab suurendada mitme aku paralleel\u00fchenduse abil vastavalt vajadusele. Suuremad akupankade konfiguratsioonid tagavad suurema energiamahu ja pikema t\u00f6\u00f6aja. Usaldusv\u00e4\u00e4rseks ehitatud aku toetab suurt t\u00fchjendamisv\u00f5imet, s\u00e4ilitades t\u00f6\u00f6kindluse -20 \u00b0C kuni 55 \u00b0C, omades IP55 klassifikatsiooni ja loomulikku jahutust.<\/p>\n<p class=\"price\">Modulaarsed ja paindlikud akud suurendavad oma v\u00f5imsust kergesti kuni 184 kWh, kombineerides 36 \u00fchikust koosnevaid klastreid.<\/p>\n<p class=\"price\">See p\u00e4ikesepatarei on keskkonnas\u00f5bralik disain, milles kasutatakse mittetoksilisi, saastevabu materjale.Paigaldamine on lihtsustatud t\u00e4nu ladustatavale, p\u00f5randale paigaldatavale disainile ilma t\u00e4iendavate juhtmete v\u00f5i kinnitusvahenditeta. Seadistamine ja kasutuselev\u00f5tt on kiire ja lihtne.<\/p>\n<p class=\"price\">Mugavust pakub automaatne mooduliv\u00f5rgustik, mis v\u00f5imaldab kaugseiret, hooldust ja p\u00fcsivara uuendamist.<\/p>\n<p><a href=\"https:\/\/ownpowr.com\/wp-content\/uploads\/2023\/12\/ai-w5.1-v1.7.pdf\" target=\"_blank\" rel=\"noopener\">Deye AI-W5.1 Andmeleht<\/a><\/p>","protected":false},"excerpt":{"rendered":"<p>Deye AI-W15.3(LV) Komplekt sisaldab: 3 x AI-W5.1 1x AI-W5.1-PDU.1 1x AI-W5.1-Base Deye tutvustab turvalisemat, usaldusv\u00e4\u00e4rsemat ja paindlikumat liitiumraudfosfaat (LFP) p\u00e4ikesepatarei lahendust, mis [...]<\/p>","protected":false},"featured_media":10107,"template":"","meta":{"_seopress_robots_primary_cat":"none","_seopress_titles_title":"Deye AI-W15.3 LV: Reliable Compact LFP Solar Powered Battery Pack","_seopress_titles_desc":"Discover Deye AI-W15.3 Lithium Iron Phosphate (LFP) solar powered battery pack. Reliable, scalable, efficient, ideal for residential and commercial applications.","_seopress_robots_index":"","_kad_blocks_custom_css":"","_kad_blocks_head_custom_js":"","_kad_blocks_body_custom_js":"","_kad_blocks_footer_custom_js":""},"product_cat":[17],"product_tag":[],"class_list":{"0":"post-8075","1":"product","2":"type-product","3":"status-publish","4":"has-post-thumbnail","6":"product_cat-home-batteries","8":"first","9":"instock","10":"taxable","11":"shipping-taxable","12":"purchasable","13":"product-type-simple"},"taxonomy_info":{"product_cat":[{"value":17,"label":"Home batteries"}]},"featured_image_src_large":["https:\/\/ownpowr.com\/wp-content\/uploads\/2023\/12\/image-2.png",1000,1000,false],"author_info":[],"comment_info":"","_links":{"self":[{"href":"https:\/\/ownpowr.com\/et\/wp-json\/wp\/v2\/product\/8075","targetHints":{"allow":["GET"]}}],"collection":[{"href":"https:\/\/ownpowr.com\/et\/wp-json\/wp\/v2\/product"}],"about":[{"href":"https:\/\/ownpowr.com\/et\/wp-json\/wp\/v2\/types\/product"}],"wp:featuredmedia":[{"embeddable":true,"href":"https:\/\/ownpowr.com\/et\/wp-json\/wp\/v2\/media\/10107"}],"wp:attachment":[{"href":"https:\/\/ownpowr.com\/et\/wp-json\/wp\/v2\/media?parent=8075"}],"wp:term":[{"taxonomy":"product_cat","embeddable":true,"href":"https:\/\/ownpowr.com\/et\/wp-json\/wp\/v2\/product_cat?post=8075"},{"taxonomy":"product_tag","embeddable":true,"href":"https:\/\/ownpowr.com\/et\/wp-json\/wp\/v2\/product_tag?post=8075"}],"curies":[{"name":"wp","href":"https:\/\/api.w.org\/{rel}","templated":true}]}}