{"id":82540,"date":"2024-05-30T16:43:42","date_gmt":"2024-05-30T14:43:42","guid":{"rendered":"https:\/\/ownpowr.com\/?post_type=product&#038;p=82540"},"modified":"2025-08-25T14:37:23","modified_gmt":"2025-08-25T12:37:23","slug":"blauhoff-maxus-60k-192kwh-energy-storage-cabinet-liquid-cooling-with-ev-charger","status":"publish","type":"product","link":"https:\/\/ownpowr.com\/et\/product\/blauhoff-maxus-60k-192kwh-energiasalvesti-vedelikjahutusega-kapp-koos-ev-laadijaga\/","title":{"rendered":"Blauhoff Maxus 60K\/192KWh energiasalvesti vedelikjahutusega kapp koos EV-laadijaga"},"content":{"rendered":"<p>T\u00c4HELEPANU !<\/p>\n<p>Kokkupaneku teostab teie kohalik paigaldaja meie tehniliste t\u00f6\u00f6tajate abiga.<\/p>\n<p>Blauhoff Maxus 96Kwh energiasalvestuskapp vedelikjahutusega 10-aastane garantii 8000 ts\u00fcklit koos EV-laadijaga<\/p>\n<p>Toetus v\u00f5imalik<\/p>\n<p>Prismaelemendid k\u00f5rgeima kvaliteedi ja pikima eluea tagamiseks, 8000 ts\u00fcklit ja 10-aastane garantii elementidele ilma lisakuludeta ning 5 aastat tervele akule.<\/p>\n<p>Enamik teisi pakkujaid on 3-5 aastat terve ja rakkude ja siis pead maksma ekstra, see kehtib ka EMS Dijkman, et me kasutame, ei ole igakuised kulud ja saab t\u00f6\u00f6tada tasakaalustamata turul.<\/p>\n<p>T\u00e4ielikult integreeritud ESS lihtsaks transpordiks ja hoolduseks.<\/p>\n<p>Integreeritud aku koos EV-laadijaga ja modulaarne konstruktsioon teeb selle kiireks seadistamiseks ja kasutamiseks maksimaalselt 3 tundi t\u00f6\u00f6d.<\/p>\n<p>Blauhoff BLH-96kWh-Maxus, k\u00f5ik-\u00fches kaubanduslik ja t\u00f6\u00f6stuslik ESS vedelikjahutusega, on integreeritud energiasalvesti, aku, BMS, EMS, soojusjuhtimine, energiajaotus, tulekaitse, Ev-laadija jne.<\/p>\n<p>K\u00f5ik-\u00fches-konstruktsiooni on lihtne paigaldada ja hooldada ning liidestada k\u00f5igi teiste Maxus toodetega ja automaatselt kaubelda d\u00fcnaamilise energiahinnaga erinevate EMS-s\u00fcsteemide kaudu.<\/p>\n<p>S\u00fcsteemi turvakonstruktsioon tagab parema aku j\u00f5udluse ja pikema aku eluea.<br \/>\nelu. Energiasalvestuse realiseerimiseks saab mitu kapiitorkomplekti otse paralleelselt \u00fchendada kuni 30 \u00fchikut.<br \/>\ns\u00fcsteemi laiendamine. See on v\u00e4ga kergesti skaleeritav ja kaasaskantav.<\/p>\n<p>Vedelikjahutus :<br \/>\nAkuelementide temperatuuridiferents<br \/>\nkogu s\u00fcsteemis on \u00b11,5 \u00b0C piires, mis tuleneb sellest, et<br \/>\nintelligentne vedelikjahutuss\u00fcsteem. See v\u00f5ib<br \/>\npikendab s\u00fcsteemi kasutusiga kuni<br \/>\n30%, suurendab s\u00fcsteemi pikaajalist t\u00f5husust<br \/>\nkuni 88.5%.<\/p>\n<p>V\u00f5imalikud lisad<\/p>\n<p>Avariitoide STS- 2 EV laadijat 20kw - h\u00fcbriidinverter paneelide \u00fchendamiseks ipv AC \u00fchendatud<\/p>\n<p>Turvaline<br \/>\nS\u00fcsteemil on neli haldustasandit<br \/>\nstruktuur, mis v\u00f5ib pakkuda t\u00e4pset<br \/>\nl\u00fchisekaitse, \u00fclevoolukaitse<br \/>\nkaitse, \u00fclepingekaitse,<br \/>\npinge allapoole kaitse, \u00fcle temperatuuri kaitse<br \/>\nkaitse jne.<\/p>\n<p>Kohustuslikud ohutus- ja Euroopa sertifikaadid, inverter ja akud :<\/p>\n<p>EN 50549-1 inverteri Maxus jaoks ja seda kohaldatakse madalpingev\u00f5rkudega \u00fchendatud elektritootmis\u00fcksuste suhtes ning EN 50549-2 kohaldatakse keskpingev\u00f5rkudega \u00fchendatud elektritootmis\u00fcksuste suhtes.<\/p>\n<p>NEN-EN-IEC 62619:2022 - Leeliselemente v\u00f5i muid mittehappelisi elektrol\u00fc\u00fcte sisaldavad sekundaarelemendid ja -patareid - Ohutusn\u00f5uded sekundaarsetele liitiumelementidele ja -patareidele, kasutamiseks t\u00f6\u00f6stuslikes rakendustes<\/p>\n<p>NEN-EN-IEC 61000-6-2\u3001EN IEC 61000-6-4<\/p>\n<p>UL 9540A:2019 v\u00e4ljaanne 4 - Standard katsemeetodile aku energiasalvestuss\u00fcsteemide termilise tulekahju leviku hindamiseks.<\/p>\n<p>UN38.3<\/p>\n<p>VDE4100<\/p>","protected":false},"excerpt":{"rendered":"<p>T\u00c4HELEPANU ! Kokkupaneku teostab teie kohalik paigaldaja meie tehniliste t\u00f6\u00f6tajate abiga. Blauhoff Maxus 96Kwh energiasalvestuskapp vedelikjahutusega 10Y garantii 8000 ts\u00fcklit koos EV [...]<\/p>","protected":false},"featured_media":82535,"template":"","meta":{"_seopress_robots_primary_cat":"none","_seopress_titles_title":"","_seopress_titles_desc":"","_seopress_robots_index":"","_kad_blocks_custom_css":"","_kad_blocks_head_custom_js":"","_kad_blocks_body_custom_js":"","_kad_blocks_footer_custom_js":""},"product_cat":[17,18,19],"product_tag":[],"class_list":{"0":"post-82540","1":"product","2":"type-product","3":"status-publish","4":"has-post-thumbnail","6":"product_cat-home-batteries","7":"product_cat-hybrid-inverters","8":"product_cat-sets-with-inverters","10":"first","11":"instock","12":"taxable","13":"shipping-taxable","14":"purchasable","15":"product-type-simple"},"taxonomy_info":{"product_cat":[{"value":17,"label":"Home batteries"},{"value":18,"label":"Hybrid inverters"},{"value":19,"label":"Sets with inverters"}]},"featured_image_src_large":["https:\/\/ownpowr.com\/wp-content\/uploads\/2024\/05\/photo-2024-02-21-15-07-10.jpg",800,800,false],"author_info":[],"comment_info":"","_links":{"self":[{"href":"https:\/\/ownpowr.com\/et\/wp-json\/wp\/v2\/product\/82540","targetHints":{"allow":["GET"]}}],"collection":[{"href":"https:\/\/ownpowr.com\/et\/wp-json\/wp\/v2\/product"}],"about":[{"href":"https:\/\/ownpowr.com\/et\/wp-json\/wp\/v2\/types\/product"}],"wp:featuredmedia":[{"embeddable":true,"href":"https:\/\/ownpowr.com\/et\/wp-json\/wp\/v2\/media\/82535"}],"wp:attachment":[{"href":"https:\/\/ownpowr.com\/et\/wp-json\/wp\/v2\/media?parent=82540"}],"wp:term":[{"taxonomy":"product_cat","embeddable":true,"href":"https:\/\/ownpowr.com\/et\/wp-json\/wp\/v2\/product_cat?post=82540"},{"taxonomy":"product_tag","embeddable":true,"href":"https:\/\/ownpowr.com\/et\/wp-json\/wp\/v2\/product_tag?post=82540"}],"curies":[{"name":"wp","href":"https:\/\/api.w.org\/{rel}","templated":true}]}}