{"id":831,"date":"2023-10-04T16:35:29","date_gmt":"2023-10-04T14:35:29","guid":{"rendered":"https:\/\/ownpowr.com\/product\/blauhoff-bess-all-in-one-10k-10kwh\/"},"modified":"2025-03-27T12:50:48","modified_gmt":"2025-03-27T10:50:48","slug":"k-star-all-in-one-10k-10kwh","status":"publish","type":"product","link":"https:\/\/ownpowr.com\/et\/product\/blauhoff-bess-koik-uhes-10k-10kwh\/","title":{"rendered":"K-stars K\u00f5ik-\u00fches kolmefaasiline salvestuslahendus 10K\/10kWh"},"content":{"rendered":"<div class=\"proInfos proInfos2 clearfix\">\n<div class=\"left\">\n<p>K-stars K\u00f5ik-\u00fches kolmefaasiline salvestuslahendus (3 faasi)<\/p>\n<p>Peamised eelised<\/p>\n<ul>\n<li>Kasutab CATLi suure j\u00f5udlusega LFP-akut, mis on tuntud oma kvaliteedi poolest ja kuulub tipptasemel akutarnijate hulka.<\/li>\n<li>V\u00f5imaldab t\u00f6\u00f6delda m\u00e4rkimisv\u00e4\u00e4rset 20 KW PV-sisendv\u00f5imsust, 10 KW laadimiseks ja 10 KW vahelduvvoolu v\u00e4ljundiks.<\/li>\n<li>Omab modulaarset konstruktsiooni, mis v\u00f5imaldab energiasalvestuss\u00fcsteemi laiendada mitme 5,12 KWH-seadme abil.<\/li>\n<li>Pakub tugevat 10 KW 3-faasilist varuv\u00e4ljundit, mille sisse- ja v\u00e4ljal\u00fclitamise aeg on v\u00e4hem kui 20 ms.<\/li>\n<li>Sisaldab energiahalduss\u00fcsteemi (EMS), mis muudab selle mitmek\u00fclgseks erinevate rakenduste jaoks.<\/li>\n<li>Toetab maksimaalselt 4 seadet paralleelselt varuv\u00e4ljundiks v\u00f5rguv\u00e4lisel re\u017eiimil.<\/li>\n<li>Mugavust ja t\u00f5husust tagav t\u00e4iustatud \"k\u00f5ik \u00fches\" disain.<\/li>\n<li>N\u00e4itab k\u00f5rget t\u00f5husust, ulatudes kuni 97,6%.<\/li>\n<li>P\u00fcsivuse ja vastupidavuse tagamiseks on kaitseastmega IP65.<\/li>\n<li>Valikuline stringide seirefunktsioon.<\/li>\n<li>Lihtsustab paigaldusprotseduure.<\/li>\n<li>Varustatud digitaalse kontrolleriga.<\/li>\n<li>Omadused DC\/AC \u00fclepingekaitse.<\/li>\n<li>Sisaldab reaktiivv\u00f5imsuse regulaatorit.<\/li>\n<\/ul>\n<p>BluE-S- E10KT<\/p>\n<p>2 x 5.1k Pack<\/p>\n<p>1x \u00fchenduskomplekt Blue- 2x 5.1 pakk<\/p>\n<p>Garantii teave<\/p>\n<ul>\n<li>Kaasas 10-aastane garantii.<\/li>\n<li>M\u00f5eldud muljetavaldavaks 10 000 ts\u00fckliks.<\/li>\n<\/ul>\n<p>Spetsiaalne paigalduspakkumine<\/p>\n<ul>\n<li>Saadaval paigaldamiseks Hollandis erihinnaga vaid 750 eurot!<\/li>\n<\/ul>\n<p><a href=\"https:\/\/ownpowr.com\/wp-content\/uploads\/2023\/10\/datasheet-k-star-blue.pdf\" target=\"_blank\" rel=\"noopener\">Teabeleht K-Star BluE<\/a><\/p>\n<\/div>\n<\/div>\n<div class=\"hotBuy hotBuy2 clearfix\">\n<div class=\"left\">\n<div class=\"a\">\n<p>&nbsp;<\/p>\n<\/div>\n<\/div>\n<\/div>","protected":false},"excerpt":{"rendered":"<p>Blauhoff<\/p>\n<p>10-aastane garantii<\/p>\n<p>10000 ts\u00fcklit<\/p>\n<p>80% DOD<\/p>","protected":false},"featured_media":832,"template":"","meta":{"_seopress_robots_primary_cat":"none","_seopress_titles_title":"K-star All-In-One Three Phase Storage Solution | High Performance LFP Battery","_seopress_titles_desc":"Get the K-star All-In-One Three Phase Storage Solution with CATL high performance LFP battery. 20KW PV input, modular design, easy installation, and more.","_seopress_robots_index":"","_kad_blocks_custom_css":"","_kad_blocks_head_custom_js":"","_kad_blocks_body_custom_js":"","_kad_blocks_footer_custom_js":""},"product_cat":[17,19],"product_tag":[],"class_list":{"0":"post-831","1":"product","2":"type-product","3":"status-publish","4":"has-post-thumbnail","6":"product_cat-home-batteries","7":"product_cat-sets-with-inverters","9":"first","10":"instock","11":"sale","12":"taxable","13":"shipping-taxable","14":"purchasable","15":"product-type-simple"},"taxonomy_info":{"product_cat":[{"value":17,"label":"Home batteries"},{"value":19,"label":"Sets with inverters"}]},"featured_image_src_large":["https:\/\/ownpowr.com\/wp-content\/uploads\/2023\/04\/Ontwerp-zonder-titel-1024x1024.png",1024,1024,true],"author_info":[],"comment_info":"","_links":{"self":[{"href":"https:\/\/ownpowr.com\/et\/wp-json\/wp\/v2\/product\/831","targetHints":{"allow":["GET"]}}],"collection":[{"href":"https:\/\/ownpowr.com\/et\/wp-json\/wp\/v2\/product"}],"about":[{"href":"https:\/\/ownpowr.com\/et\/wp-json\/wp\/v2\/types\/product"}],"wp:featuredmedia":[{"embeddable":true,"href":"https:\/\/ownpowr.com\/et\/wp-json\/wp\/v2\/media\/832"}],"wp:attachment":[{"href":"https:\/\/ownpowr.com\/et\/wp-json\/wp\/v2\/media?parent=831"}],"wp:term":[{"taxonomy":"product_cat","embeddable":true,"href":"https:\/\/ownpowr.com\/et\/wp-json\/wp\/v2\/product_cat?post=831"},{"taxonomy":"product_tag","embeddable":true,"href":"https:\/\/ownpowr.com\/et\/wp-json\/wp\/v2\/product_tag?post=831"}],"curies":[{"name":"wp","href":"https:\/\/api.w.org\/{rel}","templated":true}]}}