{"id":902,"date":"2023-10-04T16:42:22","date_gmt":"2023-10-04T14:42:22","guid":{"rendered":"https:\/\/ownpowr.com\/product\/koyoe-20kw-three-phase-include-wire-wifi-smart-meter\/"},"modified":"2025-03-27T13:38:52","modified_gmt":"2025-03-27T11:38:52","slug":"koyoe-20kw-three-phase-include-wire-wifi-smart-meter","status":"publish","type":"product","link":"https:\/\/ownpowr.com\/et\/product\/koyoe-20kw-kolmefaasiline-sisaldama-juhtme-wifi-arukas-arvesti\/","title":{"rendered":"Koyoe 20kw kolmefaasiline inverter, sisaldab traat, wifi, nutikas arvesti"},"content":{"rendered":"<h1>Koyoe 20kw kolmefaasiline inverter, sisaldab traat, wifi, nutikas arvesti<\/h1>\n<p>Br\u00e4ndi: Koyoe<\/p>\n<p>Tootekood \/ SKU: KY-EST20KH<\/p>\n<p>&nbsp;<\/p>\n<h2>Kirjeldus<\/h2>\n<p><strong>Modulaarne disain<\/strong><\/p>\n<p>Modulaarne disain, Stacked paigaldus lihtne v\u00e4limus de m\u00e4rk, integratsioon modem kodu;<\/p>\n<p><strong>Smar Switch<\/strong><\/p>\n<p>V\u00f5rguv\u00e4line t\u00f6\u00f6, mis toetab avariitoite ja sujuvat \u00fcmberl\u00fclitamist;<\/p>\n<p><strong>Lai pinge sisendpiirkond<\/strong><\/p>\n<p>Ultra-laia PV-pinge vahemik 120V-500V, aku ja Ultra-laia pinge vahemik 85V-450V;<\/p>\n<p><strong>Ohutu ja usaldusv\u00e4\u00e4rne<\/strong><\/p>\n<p>Nutikas \u00f5hujahutus, madal temperatuurit\u00f5us. Pikk kasutusiga, mitu kaitsefunktsiooni;<\/p>\n<p><strong>Nutikas ja lihtne<\/strong><\/p>\n<p>GPRS\/WIFI\/RS485\/USBLCD disaini toetamine, mis toetab kaugseiret;<\/p>\n<p><strong>K\u00f5rge energiat\u00f5husus<\/strong><\/p>\n<p>V\u00e4iksem v\u00e4ljundv\u00f5imsuse v\u00e4henemine k\u00f5rgel temperatuuril,<br \/>\nkoos t\u00f5hususe parandamisega, maksimaalne PV-sisendv\u00f5imsus kuni<br \/>\n1,3X nimiv\u00f5imsus<\/p>\n<p>&nbsp;<\/p>\n<p>Allalaadimine<\/p>\n<p><a href=\"https:\/\/storeyourownpower.com\/wp-content\/uploads\/2023\/05\/Templates_cn_file_Ess-Warranty.pdf\">_Templates_cn_file_Ess garantii<\/a><\/p>\n<p><a href=\"https:\/\/storeyourownpower.com\/wp-content\/uploads\/2023\/05\/Templates_cn_file_energy_10kw.pdf\">_Templates_cn_file_energy_10kw<\/a><\/p>","protected":false},"excerpt":{"rendered":"<p>Koyoe 20kw kolmefaasiline inverter, sisaldab traat, wifi, nutikas arvesti Mark: Koyoe Tootekood \/ SKU: KY-EST20KH Kirjeldus Modulaarne disain Modulaarne disain, virnastatud paigaldus lihtne v\u00e4limus de m\u00e4rk, integratsioon [...]<\/p>","protected":false},"featured_media":903,"template":"","meta":{"_seopress_robots_primary_cat":"none","_seopress_titles_title":"Koyoe 20kw Inverter Three Phase - Wire, WiFi, Smart Meter","_seopress_titles_desc":"Introducing the Koyoe 20kw Inverter Three Phase with modular design for simple installation. Enjoy seamless switching and emergency power supply. Wide voltage input range ensures safe operation. Smart air cooling and multiple protection functions guarantee reliability. Remote monitoring and high power efficiency make this inverter a smart choice for your energy needs.","_seopress_robots_index":"","_kad_blocks_custom_css":"","_kad_blocks_head_custom_js":"","_kad_blocks_body_custom_js":"","_kad_blocks_footer_custom_js":""},"product_cat":[18],"product_tag":[],"class_list":{"0":"post-902","1":"product","2":"type-product","3":"status-publish","4":"has-post-thumbnail","6":"product_cat-hybrid-inverters","8":"first","9":"instock","10":"sale","11":"taxable","12":"shipping-taxable","13":"purchasable","14":"product-type-simple"},"taxonomy_info":{"product_cat":[{"value":18,"label":"Hybrid inverters"}]},"featured_image_src_large":["https:\/\/ownpowr.com\/wp-content\/uploads\/2023\/05\/Koyoe-10kW-3-Phase-Hybrid-Inverter1-1024x1024.png",1024,1024,true],"author_info":[],"comment_info":"","_links":{"self":[{"href":"https:\/\/ownpowr.com\/et\/wp-json\/wp\/v2\/product\/902","targetHints":{"allow":["GET"]}}],"collection":[{"href":"https:\/\/ownpowr.com\/et\/wp-json\/wp\/v2\/product"}],"about":[{"href":"https:\/\/ownpowr.com\/et\/wp-json\/wp\/v2\/types\/product"}],"wp:featuredmedia":[{"embeddable":true,"href":"https:\/\/ownpowr.com\/et\/wp-json\/wp\/v2\/media\/903"}],"wp:attachment":[{"href":"https:\/\/ownpowr.com\/et\/wp-json\/wp\/v2\/media?parent=902"}],"wp:term":[{"taxonomy":"product_cat","embeddable":true,"href":"https:\/\/ownpowr.com\/et\/wp-json\/wp\/v2\/product_cat?post=902"},{"taxonomy":"product_tag","embeddable":true,"href":"https:\/\/ownpowr.com\/et\/wp-json\/wp\/v2\/product_tag?post=902"}],"curies":[{"name":"wp","href":"https:\/\/api.w.org\/{rel}","templated":true}]}}