{"id":932,"date":"2023-10-04T16:37:39","date_gmt":"2023-10-04T14:37:39","guid":{"rendered":"https:\/\/ownpowr.com\/product\/enphase-encharge-3t-battery-only-15-year-warantee\/"},"modified":"2025-04-02T14:31:50","modified_gmt":"2025-04-02T12:31:50","slug":"enphase-encharge-3t-battery","status":"publish","type":"product","link":"https:\/\/ownpowr.com\/et\/product\/enphase-encharge-3t-aku\/","title":{"rendered":"Enphase Encharge 3T aku"},"content":{"rendered":"<p>Enphase Encharge 3T 15-aastase garantiiga<\/p>\n<p>Pange t\u00e4hele: Paigaldaja sertifikaat on n\u00f5utav! K\u00fclastage Enphase University'd, et oma sertifitseerimine l\u00f5pule viia.<\/p>\n<p>Enphase IQ Battery 3T\/10T Enphase IQ 3T ja 10T eelised:<\/p>\n<ul>\n<li>T\u00e4ielikult integreeritud vahelduvvoolu akus\u00fcsteem, milles on integreeritud IQ 8X-BAT mikroinverterid<\/li>\n<li>Lihtne \u00fchendus tavalise kodumajapidamise vahelduvvooluv\u00f5rguga<\/li>\n<li>Kohandub t\u00e4pselt kasutaja konkreetsetele tingimustele.<\/li>\n<li>Kasutajas\u00f5bralik juhtimine ja j\u00e4relevalve mobiilirakenduse kaudu<\/li>\n<li>Passiivne jahutuss\u00fcsteem (puuduvad liikuvad osad v\u00f5i ventilaatorid)<\/li>\n<li>Erakordne vastupidavus 10-aastase garantiiga<\/li>\n<li>Paigaldaja sertifitseerimine on akude paigaldamiseks kohustuslik. Sertifitseerimise \u00fcksikasjade saamiseks p\u00f6\u00f6rduge oma Enphase'i kliendihalduri poole.<\/li>\n<li>Veenduge, et teil on Art. 270072 - Enphase - IQ Gateway-S m\u00f5\u00f5teriistaga seade.<\/li>\n<li>Enphase IQ 3T pakub kokku 3,5 kWh salvestusmahtu, millel on neli integreeritud mikroinverterit kombineeritud v\u00f5imsusega 1,28 kW.<\/li>\n<li>Paigaldajad saavad s\u00fcsteemi suurust h\u00f5lpsasti kohandada nii uute klientide kui ka olemasolevate p\u00e4ikesepaneelidega klientide vajadustele.<\/li>\n<\/ul>\n<p>Encharge 3T aku salvestuss\u00fcsteem koos integreeritud Enphase IQ seeria mikroinverterite ja akuhaldus\u00fcksusega (BMU).<\/p>\n<p>See komplekt sisaldab:<\/p>\n<ul>\n<li>1x Encharge 3T baas\u00fcksus (ENP-B03-T01-INT00-1-2)<\/li>\n<\/ul>\n<p>Nautige meelerahu, mis kaasneb Enphase Encharge 3T-ga, mida toetab 15-aastane garantii. Palun v\u00f5tke arvesse paigaldaja sertifitseerimisn\u00f5uet n\u00f5uetekohaseks paigaldamiseks ja konfigureerimiseks.<\/p>\n<p><strong>Lisateave:<\/strong><\/p>\n<ul>\n<li><a href=\"https:\/\/storeyourownpower.com\/wp-content\/uploads\/2022\/12\/Datenblatt-German-Encharge-3T.pdf\" target=\"_blank\" rel=\"noopener\">Datenblatt German Encharge 3T<\/a><\/li>\n<li><a href=\"https:\/\/storeyourownpower.com\/wp-content\/uploads\/2022\/12\/Datasheet-English-Encharge-3T.pdf\" target=\"_blank\" rel=\"noopener\">Andmebaas inglise keeles Encharge 3T<\/a><\/li>\n<li><a href=\"https:\/\/storeyourownpower.com\/wp-content\/uploads\/2022\/12\/Warranty-terms-English-Encharge-3T.pdf\" target=\"_blank\" rel=\"noopener\">Garantiitingimused inglise keeles Encharge 3T<\/a><\/li>\n<li><a href=\"https:\/\/storeyourownpower.com\/wp-content\/uploads\/2022\/12\/Warranty-terms-German-Encharge-3T.pdf\" target=\"_blank\" rel=\"noopener\">Garantiitingimused Saksa Encharge 3T<\/a><\/li>\n<li><a href=\"https:\/\/storeyourownpower.com\/wp-content\/uploads\/2022\/12\/Mounting-instructions-English-Encharge-3T.pdf\" target=\"_blank\" rel=\"noopener\">Paigaldusjuhised inglise keeles Encharge 3T<\/a><\/li>\n<\/ul>","protected":false},"excerpt":{"rendered":"<p>15 aasta garantii selles hinnas !<\/p>","protected":false},"featured_media":39969,"template":"","meta":{"_seopress_robots_primary_cat":"none","_seopress_titles_title":"Enphase Encharge 3T: 15-Year Warranty, Installer Certification Required","_seopress_titles_desc":"Discover the advantages of Enphase IQ Battery 3T\/10T, a fully integrated AC battery system that optimally adjusts to your needs. Get certified at Enphase University.","_seopress_robots_index":"","_kad_blocks_custom_css":"","_kad_blocks_head_custom_js":"","_kad_blocks_body_custom_js":"","_kad_blocks_footer_custom_js":""},"product_cat":[17],"product_tag":[],"class_list":{"0":"post-932","1":"product","2":"type-product","3":"status-publish","4":"has-post-thumbnail","6":"product_cat-home-batteries","8":"first","9":"outofstock","10":"sale","11":"taxable","12":"shipping-taxable","13":"purchasable","14":"product-type-simple"},"taxonomy_info":{"product_cat":[{"value":17,"label":"Home batteries"}]},"featured_image_src_large":["https:\/\/ownpowr.com\/wp-content\/uploads\/2023\/10\/enphase-iq-batterij-3t-achterkant-900x900-2.jpeg",658,658,false],"author_info":[],"comment_info":"","_links":{"self":[{"href":"https:\/\/ownpowr.com\/et\/wp-json\/wp\/v2\/product\/932","targetHints":{"allow":["GET"]}}],"collection":[{"href":"https:\/\/ownpowr.com\/et\/wp-json\/wp\/v2\/product"}],"about":[{"href":"https:\/\/ownpowr.com\/et\/wp-json\/wp\/v2\/types\/product"}],"wp:featuredmedia":[{"embeddable":true,"href":"https:\/\/ownpowr.com\/et\/wp-json\/wp\/v2\/media\/39969"}],"wp:attachment":[{"href":"https:\/\/ownpowr.com\/et\/wp-json\/wp\/v2\/media?parent=932"}],"wp:term":[{"taxonomy":"product_cat","embeddable":true,"href":"https:\/\/ownpowr.com\/et\/wp-json\/wp\/v2\/product_cat?post=932"},{"taxonomy":"product_tag","embeddable":true,"href":"https:\/\/ownpowr.com\/et\/wp-json\/wp\/v2\/product_tag?post=932"}],"curies":[{"name":"wp","href":"https:\/\/api.w.org\/{rel}","templated":true}]}}