{"id":1761,"date":"2023-08-31T23:36:30","date_gmt":"2023-08-31T21:36:30","guid":{"rendered":"https:\/\/ownpowr.com\/?page_id=1761"},"modified":"2023-09-11T14:41:36","modified_gmt":"2023-09-11T12:41:36","slug":"privacy-policy","status":"publish","type":"page","link":"https:\/\/ownpowr.com\/fi\/yksityisyyden-suojaa-koskeva-politiikka\/","title":{"rendered":"Tietosuojak\u00e4yt\u00e4nt\u00f6"},"content":{"rendered":"<p>Ownpowr:ss\u00e4, johon p\u00e4\u00e4see osoitteesta https:\/\/ownpowr.com, yksi t\u00e4rkeimmist\u00e4 prioriteeteistamme on k\u00e4vij\u00f6idemme yksityisyys. T\u00e4m\u00e4 tietosuojak\u00e4yt\u00e4nt\u00f6 sis\u00e4lt\u00e4\u00e4 Ownpowr:n ker\u00e4\u00e4m\u00e4t ja tallentamat tiedot ja sen, miten k\u00e4yt\u00e4mme niit\u00e4.<\/p><p>Jos sinulla on lis\u00e4kysymyksi\u00e4 tai tarvitset lis\u00e4tietoja tietosuojak\u00e4yt\u00e4nn\u00f6st\u00e4mme, ota meihin yhteytt\u00e4. Tietosuojak\u00e4yt\u00e4nt\u00f6mme on laadittu seuraavien tahojen avulla <a href=\"https:\/\/www.gdprprivacynotice.com\/\">GDPR Privacy Policy Generator<\/a><\/p><h3 class=\"wp-block-heading\">Yleinen tietosuoja-asetus (GDPR)<\/h3><p>Olemme tietojesi rekisterinpit\u00e4j\u00e4.<\/p><p>Blauhoffin oikeusperusta t\u00e4ss\u00e4 tietosuojak\u00e4yt\u00e4nn\u00f6ss\u00e4 kuvattujen henkil\u00f6tietojen ker\u00e4\u00e4miselle ja k\u00e4yt\u00f6lle riippuu ker\u00e4\u00e4mist\u00e4mme henkil\u00f6tiedoista ja siit\u00e4, miss\u00e4 yhteydess\u00e4 ker\u00e4\u00e4mme tietoja:<\/p><ul class=\"wp-block-list\"><li>Blauhoffin on teht\u00e4v\u00e4 sopimus kanssasi.<\/li>\n\n<li>Olet antanut Blauhoffille luvan tehd\u00e4 niin.<\/li>\n\n<li>Henkil\u00f6tietojesi k\u00e4sittely on Blauhoffin oikeutettujen etujen mukaista.<\/li>\n\n<li>Blauhoffin on noudatettava lakia<\/li><\/ul><p>Blauhoff s\u00e4ilytt\u00e4\u00e4 henkil\u00f6tietojasi vain niin kauan kuin se on tarpeen t\u00e4ss\u00e4 tietosuojak\u00e4yt\u00e4nn\u00f6ss\u00e4 esitettyjen tarkoitusten toteuttamiseksi. S\u00e4ilyt\u00e4mme ja k\u00e4yt\u00e4mme tietojasi siin\u00e4 m\u00e4\u00e4rin kuin on tarpeen lakis\u00e4\u00e4teisten velvoitteidemme noudattamiseksi, riitojen ratkaisemiseksi ja k\u00e4yt\u00e4nt\u00f6jemme noudattamisen valvomiseksi.<\/p><p>Jos asut Euroopan talousalueella (ETA), sinulla on tietyt tietosuojaoikeudet. Jos haluat tiet\u00e4\u00e4, mit\u00e4 henkil\u00f6tietoja meill\u00e4 on sinusta ja jos haluat, ett\u00e4 ne poistetaan j\u00e4rjestelmist\u00e4mme, ota meihin yhteytt\u00e4.<\/p><p>Tietyiss\u00e4 olosuhteissa sinulla on seuraavat tietosuojaoikeudet:<\/p><ul class=\"wp-block-list\"><li>Oikeus tutustua sinusta hallussamme oleviin tietoihin, p\u00e4ivitt\u00e4\u00e4 niit\u00e4 tai poistaa ne.<\/li>\n\n<li>Oikaisuoikeus.<\/li>\n\n<li>Oikeus vastustaa.<\/li>\n\n<li>Oikeus rajoituksiin.<\/li>\n\n<li>Oikeus tietojen siirrett\u00e4vyyteen<\/li>\n\n<li>Oikeus peruuttaa suostumus<\/li><\/ul><h3 class=\"wp-block-heading\">Lokitiedostot<\/h3><p>Ownpowr k\u00e4ytt\u00e4\u00e4 lokitiedostoja tavanomaisesti. N\u00e4m\u00e4 tiedostot kirjaavat k\u00e4vij\u00e4t, kun he vierailevat verkkosivustoilla. Kaikki hosting-yritykset tekev\u00e4t n\u00e4in, ja se on osa hosting-palveluiden analytiikkaa. Lokitiedostojen ker\u00e4\u00e4miin tietoihin kuuluvat IP-osoitteet, selaimen tyyppi, Internet-palveluntarjoaja, p\u00e4iv\u00e4m\u00e4\u00e4r\u00e4- ja aikaleima, viittaavat ja poistuvat sivut sek\u00e4 mahdollisesti klikkausten m\u00e4\u00e4r\u00e4. N\u00e4it\u00e4 tietoja ei yhdistet\u00e4 mihink\u00e4\u00e4n henkil\u00f6kohtaisesti tunnistettaviin tietoihin. Tietojen tarkoituksena on analysoida suuntauksia, hallinnoida sivustoa, seurata k\u00e4ytt\u00e4jien liikkumista sivustolla ja ker\u00e4t\u00e4 demografisia tietoja.<\/p><h3 class=\"wp-block-heading\">Ev\u00e4steet ja verkkomajakat<\/h3><p>Kuten mik\u00e4 tahansa muu verkkosivusto, Ownpowr k\u00e4ytt\u00e4\u00e4 ev\u00e4steit\u00e4. N\u00e4it\u00e4 ev\u00e4steit\u00e4 k\u00e4ytet\u00e4\u00e4n tallentamaan tietoja, mukaan lukien k\u00e4vij\u00f6iden mieltymykset ja verkkosivut, joita k\u00e4vij\u00e4 on k\u00e4ytt\u00e4nyt tai joilla h\u00e4n on vieraillut. Tietoja k\u00e4ytet\u00e4\u00e4n k\u00e4ytt\u00e4jien kokemuksen optimoimiseksi mukauttamalla verkkosivujen sis\u00e4lt\u00f6\u00e4 k\u00e4vij\u00f6iden selaintyypin ja\/tai muiden tietojen perusteella.<\/p><h3 class=\"wp-block-heading\">Tietosuojaselosteet<\/h3><p>Voit tutustua t\u00e4h\u00e4n luetteloon l\u00f6yt\u00e4\u00e4ksesi kunkin Ownpowr:n mainoskumppanin tietosuojak\u00e4yt\u00e4nn\u00f6n.<\/p><p>Kolmannen osapuolen mainospalvelimet tai mainosverkostot k\u00e4ytt\u00e4v\u00e4t tekniikoita, kuten ev\u00e4steit\u00e4, JavaScripti\u00e4 tai web-majakoita, joita k\u00e4ytet\u00e4\u00e4n Ownpowr:ss\u00e4 n\u00e4kyviss\u00e4 mainoksissa ja linkeiss\u00e4, jotka l\u00e4hetet\u00e4\u00e4n suoraan k\u00e4ytt\u00e4jien selaimelle. Ne saavat automaattisesti IP-osoitteesi, kun t\u00e4m\u00e4 tapahtuu. N\u00e4it\u00e4 tekniikoita k\u00e4ytet\u00e4\u00e4n niiden mainoskampanjoiden tehokkuuden mittaamiseen ja\/tai niiden mainossis\u00e4ll\u00f6n personointiin, jota n\u00e4et verkkosivustoilla, joilla vierailet.<\/p><p>Huomaa, ett\u00e4 Ownpowr:ll\u00e4 ei ole p\u00e4\u00e4sy\u00e4 n\u00e4ihin kolmannen osapuolen mainostajien k\u00e4ytt\u00e4miin ev\u00e4steisiin eik\u00e4 se voi valvoa niit\u00e4.<\/p><h3 class=\"wp-block-heading\">Kolmansien osapuolten tietosuojak\u00e4yt\u00e4nn\u00f6t<\/h3><p>Ownpowr:n tietosuojak\u00e4yt\u00e4nt\u00f6 ei koske muita mainostajia tai verkkosivustoja. N\u00e4in ollen kehotamme sinua tutustumaan n\u00e4iden kolmansien osapuolten mainospalvelimien tietosuojak\u00e4yt\u00e4nt\u00f6ihin tarkempia tietoja varten. Se voi sis\u00e4lt\u00e4\u00e4 niiden k\u00e4yt\u00e4nn\u00f6t ja ohjeet siit\u00e4, miten tietyist\u00e4 vaihtoehdoista voi kielt\u00e4yty\u00e4.<\/p><p>Voit poistaa ev\u00e4steet k\u00e4yt\u00f6st\u00e4 selaimesi asetuksista. Tarkempia tietoja ev\u00e4steiden hallinnasta tietyill\u00e4 selaimilla saat selainten omilta verkkosivuilta.<\/p><h3 class=\"wp-block-heading\">Lasten tiedot<\/h3><p>Toinen painopistealueemme on lasten suojelun lis\u00e4\u00e4minen interneti\u00e4 k\u00e4ytett\u00e4ess\u00e4. Kannustamme vanhempia ja huoltajia tarkkailemaan, osallistumaan ja\/tai valvomaan ja ohjaamaan lasten verkkotoimintaa.<\/p><p>Ownpowr ei tietoisesti ker\u00e4\u00e4 henkil\u00f6kohtaisia tietoja alle 13-vuotiailta lapsilta. Jos uskot, ett\u00e4 lapsesi on antanut t\u00e4llaisia tietoja verkkosivustollamme, kehotamme sinua ottamaan v\u00e4litt\u00f6m\u00e4sti yhteytt\u00e4 meihin, jotta voimme parhaan kykymme mukaan poistaa t\u00e4llaiset tiedot rekisterist\u00e4mme.<\/p><h3 class=\"wp-block-heading\">Ainoastaan verkkotietosuojak\u00e4yt\u00e4nt\u00f6<\/h3><p>Tietosuojak\u00e4yt\u00e4nt\u00f6mme koskee vain verkkotoimintaamme, ja se koskee verkkosivustomme k\u00e4vij\u00f6it\u00e4 niiden tietojen osalta, jotka he jakavat ja\/tai ker\u00e4\u00e4v\u00e4t Ownpowr:ss\u00e4. T\u00e4t\u00e4 k\u00e4yt\u00e4nt\u00f6\u00e4 ei sovelleta offline-tilassa tai muiden kanavien kuin t\u00e4m\u00e4n verkkosivuston kautta ker\u00e4ttyihin tietoihin.<\/p><h3 class=\"wp-block-heading\">Suostumus<\/h3><p>K\u00e4ytt\u00e4m\u00e4ll\u00e4 verkkosivustoamme hyv\u00e4ksyt t\u00e4ten tietosuojak\u00e4yt\u00e4nt\u00f6mme ja hyv\u00e4ksyt sen ehdot.<\/p>","protected":false},"excerpt":{"rendered":"<p>Ownpowr:ss\u00e4, joka l\u00f6ytyy osoitteesta https:\/\/ownpowr.com, yksi t\u00e4rkeimmist\u00e4 tavoitteistamme on k\u00e4vij\u00f6idemme yksityisyys. T\u00e4m\u00e4 tietosuojak\u00e4yt\u00e4nt\u00f6asiakirja sis\u00e4lt\u00e4\u00e4 tietoja, joita [...]<\/p>","protected":false},"author":1,"featured_media":0,"parent":0,"menu_order":0,"comment_status":"closed","ping_status":"closed","template":"","meta":{"_seopress_robots_primary_cat":"","_seopress_titles_title":"","_seopress_titles_desc":"","_seopress_robots_index":"","_kad_blocks_custom_css":"","_kad_blocks_head_custom_js":"","_kad_blocks_body_custom_js":"","_kad_blocks_footer_custom_js":"","footnotes":""},"class_list":["post-1761","page","type-page","status-publish"],"taxonomy_info":[],"featured_image_src_large":false,"author_info":{"display_name":"job-39sj@s9jal019","author_link":"https:\/\/ownpowr.com\/fi\/author\/job-39sjs9jal019\/"},"comment_info":0,"_links":{"self":[{"href":"https:\/\/ownpowr.com\/fi\/wp-json\/wp\/v2\/pages\/1761","targetHints":{"allow":["GET"]}}],"collection":[{"href":"https:\/\/ownpowr.com\/fi\/wp-json\/wp\/v2\/pages"}],"about":[{"href":"https:\/\/ownpowr.com\/fi\/wp-json\/wp\/v2\/types\/page"}],"author":[{"embeddable":true,"href":"https:\/\/ownpowr.com\/fi\/wp-json\/wp\/v2\/users\/1"}],"replies":[{"embeddable":true,"href":"https:\/\/ownpowr.com\/fi\/wp-json\/wp\/v2\/comments?post=1761"}],"version-history":[{"count":0,"href":"https:\/\/ownpowr.com\/fi\/wp-json\/wp\/v2\/pages\/1761\/revisions"}],"wp:attachment":[{"href":"https:\/\/ownpowr.com\/fi\/wp-json\/wp\/v2\/media?parent=1761"}],"curies":[{"name":"wp","href":"https:\/\/api.w.org\/{rel}","templated":true}]}}