{"id":1763,"date":"2023-08-31T23:36:56","date_gmt":"2023-08-31T21:36:56","guid":{"rendered":"https:\/\/ownpowr.com\/?page_id=1763"},"modified":"2023-09-11T16:06:47","modified_gmt":"2023-09-11T14:06:47","slug":"terms-and-conditions","status":"publish","type":"page","link":"https:\/\/ownpowr.com\/fi\/ehdot-ja-edellytykset\/","title":{"rendered":"Ehdot ja edellytykset"},"content":{"rendered":"<p><strong>Portaalit: www.ownpowr.com<\/strong><\/p><h3 class=\"wp-block-heading\"><strong>1 artikla. Sovellettavuus<\/strong><\/h3><p>1.1 N\u00e4it\u00e4 yleisi\u00e4 sopimusehtoja sovelletaan kaikkiin Blauhoffin, joka toimii kauppanimell\u00e4 \"Blauhoff\", tarjouksiin ja kaikkiin Blauhoffin kanssa tehtyihin sopimuksiin.<\/p><p>1.2 N\u00e4iden yleisten sopimusehtojen m\u00e4\u00e4r\u00e4yksist\u00e4 voidaan poiketa vain, jos siit\u00e4 on nimenomaisesti sovittu kirjallisesti, jolloin n\u00e4iden ehtojen muut m\u00e4\u00e4r\u00e4ykset pysyv\u00e4t t\u00e4ysin voimassa.<\/p><p>1.3 Jos ostaja viittaa my\u00f6s yleisiin sopimusehtoihinsa, n\u00e4it\u00e4 ehtoja ei sovelleta, ellei Blauhoff ole nimenomaisesti kirjallisesti hyv\u00e4ksynyt niit\u00e4.<\/p><p>1.4 \"Ostaja\" tarkoittaa kaikkia Internet-sivustojen k\u00e4vij\u00f6it\u00e4 tai kaikkia luonnollisia henkil\u00f6it\u00e4 tai oikeushenkil\u00f6it\u00e4, jotka ovat tai tulevat olemaan mink\u00e4\u00e4nlaisessa sopimussuhteessa Blauhoffin kanssa.<\/p><p>1.5 Blauhoffilla on oikeus k\u00e4ytt\u00e4\u00e4 kolmansia osapuolia ostajaan kohdistuvan sopimuksen toteuttamisessa. 1.6 Blauhoff pid\u00e4tt\u00e4\u00e4 oikeuden muuttaa tai t\u00e4ydent\u00e4\u00e4 n\u00e4it\u00e4 ehtoja ajoittain. <\/p><h3 class=\"wp-block-heading\"><strong>2 artikla. Tarjoukset ja sopimusten tekeminen<\/strong><\/h3><p>2.1 Tarjouksia tai hintatarjouksia on pidett\u00e4v\u00e4 mahdollisille ostajille osoitettuna kehotuksena tehd\u00e4 tarjous. Blauhoff ei ole mill\u00e4\u00e4n tavoin sidottu t\u00e4h\u00e4n, ellei sit\u00e4 ole kirjallisesti ja yksiselitteisesti kirjattu. Mahdollisen ostajan hyv\u00e4ksynt\u00e4 tarjouspyynt\u00f6\u00f6n on tarjous ja johtaa sopimuksen syntymiseen vain, jos t\u00e4m\u00e4n artiklan muut m\u00e4\u00e4r\u00e4ykset on t\u00e4ytetty.<\/p><p>2.2 Tarjoukset ovat voimassa niin kauan kuin tavaraa riitt\u00e4\u00e4.<\/p><p>2.3 Rekister\u00f6ity tarjous on voimassa kaksi (2) viikkoa, ellei tarjouksessa ole mainittu muuta ajanjaksoa.<\/p><p>2.4 Mahdollisen ostajan tekem\u00e4, 2.1 artiklassa mainittu tarjous katsotaan tehdyksi, jos jokin seuraavista tilanteista toteutuu:<\/p><p>- potentiaalinen ostaja on m\u00e4\u00e4ritellyt tarkalleen, mink\u00e4 tuotteen ja\/tai palvelun h\u00e4n haluaa saada;<\/p><p>- Ostaja on allekirjoittanut tarjouksen ja Blauhoff on vastaanottanut sen, jos Blauhoff on antanut nimetyn tarjouksen;<\/p><p>- Mahdollinen ostaja on sy\u00f6tt\u00e4nyt tietonsa Internet-sivuston asianmukaiselle sy\u00f6tt\u00f6ruudulle ja l\u00e4hett\u00e4nyt kyseiset tiedot (\"tilauslomake\") Blauhoffille s\u00e4hk\u00f6isesti, ja Blauhoff on vastaanottanut n\u00e4m\u00e4 tiedot.<\/p><p>2.5 Sopimus syntyy sill\u00e4 hetkell\u00e4, kun tilausvahvistus luovutetaan Ostajalle tai, jos tarjous tehd\u00e4\u00e4n Internet-sivuston kautta, se l\u00e4hetet\u00e4\u00e4n s\u00e4hk\u00f6postitse Ostajan ilmoittamaan s\u00e4hk\u00f6postiosoitteeseen. Blauhoff voi peruuttaa sopimuksen, jos ostaja ei t\u00e4yt\u00e4 tai ei ole aiemmin t\u00e4ytt\u00e4nyt ehtoja. T\u00e4ll\u00f6in Blauhoff ilmoittaa asiasta ostajalle kymmenen (10) p\u00e4iv\u00e4n kuluessa tilauksen vastaanottamisesta.<\/p><p>2.6 Ostaja ja Blauhoff sopivat nimenomaisesti, ett\u00e4 s\u00e4hk\u00f6isi\u00e4 viestint\u00e4muotoja k\u00e4ytt\u00e4m\u00e4ll\u00e4 p\u00e4tev\u00e4 sopimus syntyy heti, kun 2.4 ja 2.5 artiklan ehdot t\u00e4yttyv\u00e4t. Erityisesti edes tavallisen allekirjoituksen puuttuminen ei vaikuta tarjouksen ja sen hyv\u00e4ksymisen sitovuuteen. Blauhoffin s\u00e4hk\u00f6iset tiedostot toimivat t\u00e4ss\u00e4 yhteydess\u00e4 lain sallimissa rajoissa todistusolettamuksena.<\/p><p>2.7 Kaikkia tarjouksia ja tuotteiden t\u00e4rkeimpi\u00e4 ominaisuuksia koskevat tiedot, kuvat, suullisesti, puhelimitse tai s\u00e4hk\u00f6postitse annetut ilmoitukset, lausunnot jne. annetaan tai tehd\u00e4\u00e4n mahdollisimman tarkasti. Blauhoff ei kuitenkaan takaa, ett\u00e4 kaikki tarjoukset ja tuotteet vastaavat t\u00e4ysin annettuja tietoja ja niin edelleen. Poikkeamat eiv\u00e4t periaatteessa voi olla perusteena vahingonkorvaukselle ja\/tai purkamiselle.<\/p><h3 class=\"wp-block-heading\"><strong>3 artikla. Hinnat<\/strong><\/h3><p>3.1 Kaikki hinnat ilmaistaan euroina, ellei toisin ole sovittu, asiaa koskevien s\u00e4\u00e4d\u00f6sten mukaisesti.<\/p><p>3.2 Erikoistarjoukset ovat voimassa vain niin kauan kuin tavaraa riitt\u00e4\u00e4.<\/p><p>3.3 Ostaja on velkaa Blauhoffin vahvistuksessaan ilmoittaman hinnan n\u00e4iden ehtojen 2.5 artiklan mukaisesti. Hintanoteerauksessa olevat ilmeiset (manipulointi)virheet, kuten ilmeiset ep\u00e4tarkkuudet, voidaan korjata my\u00f6s sen j\u00e4lkeen, kun Blauhoff on tehnyt sopimuksen.<\/p><p>3.4 Toimituskulut eiv\u00e4t sis\u00e4lly hintaan. Alankomaiden ulkopuolelle toimitettaessa sovelletaan erityishintoja. Tiettyjen maksutapojen osalta sovelletaan toimitusmenetelm\u00e4\u00e4 ja siihen liittyvi\u00e4 kustannuksia koskevia lis\u00e4ehtoja. T\u00e4st\u00e4 ilmoitetaan ostajalle selke\u00e4sti.<\/p><p>3.5 Jos tarjousp\u00e4iv\u00e4n j\u00e4lkeen yksi tai useampi omakustannushintatekij\u00e4 nousee, vaikka t\u00e4m\u00e4 tapahtuisi ennakoitavissa olevien olosuhteiden seurauksena, Blauhoffilla on oikeus korottaa sovittua hintaa vastaavasti. Jos hinnankorotus tapahtuu kolmen kuukauden kuluessa tarjouksen tekemisest\u00e4, on<\/p><p>kuluttaja voi purkaa sopimuksen 10 p\u00e4iv\u00e4n kuluessa, paitsi jos hinnankorotus johtuu tavarantoimittajan laissa s\u00e4\u00e4detyst\u00e4 valtuudesta tai velvoitteesta tai jos on sovittu, ett\u00e4 toimitus tapahtuu yli kolmen kuukauden kuluttua ostosta.<\/p><h3 class=\"wp-block-heading\"><strong>4 artikla. Maksu<\/strong><\/h3><p>4.1 Tilaukset voidaan maksaa seuraavilla tavoilla:<\/p><p>-ennakkomaksu tilisiirrolla tai pankkisiirrolla ja ihanteellinen, tilatut tavarat l\u00e4hetet\u00e4\u00e4n maksun vastaanottamisen j\u00e4lkeen;<\/p><p>- Tilausta noudettaessa maksu voidaan suorittaa pin- tai k\u00e4teisell\u00e4 ;<\/p><p>- Blauhoff saattaa laajentaa maksuvaihtoehtoja tulevaisuudessa. Muista maksuvaihtoehdoista tiedotetaan Internet-sivuston kautta.<\/p><p>4.2 Jos Blauhoff on sopinut maksuehdosta, ostaja on jo pelk\u00e4st\u00e4\u00e4n maksuehdon umpeutuessa laiminly\u00f6nyt maksunsa. Maksuehdoista voidaan sopia vain kirjallisesti, tuolloin vahvistettavin ja sovittavin ehdoin.<\/p><p>4.3 Jos ostaja ei maksa tai maksaa my\u00f6h\u00e4ss\u00e4, maksamattomalle m\u00e4\u00e4r\u00e4lle on maksettava lakis\u00e4\u00e4teist\u00e4 korkoa viimeist\u00e4\u00e4n siit\u00e4 p\u00e4iv\u00e4st\u00e4, jona maksu olisi pit\u00e4nyt suorittaa, siihen p\u00e4iv\u00e4\u00e4n saakka, jona maksu on suoritettu kokonaisuudessaan, jolloin alkanut kuukausi lasketaan kokonaiseksi kuukaudeksi.<\/p><p>4.4 Ostaja vastaa my\u00f6s kaikista oikeudenk\u00e4ynnin ulkopuolisista ja oikeudellisista perint\u00e4kuluista, joita Blauhoffille aiheutuu siit\u00e4, ett\u00e4 ostaja ei ole noudattanut (maksu)velvoitteitaan. Ostajan maksettavaksi j\u00e4\u00e4v\u00e4t tuomioistuinten ulkopuoliset perint\u00e4kulut ovat v\u00e4hint\u00e4\u00e4n 15% er\u00e4\u00e4ntyneest\u00e4 m\u00e4\u00e4r\u00e4st\u00e4, mutta eiv\u00e4t miss\u00e4\u00e4n tapauksessa yli sallittujen perint\u00e4kulujen enimm\u00e4ism\u00e4\u00e4r\u00e4n. Tuotteiden ja\/tai palvelujen toimitus voidaan keskeytt\u00e4\u00e4, kunnes laskun hinta on maksettu.<\/p><p>4.5 Jos maksu ei ole suoritettu ajallaan, Blauhoffilla on oikeus purkaa sopimus v\u00e4litt\u00f6m\u00e4sti tai keskeytt\u00e4\u00e4 (jatko-)toimitukset, kunnes ostaja on t\u00e4ytt\u00e4nyt maksuvelvoitteensa t\u00e4ysim\u00e4\u00e4r\u00e4isesti, mukaan lukien er\u00e4\u00e4ntyneet korot ja kulut.<\/p><p>4.6 Jos Ostaja laiminly\u00f6 maksuvelvoitteensa tai jos h\u00e4nell\u00e4 on maksuvaikeuksia, Blauhoffilla on oikeus ilman ennakkokehotusta ja\/tai maksuh\u00e4iri\u00f6merkint\u00e4\u00e4. Perua ja purkaa sopimus. Ostaja antaa Blauhoffille luvan noutaa tuotteet, tarvittaessa poistaa ja noutaa ne, ja ostajan on annettava Blauhoffille kaikki mahdollisuudet tehd\u00e4 niin. T\u00e4m\u00e4 suostumus kattaa my\u00f6s tilanteen, jossa liittyminen tai muu vastaava olisi tapahtunut. Tuotteiden h\u00e4vitt\u00e4minen tapahtuu ostajan kustannuksella. Jos tuotteet h\u00e4vitet\u00e4\u00e4n, Blauhoff ei ole velvollinen maksamaan ostajalle tuotteista. Tuotteeseen asennetut putket, liitososat jne. ja\/tai tehdyt rakennusj\u00e4rjestelyt voidaan kumota.<\/p><h3 class=\"wp-block-heading\"><strong>5 artikla. Toimitus ja toimitusaika<\/strong><\/h3><p>5.1 Tilaukset toimitetaan mahdollisimman pian. Blauhoff pyrkii periaatteessa toimittamaan tilaukset viiden ty\u00f6p\u00e4iv\u00e4n kuluessa. Viimeisin toimitusaika on 60 p\u00e4iv\u00e4\u00e4 tilauksen vastaanottamisesta, lukuun ottamatta ennakkomaksuja, joiden osalta viimeisin toimitusaika on 40 p\u00e4iv\u00e4\u00e4 maksun vastaanottamisesta. Mainittu toimitusaika on vain ohjeellinen eik\u00e4 se ole koskaan m\u00e4\u00e4r\u00e4aika. Joidenkin tuotteiden, erityisesti aurinkopaneelij\u00e4rjestelmien, toimitusajat ja markkinahinnat vaihtelevat kuitenkin suuresti senhetkisen maailmanlaajuisen kysynn\u00e4n ja tarjonnan mukaan. Blauhoff ilmoittaa muuttuneista toimitusajoista mahdollisimman pian. Blauhoff voi antaa lis\u00e4tietoja toimitusajoista Internet-sivustolla tai muuten kirjallisesti. T\u00e4llaiset tiedot ovat ainoastaan suuntaa-antavia.<\/p><p>5.2 Jos ostaja tilaa tuotteen, joka on tilap\u00e4isesti loppu varastosta, h\u00e4nelle ilmoitetaan, milloin tuote on j\u00e4lleen saatavilla. Blauhoff pyrkii ilmoittamaan ostajalle viiv\u00e4styksist\u00e4 kolmen arkip\u00e4iv\u00e4n kuluessa s\u00e4hk\u00f6postitse tai puhelimitse.<\/p><p>5.3 Toimitetut tilaukset toimitetaan ostajan sopimuksen syntymisen yhteydess\u00e4 ilmoittamaan osoitteeseen.<\/p><p>5.4 Kun toimitettavat tuotteet on toimitettu m\u00e4\u00e4ritettyyn toimitusosoitteeseen, vaaranvastuu n\u00e4iden tuotteiden osalta siirtyy ostajalle. Kun kyseess\u00e4 ovat toimitukset, jotka ostaja noutaa, vaaranvastuu siirtyy ostajalle tuotteiden siirtohetkell\u00e4, mutta joka tapauksessa ennen lastausta.<\/p><p>5.5 Toimitukset voidaan k\u00e4yt\u00e4nn\u00f6n syist\u00e4 tehd\u00e4 osissa. 5.6 Ulkomaille suuntautuviin toimituksiin voidaan soveltaa erilaisia ehtoja. <\/p><h3 class=\"wp-block-heading\"><strong>6 artikla. Vaihdot<\/strong><\/h3><p>6.1 Ostaja on velvollinen tarkastamaan tuotteet huolellisesti (tai tarkastuttamaan ne) v\u00e4litt\u00f6m\u00e4sti niiden vastaanottamisen j\u00e4lkeen ja ilmoittamaan mahdollisista vioista tai vaurioista v\u00e4litt\u00f6m\u00e4sti. Kuljetusvaurioista on ilmoitettava v\u00e4litt\u00f6m\u00e4sti my\u00f6s asianomaiselle rahdinkuljettajalle. Ohjelmistot tai vastaavat tuotteet voidaan vaihtaa ainoastaan 3 p\u00e4iv\u00e4n kuluessa ja alkuper\u00e4ispakkauksessa, jonka sinetti\u00e4 ei ole rikottu. Vaihto on mahdollista vain alkuper\u00e4ist\u00e4 laskua vastaan.<\/p><h3 class=\"wp-block-heading\"><strong>7 artikla. Tyytyv\u00e4isyystakuu ja peruuttamisoikeus<\/strong><\/h3><p>7.1 Kuluttajaostajalla on oikeus k\u00e4ytt\u00e4\u00e4 peruuttamisoikeuttaan ilman seuraamuksia tai selityksi\u00e4 14 ty\u00f6p\u00e4iv\u00e4n kuluessa tuotteen vastaanottamisesta. T\u00e4m\u00e4n peruuttamisoikeuden ulkopuolelle j\u00e4\u00e4v\u00e4t erityisesti tilatut ja kootut tuotteet (l\u00e4hes aina aurinkopaneelij\u00e4rjestelmien yhteydess\u00e4) sek\u00e4 ohjelmistot tai muut tuotteet, joiden sinetti on rikottu. Kuluttaja ja ostaja on vastuussa palautettujen tuotteiden vahingoista, vaikka ne aiheutuisivat palautuskuljetuksesta.<\/p><p>7.2 Jos kuluttajaostaja on k\u00e4ytt\u00e4nyt edellisess\u00e4 kohdassa mainittua peruuttamisoikeuttaan, Blauhoff varmistaa kuluttajaostajan Blauhoffille maksaman summan palauttamisen 14 p\u00e4iv\u00e4n kuluessa.<\/p><p>7.3 Kuluttajaostajan on vastattava tuotteen palauttamisesta aiheutuvista kustannuksista.<\/p><h3 class=\"wp-block-heading\"><strong>8 artikla. Omistusoikeuden s\u00e4ilytt\u00e4minen<\/strong><\/h3><p>8.1 Tuotteiden omistusoikeus siirtyy ostajalle tosiasiallisesta toimituksesta huolimatta vasta, kun ostaja on maksanut kokonaisuudessaan kaiken, mink\u00e4 ostaja on Blauhoffin kanssa tehtyyn sopimukseen liittyen velkaa, mukaan lukien korot ja kulut, mukaan lukien aiempiin tai my\u00f6hempiin toimituksiin liittyv\u00e4t kulut ja kaikki tuotteisiin liittyv\u00e4t tai niihin liittyv\u00e4t ty\u00f6t.<\/p><p>8.2 Ostaja ei saa rasittaa, myyd\u00e4, j\u00e4lleenmyyd\u00e4, luovuttaa tai muuten rasittaa tuotteita ennen kuin omistusoikeus on siirtynyt.<\/p><h3 class=\"wp-block-heading\"><strong>9 artikla. Asennus ja kokoonpano<\/strong><\/h3><p>9.1 Ostaja asentaa ja kytkee tuotteen itse, ellei ole sovittu, ett\u00e4 Blauhoff suorittaa tuotteen asennuksen.<\/p><p>9.2 Ostaja on Blauhoffille vastuussa kaikkien sellaisten kiinnikkeiden, m\u00e4\u00e4r\u00e4ysten tai ehtojen oikeasta ja oikea-aikaisesta toteuttamisesta, jotka ovat tarpeen koottavan tuotteen j\u00e4rjest\u00e4miseksi ja\/tai tuotteen oikean toiminnan varmistamiseksi koottuna.<\/p><p>9.3 Edellisist\u00e4 m\u00e4\u00e4r\u00e4yksist\u00e4 huolimatta ostajan on Blauhoffin tarjoamien palvelujen osalta joka tapauksessa omalla kustannuksellaan ja omalla vastuullaan varmistettava, ett\u00e4:<\/p><p>a) Blauhoffin tai sen palkkaaman kolmannen osapuolen henkil\u00f6kunta p\u00e4\u00e4see paikalle heti, kun se on saapunut asennuspaikalle, ja voi aloittaa ja jatkaa ty\u00f6n suorittamista tavanomaisena ty\u00f6aikana ja lis\u00e4ksi, jos Blauhoff katsoo sen tarpeelliseksi, tavanomaisen ty\u00f6ajan ulkopuolella edellytt\u00e4en, ett\u00e4 se on ilmoittanut siit\u00e4 ostajalle hyviss\u00e4 ajoin.<\/p><p>(b) asennuspaikalle johtavat tiet soveltuvat tarvittaviin kuljetuksiin. (c) nimetty asennuspaikka soveltuu varastointiin ja kokoamiseen.<\/p><p>(d) kaikki tarvittavat turvallisuus- ja varotoimenpiteet on toteutettu ja niit\u00e4 noudatetaan sek\u00e4 ett\u00e4 kaikki toimenpiteet on toteutettu ja niit\u00e4 noudatetaan, jotta noudatetaan kokoonpanon\/asennuksen yhteydess\u00e4 sovellettavia viranomaism\u00e4\u00e4r\u00e4yksi\u00e4.<\/p><p>(e) tuotteen sijoituspaikalla ei ole asbestia.<\/p><p>f) Ostaja varmistaa soveltuvin osin, ett\u00e4 Blauhoff saa ajoissa k\u00e4ytt\u00f6\u00f6ns\u00e4 Palveluiden edellytt\u00e4m\u00e4t hyv\u00e4ksynn\u00e4t ja luvat sek\u00e4 tiedot, jotka Ostajan on toimitettava Palveluiden suorittamisen yhteydess\u00e4.<\/p><p>9.4 Ostajan on huolehdittava siit\u00e4, ett\u00e4 muiden suorittamat ty\u00f6t ja\/tai toimitukset, jotka eiv\u00e4t ole osa Blauhoffin tai sen k\u00e4ytt\u00e4m\u00e4n kolmannen osapuolen kokoonpano-\/asennusty\u00f6t\u00e4, suoritetaan siten ja niin ajoissa, ett\u00e4 Blauhoffin suorittama tai Blauhoffin puolesta suoritettava ty\u00f6 ei viiv\u00e4sty. Jos t\u00e4ss\u00e4 kohdassa tarkoitettu viiv\u00e4stys kuitenkin syntyy, ostajan on ilmoitettava siit\u00e4 Blauhoffille hyviss\u00e4 ajoin.<\/p><p>9.5 Vahingot ja kustannukset, jotka ovat aiheutuneet siit\u00e4, ett\u00e4 t\u00e4ss\u00e4 artiklassa m\u00e4\u00e4r\u00e4ttyj\u00e4 ehtoja ei ole t\u00e4ytetty tai ei ole t\u00e4ytetty ajoissa, j\u00e4\u00e4v\u00e4t ostajan maksettavaksi.<\/p><p>9.6 Ostaja vastaa vahingonkorvausriskist\u00e4, joka aiheutuu seuraavista syist\u00e4: annettujen tietojen ja\/tai annettujen t\u00f6iden ep\u00e4tarkkuudesta; ostajan edellytt\u00e4mien rakenteiden ja ty\u00f6menetelmien ep\u00e4tarkkuudesta; ostajan k\u00e4ytt\u00f6\u00f6n antamien materiaalien tai resurssien virheist\u00e4; virheist\u00e4 siin\u00e4 irtaimessa tai kiinte\u00e4ss\u00e4 omaisuudessa, johon ty\u00f6 kohdistuu.<\/p><p>9.7 Blauhoff pyrkii kaikin tavoin suorittamaan palvelut ajallaan. Blauhoff ei ole vastuussa v\u00e4litt\u00f6mist\u00e4 tai v\u00e4lillisist\u00e4 vahingoista, jos se ei suorita palveluja ajallaan.<\/p><p>9.8 Blauhoffin on pyritt\u00e4v\u00e4 suorittamaan toimittamansa palvelut hyv\u00e4n\u00e4 toimeksisaajana.<\/p><p>9.9 Jos lis\u00e4ty\u00f6t\u00e4 syntyy, Blauhoffilla on oikeus veloittaa ostajalta. Blauhoff ilmoittaa mahdollisuuksien mukaan lis\u00e4t\u00f6ist\u00e4 ostajalle mahdollisimman aikaisin. Ostajan katsotaan hyv\u00e4ksyv\u00e4n lis\u00e4ty\u00f6n suorittamisen, siihen liittyv\u00e4t kustannukset ja tarvittaessa mukautetun toimitusajan, ellei ostaja vastusta sit\u00e4 ennen lis\u00e4ty\u00f6n suorittamisen aloittamista ja joka tapauksessa viiden p\u00e4iv\u00e4n kuluessa Blauhoffin edell\u00e4 mainitusta ilmoituksesta.<\/p><h3 class=\"wp-block-heading\"><strong>10 artikla. Takuu ja vastuu<\/strong><\/h3><p>10.1 Blauhoffin toimittamien tuotteiden takuu m\u00e4\u00e4r\u00e4ytyy kyseisen tuotteen valmistajan mukaan. Jos t\u00e4m\u00e4 m\u00e4\u00e4r\u00e4ys on kuluttajaostajalle ep\u00e4edullinen verrattuna niihin oikeuksiin, joita kuluttajaostaja voi lain ja et\u00e4sopimuksen nojalla vaatia Blauhoffia vastaan, sovelletaan v\u00e4hint\u00e4\u00e4n lain ja et\u00e4sopimuksen mukaisia oikeuksia. K\u00e4yt\u00e4nn\u00f6ss\u00e4 t\u00e4m\u00e4 tarkoittaa sit\u00e4, ett\u00e4 kuluttajaostajalla on oikeus saada ostoksen ilmainen korjaus tai vaihto v\u00e4hint\u00e4\u00e4n kahden vuoden ajan, jos ostoksessa on vika ilman h\u00e4nen omaa syyt\u00e4\u00e4n.<\/p><p>10.2 Blauhoff ei ole koskaan velvollinen maksamaan ostajalle tai muille mit\u00e4\u00e4n korvauksia, ellei Blauhoffin tahallisuudesta tai t\u00f6rke\u00e4st\u00e4 huolimattomuudesta ole kyse. Blauhoff ei ole koskaan vastuussa v\u00e4lillisist\u00e4 tai kaupallisista menetyksist\u00e4, ep\u00e4suorista menetyksist\u00e4 eik\u00e4 voiton tai liikevaihdon menetyksist\u00e4.<\/p><p>10.3 Blauhoffin vahingonkorvausvastuu ei koskaan ylit\u00e4 vahingon aiheuttaneen tuotteen tai palvelun laskutusarvoa vastaavaa m\u00e4\u00e4r\u00e4\u00e4.<\/p><p>10.4 T\u00e4m\u00e4n artiklan m\u00e4\u00e4r\u00e4yksist\u00e4 huolimatta takuuta ei voida my\u00f6nt\u00e4\u00e4, jos kulumista voidaan pit\u00e4\u00e4 tavanomaisena ja lis\u00e4ksi seuraavissa tapauksissa:<\/p><p>-jos tuotteeseen on tehty muutoksia, mukaan lukien korjaukset, joita ei ole tehty Blauhoffin tai valmistajan suostumuksella;<\/p><p>-jos alkuper\u00e4ist\u00e4 laskua ei voida esitt\u00e4\u00e4, sit\u00e4 on muutettu tai se on muuttunut lukukelvottomaksi; -jos viat johtuvat virheellisest\u00e4 tai sopimattomasta k\u00e4yt\u00f6st\u00e4;<\/p><p>-jos vahinko on aiheutunut ulkoisista syist\u00e4 tai vaikutuksista;<\/p><p>-jos vahinko on aiheutunut tahallisuudesta, t\u00f6rke\u00e4st\u00e4 huolimattomuudesta tai huolimattomasta kunnossapidosta.<\/p><p>10.5 Ostaja on velvollinen korvaamaan Blauhoffille kaikki vaatimukset, joita kolmannet voivat esitt\u00e4\u00e4 Blauhoffille sopimuksen toteuttamisen yhteydess\u00e4, sik\u00e4li kuin laki ei est\u00e4 sit\u00e4, ett\u00e4 ostaja vastaa asianomaisista vahingoista ja kustannuksista.<\/p><p>10.6 Blauhoff voi sis\u00e4llytt\u00e4\u00e4 internetsivuilleen linkkej\u00e4 muille internetsivuille, jotka voivat olla vierailijan kannalta kiinnostavia tai informatiivisia. T\u00e4llaiset linkit ovat puhtaasti informatiivisia. Blauhoff ei ole vastuussa viitattavan internetsivuston sis\u00e4ll\u00f6st\u00e4 tai sen k\u00e4yt\u00f6st\u00e4.<\/p><h3 class=\"wp-block-heading\"><strong>11 artikla. Ylivoimainen este<\/strong><\/h3><p>11.1 Ylivoimaisen esteen sattuessa Blauhoff ei ole velvollinen t\u00e4ytt\u00e4m\u00e4\u00e4n velvoitteitaan Ostajaa kohtaan tai velvoite keskeytet\u00e4\u00e4n ylivoimaisen esteen ajaksi.<\/p><p>11.2 Ylivoimaiseksi esteeksi m\u00e4\u00e4ritell\u00e4\u00e4n mik\u00e4 tahansa tahdosta riippumaton seikka, joka est\u00e4\u00e4 ostajan velvoitteiden t\u00e4ytt\u00e4misen kokonaan tai osittain. T\u00e4llaisia olosuhteita ovat muun muassa lakot, tulipalot, liikeh\u00e4iri\u00f6t, energiah\u00e4iri\u00f6t, tavarantoimittajien tai muiden sitoutuneiden kolmansien osapuolten toimittamatta j\u00e4tt\u00e4minen tai toimituksen viiv\u00e4styminen sek\u00e4 viranomaisluvan puuttuminen. Ylivoimaiseen esteeseen kuuluvat my\u00f6s (tele)verkon tai -yhteyden tai k\u00e4ytettyjen viestint\u00e4j\u00e4rjestelmien h\u00e4iri\u00f6t ja\/tai Internet-sivuston k\u00e4ytt\u00e4m\u00e4tt\u00f6myys milloin tahansa.<\/p><h3 class=\"wp-block-heading\"><strong>12 artikla. Henkinen omaisuus<\/strong><\/h3><p>12.1 Ostaja tunnustaa nimenomaisesti, ett\u00e4 kaikki tuotteisiin ja\/tai internet-sivustoon liittyvien n\u00e4ytettyjen tietojen, viestien tai muiden ilmaisujen immateriaalioikeudet kuuluvat Blauhoffille, sen toimittajille tai muille kantajille.<\/p><p>12.2 Immateriaalioikeuksilla tarkoitetaan patentti-, tekij\u00e4n-, tavaramerkki-, malli- ja mallioikeuksia ja\/tai muita (immateriaalioikeuksia), mukaan lukien patentoitavissa olevat oikeudet.<\/p><p>Tekninen ja\/tai kaupallinen osaaminen, menetelm\u00e4t ja k\u00e4sitteet.<\/p><p>12.3 Ostaja ei saa k\u00e4ytt\u00e4\u00e4, mukaan lukien muutosten tekeminen, t\u00e4ss\u00e4 artikkelissa kuvattuja immateriaalioikeuksia, kuten j\u00e4ljent\u00e4minen, ilman Blauhoffin, sen tavarantoimittajien tai muiden oikeutettujen osapuolten nimenomaista kirjallista ennakkolupaa, ellei kyseess\u00e4 ole puhtaasti yksityinen k\u00e4ytt\u00f6 itse tuotteeseen liittyen.<\/p><h3 class=\"wp-block-heading\"><strong>13 artikla. Henkil\u00f6tiedot<\/strong><\/h3><p>13.1 Blauhoff k\u00e4sittelee Ostajan tietoja ainoastaan tietosuojapolitiikkansa mukaisesti. 13.2 Blauhoff noudattaa sovellettavia tietosuojas\u00e4\u00e4nn\u00f6ksi\u00e4 ja -lains\u00e4\u00e4d\u00e4nt\u00f6\u00e4. <\/p><h3 class=\"wp-block-heading\"><strong>14 artikla. Sovellettava laki ja toimivalta <\/strong>tuomioistuin<\/h3><p>14.1 Kaikkiin tarjouksiin ja sopimuksiin sovelletaan yksinomaan Alankomaiden lakia.<br>14.2 Wienin kauppasopimuksen soveltaminen on nimenomaisesti suljettu pois.<\/p><p>14.3 Kaikki riidat, jotka liittyv\u00e4t Blauhoffin tarjouksiin tai Blauhoffin kanssa tehtyihin sopimuksiin tai johtuvat niist\u00e4, toimitetaan Alankomaiden Zwollessa sijaitsevaan toimivaltaiseen tuomioistuimeen, ellei laki nimenomaisesti m\u00e4\u00e4r\u00e4\u00e4 toimivaltaiseksi muuta tuomioistuinta.<\/p><h3 class=\"wp-block-heading\"><strong>15 artikla. Muut<\/strong><\/h3><p>15.1 Blauhoff BV:n kotipaikka on Heemstraweg 123, 6651 KH, Druten, ja se on rekister\u00f6ity kauppakamariin numerolla . 83845577. Kaikki sopimusta tai n\u00e4it\u00e4 ehtoja koskeva kirjeenvaihto on l\u00e4hetett\u00e4v\u00e4 Blauhoffille edell\u00e4 mainittuun osoitteeseen tai Internet-sivuilla ilmoitettuun s\u00e4hk\u00f6postiosoitteeseen.<\/p><p>15.2 Blauhoff pyrkii vastaamaan saamiinsa s\u00e4hk\u00f6postiviesteihin viimeist\u00e4\u00e4n viiden arkip\u00e4iv\u00e4n kuluessa.<\/p><h3 class=\"wp-block-heading\"><strong>16 artikla. Osta arvonlis\u00e4verotta Alankomaissa ja Saksassa<\/strong><\/h3><p>16.1 Alankomaissa ja Saksassa tiettyj\u00e4 tuotteita tarjotaan nollatariffilla. T\u00e4t\u00e4 niin sanottua nollatariffia sovelletaan vain, jos aurinkopaneelit (invertteri ja akut) asennetaan (yksityis)asuntoihin tai kodin ulkorakennuksiin, kuten navettaan.<\/p><p>K\u00e4ytt\u00f6ehdot Blauhoff 11-09-2023<\/p>","protected":false},"excerpt":{"rendered":"<p>Portaalit: www.ownpowr.com 1 artikla. Sovellettavuus 1.1 N\u00e4it\u00e4 yleisi\u00e4 sopimusehtoja sovelletaan kaikkiin Blauhoff:n, joka toimii kauppanimell\u00e4 \"Blauhoff\", tarjouksiin ja kaikkiin sopimuksiin, jotka on tehty [...]<\/p>","protected":false},"author":1,"featured_media":0,"parent":0,"menu_order":0,"comment_status":"closed","ping_status":"closed","template":"","meta":{"_seopress_robots_primary_cat":"","_seopress_titles_title":"","_seopress_titles_desc":"","_seopress_robots_index":"","_kad_blocks_custom_css":"","_kad_blocks_head_custom_js":"","_kad_blocks_body_custom_js":"","_kad_blocks_footer_custom_js":"","footnotes":""},"class_list":["post-1763","page","type-page","status-publish"],"taxonomy_info":[],"featured_image_src_large":false,"author_info":{"display_name":"job-39sj@s9jal019","author_link":"https:\/\/ownpowr.com\/fi\/author\/job-39sjs9jal019\/"},"comment_info":0,"_links":{"self":[{"href":"https:\/\/ownpowr.com\/fi\/wp-json\/wp\/v2\/pages\/1763","targetHints":{"allow":["GET"]}}],"collection":[{"href":"https:\/\/ownpowr.com\/fi\/wp-json\/wp\/v2\/pages"}],"about":[{"href":"https:\/\/ownpowr.com\/fi\/wp-json\/wp\/v2\/types\/page"}],"author":[{"embeddable":true,"href":"https:\/\/ownpowr.com\/fi\/wp-json\/wp\/v2\/users\/1"}],"replies":[{"embeddable":true,"href":"https:\/\/ownpowr.com\/fi\/wp-json\/wp\/v2\/comments?post=1763"}],"version-history":[{"count":0,"href":"https:\/\/ownpowr.com\/fi\/wp-json\/wp\/v2\/pages\/1763\/revisions"}],"wp:attachment":[{"href":"https:\/\/ownpowr.com\/fi\/wp-json\/wp\/v2\/media?parent=1763"}],"curies":[{"name":"wp","href":"https:\/\/api.w.org\/{rel}","templated":true}]}}