{"id":22,"date":"2023-08-25T18:52:26","date_gmt":"2023-08-25T16:52:26","guid":{"rendered":"https:\/\/ownpowr.com\/?page_id=22"},"modified":"2023-09-11T14:43:48","modified_gmt":"2023-09-11T12:43:48","slug":"refund-returns","status":"publish","type":"page","link":"https:\/\/ownpowr.com\/fi\/palautus-palautukset\/","title":{"rendered":"Palautus- ja palautusehdot"},"content":{"rendered":"<p>Tuotteiden toimitusaika on ilmoitettu kunkin tuotteen yhteydess\u00e4.<br>Pienet materiaalit, jotka voidaan l\u00e4hett\u00e4\u00e4 pakettipostina, toimitamme yleens\u00e4 1-2 p\u00e4iv\u00e4n kuluessa.<br><br>Jos paino tai koko ei sovellu pakettipostiin, materiaalit toimitetaan kuorma-autolla. Sovimme kanssasi etuk\u00e4teen, min\u00e4 p\u00e4iv\u00e4n\u00e4 voit vastaanottaa materiaalit.<br><br>Toimitusp\u00e4iv\u00e4n\u00e4 saat arvioidun toimitusajan aamulla, t\u00e4m\u00e4 on ohjeellinen aika.<\/p><h3 class=\"wp-block-heading\"><strong>Toimitusaika<\/strong><\/h3><ul class=\"wp-block-list\"><li>Pakettipostin materiaalit 1-2 p\u00e4iv\u00e4\u00e4<\/li>\n\n<li>Paneelit ja kiinnitysmateriaali 1-4 p\u00e4iv\u00e4\u00e4 Toimituskulut lasketaan ostoskorin sis\u00e4ll\u00f6n mukaan. Kun laitat kaikki materiaalit ostoskoriin, n\u00e4et, kuinka paljon toimituskulut ovat. Todelliset toimituskulut ovat huomattavasti korkeammat.<\/li><\/ul><ul class=\"wp-block-list\"><li>Pakettipostitus enint\u00e4\u00e4n 23 kg 8,95 \u20ac.<\/li>\n\n<li>Pakettiposti enint\u00e4\u00e4n 30 kg 12,50 \u20ac.<\/li>\n\n<li>Kuorma-autotoimitus, 25-85 euroa, ilmoitetaan ostoskorissa. <strong>Palautukset \/ Peruuttamisoikeus<\/strong> Sinulla on oikeus peruuttaa tilauksesi 14 p\u00e4iv\u00e4n kuluessa tilauksen vastaanottamisesta ilman syyt\u00e4. Jos olet tilannut palvelun, kuten aurinkopaneelin asennuksen. Peruuttamisoikeus p\u00e4\u00e4ttyy 14 p\u00e4iv\u00e4n kuluttua tilauksen vahvistamisesta. Sinulla on viel\u00e4 14 p\u00e4iv\u00e4\u00e4 peruutuksen j\u00e4lkeen aikaa palauttaa tuote. T\u00e4ll\u00f6in sinulle hyvitet\u00e4\u00e4n koko tilauksen arvo, mukaan lukien toimituskulut. Ainoastaan palautuskulut kotoa verkkokauppaan ovat sinun vastuullasi. Jos k\u00e4yt\u00e4t peruuttamisoikeuttasi, tuote palautetaan yritt\u00e4j\u00e4lle kaikkine toimitettuine lis\u00e4varusteineen ja alkuper\u00e4isess\u00e4 kunnossa ja pakkauksessa. Jos haluat k\u00e4ytt\u00e4\u00e4 t\u00e4t\u00e4 oikeutta, ota meihin yhteytt\u00e4 osoitteessa info@ownpowr.com. Palautamme t\u00e4ll\u00f6in maksettavan tilauksen summan 14 p\u00e4iv\u00e4n kuluessa siit\u00e4, kun olet saanut ilmoituksen palautuksestasi, edellytt\u00e4en, ett\u00e4 tuote on jo vastaanotettu hyv\u00e4kuntoisena. Palautusosoite:<br>Palautuslaskenta Blauhoff BV, Heemstraweg 123, 6651 KH, Druten.<\/li><\/ul><h3 class=\"wp-block-heading\"><strong>Takaisin Maksu<\/strong><\/h3><p>Kun olet k\u00e4ytt\u00e4nyt peruuttamisoikeutta, saat kaikki maksut, toimituskulut mukaan lukien, takaisin nelj\u00e4ntoista p\u00e4iv\u00e4n kuluessa. Maksat itse paluukuljetuskustannukset.<\/p><h3 class=\"wp-block-heading\"><strong>Peruuttamisoikeuden poissulkeminen<\/strong><\/h3><ul class=\"wp-block-list\"><li>R\u00e4\u00e4t\u00e4l\u00f6idyt tai yhdistelm\u00e4tuotteet<\/li>\n\n<li>Lis\u00e4varusteet ja kiinnitysmateriaalit.<\/li>\n\n<li>Asennusty\u00f6 on jo tehty<\/li>\n\n<li>Yritysasiakkaat <strong>Kokoelma<\/strong> Teet tilauksen etuk\u00e4teen verkkokaupassamme ja valitset noutovaihtoehdon. Kun olemme k\u00e4sitelleet tilauksen, saat vahvistuss\u00e4hk\u00f6postin. Siin\u00e4 kerrotaan, milloin voit noutaa tilauksen. Nouto on mahdollista maanantaista perjantaihin klo 9-16. Sinun on maksettava etuk\u00e4teen verkkokaupassa.<\/li><\/ul>","protected":false},"excerpt":{"rendered":"<p>Tuotteiden toimitusaika on ilmoitettu kunkin tuotteen yhteydess\u00e4.Pienet materiaalit, jotka voidaan l\u00e4hett\u00e4\u00e4 pakettipostina, toimitamme yleens\u00e4 1-2 p\u00e4iv\u00e4n kuluessa. Jos paino tai koko [...]<\/p>","protected":false},"author":1,"featured_media":0,"parent":0,"menu_order":0,"comment_status":"closed","ping_status":"closed","template":"","meta":{"_seopress_robots_primary_cat":"","_seopress_titles_title":"","_seopress_titles_desc":"","_seopress_robots_index":"","_kad_blocks_custom_css":"","_kad_blocks_head_custom_js":"","_kad_blocks_body_custom_js":"","_kad_blocks_footer_custom_js":"","footnotes":""},"class_list":["post-22","page","type-page","status-publish"],"taxonomy_info":[],"featured_image_src_large":false,"author_info":{"display_name":"job-39sj@s9jal019","author_link":"https:\/\/ownpowr.com\/fi\/author\/job-39sjs9jal019\/"},"comment_info":0,"_links":{"self":[{"href":"https:\/\/ownpowr.com\/fi\/wp-json\/wp\/v2\/pages\/22","targetHints":{"allow":["GET"]}}],"collection":[{"href":"https:\/\/ownpowr.com\/fi\/wp-json\/wp\/v2\/pages"}],"about":[{"href":"https:\/\/ownpowr.com\/fi\/wp-json\/wp\/v2\/types\/page"}],"author":[{"embeddable":true,"href":"https:\/\/ownpowr.com\/fi\/wp-json\/wp\/v2\/users\/1"}],"replies":[{"embeddable":true,"href":"https:\/\/ownpowr.com\/fi\/wp-json\/wp\/v2\/comments?post=22"}],"version-history":[{"count":0,"href":"https:\/\/ownpowr.com\/fi\/wp-json\/wp\/v2\/pages\/22\/revisions"}],"wp:attachment":[{"href":"https:\/\/ownpowr.com\/fi\/wp-json\/wp\/v2\/media?parent=22"}],"curies":[{"name":"wp","href":"https:\/\/api.w.org\/{rel}","templated":true}]}}