{"id":1090,"date":"2023-10-04T16:42:23","date_gmt":"2023-10-04T14:42:23","guid":{"rendered":"https:\/\/ownpowr.com\/product\/lg-chem-resu-6-5-prime\/"},"modified":"2025-02-27T12:49:47","modified_gmt":"2025-02-27T10:49:47","slug":"lg-chem-resu-6-5-prime","status":"publish","type":"product","link":"https:\/\/ownpowr.com\/fi\/product\/lg-chem-resu-6-5-prime\/","title":{"rendered":"LG Chem Resu 6.5 PRIME"},"content":{"rendered":"<p>&nbsp;<\/p>\n<p>LG CHEM RESU 6.5 LI-IO 6.5 kWh Varastointiakku 6.5 kWh<\/p>\n<p>LG Chem ESS Residential Energy Storage System Yhteensopiva Sunny Island 3.0M, Sunny Island 4.4M, Sunny Island 6.0 H, SolaX, Sungrow, Schneider, Ingeteam, GoodWe, Redback, Victron Energy.<\/p>\n<p>RESU on kotitalouksien \u00e4lyk\u00e4s energiaratkaisu, joka v\u00e4hent\u00e4\u00e4 tehokkaasti s\u00e4hk\u00f6kuluja huippujen hallinnan avulla. Kun RESU yhdistet\u00e4\u00e4n aurinkos\u00e4hk\u00f6j\u00e4rjestelmiin, se optimoi itse tuotetun s\u00e4hk\u00f6n hy\u00f6dynt\u00e4misen, mik\u00e4 edist\u00e4\u00e4 kustannuss\u00e4\u00e4st\u00f6j\u00e4 entisest\u00e4\u00e4n. Lis\u00e4ksi RESU toimii luotettavana virtal\u00e4hteen\u00e4 odottamattomien s\u00e4hk\u00f6katkojen aikana.<\/p>\n<p>RESU 6.5 ESS Storage -varaston tekniset tiedot:<\/p>\n<ul>\n<li>S\u00e4hk\u00f6laskun s\u00e4\u00e4st\u00f6t: Huippujen tehokas hallinta<\/li>\n<li>Puhtaan energian hy\u00f6dynt\u00e4minen aurinkos\u00e4hk\u00f6j\u00e4rjestelmist\u00e4<\/li>\n<li>Luotettava virtal\u00e4hde<\/li>\n<li>Ymp\u00e4rist\u00f6yst\u00e4v\u00e4lliset materiaalit<\/li>\n<li>V\u00e4h\u00e4n huoltoa<\/li>\n<\/ul>\n<p>T\u00e4rkeimm\u00e4t tekniset tiedot:<\/p>\n<ul>\n<li>Malli: RESU 6.5<\/li>\n<li>Energiakapasiteetti (kWh): 6.5<\/li>\n<li>J\u00e4nnite (V): 48<\/li>\n<li>Kapasiteetti (Ah): 126<\/li>\n<li>Akunhallintaj\u00e4rjestelm\u00e4 (BMS): integroitu<\/li>\n<li>Paino (kg): 52<\/li>\n<li>Mitat (mm): Syvyys 120 mm: leveys 452, korkeus 654, syvyys 120<\/li>\n<\/ul>","protected":false},"excerpt":{"rendered":"<p>&nbsp; LG CHEM RESU 6.5 LI-IO 6.5 kWh varastointiakku LG Chem ESS Asumisen energiavarastoj\u00e4rjestelm\u00e4 Yhteensopiva Sunny Island 3.0M, Sunny Island 4.4M, Sunny Island 6.0 H, SolaX, [...]<\/p>","protected":false},"featured_media":1091,"template":"","meta":{"_seopress_robots_primary_cat":"none","_seopress_titles_title":"LG CHEM RESU 6.5 LI-IO: Smart Energy Solution for Homes","_seopress_titles_desc":"Lower your electricity bill with peak management, enhance self-consumption of self-generated electricity, and enjoy a reliable power source with LG Chem RESU 6.5 ESS storage battery.","_seopress_robots_index":"","_kad_blocks_custom_css":"","_kad_blocks_head_custom_js":"","_kad_blocks_body_custom_js":"","_kad_blocks_footer_custom_js":""},"product_cat":[17],"product_tag":[],"class_list":{"0":"post-1090","1":"product","2":"type-product","3":"status-publish","4":"has-post-thumbnail","6":"product_cat-home-batteries","8":"first","9":"instock","10":"sale","11":"taxable","12":"shipping-taxable","13":"purchasable","14":"product-type-simple"},"taxonomy_info":{"product_cat":[{"value":17,"label":"Home batteries"}]},"featured_image_src_large":["https:\/\/ownpowr.com\/wp-content\/uploads\/2023\/07\/Resu6.5.jpeg",600,540,false],"author_info":[],"comment_info":"","_links":{"self":[{"href":"https:\/\/ownpowr.com\/fi\/wp-json\/wp\/v2\/product\/1090","targetHints":{"allow":["GET"]}}],"collection":[{"href":"https:\/\/ownpowr.com\/fi\/wp-json\/wp\/v2\/product"}],"about":[{"href":"https:\/\/ownpowr.com\/fi\/wp-json\/wp\/v2\/types\/product"}],"wp:featuredmedia":[{"embeddable":true,"href":"https:\/\/ownpowr.com\/fi\/wp-json\/wp\/v2\/media\/1091"}],"wp:attachment":[{"href":"https:\/\/ownpowr.com\/fi\/wp-json\/wp\/v2\/media?parent=1090"}],"wp:term":[{"taxonomy":"product_cat","embeddable":true,"href":"https:\/\/ownpowr.com\/fi\/wp-json\/wp\/v2\/product_cat?post=1090"},{"taxonomy":"product_tag","embeddable":true,"href":"https:\/\/ownpowr.com\/fi\/wp-json\/wp\/v2\/product_tag?post=1090"}],"curies":[{"name":"wp","href":"https:\/\/api.w.org\/{rel}","templated":true}]}}