{"id":119,"date":"2022-11-11T09:25:43","date_gmt":"2022-11-11T07:25:43","guid":{"rendered":"https:\/\/ownpowr.com\/product\/sungrow-sbr096-battery-blue\/"},"modified":"2025-03-27T13:29:55","modified_gmt":"2025-03-27T11:29:55","slug":"sungrow-sbr096-battery-blue","status":"publish","type":"product","link":"https:\/\/ownpowr.com\/fi\/product\/sungrow-sbr096-akku-sininen\/","title":{"rendered":"Sungrow SBR 9,6kWh SBR096"},"content":{"rendered":"<p>Sungrow SBR 9,6kWh SBR096 V2 sininen LFP-akku + lis\u00e4varusteet<\/p>\n<p>T\u00e4m\u00e4 Sungrow:n kotiparistosarja sis\u00e4lt\u00e4\u00e4 seuraavat osat:<br \/>\n3x Sungrow SBR premium-akkumoduuli 3,2 kWh 3,2 kWh.<br \/>\n1x Sungrow premium-akunhallintaj\u00e4rjestelm\u00e4 + lis\u00e4varusteet<\/p>\n<p>- Paristotyyppi: LiFePO4 prismaattinen kenno<br \/>\n- Nimellisteho: 9,6 kWh<br \/>\n- Energia (k\u00e4ytt\u00f6kelpoinen): 9,6 kWh<br \/>\n- Nimellisj\u00e4nnite: 192 V<br \/>\n- K\u00e4ytt\u00f6j\u00e4nnite: 150 - 219 V<br \/>\n- Nimellinen DC-teho: 5,76 kW<br \/>\n- Maksimi lataus-\/purkausteho: 6,57 kW<br \/>\n- Max. lataus-\/purkausvirta (jatkuva): 30 A<br \/>\n- Max. lataus-\/purkausvirta (10 s pulssi): 42 A<br \/>\n- Purkautumissyvyys: 100%<br \/>\n- Oikosulkuvirta: 1700 A<br \/>\n- N\u00e4ytt\u00f6: SOC-ilmaisin, tilan ilmaisin<br \/>\n- Tietoliikenneliit\u00e4nt\u00e4: CAN<br \/>\n- Asennuspaikka: Sis\u00e4tiloissa \/ ulkona<br \/>\n- Asennustapa: Lattiateline<br \/>\n- K\u00e4ytt\u00f6l\u00e4mp\u00f6tila-alue: Lataus: 0-50 \u2103 \/ Purkaminen: -30-50 \u2103.<br \/>\n- Suojausluokitus: IP55<br \/>\n- Sallittu suhteellinen kosteus: 0% - 95% (ei kondensoituva).<br \/>\n- Suurin k\u00e4ytt\u00f6korkeus: 2000 m<br \/>\n- J\u00e4\u00e4hdytysmenetelm\u00e4: luonnollinen konvektio<br \/>\n- Sertifikaatit: 62040, UN38.3, VDE 2510-50.<br \/>\n- Sopeutuminen laajentumista varten: Jopa 4 yksikk\u00f6\u00e4 rinnakkain (tarvitaan ylim\u00e4\u00e4r\u00e4inen liit\u00e4nt\u00e4rasia, mutta sit\u00e4 ei ole t\u00e4ll\u00e4 hetkell\u00e4 saatavilla).<\/p>\n<p><a href=\"https:\/\/storeyourownpower.com\/wp-content\/uploads\/2022\/08\/Datasheet-German-2.pdf\" target=\"_blank\" rel=\"noopener\">Tietolehti saksaa<\/a><br \/>\n<a href=\"https:\/\/storeyourownpower.com\/wp-content\/uploads\/2022\/08\/Datasheets-English.pdf\" target=\"_blank\" rel=\"noopener\">Tietolehdet englanti<\/a><br \/>\n<a href=\"https:\/\/storeyourownpower.com\/wp-content\/uploads\/2022\/08\/Mounting-instructions-English-2.pdf\" target=\"_blank\" rel=\"noopener\">Asennusohjeet englanti<\/a><br \/>\n<a href=\"https:\/\/storeyourownpower.com\/wp-content\/uploads\/2022\/08\/Mounting-instructions-German-2.pdf\" target=\"_blank\" rel=\"noopener\">Asennusohjeet saksaksi<\/a><br \/>\n<a href=\"https:\/\/storeyourownpower.com\/wp-content\/uploads\/2022\/08\/Warranty-terms-English-2.pdf\" target=\"_blank\" rel=\"noopener\">Takuuehdot Englanti<\/a><br \/>\n<a href=\"https:\/\/storeyourownpower.com\/wp-content\/uploads\/2022\/08\/Warranty-terms-German-1.pdf\" target=\"_blank\" rel=\"noopener\">Takuuehdot Saksa<\/a><\/p>","protected":false},"excerpt":{"rendered":"<p>Sungrow SBR 9,6kWh SBR096 V2 sininen LFP-akku + lis\u00e4varuste T\u00e4m\u00e4 Sungrow:n kotiakkusarja sis\u00e4lt\u00e4\u00e4 seuraavat osat: 3x Sungrow SBR premium akkumoduuli 3,2 kWh 1x Sungrow premium [...]<\/p>","protected":false},"featured_media":120,"template":"","meta":{"_seopress_robots_primary_cat":"none","_seopress_titles_title":"","_seopress_titles_desc":"","_seopress_robots_index":"","_kad_blocks_custom_css":"","_kad_blocks_head_custom_js":"","_kad_blocks_body_custom_js":"","_kad_blocks_footer_custom_js":""},"product_cat":[17],"product_tag":[],"class_list":{"0":"post-119","1":"product","2":"type-product","3":"status-publish","4":"has-post-thumbnail","6":"product_cat-home-batteries","8":"first","9":"instock","10":"sale","11":"taxable","12":"shipping-taxable","13":"purchasable","14":"product-type-simple"},"taxonomy_info":{"product_cat":[{"value":17,"label":"Home batteries"}]},"featured_image_src_large":["https:\/\/ownpowr.com\/wp-content\/uploads\/2022\/11\/Screenshot-2022-06-22-at-16.19.50.jpg",982,810,false],"author_info":[],"comment_info":"","_links":{"self":[{"href":"https:\/\/ownpowr.com\/fi\/wp-json\/wp\/v2\/product\/119","targetHints":{"allow":["GET"]}}],"collection":[{"href":"https:\/\/ownpowr.com\/fi\/wp-json\/wp\/v2\/product"}],"about":[{"href":"https:\/\/ownpowr.com\/fi\/wp-json\/wp\/v2\/types\/product"}],"wp:featuredmedia":[{"embeddable":true,"href":"https:\/\/ownpowr.com\/fi\/wp-json\/wp\/v2\/media\/120"}],"wp:attachment":[{"href":"https:\/\/ownpowr.com\/fi\/wp-json\/wp\/v2\/media?parent=119"}],"wp:term":[{"taxonomy":"product_cat","embeddable":true,"href":"https:\/\/ownpowr.com\/fi\/wp-json\/wp\/v2\/product_cat?post=119"},{"taxonomy":"product_tag","embeddable":true,"href":"https:\/\/ownpowr.com\/fi\/wp-json\/wp\/v2\/product_tag?post=119"}],"curies":[{"name":"wp","href":"https:\/\/api.w.org\/{rel}","templated":true}]}}