{"id":131,"date":"2023-10-04T16:35:55","date_gmt":"2023-10-04T14:35:55","guid":{"rendered":"https:\/\/ownpowr.com\/product\/byd-b-box-premium-lvs-16-0\/"},"modified":"2025-10-15T14:03:27","modified_gmt":"2025-10-15T12:03:27","slug":"byd-b-box-premium-lvs-16-0","status":"publish","type":"product","link":"https:\/\/ownpowr.com\/fi\/product\/byd-b-box-premium-lvs-16-0\/","title":{"rendered":"BYD Battery-Box premium LVS 16.0 kWh Toimitus joulukuun puoliv\u00e4li\/loppu joulukuu"},"content":{"rendered":"<h3>BYD Akkukotelo premium LVS 16,0 kWh 16,0 kWh<\/h3>\n<p>VAROITUS:<br \/>\nVaarallinen aine UN 3480:n mukaan \/ Kuljetuksen vaaraluokka 9 \/ Pakkausryhm\u00e4 II<\/p>\n<p>&nbsp;<\/p>\n<p>- k\u00e4ytt\u00f6kapasiteetti: 16.00 kWh<br \/>\n- nimellisj\u00e4nnite: 51,2 V<br \/>\n- Max. L\u00e4ht\u00f6virta: 250A<br \/>\n- Huippul\u00e4hd\u00f6n virta: 360A, 5s<br \/>\n- K\u00e4ytt\u00f6j\u00e4nnitealue: 40-57.6 V<br \/>\n- Ymp\u00e4rist\u00f6n l\u00e4mp\u00f6tila: -10 \u00b0C - +50 \u00b0C<br \/>\n- liit\u00e4nn\u00e4t: CAN\/RS485<br \/>\n- edestakainen energiatehokkuus: &gt;= 95%<br \/>\n- sertifiointi: CE \/ CEC \/ UN38.3: VDE2510-50 \/ IEC62619\/ CE \/ CEC \/ UN38.3<br \/>\n- IP-suojausluokka: IP55<br \/>\n- Sovellukset: Verkko: ON Grid \/ ON Grid + varaj\u00e4rjestelm\u00e4 \/ OFF Grid: ON Grid \/ ON Grid + varaj\u00e4rjestelm\u00e4 \/ OFF Grid<br \/>\n- Aina laajennettavissa \/ jopa 16 LVS 16.0 rinnakkain \/ 256 kWh k\u00e4ytt\u00f6kelpoinen<br \/>\nSetti sis\u00e4lt\u00e4\u00e4:<br \/>\n4x BYD B-BOX PREMIUM LVS -akkumoduuli 4x BYD B-BOX PREMIUM LVS -akkumoduuli<br \/>\n1x BYD LV PDU + pohja<br \/>\n1x BYD LV-akun hallintayksikk\u00f6 UUSI<\/p>\n<div class=\"product--description\">\n<p><strong>Lis\u00e4tietoja:<\/strong><\/p>\n<ul>\n<li><a href=\"https:\/\/storeyourownpower.com\/wp-content\/uploads\/2023\/01\/Datasheet-English-LVS.pdf\" target=\"_blank\" rel=\"noopener\">Tietolehti englanti LVS<\/a><\/li>\n<li><a href=\"https:\/\/storeyourownpower.com\/wp-content\/uploads\/2023\/01\/Datenblatt-German-LVS.pdf\" target=\"_blank\" rel=\"noopener\">Datenblatt Saksan LVS<\/a><\/li>\n<li><a href=\"https:\/\/storeyourownpower.com\/wp-content\/uploads\/2023\/01\/Mounting-instructions-English-LVS.pdf\" target=\"_blank\" rel=\"noopener\">Asennusohjeet englanti LVS<\/a><\/li>\n<li><a href=\"https:\/\/storeyourownpower.com\/wp-content\/uploads\/2023\/01\/Mounting-instructions-German-LVS.pdf\" target=\"_blank\" rel=\"noopener\">Asennusohjeet Saksan LVS<\/a><\/li>\n<li><a href=\"https:\/\/storeyourownpower.com\/wp-content\/uploads\/2023\/01\/Warranty-terms-English.pdf\" target=\"_blank\" rel=\"noopener\">Takuuehdot Englanti<\/a><\/li>\n<li><a href=\"https:\/\/storeyourownpower.com\/wp-content\/uploads\/2023\/01\/Warranty-terms-German-LVS.pdf\" target=\"_blank\" rel=\"noopener\">Takuuehdot Saksan LVS<\/a><\/li>\n<\/ul>\n<\/div>","protected":false},"excerpt":{"rendered":"<p>BYD Battery-Box premium LVS 16.0 kWh VAROITUS: Vaarallinen aine UN 3480 \/ Kuljetuksen vaaraluokka 9 \/ Pakkausryhm\u00e4 II - k\u00e4ytt\u00f6kapasiteetti: 16.00 kWh - nimelliskapasiteetti [...]<\/p>","protected":false},"featured_media":132,"template":"","meta":{"_seopress_robots_primary_cat":"none","_seopress_titles_title":"BYD B-Box premium LVS 16.0 (16.00 kWh) - High Capacity, Multiple Applications","_seopress_titles_desc":"Discover the powerful BYD B-Box Premium LVS 16.0 battery module with hazardous substance caution, high energy efficiency, and various applications for grid, backup, and off-grid systems. Get the complete set for a reliable and scalable energy storage solution.","_seopress_robots_index":"","_kad_blocks_custom_css":"","_kad_blocks_head_custom_js":"","_kad_blocks_body_custom_js":"","_kad_blocks_footer_custom_js":""},"product_cat":[17],"product_tag":[],"class_list":{"0":"post-131","1":"product","2":"type-product","3":"status-publish","4":"has-post-thumbnail","6":"product_cat-home-batteries","8":"first","9":"onbackorder","10":"sale","11":"taxable","12":"shipping-taxable","13":"purchasable","14":"product-type-simple"},"taxonomy_info":{"product_cat":[{"value":17,"label":"Home batteries"}]},"featured_image_src_large":["https:\/\/ownpowr.com\/wp-content\/uploads\/2022\/11\/5-252Ff-252Fb-252F0-252F5fb095af8806fae85bc99f0c5f665888d53d76af_det_sb_byd_b_box_lvs_16-0.jpeg",640,540,false],"author_info":[],"comment_info":"","_links":{"self":[{"href":"https:\/\/ownpowr.com\/fi\/wp-json\/wp\/v2\/product\/131","targetHints":{"allow":["GET"]}}],"collection":[{"href":"https:\/\/ownpowr.com\/fi\/wp-json\/wp\/v2\/product"}],"about":[{"href":"https:\/\/ownpowr.com\/fi\/wp-json\/wp\/v2\/types\/product"}],"wp:featuredmedia":[{"embeddable":true,"href":"https:\/\/ownpowr.com\/fi\/wp-json\/wp\/v2\/media\/132"}],"wp:attachment":[{"href":"https:\/\/ownpowr.com\/fi\/wp-json\/wp\/v2\/media?parent=131"}],"wp:term":[{"taxonomy":"product_cat","embeddable":true,"href":"https:\/\/ownpowr.com\/fi\/wp-json\/wp\/v2\/product_cat?post=131"},{"taxonomy":"product_tag","embeddable":true,"href":"https:\/\/ownpowr.com\/fi\/wp-json\/wp\/v2\/product_tag?post=131"}],"curies":[{"name":"wp","href":"https:\/\/api.w.org\/{rel}","templated":true}]}}