{"id":135,"date":"2023-10-04T16:36:01","date_gmt":"2023-10-04T14:36:01","guid":{"rendered":"https:\/\/ownpowr.com\/product\/byd-b-box-premium-lvs-24-0\/"},"modified":"2025-10-15T14:03:57","modified_gmt":"2025-10-15T12:03:57","slug":"byd-b-box-premium-lvs-24-0","status":"publish","type":"product","link":"https:\/\/ownpowr.com\/fi\/product\/byd-b-box-premium-lvs-24-0\/","title":{"rendered":"BYD Battery-Box premium LVS 24.0 kWh Toimitus joulukuun puoliv\u00e4li\/loppu joulukuu"},"content":{"rendered":"<p>BYD B-Box premium LVS 24.0<\/p>\n<p>VAROITUS:<br \/>\nVaarallinen aine UN 3480:n mukaan \/ Kuljetuksen vaaraluokka 9 \/ Pakkausryhm\u00e4 II<\/p>\n<p>Tietoja:<\/p>\n<p>- k\u00e4ytt\u00f6kapasiteetti: 24.00 kWh<br \/>\n- nimellisj\u00e4nnite: 51,2 V<br \/>\n- Max. L\u00e4ht\u00f6virta: 250A<br \/>\n- Huippul\u00e4hd\u00f6n virta: 360A, 5s<br \/>\n- K\u00e4ytt\u00f6j\u00e4nnitealue: 40-57.6 V<br \/>\n- Ymp\u00e4rist\u00f6n l\u00e4mp\u00f6tila: -10 \u00b0C - +50 \u00b0C<br \/>\n- liit\u00e4nn\u00e4t: CAN\/RS485<br \/>\n- edestakainen energiatehokkuus: &gt;= 95%<br \/>\n- sertifiointi: CE \/ CEC \/ UN38.3: VDE2510-50 \/ IEC62619\/ CE \/ CEC \/ UN38.3<br \/>\n- IP-suojausluokka: IP55<br \/>\n- Sovellukset: Verkko: ON Grid \/ ON Grid + varaj\u00e4rjestelm\u00e4 \/ OFF Grid: ON Grid \/ ON Grid + varaj\u00e4rjestelm\u00e4 \/ OFF Grid<\/p>\n<p>Setti sis\u00e4lt\u00e4\u00e4:<br \/>\n6x BYD B-BOX PREMIUM LVS -akkumoduuli<br \/>\n1x BYD LV PDU + pohja<br \/>\n1x BYD LV-akun hallintayksikk\u00f6 UUSI<\/p>\n<p><strong>Lis\u00e4tietoja:<\/strong><\/p>\n<ul>\n<li><a href=\"https:\/\/storeyourownpower.com\/wp-content\/uploads\/2023\/01\/Datasheet-English-LVS.pdf\" target=\"_blank\" rel=\"noopener\">Tietolehti englanti LVS<\/a><\/li>\n<li><a href=\"https:\/\/storeyourownpower.com\/wp-content\/uploads\/2023\/01\/Datenblatt-German-LVS.pdf\" target=\"_blank\" rel=\"noopener\">Datenblatt Saksan LVS<\/a><\/li>\n<li><a href=\"https:\/\/storeyourownpower.com\/wp-content\/uploads\/2023\/01\/Mounting-instructions-English-LVS.pdf\" target=\"_blank\" rel=\"noopener\">Asennusohjeet englanti LVS<\/a><\/li>\n<li><a href=\"https:\/\/storeyourownpower.com\/wp-content\/uploads\/2023\/01\/Mounting-instructions-German-LVS.pdf\" target=\"_blank\" rel=\"noopener\">Asennusohjeet Saksan LVS<\/a><\/li>\n<li><a href=\"https:\/\/storeyourownpower.com\/wp-content\/uploads\/2023\/01\/Warranty-terms-English.pdf\" target=\"_blank\" rel=\"noopener\">Takuuehdot Englanti<\/a><\/li>\n<li><a href=\"https:\/\/storeyourownpower.com\/wp-content\/uploads\/2023\/01\/Warranty-terms-German-LVS.pdf\" target=\"_blank\" rel=\"noopener\">Takuuehdot Saksan LVS<\/a><\/li>\n<\/ul>","protected":false},"excerpt":{"rendered":"<p>BYD B-Box premium LVS 24.0 VAROITUS: Vaarallinen aine UN 3480 \/ Kuljetuksen vaaraluokka 9 \/ Pakkausryhm\u00e4 II Tiedot: - k\u00e4ytt\u00f6kapasiteetti: 24.00 kWh - nimellisj\u00e4nnite: [...]<\/p>","protected":false},"featured_media":136,"template":"","meta":{"_seopress_robots_primary_cat":"none","_seopress_titles_title":"BYD B-Box Premium LVS 24.0 - Advanced Lithium Battery with High Capacity and Safety Features","_seopress_titles_desc":"Discover the features of the BYD B-Box Premium LVS 24.0, including its 24.00 kWh usable capacity, high output current of 360A, and IP55 protection class. Perfect for ON Grid, ON Grid + Backup, or OFF Grid applications. Get more information and warranty details.","_seopress_robots_index":"","_kad_blocks_custom_css":"","_kad_blocks_head_custom_js":"","_kad_blocks_body_custom_js":"","_kad_blocks_footer_custom_js":""},"product_cat":[17],"product_tag":[],"class_list":{"0":"post-135","1":"product","2":"type-product","3":"status-publish","4":"has-post-thumbnail","6":"product_cat-home-batteries","8":"first","9":"onbackorder","10":"sale","11":"taxable","12":"shipping-taxable","13":"purchasable","14":"product-type-simple"},"taxonomy_info":{"product_cat":[{"value":17,"label":"Home batteries"}]},"featured_image_src_large":["https:\/\/ownpowr.com\/wp-content\/uploads\/2022\/11\/9-252Ff-252F6-252Fc-252F9f6cce05a635a6ae3545c0eba2096a6b27f1a5bb_det_sb_byd_b_box_lvs_24-0.jpeg",640,540,false],"author_info":[],"comment_info":"","_links":{"self":[{"href":"https:\/\/ownpowr.com\/fi\/wp-json\/wp\/v2\/product\/135","targetHints":{"allow":["GET"]}}],"collection":[{"href":"https:\/\/ownpowr.com\/fi\/wp-json\/wp\/v2\/product"}],"about":[{"href":"https:\/\/ownpowr.com\/fi\/wp-json\/wp\/v2\/types\/product"}],"wp:featuredmedia":[{"embeddable":true,"href":"https:\/\/ownpowr.com\/fi\/wp-json\/wp\/v2\/media\/136"}],"wp:attachment":[{"href":"https:\/\/ownpowr.com\/fi\/wp-json\/wp\/v2\/media?parent=135"}],"wp:term":[{"taxonomy":"product_cat","embeddable":true,"href":"https:\/\/ownpowr.com\/fi\/wp-json\/wp\/v2\/product_cat?post=135"},{"taxonomy":"product_tag","embeddable":true,"href":"https:\/\/ownpowr.com\/fi\/wp-json\/wp\/v2\/product_tag?post=135"}],"curies":[{"name":"wp","href":"https:\/\/api.w.org\/{rel}","templated":true}]}}