{"id":144,"date":"2023-10-04T16:36:02","date_gmt":"2023-10-04T14:36:02","guid":{"rendered":"https:\/\/ownpowr.com\/product\/byd-b-box-premium-lvs-8-0\/"},"modified":"2025-10-15T14:02:38","modified_gmt":"2025-10-15T12:02:38","slug":"byd-b-box-premium-lvs-8-0","status":"publish","type":"product","link":"https:\/\/ownpowr.com\/fi\/product\/byd-b-box-premium-lvs-8-0\/","title":{"rendered":"BYD Battery-Box premium LVS 8.0 kWh Toimitus joulukuun puoliv\u00e4li\/loppu joulukuu"},"content":{"rendered":"<p><strong>BYD<\/strong> Battery-Box Premium LVS 8.0 sis\u00e4lt\u00e4\u00e4;<\/p>\n<p>a\u00a0<strong>BYD<\/strong>\u00a0BMU Akunhallintayksikk\u00f6, a\u00a0<strong>BYD<\/strong>\u00a0PDU Virranjakoyksikk\u00f6 ja 2 LVS 4,0 kWh:n akkumoduulia rinnakkain. Mahdollisuus skaalautua lis\u00e4\u00e4m\u00e4ll\u00e4 my\u00f6hemmin t\u00e4h\u00e4n pinoon rinnakkain enint\u00e4\u00e4n 4 LVS-moduulia, jolloin k\u00e4ytt\u00f6kapasiteetti on jopa 24 kWh.<\/p>\n<p>Lis\u00e4ksi enint\u00e4\u00e4n 256 kWh:n enimm\u00e4iskapasiteetti voidaan saavuttaa kytkem\u00e4ll\u00e4 suoraan rinnakkain jopa 16 samanlaista Battery-Box Premium LVS 16kWh -pakkausta.<\/p>\n<p>VAROITUS:<br \/>\nVaarallinen aine UN 3480:n mukaan \/ Kuljetuksen vaaraluokka 9 \/ Pakkausryhm\u00e4 II<\/p>\n<p>&nbsp;<\/p>\n<p><strong>\u2714 Pystyy suuritehoiseen h\u00e4t\u00e4varaj\u00e4rjestelm\u00e4\u00e4n ja Off-Grid-toimintoihin.<\/strong><\/p>\n<p><strong>\u2714 Korkein hy\u00f6tysuhde todellisen matalaj\u00e4nnitteisen rinnakkaiskytkenn\u00e4n ansiosta.<\/strong><\/p>\n<p><strong>\u2714 Parented Modular Plug Design - Ei sis\u00e4ist\u00e4 johdotusta - Maksimaalinen joustavuus ja helppok\u00e4ytt\u00f6isyys.<\/strong><\/p>\n<p><strong>\u2714 Kobolttivapaa litium-rautafosfaattiakku (LFP) - maksimaalinen turvallisuus, elinkaari ja teho<\/strong><\/p>\n<p><strong>\u2714 Yhteensopiva johtavien 1- tai 3-vaiheisten matalaj\u00e4nniteakkujen kanssa<\/strong><\/p>\n<p>&nbsp;<\/p>\n<p>- k\u00e4ytt\u00f6kelpoinen kapasiteetti: 8.00 kWh<br \/>\n- nimellisj\u00e4nnite: 51,2 V<br \/>\n- Max. L\u00e4ht\u00f6virta: 130A<br \/>\n- L\u00e4hd\u00f6n huippuvirta: 180A, 5s<br \/>\n- K\u00e4ytt\u00f6j\u00e4nnitealue: 40-57.6 V<br \/>\n- Ymp\u00e4rist\u00f6n l\u00e4mp\u00f6tila: -10 \u00b0C - +50 \u00b0C<br \/>\n- liit\u00e4nn\u00e4t: CAN\/RS485<br \/>\n- energiatehokkuuden kiertomatka: &gt;= 95%<br \/>\n- sertifiointi: CE \/ CEC \/ UN38.3: VDE2510-50 \/ IEC62619\/ CE \/ CEC \/ UN38.3<br \/>\n- IP-suojausluokka: IP55<br \/>\n- Sovellukset: Verkko: ON Grid \/ ON Grid + varaj\u00e4rjestelm\u00e4 \/ OFF Grid: ON Grid \/ ON Grid + varaj\u00e4rjestelm\u00e4 \/ OFF Grid<br \/>\n- Aina laajennettavissa \/ jopa 16 LVS 16.0 rinnakkain \/ 256 kWh k\u00e4ytt\u00f6kelpoinenSarja sis\u00e4lt\u00e4\u00e4:<br \/>\n2x 12910053-00 (BYD B-BOX PREMIUM LVS -akkumoduuli)<br \/>\n1x 12940054-00 (BYD LV PDU + pohja)<br \/>\n1x 13172499-00 (BYD LV-akunhallintayksikk\u00f6 UUSI)<\/p>\n<div><\/div>\n<div class=\"product--description\">\n<p><strong>Lis\u00e4tietoja:<\/strong><\/p>\n<ul>\n<li><a href=\"https:\/\/storeyourownpower.com\/wp-content\/uploads\/2023\/01\/Datasheet-English-LVS.pdf\" target=\"_blank\" rel=\"noopener\">Tietolehti englanti LVS<\/a><\/li>\n<li><a href=\"https:\/\/storeyourownpower.com\/wp-content\/uploads\/2023\/01\/Datenblatt-German-LVS.pdf\" target=\"_blank\" rel=\"noopener\">Datenblatt Saksan LVS<\/a><\/li>\n<li><a href=\"https:\/\/storeyourownpower.com\/wp-content\/uploads\/2023\/01\/Mounting-instructions-English-LVS.pdf\" target=\"_blank\" rel=\"noopener\">Asennusohjeet englanti LVS<\/a><\/li>\n<li><a href=\"https:\/\/storeyourownpower.com\/wp-content\/uploads\/2023\/01\/Mounting-instructions-German-LVS.pdf\" target=\"_blank\" rel=\"noopener\">Asennusohjeet Saksan LVS<\/a><\/li>\n<li><a href=\"https:\/\/storeyourownpower.com\/wp-content\/uploads\/2023\/01\/Warranty-terms-English.pdf\" target=\"_blank\" rel=\"noopener\">Takuuehdot Englanti<\/a><\/li>\n<li><a href=\"https:\/\/storeyourownpower.com\/wp-content\/uploads\/2023\/01\/Warranty-terms-German-LVS.pdf\" target=\"_blank\" rel=\"noopener\">Takuuehdot Saksan LVS<\/a><\/li>\n<\/ul>\n<\/div>","protected":false},"excerpt":{"rendered":"<p>BYD Battery-Box Premium LVS 8.0 koostuu seuraavista osista: BYD BMU akunhallintayksikk\u00f6, BYD PDU virranjakoyksikk\u00f6 ja 2 LVS 4,0 kWh akkumoduulia rinnakkain. Mahdollisuus skaalautua lis\u00e4\u00e4m\u00e4ll\u00e4 jopa [...]<\/p>","protected":false},"featured_media":145,"template":"","meta":{"_seopress_robots_primary_cat":"none","_seopress_titles_title":"BYD Battery-Box Premium LVS 8.0: High-Powered Emergency-Backup and Off-Grid functionality, Maximum Safety, and Expandable Capacity","_seopress_titles_desc":"Discover the scalable BYD Battery-Box Premium LVS 8.0 with efficient Low-Voltage parallel connection and maximum safety. Compatible with leading battery inverters.","_seopress_robots_index":"","_kad_blocks_custom_css":"","_kad_blocks_head_custom_js":"","_kad_blocks_body_custom_js":"","_kad_blocks_footer_custom_js":""},"product_cat":[17],"product_tag":[],"class_list":{"0":"post-144","1":"product","2":"type-product","3":"status-publish","4":"has-post-thumbnail","6":"product_cat-home-batteries","8":"first","9":"onbackorder","10":"sale","11":"taxable","12":"shipping-taxable","13":"purchasable","14":"product-type-simple"},"taxonomy_info":{"product_cat":[{"value":17,"label":"Home batteries"}]},"featured_image_src_large":["https:\/\/ownpowr.com\/wp-content\/uploads\/2022\/11\/c-252F5-252F6-252Fe-252Fc56e658a81cc0b440f8fe33cc4f1ab6a9dd62f03_det_sb_byd_b_box_lvs_8-0.jpeg",640,540,false],"author_info":[],"comment_info":"","_links":{"self":[{"href":"https:\/\/ownpowr.com\/fi\/wp-json\/wp\/v2\/product\/144","targetHints":{"allow":["GET"]}}],"collection":[{"href":"https:\/\/ownpowr.com\/fi\/wp-json\/wp\/v2\/product"}],"about":[{"href":"https:\/\/ownpowr.com\/fi\/wp-json\/wp\/v2\/types\/product"}],"wp:featuredmedia":[{"embeddable":true,"href":"https:\/\/ownpowr.com\/fi\/wp-json\/wp\/v2\/media\/145"}],"wp:attachment":[{"href":"https:\/\/ownpowr.com\/fi\/wp-json\/wp\/v2\/media?parent=144"}],"wp:term":[{"taxonomy":"product_cat","embeddable":true,"href":"https:\/\/ownpowr.com\/fi\/wp-json\/wp\/v2\/product_cat?post=144"},{"taxonomy":"product_tag","embeddable":true,"href":"https:\/\/ownpowr.com\/fi\/wp-json\/wp\/v2\/product_tag?post=144"}],"curies":[{"name":"wp","href":"https:\/\/api.w.org\/{rel}","templated":true}]}}