{"id":146,"date":"2023-10-04T16:35:55","date_gmt":"2023-10-04T14:35:55","guid":{"rendered":"https:\/\/ownpowr.com\/product\/byd-premium-lvs-12-0\/"},"modified":"2025-10-15T14:03:18","modified_gmt":"2025-10-15T12:03:18","slug":"byd-premium-lvs-12-0","status":"publish","type":"product","link":"https:\/\/ownpowr.com\/fi\/product\/byd-premium-lvs-12-0\/","title":{"rendered":"BYD Battery-Box premium LVS 12.0 kWh Toimitus joulukuun puoliv\u00e4li\/loppu joulukuu"},"content":{"rendered":"<p>BYD B-Box premium LVS 12.0<\/p>\n<p>VAROITUS:<br \/>\nVaarallinen aine UN 3480:n mukaan \/ Kuljetuksen vaaraluokka 9 \/ Pakkausryhm\u00e4 II<\/p>\n<p>&nbsp;<\/p>\n<p>- k\u00e4ytt\u00f6kapasiteetti: 12.00 kWh<br \/>\n- nimellisj\u00e4nnite: 51,2 V<br \/>\n- Max. L\u00e4ht\u00f6virta: 195A<br \/>\n- Huippul\u00e4hd\u00f6n virta: 270A, 5s<br \/>\n- K\u00e4ytt\u00f6j\u00e4nnitealue: 40-57.6 V<br \/>\n- Ymp\u00e4rist\u00f6n l\u00e4mp\u00f6tila: -10 \u00b0C - +50 \u00b0C<br \/>\n- liit\u00e4nn\u00e4t: CAN\/RS485<br \/>\n- edestakainen energiatehokkuus: &gt;= 95%<br \/>\n- sertifiointi: CE \/ CEC \/ UN38.3: VDE2510-50 \/ IEC62619\/ CE \/ CEC \/ UN38.3<br \/>\n- IP-suojausluokka: IP55<br \/>\n- Sovellukset: Verkko: ON Grid \/ ON Grid + varaj\u00e4rjestelm\u00e4 \/ OFF Grid: ON Grid \/ ON Grid + varaj\u00e4rjestelm\u00e4 \/ OFF Grid<br \/>\n- Aina laajennettavissa \/ jopa 16 LVS 16.0 rinnakkain \/ 256 kWh k\u00e4ytt\u00f6kelpoinen<\/p>\n<p>Setti sis\u00e4lt\u00e4\u00e4:<br \/>\n3x BYD B-BOX PREMIUM LVS -akkumoduuli<br \/>\n1x BYD LV PDU + pohja<br \/>\n1x BYD LV-akun hallintayksikk\u00f6 UUSI<\/p>\n<p><strong>Lis\u00e4tietoja:<\/strong><\/p>\n<ul>\n<li><a href=\"https:\/\/storeyourownpower.com\/wp-content\/uploads\/2023\/01\/Datasheet-English-LVS.pdf\" target=\"_blank\" rel=\"noopener\">Tietolehti englanti LVS<\/a><\/li>\n<li><a href=\"https:\/\/storeyourownpower.com\/wp-content\/uploads\/2023\/01\/Datenblatt-German-LVS.pdf\" target=\"_blank\" rel=\"noopener\">Datenblatt Saksan LVS<\/a><\/li>\n<li><a href=\"https:\/\/storeyourownpower.com\/wp-content\/uploads\/2023\/01\/Mounting-instructions-English-LVS.pdf\" target=\"_blank\" rel=\"noopener\">Asennusohjeet englanti LVS<\/a><\/li>\n<li><a href=\"https:\/\/storeyourownpower.com\/wp-content\/uploads\/2023\/01\/Mounting-instructions-German-LVS.pdf\" target=\"_blank\" rel=\"noopener\">Asennusohjeet Saksan LVS<\/a><\/li>\n<li><a href=\"https:\/\/storeyourownpower.com\/wp-content\/uploads\/2023\/01\/Warranty-terms-English.pdf\" target=\"_blank\" rel=\"noopener\">Takuuehdot Englanti<\/a><\/li>\n<li><a href=\"https:\/\/storeyourownpower.com\/wp-content\/uploads\/2023\/01\/Warranty-terms-German-LVS.pdf\" target=\"_blank\" rel=\"noopener\">Takuuehdot Saksan LVS<\/a><\/li>\n<\/ul>","protected":false},"excerpt":{"rendered":"<p>BYD B-Box premium LVS 12.0 VAROITUS: Vaarallinen aine UN 3480 mukaan \/ Kuljetuksen vaaraluokka 9 \/ Pakkausryhm\u00e4 II - k\u00e4ytt\u00f6kapasiteetti: 12.00 kWh - nimellisj\u00e4nnite: [...]<\/p>","protected":false},"featured_media":147,"template":"","meta":{"_seopress_robots_primary_cat":"none","_seopress_titles_title":"BYD B-Box Premium LVS 12.0: Battery Module with High Capacity and Advanced Features","_seopress_titles_desc":"This BYD B-Box premium LVS 12.0 battery module boasts a usable capacity of 12.00 kWh and high performance specifications. Perfect for ON Grid, OFF Grid, and backup applications. Expandable up to 256 kWh. Find out more on our datasheet and warranty terms.","_seopress_robots_index":"","_kad_blocks_custom_css":"","_kad_blocks_head_custom_js":"","_kad_blocks_body_custom_js":"","_kad_blocks_footer_custom_js":""},"product_cat":[17],"product_tag":[],"class_list":{"0":"post-146","1":"product","2":"type-product","3":"status-publish","4":"has-post-thumbnail","6":"product_cat-home-batteries","8":"first","9":"onbackorder","10":"sale","11":"taxable","12":"shipping-taxable","13":"purchasable","14":"product-type-simple"},"taxonomy_info":{"product_cat":[{"value":17,"label":"Home batteries"}]},"featured_image_src_large":["https:\/\/ownpowr.com\/wp-content\/uploads\/2022\/11\/6-252F2-252Fe-252F0-252F62e093b4901fabec057d9d2155727bf373de6550_det_sb_byd_b_box_lvs_12-0.jpeg",640,540,false],"author_info":[],"comment_info":"","_links":{"self":[{"href":"https:\/\/ownpowr.com\/fi\/wp-json\/wp\/v2\/product\/146","targetHints":{"allow":["GET"]}}],"collection":[{"href":"https:\/\/ownpowr.com\/fi\/wp-json\/wp\/v2\/product"}],"about":[{"href":"https:\/\/ownpowr.com\/fi\/wp-json\/wp\/v2\/types\/product"}],"wp:featuredmedia":[{"embeddable":true,"href":"https:\/\/ownpowr.com\/fi\/wp-json\/wp\/v2\/media\/147"}],"wp:attachment":[{"href":"https:\/\/ownpowr.com\/fi\/wp-json\/wp\/v2\/media?parent=146"}],"wp:term":[{"taxonomy":"product_cat","embeddable":true,"href":"https:\/\/ownpowr.com\/fi\/wp-json\/wp\/v2\/product_cat?post=146"},{"taxonomy":"product_tag","embeddable":true,"href":"https:\/\/ownpowr.com\/fi\/wp-json\/wp\/v2\/product_tag?post=146"}],"curies":[{"name":"wp","href":"https:\/\/api.w.org\/{rel}","templated":true}]}}