{"id":185455,"date":"2025-01-30T09:44:03","date_gmt":"2025-01-30T07:44:03","guid":{"rendered":"https:\/\/ownpowr.com\/?post_type=product&#038;p=185455"},"modified":"2025-01-30T09:44:03","modified_gmt":"2025-01-30T07:44:03","slug":"blauhoff-maxus-storage-only-385kwh-liquid-cooled-energy-storage-cabinet-10y-warantee-8000-cycles","status":"publish","type":"product","link":"https:\/\/ownpowr.com\/fi\/product\/blauhoff-maxus-storage-only-385kwh-nestejaahdytteinen-energiavarastokaappi-10-vuoden-takuu-8000-syklia\/","title":{"rendered":"Blauhoff Maxus Vain varastointi 385 kWh nestej\u00e4\u00e4hdytteinen energiavarastokaappi 10 vuoden takuu 8000 sykli\u00e4"},"content":{"rendered":"<p>HUOMIO !<\/p>\n<p>Integroinnin ja monimutkaisuuden vuoksi t\u00e4m\u00e4 hinta on liikkeenasentajan hinta ilman arvonlis\u00e4veroa ja ilman kokoonpanoa.<\/p>\n<p>Asennuksen suorittaa paikallinen asentaja teknisen ty\u00f6ntekij\u00e4mme avustuksella.<\/p>\n<p>Blauhoff Maxus Vain varastointi 385Kwh energiavarastokaappi nestej\u00e4\u00e4hdytteinen 10 vuoden takuu 8000 sykli\u00e4<\/p>\n<p>Mahdollinen tuki https:\/\/blauhoff.nl\/subsidies-thuisbatterij-voor-bedrijven\/<\/p>\n<p>Prismaattiset kennot takaavat parhaan laadun ja pisimm\u00e4n k\u00e4ytt\u00f6i\u00e4n, 8000 sykli\u00e4 ja 10 vuoden takuu kennoille ilman lis\u00e4kustannuksia ja 5 vuotta koko kennolle.<\/p>\n<p>Useimmilla muilla toimittajilla on 3-5 vuotta kokonaisille ja kennoille ja sen j\u00e4lkeen joudutte maksamaan ylim\u00e4\u00e4r\u00e4ist\u00e4 !<\/p>\n<p>T\u00e4ysin integroitu ESS helpottaa kuljetusta ja huoltoa. Voidaan sovittaa monien suurimpien invertterimerkkien (somotec) kanssa ja k\u00e4ytt\u00e4\u00e4 kompaktina akkuvarastona.<\/p>\n<p>Integroidun ja modulaarisen rakenteen ansiosta se on nopea asentaa ja k\u00e4ytt\u00e4\u00e4 enint\u00e4\u00e4n 3 tuntia.<\/p>\n<p>Blauhoff BLH-385kWh-Maxus, on teollinen ESS-varastokaappi nestej\u00e4\u00e4hdytyksell\u00e4, joka on integroitu akun, BMS: n, l\u00e4mm\u00f6nhallinnan, tehonjakelun, palontorjunnan jne. kanssa.<\/p>\n<p>Sen turvallisuussuunnittelu takaa paremman akun suorituskyvyn ja pidemm\u00e4n k\u00e4ytt\u00f6i\u00e4n.<br \/>\nel\u00e4m\u00e4\u00e4. Useita kaappisarjoja voidaan kytke\u00e4 suoraan rinnakkain jopa 30 yksikk\u00f6\u00f6n energian varastoimiseksi.<br \/>\nj\u00e4rjestelm\u00e4n laajentaminen. Se on eritt\u00e4in helposti skaalautuva ja kannettava.<\/p>\n<p>Nestej\u00e4\u00e4hdytys :<br \/>\nAkkukennojen l\u00e4mp\u00f6tilan vaihtelu<br \/>\non koko j\u00e4rjestelm\u00e4ss\u00e4 \u00b11,5 \u00b0C:n tarkkuudella johtuen siit\u00e4, ett\u00e4<br \/>\n\u00e4lyk\u00e4s nestej\u00e4\u00e4hdytysj\u00e4rjestelm\u00e4. Se voi<br \/>\npident\u00e4\u00e4 j\u00e4rjestelm\u00e4n k\u00e4ytt\u00f6ik\u00e4\u00e4 jopa<br \/>\n30%, lis\u00e4\u00e4 j\u00e4rjestelm\u00e4n pitk\u00e4n aikav\u00e4lin tehokkuutta<br \/>\nenint\u00e4\u00e4n 88,5%.<\/p>\n<p>Turvallinen<br \/>\nJ\u00e4rjestelm\u00e4ss\u00e4 on nelj\u00e4 hallintotasoa<br \/>\nrakenne, joka voi tarjota tarkan<br \/>\noikosulkusuojaus, ylivirtasuojaus<br \/>\nsuojaus, ylij\u00e4nnitesuojaus<br \/>\nalij\u00e4nnitesuojaus, ylil\u00e4mp\u00f6tilasuojaus<br \/>\nsuojelu jne.<\/p>\n<p><strong>NEN-EN-IEC 62619:2022 - Alkali- tai muita kuin happoelektrolyyttej\u00e4 sis\u00e4lt\u00e4v\u00e4t sekundaariset parit ja akut - Teollisuudessa k\u00e4ytett\u00e4vien sekundaaristen litiumparien ja -akkujen turvallisuusvaatimukset<\/strong><\/p>\n<p><strong>NEN-EN-IEC 61000-6-2\u3001EN IEC 61000-6-4<\/strong><\/p>\n<p><strong>UL 9540A:2019 painos 4 - Standardi testausmenetelm\u00e4lle akkujen energiavarastoj\u00e4rjestelmien palon levi\u00e4misen arvioimiseksi.<\/strong><\/p>\n<p><strong>UN38.3<\/strong><strong>s<\/strong><\/p>","protected":false},"excerpt":{"rendered":"<p>HUOMIO ! Integroinnin ja monimutkaisuuden vuoksi t\u00e4m\u00e4 hinta on liikkeenasentajan hinta ilman arvonlis\u00e4veroa ja ilman kokoonpanoa Asennuksen suorittaa paikallinen asentajasi teknisen [...]<\/p>","protected":false},"featured_media":185452,"template":"","meta":{"_seopress_robots_primary_cat":"none","_seopress_titles_title":"","_seopress_titles_desc":"","_seopress_robots_index":"","_kad_blocks_custom_css":"","_kad_blocks_head_custom_js":"","_kad_blocks_body_custom_js":"","_kad_blocks_footer_custom_js":""},"product_cat":[17],"product_tag":[],"class_list":{"0":"post-185455","1":"product","2":"type-product","3":"status-publish","4":"has-post-thumbnail","6":"product_cat-home-batteries","8":"first","9":"instock","10":"sale","11":"taxable","12":"shipping-taxable","13":"purchasable","14":"product-type-simple"},"taxonomy_info":{"product_cat":[{"value":17,"label":"Home batteries"}]},"featured_image_src_large":["https:\/\/ownpowr.com\/wp-content\/uploads\/2024\/10\/maxus-.png",300,300,false],"author_info":[],"comment_info":"","_links":{"self":[{"href":"https:\/\/ownpowr.com\/fi\/wp-json\/wp\/v2\/product\/185455","targetHints":{"allow":["GET"]}}],"collection":[{"href":"https:\/\/ownpowr.com\/fi\/wp-json\/wp\/v2\/product"}],"about":[{"href":"https:\/\/ownpowr.com\/fi\/wp-json\/wp\/v2\/types\/product"}],"wp:featuredmedia":[{"embeddable":true,"href":"https:\/\/ownpowr.com\/fi\/wp-json\/wp\/v2\/media\/185452"}],"wp:attachment":[{"href":"https:\/\/ownpowr.com\/fi\/wp-json\/wp\/v2\/media?parent=185455"}],"wp:term":[{"taxonomy":"product_cat","embeddable":true,"href":"https:\/\/ownpowr.com\/fi\/wp-json\/wp\/v2\/product_cat?post=185455"},{"taxonomy":"product_tag","embeddable":true,"href":"https:\/\/ownpowr.com\/fi\/wp-json\/wp\/v2\/product_tag?post=185455"}],"curies":[{"name":"wp","href":"https:\/\/api.w.org\/{rel}","templated":true}]}}