{"id":187742,"date":"2024-10-25T09:11:12","date_gmt":"2024-10-25T07:11:12","guid":{"rendered":"https:\/\/ownpowr.com\/?post_type=product&#038;p=187742"},"modified":"2025-01-30T09:53:51","modified_gmt":"2025-01-30T07:53:51","slug":"blauhoff-25k-80kwh-hv-3-phase-system-powerpack-ip55-100ah-1c-charge-discharge","status":"publish","type":"product","link":"https:\/\/ownpowr.com\/fi\/product\/blauhoff-25k-80kwh-hv-3-vaihejarjestelma-powerpack-ip55-100ah-1c-lataus-purku\/","title":{"rendered":"Blauhoff 25K\/80kWh HV 3-vaihej\u00e4rjestelm\u00e4 Powerpack IP55 100aH 1C lataus\/purku"},"content":{"rendered":"<h2>Blauhoff Koti 25K\/80 kWh HV 3 Fase systeem Cobalt vrij Powerpack IP55 Outdoor\/Indoor\/Cobalt vrij 100aH 1C<\/h2>\n<p>Eritt\u00e4in vankka ja tehokas ja helposti s\u00e4rkyv\u00e4 Blauhoff Home BLH-25k\/80 kWh 3-vaiheinen j\u00e4rjestelm\u00e4, joka on per\u00e4isin yleisest\u00e4 merkist\u00e4 Blauhoff, tarjoaa tehokkaan ja tehokkaan k\u00e4ytt\u00f6mahdollisuuden energiankulutuksen v\u00e4hent\u00e4miseksi kodin l\u00e4mmityskoneissa, joissa on suuri energiam\u00e4\u00e4r\u00e4. T\u00e4m\u00e4n tehokkaan j\u00e4rjestelm\u00e4n avulla voit optimoida asuntosi energiankulutuksen, v\u00e4hent\u00e4\u00e4 s\u00e4hk\u00f6verkon aiheuttamaa haittaa ja hy\u00f6ty\u00e4 energiankulutuksen v\u00e4henemisest\u00e4, kun on kyse huonetilasta. Lis\u00e4ksi j\u00e4rjestelm\u00e4 on varustettu maksuttomalla asennuksella, joka mahdollistaa miellytt\u00e4v\u00e4n asennuksen. Communiceert met dynamische stroom als nodig zonder abonnement and altijd vrije keuze in energie leverancier !<\/p>\n<p>Peittimen pituus on 780 mm ja paino 33,6 kg. 300 mm:n lis\u00e4kaapelin avulla omamittarin ja akun v\u00e4liss\u00e4 voit luoda j\u00e4rjestelm\u00e4llesi optimaalisen sijoituspaikan, joka takaa tehokkaan energiank\u00e4yt\u00f6n ja mahdollisimman v\u00e4h\u00e4iset energiankulutukset.<\/p>\n<p>Blauhoff-akkusysteemi on duurzaam, kobolttipintainen, kompakti ja litte\u00e4, ja sen mitat ovat 734 mm x 400 mm moduulia kohti ja paino on 906 kg. Akun kapasiteetti on 80 kWh, jolloin voit ladata ylim\u00e4\u00e4r\u00e4ist\u00e4 energiaa, joka tulee vastaan s\u00e4hk\u00f6paneeleidesi tai muiden energiamuotojen kautta. Silloin, kun ei ole mit\u00e4\u00e4n energiantuotantoa, voitte ottaa k\u00e4ytt\u00f6\u00f6si oikaistua energiaa, jotta energial\u00e4hteenne voi laskea, jolloin s\u00e4hk\u00f6verkko ja energiakustannukset eiv\u00e4t ole en\u00e4\u00e4 niin haitallisia kuin ennen. T\u00e4m\u00e4 tapahtuu automaattisesti yhdess\u00e4 dynaamisen energiasopimuksen kanssa. Voit talvella hy\u00f6ty\u00e4 hyvist\u00e4 tiloista, joita voit k\u00e4ytt\u00e4\u00e4 y\u00f6ll\u00e4 ja seuraavana p\u00e4iv\u00e4n\u00e4, ja talvella voit ladata ilmaiseksi keskip\u00e4iv\u00e4ll\u00e4 ja keskip\u00e4iv\u00e4ll\u00e4 ja aamulla tai y\u00f6ll\u00e4 autoa, jota voit k\u00e4ytt\u00e4\u00e4.<\/p>\n<p><strong>Erityinen lataus\/purku 1C (100aH), jotta voit ladata ja ladata nopeasti. 8000 sykli\u00e4 10 vuoden takuu &amp; UL9540A-sertifioitu, kaikkein paras ja luotettavin kategoria!<\/strong><\/p>\n<p><strong>K\u00e4yt\u00f6ss\u00e4si on ilmainen Blauhoff Smartlanhub, joka sis\u00e4lt\u00e4\u00e4 sovelluksen ja laitteiston ja jonka avulla voit automaattisesti ja ilman liittymiskustannuksia k\u00e4sitell\u00e4 s\u00e4hk\u00f6\u00e4 dynaamisesti ja ottaa itse vastuun energiankulutuksestasi.  Voit t\u00e4ll\u00f6in tutustua t\u00e4rkeimp\u00e4\u00e4n energiankuljettajaan. Yhteensopiva Homeautomation ja Homey Pro domotican kanssa.<\/strong><\/p>\n<p>Home BLH-25k\/80 kWh 3-vaiheinen j\u00e4rjestelm\u00e4 on tarkoitettu kotitalouksille, joiden yhteenlaskettu vuotuinen kulutus on yli 29200 kWh. 25 kW:n teholla voit laskea energiankulutustasi yht\u00e4 paljon kuin akussa olevan opgewekte zonne-energian ja opgeslagenergian avulla. Lis\u00e4ksi t\u00e4m\u00e4 j\u00e4rjestelm\u00e4 on varustettu noodstroomvoorziening-j\u00e4rjestelm\u00e4ll\u00e4, jonka avulla voidaan varmistaa, ett\u00e4 t\u00e4rke\u00e4t laitteet toimivat tijdens stroomuitval ja ett\u00e4 p\u00e4ivitt\u00e4iset rutiinit ovat kunnossa. T\u00e4ll\u00f6in j\u00e4rjestelm\u00e4 k\u00e4ynnistyy ja on maksimissaan 600 kWh:n tehoinen.<\/p>\n<p>Het Blauhoff Home BLH-25k\/80 kWh 3 Fase Systeem Powerpack is ontworpen met flexibleiliteit in gedachten. Het beschikt over een generatoren\/windmolen poort, waardoor u de mogelijkheid heeft om extra energiebronnen toe te voegen en uw energieonafhankelijkheid verder te vergroten. J\u00e4rjestelm\u00e4 on yhteensopiva useimpien s\u00e4hk\u00f6verkkojen kanssa, koska sen minimivirtaama on 3x25A ja se on suunniteltu kolmivaiheisia konfiguraatioita varten.<\/p>\n<p>Maksuttoman asennuksen ansiosta voit k\u00e4ytt\u00e4\u00e4 ammattimaista asennusta, jolloin j\u00e4rjestelm\u00e4si toimii optimaalisesti koko ajan, ja voit nauttia erinomaisesta kokemuksesta.<\/p>\n<p>Siirry tehokkaampaan ja nopeampaan energiankulutukseen Blauhoff Home BLH-25k\/80kWh 3-vaiheisella j\u00e4rjestelm\u00e4ll\u00e4. Krachtige energieopslag, noodstroomvoorziening and flexibleiliteit in energiebronnen kunt u vertrouwen op een betrouwbare stroomvoorziening, kostenbesparingen realiseren and uw ecologische voetafdruk verkleinen. Kies for Blauhoff and maak uw woning klaar for de energiebehoeften van de toekomst.<\/p>\n<p><a href=\"https:\/\/blauhoff.nl\/wp-content\/uploads\/2024\/10\/Blauhoff-Power-Pack-HV-V1.4-1.pdf\" target=\"_blank\" rel=\"noopener\">Blauhoff Power Pack HV V1.4 (1) (1)<\/a><\/p>","protected":false},"excerpt":{"rendered":"<p>Blauhoff Home 25K\/80 kWh HV 3 Fase systeem Cobalt vrij Powerpack IP55 Outdoor\/Indoor\/Cobalt vrij 100aH 1C Het super robuste en makkelijk uitbreidbare Blauhoff Home BLH-25k\/80 kWh 3 Fase Systeem, van [...]<\/p>","protected":false},"featured_media":187745,"template":"","meta":{"_seopress_robots_primary_cat":"none","_seopress_titles_title":"","_seopress_titles_desc":"","_seopress_robots_index":"","_kad_blocks_custom_css":"","_kad_blocks_head_custom_js":"","_kad_blocks_body_custom_js":"","_kad_blocks_footer_custom_js":""},"product_cat":[17,19],"product_tag":[],"class_list":{"0":"post-187742","1":"product","2":"type-product","3":"status-publish","4":"has-post-thumbnail","6":"product_cat-home-batteries","7":"product_cat-sets-with-inverters","9":"first","10":"instock","11":"taxable","12":"shipping-taxable","13":"purchasable","14":"product-type-simple"},"taxonomy_info":{"product_cat":[{"value":17,"label":"Home batteries"},{"value":19,"label":"Sets with inverters"}]},"featured_image_src_large":["https:\/\/ownpowr.com\/wp-content\/uploads\/2024\/10\/bh3-25k-80kwh-300x300-1.png",300,300,false],"author_info":[],"comment_info":"","_links":{"self":[{"href":"https:\/\/ownpowr.com\/fi\/wp-json\/wp\/v2\/product\/187742","targetHints":{"allow":["GET"]}}],"collection":[{"href":"https:\/\/ownpowr.com\/fi\/wp-json\/wp\/v2\/product"}],"about":[{"href":"https:\/\/ownpowr.com\/fi\/wp-json\/wp\/v2\/types\/product"}],"wp:featuredmedia":[{"embeddable":true,"href":"https:\/\/ownpowr.com\/fi\/wp-json\/wp\/v2\/media\/187745"}],"wp:attachment":[{"href":"https:\/\/ownpowr.com\/fi\/wp-json\/wp\/v2\/media?parent=187742"}],"wp:term":[{"taxonomy":"product_cat","embeddable":true,"href":"https:\/\/ownpowr.com\/fi\/wp-json\/wp\/v2\/product_cat?post=187742"},{"taxonomy":"product_tag","embeddable":true,"href":"https:\/\/ownpowr.com\/fi\/wp-json\/wp\/v2\/product_tag?post=187742"}],"curies":[{"name":"wp","href":"https:\/\/api.w.org\/{rel}","templated":true}]}}