{"id":189086,"date":"2025-01-30T10:14:35","date_gmt":"2025-01-30T08:14:35","guid":{"rendered":"https:\/\/ownpowr.com\/?post_type=product&#038;p=189086"},"modified":"2025-01-30T10:14:35","modified_gmt":"2025-01-30T08:14:35","slug":"blauhoff-home-12k-60-kwh-lv-3-phase-system-cobalt-free-powerpack-ip55-outdoor-indoor-cobalt-free-100ah-1c","status":"publish","type":"product","link":"https:\/\/ownpowr.com\/fi\/product\/blauhoff-home-12k-60-kwh-lv-3-vaihejarjestelma-koboltti-vapaa-powerpack-ip55-ulkona-sisatiloissa-koboltti-vapaa-100ah-1c\/","title":{"rendered":"Blauhoff Koti 12K\/60 kWh LV 3-vaihej\u00e4rjestelm\u00e4 Koboltiton Powerpack IP55 Ulkoilu\/ulkoilu\/koboltiton 100aH 1C"},"content":{"rendered":"<p>Blauhoff Koti 12K\/60 kWh LV 3-vaihej\u00e4rjestelm\u00e4 Koboltiton Powerpack IP55 Ulkoilu\/ulkoilu\/koboltiton 100aH 1C<\/p>\n<p>Tunnetun Blauhoff-merkin eritt\u00e4in kest\u00e4v\u00e4 ja helposti laajennettava Blauhoff Home BLH-12k\/60 kWh 3-vaihej\u00e4rjestelm\u00e4 tarjoaa luotettavan ja tehokkaan energiavarastointiratkaisun kotitalouksille, joissa on suurempi kulutus. T\u00e4m\u00e4n tehokkaan j\u00e4rjestelm\u00e4n avulla voit optimoida kotisi energiatehokkuuden, v\u00e4hent\u00e4\u00e4 riippuvuuttasi s\u00e4hk\u00f6verkosta ja hy\u00f6ty\u00e4 varavoimanl\u00e4hteist\u00e4 s\u00e4hk\u00f6katkosten varalta. Lis\u00e4ksi t\u00e4m\u00e4n j\u00e4rjestelm\u00e4n mukana toimitetaan ilmainen kokoonpano, joka takaa vaivattoman asennuksen. Kommunikoi dynaamisen tehon kanssa tarpeen mukaan ilman tilausta ja aina vapaa energiantoimittajan valinta !<\/p>\n<p>Taajuusmuuttajan pituus on 780 mm ja paino 33,6 kg. Invertterin ja akun v\u00e4lisen 300 mm:n lis\u00e4kaapelin avulla voit m\u00e4\u00e4ritt\u00e4\u00e4 j\u00e4rjestelm\u00e4llesi optimaalisen sijoituspaikan, mik\u00e4 takaa tehokkaan energiansiirron ja minimaaliset energiah\u00e4vi\u00f6t.<\/p>\n<p>Blauhoff-akkuj\u00e4rjestelm\u00e4 on kest\u00e4v\u00e4, koboltiton, kompakti ja litte\u00e4, ja sen mitat ovat 734 mm x 400 mm moduulia kohti ja paino 680 kg. Akun kapasiteetti on 60 kWh, ja sen avulla voit varastoida aurinkopaneelien tai muiden energial\u00e4hteiden tuottaman ylim\u00e4\u00e4r\u00e4isen energian. Kun energiantuotantoa ei ole, voit k\u00e4ytt\u00e4\u00e4 varastoitua energiaa energiankulutuksen kattamiseen, jolloin riippuvuutesi s\u00e4hk\u00f6verkosta v\u00e4henee ja energiakustannukset pienenev\u00e4t entisest\u00e4\u00e4n. T\u00e4m\u00e4 kaikki tapahtuu automaattisesti yhdess\u00e4 nykyisen dynaamisen energiasopimuksen kanssa. Voit sitten hy\u00f6dynt\u00e4\u00e4 halpaa energiaa talvella y\u00f6ll\u00e4 ja k\u00e4ytt\u00e4\u00e4 sit\u00e4 koko p\u00e4iv\u00e4n ja kes\u00e4ll\u00e4 ladata ilmaiseksi iltap\u00e4iv\u00e4ll\u00e4 ja k\u00e4ytt\u00e4\u00e4 sit\u00e4 illalla ja ladata autoa sill\u00e4 aamulla tai y\u00f6ll\u00e4.<\/p>\n<p>Erikoisvalmisteinen lataus\/purku 1C (100aH), joten voit ladata ja purkaa uskomattoman nopeasti. 8000 sykli\u00e4 10 vuoden takuu &amp; UL9540A-sertifioitu, korkein saavutettavissa oleva ja paloturvallisin luokka!<\/p>\n<p>Toimitetaan aina ilmaisella Blauhoff Smartlanhubilla, johon sis\u00e4ltyy sovellus ja laitteisto, joten voit k\u00e4yd\u00e4 kauppaa dynaamisesti automaattisesti ja ilman tilausmaksuja ja vastata energiantoimittajastasi. Voit vaihtaa p\u00e4ivitt\u00e4in edullisimman toimittajan. Yhteensopiva my\u00f6s Homeautomation ja Homey Pro -kotiautomaation kanssa.<\/p>\n<p>3-vaiheista kotitalousj\u00e4rjestelm\u00e4\u00e4 BLH-12k\/60 kWh suositellaan kotitalouksille, joiden keskim\u00e4\u00e4r\u00e4inen vuosikulutus on noin 21900 kWh. Kun j\u00e4rjestelm\u00e4n teho on 12 kW, voit kattaa merkitt\u00e4v\u00e4n osan energiantarpeestasi k\u00e4ytt\u00e4m\u00e4ll\u00e4 tuotettua aurinkoenergiaa ja akkuun varastoitua energiaa. Lis\u00e4ksi t\u00e4m\u00e4 j\u00e4rjestelm\u00e4 tarjoaa varavoimaa, joten t\u00e4rke\u00e4t laitteet jatkavat toimintaansa s\u00e4hk\u00f6katkosten aikana ja p\u00e4ivitt\u00e4iset rutiinit voivat jatkua keskeytyksett\u00e4. J\u00e4rjestelm\u00e4 on my\u00f6s laajennettavissa 600 kWh:iin asti.<\/p>\n<p>Blauhoff Home BLH-12k\/60 kWh 3-vaihej\u00e4rjestelm\u00e4 Powerpack on suunniteltu joustavasti. Siin\u00e4 on generaattori\/tuulimyllyportti, joka antaa sinulle mahdollisuuden lis\u00e4t\u00e4 lis\u00e4virtal\u00e4hteit\u00e4 ja lis\u00e4t\u00e4 energiaomavaraisuuttasi entisest\u00e4\u00e4n. J\u00e4rjestelm\u00e4 on yhteensopiva useimpien kotitalouksien s\u00e4hk\u00f6verkkojen kanssa, sill\u00e4 sen minimiliit\u00e4nt\u00e4 on 3x25A ja se soveltuu 3-vaihekokoonpanoihin.<\/p>\n<p>Ilmaisen kokoonpanon ansiosta voit luottaa ammattitaitoiseen asennukseen, joka varmistaa, ett\u00e4 j\u00e4rjestelm\u00e4si toimii optimaalisesti heti ensimm\u00e4isest\u00e4 hetkest\u00e4 l\u00e4htien ja voit nauttia huolettomasta kokemuksesta.<\/p>\n<p>Siirry tehokkaampaan ja kest\u00e4v\u00e4mp\u00e4\u00e4n energiahuoltoon Blauhoff Home BLH-12k\/60kWh 3-vaihej\u00e4rjestelm\u00e4ll\u00e4. Tehokkaan energiavarastoinnin, varavoiman ja energial\u00e4hteiden joustavuuden ansiosta voit luottaa luotettavaan s\u00e4hk\u00f6ntoimitukseen, toteuttaa kustannuss\u00e4\u00e4st\u00f6j\u00e4 ja pienent\u00e4\u00e4 hiilijalanj\u00e4lke\u00e4si. Valitse Blauhoff ja valmistaudu kotisi tulevaisuuden energiatarpeisiin.<\/p>\n<p><a href=\"https:\/\/blauhoff.nl\/wp-content\/uploads\/2024\/07\/Blauhoff-Power-Pack-LV-V1.3-1.pdf\" target=\"_blank\" rel=\"noopener\">Blauhoff Power Pack LV V1.3<\/a><\/p>","protected":false},"excerpt":{"rendered":"<p>Blauhoff Home 12K\/60 kWh LV 3-vaihej\u00e4rjestelm\u00e4 Kobolttivapaa Powerpack IP55 Outdoor\/Indoor\/Cobalt free 100aH 1C Eritt\u00e4in vankka ja helposti laajennettava Blauhoff Home BLH-12k\/60 kWh 3-vaihej\u00e4rjestelm\u00e4, [...]<\/p>","protected":false},"featured_media":189089,"template":"","meta":{"_seopress_robots_primary_cat":"none","_seopress_titles_title":"","_seopress_titles_desc":"","_seopress_robots_index":"","_kad_blocks_custom_css":"","_kad_blocks_head_custom_js":"","_kad_blocks_body_custom_js":"","_kad_blocks_footer_custom_js":""},"product_cat":[17,19],"product_tag":[],"class_list":{"0":"post-189086","1":"product","2":"type-product","3":"status-publish","4":"has-post-thumbnail","6":"product_cat-home-batteries","7":"product_cat-sets-with-inverters","9":"first","10":"instock","11":"taxable","12":"shipping-taxable","13":"purchasable","14":"product-type-simple"},"taxonomy_info":{"product_cat":[{"value":17,"label":"Home batteries"},{"value":19,"label":"Sets with inverters"}]},"featured_image_src_large":["https:\/\/ownpowr.com\/wp-content\/uploads\/2024\/11\/bh3_12k_60kwh-480x480-1.png",480,480,false],"author_info":[],"comment_info":"","_links":{"self":[{"href":"https:\/\/ownpowr.com\/fi\/wp-json\/wp\/v2\/product\/189086","targetHints":{"allow":["GET"]}}],"collection":[{"href":"https:\/\/ownpowr.com\/fi\/wp-json\/wp\/v2\/product"}],"about":[{"href":"https:\/\/ownpowr.com\/fi\/wp-json\/wp\/v2\/types\/product"}],"wp:featuredmedia":[{"embeddable":true,"href":"https:\/\/ownpowr.com\/fi\/wp-json\/wp\/v2\/media\/189089"}],"wp:attachment":[{"href":"https:\/\/ownpowr.com\/fi\/wp-json\/wp\/v2\/media?parent=189086"}],"wp:term":[{"taxonomy":"product_cat","embeddable":true,"href":"https:\/\/ownpowr.com\/fi\/wp-json\/wp\/v2\/product_cat?post=189086"},{"taxonomy":"product_tag","embeddable":true,"href":"https:\/\/ownpowr.com\/fi\/wp-json\/wp\/v2\/product_tag?post=189086"}],"curies":[{"name":"wp","href":"https:\/\/api.w.org\/{rel}","templated":true}]}}