{"id":197485,"date":"2024-12-13T11:46:01","date_gmt":"2024-12-13T09:46:01","guid":{"rendered":"https:\/\/ownpowr.com\/?post_type=product&#038;p=197485"},"modified":"2025-01-30T09:45:04","modified_gmt":"2025-01-30T07:45:04","slug":"blh-electric-generator-on-trailer-with-various-connections-50k-100kwh-and-solar-panels","status":"publish","type":"product","link":"https:\/\/ownpowr.com\/fi\/product\/blh-sahkogeneraattori-peravaunussa-jossa-on-erilaisia-liitantoja-50k-100kwh-ja-aurinkopaneelit\/","title":{"rendered":"BLH S\u00e4hk\u00f6generaattori per\u00e4vaunussa, jossa on eri liit\u00e4nn\u00e4t 50K\/100kWh ja aurinkopaneelit."},"content":{"rendered":"<p>S\u00e4hk\u00f6generaattori tai hybridigeneraattori kaksoisakselilla, jossa on aurinkopaneelit, jotka ovat laajennettavissa.<br \/>\nLiikkuva akku LFP-akkujen 10 vuoden takuu ja 6000 sykli\u00e4!<\/p>\n<p>Tulokapasiteetti 400V\/32A\/63A<br \/>\nLatausaika 2-5 tuntia<br \/>\nL\u00e4ht\u00f6 230V\/16A<br \/>\nL\u00e4ht\u00f6 400V\/32A<br \/>\nL\u00e4ht\u00f6 400V\/63A<\/p>\n<p>Mobiili ess jokaiseen joustavaan k\u00e4ytt\u00f6\u00f6n, toimii dynaamisilla hinnoilla ja voi liitt\u00e4\u00e4 aurinkopaneelit suoraan.<br \/>\nSoveltuu rakentamiseen, tapahtumiin, h\u00e4t\u00e4tehoon jne.<\/p>\n<div dir=\"ltr\"><a href=\"https:\/\/blauhoff.nl\/wp-content\/uploads\/2024\/02\/Blauhoff-Elektrische-Generator-Datasheet.pdf\">Tietolehti<\/a><\/div>","protected":false},"excerpt":{"rendered":"<p>S\u00e4hk\u00f6generaattori tai hybridigeneraattori kaksoisakselilla, jossa on aurinkopaneelit, jotka ovat laajennettavissa. Liikkuva akku LFP-akkujen kanssa 10 vuoden takuu ja 6000 sykli\u00e4! Tulokapasiteetti 400V\/32A\/63A Latausaika 2-5 tuntia [...]<\/p>","protected":false},"featured_media":197490,"template":"","meta":{"_seopress_robots_primary_cat":"none","_seopress_titles_title":"","_seopress_titles_desc":"","_seopress_robots_index":"","_kad_blocks_custom_css":"","_kad_blocks_head_custom_js":"","_kad_blocks_body_custom_js":"","_kad_blocks_footer_custom_js":""},"product_cat":[17],"product_tag":[],"class_list":{"0":"post-197485","1":"product","2":"type-product","3":"status-publish","4":"has-post-thumbnail","6":"product_cat-home-batteries","8":"first","9":"instock","10":"taxable","11":"shipping-taxable","12":"purchasable","13":"product-type-simple"},"taxonomy_info":{"product_cat":[{"value":17,"label":"Home batteries"}]},"featured_image_src_large":["https:\/\/ownpowr.com\/wp-content\/uploads\/2024\/12\/electrische-generator-300x300-1.jpg",300,300,false],"author_info":[],"comment_info":"","_links":{"self":[{"href":"https:\/\/ownpowr.com\/fi\/wp-json\/wp\/v2\/product\/197485","targetHints":{"allow":["GET"]}}],"collection":[{"href":"https:\/\/ownpowr.com\/fi\/wp-json\/wp\/v2\/product"}],"about":[{"href":"https:\/\/ownpowr.com\/fi\/wp-json\/wp\/v2\/types\/product"}],"wp:featuredmedia":[{"embeddable":true,"href":"https:\/\/ownpowr.com\/fi\/wp-json\/wp\/v2\/media\/197490"}],"wp:attachment":[{"href":"https:\/\/ownpowr.com\/fi\/wp-json\/wp\/v2\/media?parent=197485"}],"wp:term":[{"taxonomy":"product_cat","embeddable":true,"href":"https:\/\/ownpowr.com\/fi\/wp-json\/wp\/v2\/product_cat?post=197485"},{"taxonomy":"product_tag","embeddable":true,"href":"https:\/\/ownpowr.com\/fi\/wp-json\/wp\/v2\/product_tag?post=197485"}],"curies":[{"name":"wp","href":"https:\/\/api.w.org\/{rel}","templated":true}]}}