{"id":206803,"date":"2025-02-07T15:58:34","date_gmt":"2025-02-07T13:58:34","guid":{"rendered":"https:\/\/ownpowr.com\/?post_type=product&#038;p=206803"},"modified":"2025-02-14T16:28:57","modified_gmt":"2025-02-14T14:28:57","slug":"blauhoff-home-8k-20kwh-3-phase-system","status":"publish","type":"product","link":"https:\/\/ownpowr.com\/fi\/product\/blauhoff-home-8k-20kwh-3-vaihejarjestelma\/","title":{"rendered":"Blauhoff Home 8K\/20kWh 1- tai 3-vaiheinen j\u00e4rjestelm\u00e4"},"content":{"rendered":"<p>Blauhoff Home 8K\/20kWh vaihej\u00e4rjestelm\u00e4<\/p>\n<p>Luotettavan tuotemerkin Blauhoff Home 8K\/20kWh vaihej\u00e4rjestelm\u00e4 tarjoaa edistyksellisen ratkaisun kodin energiavarastointiin. T\u00e4m\u00e4 j\u00e4rjestelm\u00e4 on suunniteltu erityisesti sellaisten kotitalouksien energiatarpeisiin, joissa kulutus on merkitt\u00e4v\u00e4\u00e4. T\u00e4m\u00e4n tehokkaan j\u00e4rjestelm\u00e4n avulla voit optimoida energiankulutuksesi tehokkuuden, v\u00e4hent\u00e4\u00e4 riippuvuuttasi s\u00e4hk\u00f6verkosta ja jopa hy\u00f6ty\u00e4 varavoimasta s\u00e4hk\u00f6katkoksen sattuessa. Lis\u00e4ksi t\u00e4h\u00e4n j\u00e4rjestelm\u00e4\u00e4n sis\u00e4ltyy ilmainen asennus, mik\u00e4 tekee asennuksesta helppoa ja vaivatonta.<\/p>\n<p>Invertterin pituus on 580 mm ja paino 33,6 kg. Kun invertterin ja akun v\u00e4liss\u00e4 on 300 mm:n lis\u00e4kaapeli, voit m\u00e4\u00e4ritt\u00e4\u00e4 j\u00e4rjestelm\u00e4llesi optimaalisen sijoituspaikan ja varmistaa tehokkaan energiansiirron ja minimaaliset energiah\u00e4vi\u00f6t.<\/p>\n<p>Blauhoff-akkuj\u00e4rjestelm\u00e4 on vankka ja kest\u00e4v\u00e4, sen mitat ovat 580 mm x 387 mm x 1300 mm ja paino 180 kg. Akun kapasiteetti on vaikuttava 20 kWh, ja sen avulla voit varastoida aurinkopaneelien tuottaman ylim\u00e4\u00e4r\u00e4isen energian. Kun auringonvaloa ei ole saatavilla, voit k\u00e4ytt\u00e4\u00e4 t\u00e4t\u00e4 varastoitua energiaa kattamaan energiankulutuksesi, mik\u00e4 v\u00e4hent\u00e4\u00e4 riippuvuuttasi s\u00e4hk\u00f6verkosta ja pienent\u00e4\u00e4 energiakustannuksiasi entisest\u00e4\u00e4n.<\/p>\n<p>Blauhoff Home 8K\/20kWh -vaihej\u00e4rjestelm\u00e4\u00e4 suositellaan kotitalouksille, joiden keskim\u00e4\u00e4r\u00e4inen vuosikulutus on noin 7000 kWh. Kun j\u00e4rjestelm\u00e4n kapasiteetti on 8 kW, voit kattaa merkitt\u00e4v\u00e4n osan energiantarpeestasi k\u00e4ytt\u00e4m\u00e4ll\u00e4 tuotettua aurinkoenergiaa ja akkuun varastoitua energiaa. Lis\u00e4ksi t\u00e4m\u00e4 j\u00e4rjestelm\u00e4 tarjoaa varavoiman, jolloin voit jatkaa t\u00e4rkeiden laitteiden k\u00e4ytt\u00f6\u00e4 s\u00e4hk\u00f6katkosten aikana ja varmistaa mukavuutesi ja mielenrauhasi.<\/p>\n<p>Blauhoff Home 8K\/20kWh -vaihej\u00e4rjestelm\u00e4 on suunniteltu joustavasti. Siin\u00e4 on generaattori\/tuulimyllyportti, joka antaa sinulle mahdollisuuden lis\u00e4t\u00e4 lis\u00e4energial\u00e4hteit\u00e4 ja lis\u00e4t\u00e4 energiaomavaraisuuttasi entisest\u00e4\u00e4n. T\u00e4m\u00e4 j\u00e4rjestelm\u00e4, jonka minimiliit\u00e4nt\u00e4 on 1x40A ja joka soveltuu 1-vaihekokoonpanoihin, on yhteensopiva useimpien kotitalouksien s\u00e4hk\u00f6verkkojen kanssa.<\/p>\n<p>Maksuttoman asennuksen ansiosta voit luottaa ammattimaiseen asennukseen, mik\u00e4 s\u00e4\u00e4st\u00e4\u00e4 aikaa ja vaivaa ja varmistaa, ett\u00e4 j\u00e4rjestelm\u00e4si toimii optimaalisesti heti ensimm\u00e4isest\u00e4 hetkest\u00e4 l\u00e4htien.<\/p>\n<p>Siirry tehokkaampaan ja kest\u00e4v\u00e4mp\u00e4\u00e4n energiahuoltoon Blauhoff Home 8K\/20kWh -vaihej\u00e4rjestelm\u00e4ll\u00e4. Tehokkaan energiavaraston, varavoiman ja energial\u00e4hteiden joustavuuden ansiosta voit nauttia luotettavasta ja kustannustehokkaasta energianhallinnasta kotonasi. Valitse Blauhoff ja valmistaudu kotisi tulevaisuuden energiatarpeisiin.<\/p>\n<p><strong>Blauhoff Home 8K\/20 kWh 1-vaiheinen j\u00e4rjestelm\u00e4 on my\u00f6s saatavilla pyynn\u00f6st\u00e4!<\/strong><\/p>","protected":false},"excerpt":{"rendered":"<p>Blauhoff Home 8K\/20kWh Phase System Blauhoff Home 8K\/20kWh Phase System luotettavalta tuotemerkilt\u00e4 Blauhoff tarjoaa edistyksellisen ratkaisun kodin energiavarastointiin. T\u00e4m\u00e4 j\u00e4rjestelm\u00e4 on suunniteltu erityisesti t\u00e4ytt\u00e4m\u00e4\u00e4n [...]<\/p>","protected":false},"featured_media":206806,"template":"","meta":{"_seopress_robots_primary_cat":"none","_seopress_titles_title":"","_seopress_titles_desc":"","_seopress_robots_index":"","_kad_blocks_custom_css":"","_kad_blocks_head_custom_js":"","_kad_blocks_body_custom_js":"","_kad_blocks_footer_custom_js":""},"product_cat":[17,19],"product_tag":[],"class_list":{"0":"post-206803","1":"product","2":"type-product","3":"status-publish","4":"has-post-thumbnail","6":"product_cat-home-batteries","7":"product_cat-sets-with-inverters","9":"first","10":"instock","11":"taxable","12":"shipping-taxable","13":"purchasable","14":"product-type-simple"},"taxonomy_info":{"product_cat":[{"value":17,"label":"Home batteries"},{"value":19,"label":"Sets with inverters"}]},"featured_image_src_large":["https:\/\/ownpowr.com\/wp-content\/uploads\/2025\/02\/blh_8k_20kwh.jpg",480,480,false],"author_info":[],"comment_info":"","_links":{"self":[{"href":"https:\/\/ownpowr.com\/fi\/wp-json\/wp\/v2\/product\/206803","targetHints":{"allow":["GET"]}}],"collection":[{"href":"https:\/\/ownpowr.com\/fi\/wp-json\/wp\/v2\/product"}],"about":[{"href":"https:\/\/ownpowr.com\/fi\/wp-json\/wp\/v2\/types\/product"}],"wp:featuredmedia":[{"embeddable":true,"href":"https:\/\/ownpowr.com\/fi\/wp-json\/wp\/v2\/media\/206806"}],"wp:attachment":[{"href":"https:\/\/ownpowr.com\/fi\/wp-json\/wp\/v2\/media?parent=206803"}],"wp:term":[{"taxonomy":"product_cat","embeddable":true,"href":"https:\/\/ownpowr.com\/fi\/wp-json\/wp\/v2\/product_cat?post=206803"},{"taxonomy":"product_tag","embeddable":true,"href":"https:\/\/ownpowr.com\/fi\/wp-json\/wp\/v2\/product_tag?post=206803"}],"curies":[{"name":"wp","href":"https:\/\/api.w.org\/{rel}","templated":true}]}}