{"id":207770,"date":"2025-02-14T12:09:30","date_gmt":"2025-02-14T10:09:30","guid":{"rendered":"https:\/\/ownpowr.com\/?post_type=product&#038;p=207770"},"modified":"2025-02-14T12:10:25","modified_gmt":"2025-02-14T10:10:25","slug":"blauhoff-home-3-6k-10kwh-1-phase-system","status":"publish","type":"product","link":"https:\/\/ownpowr.com\/fi\/product\/blauhoff-home-3-6k-10kwh-1-vaihejarjestelma\/","title":{"rendered":"Blauhoff Home 3.6K\/10kWh 1 vaihej\u00e4rjestelm\u00e4"},"content":{"rendered":"<p>Blauhoff Home 3.6K\/10kWh 1 vaihej\u00e4rjestelm\u00e4<\/p>\n<p>Blauhoff Home 3.6K\/10kWh 1 Phase System on vallankumouksellinen energiavarastoj\u00e4rjestelm\u00e4, joka on suunniteltu vastaamaan nykyaikaisten kotitalouksien tarpeisiin. Edistyksellisen teknologian ja vaikuttavan kapasiteetin ansiosta t\u00e4m\u00e4 j\u00e4rjestelm\u00e4 tarjoaa luotettavan ja tehokkaan ratkaisun energiankulutuksen hallintaan.<\/p>\n<p>T\u00e4t\u00e4 j\u00e4rjestelm\u00e4\u00e4 suositellaan erityisesti 3650 kWh:n keskim\u00e4\u00e4r\u00e4iselle vuosikulutukselle, joten se sopii erinomaisesti useimpiin kotitalouksiin. Halusitpa sitten k\u00e4ytt\u00e4\u00e4 s\u00e4hk\u00f6laitteitasi, s\u00e4hk\u00f6\u00e4 kotiisi aurinkoenergian avulla tai optimoida energiankulutuksesi, Blauhoff Home -j\u00e4rjestelm\u00e4 on suunniteltu vastaamaan tarpeitasi.<\/p>\n<p>J\u00e4rjestelm\u00e4 tarjoaa runsaan 10 kWh:n kapasiteetin, joten se varastoi runsaasti aurinkopaneelien tai muiden uusiutuvien energial\u00e4hteiden tuottamaa ylim\u00e4\u00e4r\u00e4ist\u00e4 energiaa. Voit siis varastoida ja k\u00e4ytt\u00e4\u00e4 energiaa aina kun tarvitset sit\u00e4, jopa ruuhkahuippujen aikana tai silloin, kun ulkoista virtal\u00e4hdett\u00e4 ei ole saatavilla. Lis\u00e4ksi j\u00e4rjestelm\u00e4ss\u00e4 on varavoimatoiminto, joten sinulla on aina virtaa my\u00f6s s\u00e4hk\u00f6katkojen aikana.<\/p>\n<p>Yksi Blauhoff Home -j\u00e4rjestelm\u00e4n merkitt\u00e4vist\u00e4 ominaisuuksista on sen yhteensopivuus generaattoreiden ja tuuliturbiinien porttien kanssa. N\u00e4in voit integroida erilaisia uusiutuvia energial\u00e4hteit\u00e4 ja pienent\u00e4\u00e4 hiilijalanj\u00e4lke\u00e4si entisest\u00e4\u00e4n. Voit hy\u00f6ty\u00e4 vihre\u00e4st\u00e4 energiantuotannosta ja tehd\u00e4 s\u00e4hk\u00f6nkulutuksestasi kest\u00e4v\u00e4mp\u00e4\u00e4.<\/p>\n<p>3,6 kW:n teholla Blauhoff Home -j\u00e4rjestelm\u00e4 tarjoaa riitt\u00e4v\u00e4sti tehoa p\u00e4ivitt\u00e4isiin tarpeisiisi. Halusitpa sitten kytke\u00e4 valot, j\u00e4\u00e4kaapin, ilmastoinnin tai muut s\u00e4hk\u00f6laitteet, t\u00e4m\u00e4 j\u00e4rjestelm\u00e4 tarjoaa luotettavaa suorituskyky\u00e4 ja varmistaa, ett\u00e4 et ole koskaan ilman virtaa.<\/p>\n<p>Blauhoff Home 3,6K\/10 kWh 1-vaihej\u00e4rjestelm\u00e4n asentaminen on helppoa, ja se vaatii vain 1x25A:n minimiliit\u00e4nn\u00e4n. Lis\u00e4ksi j\u00e4rjestelm\u00e4n mukana toimitetaan ilmainen asennus, joten voit alkaa nauttia uuden energiaratkaisusi eduista heti.<\/p>\n<p>Valitse Blauhoff Home 3,6K\/10 kWh 1-vaihej\u00e4rjestelm\u00e4 ja l\u00f6yd\u00e4 edistyksellinen ja luotettava tapa hallita energiankulutustasi. Nauti vapaudesta tuottaa, varastoida ja k\u00e4ytt\u00e4\u00e4 omaa energiaasi, samalla kun s\u00e4\u00e4st\u00e4t energiakustannuksissa ja edist\u00e4t kest\u00e4v\u00e4mp\u00e4\u00e4 tulevaisuutta. Blauhoff Home -j\u00e4rjestelm\u00e4n avulla hallitset energiaasi.<\/p>","protected":false},"excerpt":{"rendered":"<p>Blauhoff Home 3.6K\/10kWh 1 Phase System Blauhoff Home 3.6K\/10kWh 1 Phase System on vallankumouksellinen energiavarastoj\u00e4rjestelm\u00e4, joka on suunniteltu vastaamaan nykyaikaisten kotitalouksien tarpeisiin. Kehittyneiden teknologioiden [...]<\/p>","protected":false},"featured_media":207773,"template":"","meta":{"_seopress_robots_primary_cat":"none","_seopress_titles_title":"","_seopress_titles_desc":"","_seopress_robots_index":"","_kad_blocks_custom_css":"","_kad_blocks_head_custom_js":"","_kad_blocks_body_custom_js":"","_kad_blocks_footer_custom_js":""},"product_cat":[17,19],"product_tag":[],"class_list":{"0":"post-207770","1":"product","2":"type-product","3":"status-publish","4":"has-post-thumbnail","6":"product_cat-home-batteries","7":"product_cat-sets-with-inverters","9":"first","10":"instock","11":"taxable","12":"shipping-taxable","13":"purchasable","14":"product-type-simple"},"taxonomy_info":{"product_cat":[{"value":17,"label":"Home batteries"},{"value":19,"label":"Sets with inverters"}]},"featured_image_src_large":["https:\/\/ownpowr.com\/wp-content\/uploads\/2025\/02\/blh_1_phase_36_10.jpg",600,600,false],"author_info":[],"comment_info":"","_links":{"self":[{"href":"https:\/\/ownpowr.com\/fi\/wp-json\/wp\/v2\/product\/207770","targetHints":{"allow":["GET"]}}],"collection":[{"href":"https:\/\/ownpowr.com\/fi\/wp-json\/wp\/v2\/product"}],"about":[{"href":"https:\/\/ownpowr.com\/fi\/wp-json\/wp\/v2\/types\/product"}],"wp:featuredmedia":[{"embeddable":true,"href":"https:\/\/ownpowr.com\/fi\/wp-json\/wp\/v2\/media\/207773"}],"wp:attachment":[{"href":"https:\/\/ownpowr.com\/fi\/wp-json\/wp\/v2\/media?parent=207770"}],"wp:term":[{"taxonomy":"product_cat","embeddable":true,"href":"https:\/\/ownpowr.com\/fi\/wp-json\/wp\/v2\/product_cat?post=207770"},{"taxonomy":"product_tag","embeddable":true,"href":"https:\/\/ownpowr.com\/fi\/wp-json\/wp\/v2\/product_tag?post=207770"}],"curies":[{"name":"wp","href":"https:\/\/api.w.org\/{rel}","templated":true}]}}