{"id":207863,"date":"2025-02-14T16:12:44","date_gmt":"2025-02-14T14:12:44","guid":{"rendered":"https:\/\/ownpowr.com\/?post_type=product&#038;p=207863"},"modified":"2025-02-14T16:12:45","modified_gmt":"2025-02-14T14:12:45","slug":"blauhoff-home-10k-20kwh-3-phase-system-hv-lv","status":"publish","type":"product","link":"https:\/\/ownpowr.com\/fi\/product\/blauhoff-koti-10k-20kwh-3-vaihejarjestelma-hv-lv-lv\/","title":{"rendered":"Blauhoff Home 10K\/20kWh 3-vaihej\u00e4rjestelm\u00e4 HV\/LV"},"content":{"rendered":"<p>Blauhoff Koti 10K\/20kWh vaihej\u00e4rjestelm\u00e4<\/p>\n<p>Tunnetun tuotemerkin Blauhoff Home 10K\/20kWh vaihej\u00e4rjestelm\u00e4 tarjoaa tehokkaan ja luotettavan ratkaisun energian varastointiin kotitalouksissa, joissa kulutus on merkitt\u00e4v\u00e4\u00e4. T\u00e4m\u00e4n edistyksellisen j\u00e4rjestelm\u00e4n avulla voit optimoida energianhallintasi, v\u00e4hent\u00e4\u00e4 riippuvuuttasi s\u00e4hk\u00f6verkosta ja hy\u00f6ty\u00e4 varavoimasta s\u00e4hk\u00f6katkoksen sattuessa. Lis\u00e4ksi t\u00e4h\u00e4n j\u00e4rjestelm\u00e4\u00e4n sis\u00e4ltyy ilmainen asennus, mik\u00e4 tekee asennuksesta helppoa ja vaivatonta.<\/p>\n<p>Taajuusmuuttajan pituus on 699,3 mm ja paino 33,6 kg. Kun invertterin ja akun v\u00e4liss\u00e4 on 300 mm:n lis\u00e4kaapeli, voit m\u00e4\u00e4ritt\u00e4\u00e4 j\u00e4rjestelm\u00e4llesi optimaalisen sijoituspaikan ja varmistaa tehokkaan energiansiirron ja minimaaliset energiah\u00e4vi\u00f6t.<\/p>\n<p>Blauhoff-akkuj\u00e4rjestelm\u00e4 on kest\u00e4v\u00e4 ja vankka, ja sen mitat ovat 586 mm x 387 mm x 1300 mm ja paino 180 kg. Akun kapasiteetti on vaikuttava 20 kWh, ja sen avulla voit varastoida aurinkopaneelien tai muiden energial\u00e4hteiden tuottaman ylim\u00e4\u00e4r\u00e4isen energian. Kun energiantuotantoa ei ole, voit k\u00e4ytt\u00e4\u00e4 varastoitua energiaa energiankulutuksen kattamiseen, jolloin riippuvuutesi s\u00e4hk\u00f6verkosta v\u00e4henee ja energiakustannukset pienenev\u00e4t entisest\u00e4\u00e4n.<\/p>\n<p>Blauhoff Home 10K\/20kWh -vaihej\u00e4rjestelm\u00e4\u00e4 suositellaan kotitalouksille, joiden keskim\u00e4\u00e4r\u00e4inen vuosikulutus on noin 7300 kWh. Kun j\u00e4rjestelm\u00e4n kapasiteetti on 10 kW, voit kattaa suuren osan energiantarpeestasi k\u00e4ytt\u00e4m\u00e4ll\u00e4 tuotettua aurinkoenergiaa ja akkuun varastoitua energiaa. Lis\u00e4ksi t\u00e4m\u00e4 j\u00e4rjestelm\u00e4 tarjoaa varavoimaa, joten t\u00e4rke\u00e4t laitteet jatkavat toimintaansa s\u00e4hk\u00f6katkosten aikana ja p\u00e4ivitt\u00e4iset rutiinit voivat jatkua keskeytyksett\u00e4.<\/p>\n<p>Blauhoff Home 10K\/20kWh -vaihej\u00e4rjestelm\u00e4 on suunniteltu joustavasti. Siin\u00e4 on generaattori\/tuuliturbiiniportti, joka antaa sinulle mahdollisuuden lis\u00e4t\u00e4 lis\u00e4energial\u00e4hteit\u00e4 ja lis\u00e4t\u00e4 energiaomavaraisuuttasi entisest\u00e4\u00e4n. J\u00e4rjestelm\u00e4 on yhteensopiva useimpien kotitalouksien s\u00e4hk\u00f6verkkojen kanssa, sill\u00e4 sen minimiliit\u00e4nt\u00e4 on 3x25A ja se soveltuu vaihekokoonpanoihin.<\/p>\n<p>Maksuttoman asennuksen ansiosta voit luottaa ammattitaitoiseen asennukseen, joka varmistaa, ett\u00e4 j\u00e4rjestelm\u00e4si toimii optimaalisesti heti ensimm\u00e4isest\u00e4 hetkest\u00e4 l\u00e4htien, ja voit nauttia huolettomasta kokemuksesta.<\/p>\n<p>Siirry tehokkaampaan ja kest\u00e4v\u00e4mp\u00e4\u00e4n energiahuoltoon Blauhoff Home 10K\/20kWh vaihej\u00e4rjestelm\u00e4ll\u00e4. Tehokkaan energiavaraston, varavoiman ja energial\u00e4hteiden joustavuuden ansiosta voit luottaa luotettavaan s\u00e4hk\u00f6njakeluun, toteuttaa kustannuss\u00e4\u00e4st\u00f6j\u00e4 ja pienent\u00e4\u00e4 hiilijalanj\u00e4lke\u00e4si. Valitse Blauhoff ja valmistaudu kotisi tulevaisuuden energiatarpeisiin.<\/p>\n<p><strong>Hinta vaihtelee HV:n ja LV:n v\u00e4lill\u00e4!<\/strong><\/p>","protected":false},"excerpt":{"rendered":"<p>Blauhoff Home 10K\/20kWh vaihej\u00e4rjestelm\u00e4 Tunnetun tuotemerkin Blauhoff Home 10K\/20kWh vaihej\u00e4rjestelm\u00e4 tarjoaa tehokkaan ja luotettavan ratkaisun energian varastointiin kotitalouksissa, joissa kulutus on merkitt\u00e4v\u00e4\u00e4. [...]<\/p>","protected":false},"featured_media":207866,"template":"","meta":{"_seopress_robots_primary_cat":"","_seopress_titles_title":"","_seopress_titles_desc":"","_seopress_robots_index":"","_kad_blocks_custom_css":"","_kad_blocks_head_custom_js":"","_kad_blocks_body_custom_js":"","_kad_blocks_footer_custom_js":""},"product_cat":[17,19],"product_tag":[],"class_list":{"0":"post-207863","1":"product","2":"type-product","3":"status-publish","4":"has-post-thumbnail","6":"product_cat-home-batteries","7":"product_cat-sets-with-inverters","9":"first","10":"instock","11":"taxable","12":"shipping-taxable","13":"purchasable","14":"product-type-simple"},"taxonomy_info":{"product_cat":[{"value":17,"label":"Home batteries"},{"value":19,"label":"Sets with inverters"}]},"featured_image_src_large":["https:\/\/ownpowr.com\/wp-content\/uploads\/2025\/02\/blh_5100_10k_20kwh-600x600-1.jpg",600,600,false],"author_info":[],"comment_info":"","_links":{"self":[{"href":"https:\/\/ownpowr.com\/fi\/wp-json\/wp\/v2\/product\/207863","targetHints":{"allow":["GET"]}}],"collection":[{"href":"https:\/\/ownpowr.com\/fi\/wp-json\/wp\/v2\/product"}],"about":[{"href":"https:\/\/ownpowr.com\/fi\/wp-json\/wp\/v2\/types\/product"}],"wp:featuredmedia":[{"embeddable":true,"href":"https:\/\/ownpowr.com\/fi\/wp-json\/wp\/v2\/media\/207866"}],"wp:attachment":[{"href":"https:\/\/ownpowr.com\/fi\/wp-json\/wp\/v2\/media?parent=207863"}],"wp:term":[{"taxonomy":"product_cat","embeddable":true,"href":"https:\/\/ownpowr.com\/fi\/wp-json\/wp\/v2\/product_cat?post=207863"},{"taxonomy":"product_tag","embeddable":true,"href":"https:\/\/ownpowr.com\/fi\/wp-json\/wp\/v2\/product_tag?post=207863"}],"curies":[{"name":"wp","href":"https:\/\/api.w.org\/{rel}","templated":true}]}}