{"id":207867,"date":"2025-02-14T16:18:18","date_gmt":"2025-02-14T14:18:18","guid":{"rendered":"https:\/\/ownpowr.com\/?post_type=product&#038;p=207867"},"modified":"2025-02-14T16:18:19","modified_gmt":"2025-02-14T14:18:19","slug":"blauhoff-home-5k-20-kwh-1-phase-system-lv","status":"publish","type":"product","link":"https:\/\/ownpowr.com\/fi\/product\/blauhoff-koti-5k-20-kwh-1-vaihe-jarjestelma-lv\/","title":{"rendered":"Blauhoff Koti 5K\/20 kWh 1 vaihej\u00e4rjestelm\u00e4 LV"},"content":{"rendered":"<p>Blauhoff Koti 5K\/20 kWh 1-vaiheinen j\u00e4rjestelm\u00e4<\/p>\n<p>Blauhoff Home 5K\/20 kWh 1 Phase System on kompakti ja tehokas energiavarastoj\u00e4rjestelm\u00e4, joka on suunniteltu kotitalouksien ja pienyritysten energiatarpeisiin. J\u00e4rjestelm\u00e4n suositeltu keskim\u00e4\u00e4r\u00e4inen vuosikulutus on 7300 kWh, joten se tarjoaa kest\u00e4v\u00e4n ja luotettavan ratkaisun oman energian tuottamiseen, varastointiin ja k\u00e4ytt\u00f6\u00f6n.<\/p>\n<p>J\u00e4rjestelm\u00e4n kapasiteetti on 20 kWh, joten se tarjoaa riitt\u00e4v\u00e4sti varastointitilaa p\u00e4iv\u00e4ll\u00e4 tuotetun aurinkoenergian varastointiin ja sen k\u00e4ytt\u00e4miseen illalla ja y\u00f6ll\u00e4. N\u00e4in voit v\u00e4hent\u00e4\u00e4 riippuvuuttasi s\u00e4hk\u00f6verkosta ja pienent\u00e4\u00e4 energiakustannuksiasi. Lis\u00e4ksi j\u00e4rjestelm\u00e4 on varustettu varavoimalla, joten voit jatkaa s\u00e4hk\u00f6n nauttimista s\u00e4hk\u00f6katkosten aikana.<\/p>\n<p>Blauhoff Home on suunniteltu yhteensopivuutta silm\u00e4ll\u00e4 pit\u00e4en. J\u00e4rjestelm\u00e4 on varustettu generaattorilla ja tuuliturbiiniportilla, mik\u00e4 antaa sinulle mahdollisuuden integroida vaihtoehtoisia energial\u00e4hteit\u00e4 ja tuottaa entist\u00e4 enemm\u00e4n vihre\u00e4\u00e4 energiaa. T\u00e4m\u00e4 antaa sinulle joustavuutta monipuolistaa energiantuotantoa entisest\u00e4\u00e4n ja pienent\u00e4\u00e4 hiilijalanj\u00e4lke\u00e4si.<\/p>\n<p>Teholtaan 5 kW:n Blauhoff Home soveltuu monenlaisiin sovelluksiin. Halusitpa sitten sy\u00f6tt\u00e4\u00e4 s\u00e4hk\u00f6laitteita kotiisi tai tarvitsitko energiaa pienimuotoiseen yritystoimintaan, t\u00e4m\u00e4 j\u00e4rjestelm\u00e4 vastaa tarpeitasi. J\u00e4rjestelm\u00e4 toimii 1-vaiheisella liit\u00e4nn\u00e4ll\u00e4, jonka minimivaatimus on 1x40A, joten se soveltuu kotik\u00e4ytt\u00f6\u00f6n.<\/p>\n<p>Blauhoff Home 5K\/20 kWh 1-vaihej\u00e4rjestelm\u00e4 on suunniteltu helppok\u00e4ytt\u00f6isyytt\u00e4 ja luotettavuutta ajatellen. Invertterin kompakti koko ja kevyt rakenne mahdollistavat helpon asennuksen, ja vankka akkuj\u00e4rjestelm\u00e4 takaa kest\u00e4vyyden ja pitk\u00e4aikaisen suorituskyvyn.<\/p>\n<p>Valitse Blauhoff Home 5K\/20 kWh 1-vaihej\u00e4rjestelm\u00e4 ja nauti luotettavasta ja tehokkaasta ratkaisusta energiatarpeisiisi. T\u00e4m\u00e4n j\u00e4rjestelm\u00e4n avulla voit hy\u00f6ty\u00e4 vihre\u00e4st\u00e4 energiasta, pienent\u00e4\u00e4 energialaskujasi ja edist\u00e4\u00e4 kest\u00e4v\u00e4\u00e4 tulevaisuutta. Luota Blauhoff:hen, jos haluat laadukkaita energiavarastoratkaisuja, jotka vastaavat tarpeitasi ja tarjoavat mielenrauhaa.<\/p>","protected":false},"excerpt":{"rendered":"<p>Blauhoff Home 5K\/20 kWh 1 Phase System Blauhoff Home 5K\/20 kWh 1 Phase System on kompakti ja tehokas energiavarastoj\u00e4rjestelm\u00e4, joka on suunniteltu t\u00e4ytt\u00e4m\u00e4\u00e4n [...]<\/p>","protected":false},"featured_media":207870,"template":"","meta":{"_seopress_robots_primary_cat":"","_seopress_titles_title":"","_seopress_titles_desc":"","_seopress_robots_index":"","_kad_blocks_custom_css":"","_kad_blocks_head_custom_js":"","_kad_blocks_body_custom_js":"","_kad_blocks_footer_custom_js":""},"product_cat":[17,19],"product_tag":[],"class_list":{"0":"post-207867","1":"product","2":"type-product","3":"status-publish","4":"has-post-thumbnail","6":"product_cat-home-batteries","7":"product_cat-sets-with-inverters","9":"first","10":"instock","11":"taxable","12":"shipping-taxable","13":"purchasable","14":"product-type-simple"},"taxonomy_info":{"product_cat":[{"value":17,"label":"Home batteries"},{"value":19,"label":"Sets with inverters"}]},"featured_image_src_large":["https:\/\/ownpowr.com\/wp-content\/uploads\/2025\/02\/blh_5k_20kwh.jpg",480,480,false],"author_info":[],"comment_info":"","_links":{"self":[{"href":"https:\/\/ownpowr.com\/fi\/wp-json\/wp\/v2\/product\/207867","targetHints":{"allow":["GET"]}}],"collection":[{"href":"https:\/\/ownpowr.com\/fi\/wp-json\/wp\/v2\/product"}],"about":[{"href":"https:\/\/ownpowr.com\/fi\/wp-json\/wp\/v2\/types\/product"}],"wp:featuredmedia":[{"embeddable":true,"href":"https:\/\/ownpowr.com\/fi\/wp-json\/wp\/v2\/media\/207870"}],"wp:attachment":[{"href":"https:\/\/ownpowr.com\/fi\/wp-json\/wp\/v2\/media?parent=207867"}],"wp:term":[{"taxonomy":"product_cat","embeddable":true,"href":"https:\/\/ownpowr.com\/fi\/wp-json\/wp\/v2\/product_cat?post=207867"},{"taxonomy":"product_tag","embeddable":true,"href":"https:\/\/ownpowr.com\/fi\/wp-json\/wp\/v2\/product_tag?post=207867"}],"curies":[{"name":"wp","href":"https:\/\/api.w.org\/{rel}","templated":true}]}}