{"id":208743,"date":"2025-02-20T09:41:35","date_gmt":"2025-02-20T07:41:35","guid":{"rendered":"https:\/\/ownpowr.com\/?post_type=product&#038;p=208743"},"modified":"2025-08-25T14:41:27","modified_gmt":"2025-08-25T12:41:27","slug":"new-blauhoff-maxus-all-in-one-125k-289-kwh-energy-storage-cabinet-liquid-cooled","status":"publish","type":"product","link":"https:\/\/ownpowr.com\/fi\/product\/uusi-blauhoff-maxus-all-in-one-125k-289-kwh-energiavarastokaappi-nestejaahdytteinen\/","title":{"rendered":"Uusi! Blauhoff Maxus All in One 125K\/289 kWh -energiavarastokaappi Nestej\u00e4\u00e4hdytteinen energiavarastokaappi"},"content":{"rendered":"<p>Uusi Blauhoff Maxus 125K\/289kWh All In One energiavarastokaappi 10 vuoden takuu 8000 sykli\u00e4<\/p>\n<p>Kaikilla Blauhoff-akkuj\u00e4rjestelmill\u00e4 on 10 vuoden takuu kennoille ja 5 vuoden takuu invertterille ilman lis\u00e4maksua!<\/p>\n<p>N\u00e4in ei ole useimpien muiden merkkien kohdalla, ja takuu on rajoitettu vain 3-5 vuoteen!<\/p>\n<p>Prismaattiset kennot takaavat parhaan laadun ja pisimm\u00e4n k\u00e4ytt\u00f6i\u00e4n, 8000 sykli\u00e4 ja 10 vuoden takuu kennoille ilman lis\u00e4kustannuksia ja 5 vuoden takuu kokonaisuudelle.<\/p>\n<p>BLH-125K\/258KwH-Maxus-sarja, nestej\u00e4\u00e4hdytteinen kaupallinen ja teollinen all-in-one-ESS, on<br \/>\nintegroitu energiavarastoinvertterin, akun, BMS:n, EMS:n ja l\u00e4mm\u00f6nhallinnan kanssa,<br \/>\ns\u00e4hk\u00f6njakelu, palontorjunta jne. All-in-one-rakenne on helppo asentaa ja asentaa.<br \/>\nO&amp;M. Samalla j\u00e4rjestelm\u00e4n turvallisuussuunnittelu takaa paremman akun suorituskyvyn.<br \/>\nja pidempi k\u00e4ytt\u00f6ik\u00e4. Useita kaappisarjoja voidaan kytke\u00e4 suoraan rinnakkain jopa 30 kappaletta, jotta voidaan toteuttaa<br \/>\nenergian varastointij\u00e4rjestelm\u00e4n laajentaminen.<\/p>\n<p>Taloudellinen:<\/p>\n<p>Eritt\u00e4in integroitu ESS helpottaa<br \/>\nkuljetus ja k\u00e4ytt\u00f6 ja huolto. .<br \/>\nintegroidulla suunnittelulla varmistetaan, ett\u00e4 sivusto voidaan<br \/>\npystytt\u00e4\u00e4 ja k\u00e4ytt\u00e4\u00e4 nopeasti.<\/p>\n<p>Varmuuskopiointitoiminto<\/p>\n<p>Peakshave-toiminto<\/p>\n<p>PV-toiminto<\/p>\n<p>Nestej\u00e4\u00e4hdytys:<\/p>\n<p>L\u00e4mp\u00f6tilan poikkeama<br \/>\nakkukennoja koko<br \/>\nj\u00e4rjestelm\u00e4 on 3 \u00b0C:n sis\u00e4ll\u00e4, kiitos<br \/>\n\u00e4lyk\u00e4s nestej\u00e4\u00e4hdytysj\u00e4rjestelm\u00e4.<br \/>\nSe voi laajentaa<br \/>\nakkukennon k\u00e4ytt\u00f6ik\u00e4\u00e4 jopa 20%.<\/p>\n<p>Turvallinen:<\/p>\n<p>J\u00e4rjestelm\u00e4ss\u00e4 on nelitasoinen<br \/>\nhallintorakenne, joka voi<br \/>\ntarkkaan ohjattu oikosulkusuojaus, ylivirtasuojaus, ylij\u00e4nnitesuojaus, alij\u00e4nnitesuojaus, ylil\u00e4mp\u00f6tilasuojaus<br \/>\nsuojelu jne.<\/p>\n<p>VDE4100<\/p>\n<p>IEC62619<\/p>\n<p>IEC61000<\/p>\n<p>UL9540A<\/p>\n<p>EN50549<\/p>\n<p><a href=\"https:\/\/blauhoff.nl\/wp-content\/uploads\/2025\/02\/NL-BLH-Maxus-125kW289kWh-Flyer-18-1-2025.pdf.pdf\" target=\"_blank\" rel=\"noopener\">NL BLH Maxus 125kW289kWh Flyer 18-1-2025.pdf<\/a><\/p>\n<p><iframe title=\"Blauhoff ESS Kaikki yhdess\u00e4\" width=\"1140\" height=\"641\" src=\"https:\/\/www.youtube.com\/embed\/4ygzOwu-j7I?feature=oembed\" frameborder=\"0\" allow=\"accelerometer; autoplay; clipboard-write; encrypted-media; gyroscope; picture-in-picture; web-share\" referrerpolicy=\"strict-origin-when-cross-origin\" allowfullscreen><\/iframe><\/p>\n<p>&nbsp;<\/p>\n<p>&nbsp;<\/p>","protected":false},"excerpt":{"rendered":"<p>Uusi Blauhoff Maxus 125K\/289kWh All In One -energiavarastokaappi 10 vuoden takuu 8000 sykli\u00e4 Kaikilla Blauhoff-akkuj\u00e4rjestelmill\u00e4 on 10 vuoden takuu kennoille ja 5 vuoden takuu [...]<\/p>","protected":false},"featured_media":185452,"template":"","meta":{"_seopress_robots_primary_cat":"none","_seopress_titles_title":"","_seopress_titles_desc":"","_seopress_robots_index":"","_kad_blocks_custom_css":"","_kad_blocks_head_custom_js":"","_kad_blocks_body_custom_js":"","_kad_blocks_footer_custom_js":""},"product_cat":[17,19],"product_tag":[],"class_list":{"0":"post-208743","1":"product","2":"type-product","3":"status-publish","4":"has-post-thumbnail","6":"product_cat-home-batteries","7":"product_cat-sets-with-inverters","9":"first","10":"instock","11":"taxable","12":"shipping-taxable","13":"purchasable","14":"product-type-simple"},"taxonomy_info":{"product_cat":[{"value":17,"label":"Home batteries"},{"value":19,"label":"Sets with inverters"}]},"featured_image_src_large":["https:\/\/ownpowr.com\/wp-content\/uploads\/2024\/10\/maxus-.png",300,300,false],"author_info":[],"comment_info":"","_links":{"self":[{"href":"https:\/\/ownpowr.com\/fi\/wp-json\/wp\/v2\/product\/208743","targetHints":{"allow":["GET"]}}],"collection":[{"href":"https:\/\/ownpowr.com\/fi\/wp-json\/wp\/v2\/product"}],"about":[{"href":"https:\/\/ownpowr.com\/fi\/wp-json\/wp\/v2\/types\/product"}],"wp:featuredmedia":[{"embeddable":true,"href":"https:\/\/ownpowr.com\/fi\/wp-json\/wp\/v2\/media\/185452"}],"wp:attachment":[{"href":"https:\/\/ownpowr.com\/fi\/wp-json\/wp\/v2\/media?parent=208743"}],"wp:term":[{"taxonomy":"product_cat","embeddable":true,"href":"https:\/\/ownpowr.com\/fi\/wp-json\/wp\/v2\/product_cat?post=208743"},{"taxonomy":"product_tag","embeddable":true,"href":"https:\/\/ownpowr.com\/fi\/wp-json\/wp\/v2\/product_tag?post=208743"}],"curies":[{"name":"wp","href":"https:\/\/api.w.org\/{rel}","templated":true}]}}