{"id":221355,"date":"2025-04-17T14:50:19","date_gmt":"2025-04-17T12:50:19","guid":{"rendered":"https:\/\/ownpowr.com\/?post_type=product&#038;p=221355"},"modified":"2025-04-17T14:52:56","modified_gmt":"2025-04-17T12:52:56","slug":"afore-15k-hybrid-three-phase-inverter","status":"publish","type":"product","link":"https:\/\/ownpowr.com\/fi\/product\/ennen-15k-hybridi-kolmivaiheinen-invertteri\/","title":{"rendered":"Afore 15K hybridi kolmivaiheinen invertteri"},"content":{"rendered":"<p>Hybridi-invertteri AF15K-THP, 2 MPPT:t\u00e4, kolmivaiheinen, nimellisteho 15 kW<br \/>\nAfore AF15K-THP on kolmivaiheinen hybridi-invertteri, jonka teho on 15 kW. Suurj\u00e4nniteakun kanssa sit\u00e4 voidaan k\u00e4ytt\u00e4\u00e4 erillisj\u00e4rjestelm\u00e4n\u00e4\/verkon ulkopuolella tai ei-virtaverkkona. Siin\u00e4 on kaksi MPPT-seurantalaitetta ja mahdollisuus kytke\u00e4 kaksi aurinkos\u00e4hk\u00f6moduulijonoa. Saatavana on my\u00f6s useita MPPT-j\u00e4nnitteit\u00e4.<\/p>\n<p>Kohokohdat<br \/>\nModerni muotoilu<br \/>\nSeuranta Wi-Fi-seurannan aikana<br \/>\nKorkeampi hy\u00f6tysuhde 97,5%<br \/>\nEi saatavilla<br \/>\n2 MPPT:t\u00e4 yhdell\u00e4 merkkijonolla<br \/>\nHelppo ja nopea asennus<br \/>\nKompakti koko (370 x 598,5 x 1,92 mm)<br \/>\nYhteensopiva akun korjausten kanssa<br \/>\nSopii akkutyypeille: .<\/p>\n<p>Tekniset tiedot<br \/>\nTuotteen kuvaus: AF15K-THP hybridi-invertteri, 2 MPPT:t\u00e4, kolmivaiheinen, nimellisteho 15 kW.<\/p>\n<p>AC-l\u00e4ht\u00f6tiedot<br \/>\nNimellisteho: 15 kW<br \/>\nSuurin n\u00e4enn\u00e4inen l\u00e4ht\u00f6teho: 16,5 kVA<br \/>\nVaihtoj\u00e4nnite: 3P\/N\/PE 400 V<br \/>\nAC-taajuus: 50 Hz \/ 60 Hz<br \/>\nVaihtovirta: 21,8 A<br \/>\nMax. Vaihtovirta: 27 A<\/p>\n<p>PV-merkkijonon sy\u00f6tt\u00f6tiedot<br \/>\nMax. DC-tuloteho: 22,5 kW<br \/>\nMax. DC-tuloj\u00e4nnite: 1000 V<br \/>\nMax. DC-tulovirta: 2 x 18,5 A<br \/>\nK\u00e4ynnistysj\u00e4nnite: 160 V<br \/>\nMPPT-j\u00e4nnitealue: 500-850 V<br \/>\nSuurin lyhytaikainen teho: 2 x 25 A<br \/>\nMPPT-seurantalaitteiden m\u00e4\u00e4r\u00e4\/jousien m\u00e4\u00e4r\u00e4: 2\/2<\/p>\n<p>Akun sy\u00f6tt\u00f6tiedot<br \/>\nParistotyyppi: Natriumkloridi.<br \/>\nNimellisj\u00e4nnite: 500 V<br \/>\nJ\u00e4nnitealue: 80-600 V<br \/>\nMax. latausvirta: 30 A<br \/>\nMaks. purkausvirta: 30 A<\/p>\n<p>Yleist\u00e4<br \/>\nSuurin hy\u00f6tysuhde: 98,3%<br \/>\nEU:n hy\u00f6tysuhde: TP67T<br \/>\nViestint\u00e4: N\u00e4ytt\u00f6, LED, RS485, CAN, Wi-Fi, GPRS, 4G.<br \/>\nSuojausluokka: IP66<br \/>\nJ\u00e4\u00e4hdytys: J\u00e4\u00e4hdytys: \u00c4lyk\u00e4s tuuletin<br \/>\nTopologia: Muuntajaton<br \/>\nMitat (L x K x S): x 598,5 x 192 mm<br \/>\nPaino: 22 kg<\/p>\n<p>Sis\u00e4lt\u00e4\u00e4:<br \/>\n1 x Afore hybridi-invertteri AF15K-THP<br \/>\n1 x tarvikesarja<\/p>","protected":false},"excerpt":{"rendered":"<p>Hybridivaihtosuuntaaja AF15K-THP, 2 MPPT:t\u00e4, kolmivaiheinen, nimellisteho 15 kW Afore AF15K-THP on kolmivaiheinen hybridivaihtosuuntaaja, jonka teho on 15 kW. Korkeaj\u00e4nniteakun avulla [...]<\/p>","protected":false},"featured_media":221359,"template":"","meta":{"_seopress_robots_primary_cat":"none","_seopress_titles_title":"","_seopress_titles_desc":"","_seopress_robots_index":"","_kad_blocks_custom_css":"","_kad_blocks_head_custom_js":"","_kad_blocks_body_custom_js":"","_kad_blocks_footer_custom_js":""},"product_cat":[18],"product_tag":[],"class_list":{"0":"post-221355","1":"product","2":"type-product","3":"status-publish","4":"has-post-thumbnail","6":"product_cat-hybrid-inverters","8":"first","9":"instock","10":"taxable","11":"shipping-taxable","12":"purchasable","13":"product-type-simple"},"taxonomy_info":{"product_cat":[{"value":18,"label":"Hybrid inverters"}]},"featured_image_src_large":["https:\/\/ownpowr.com\/wp-content\/uploads\/2025\/04\/afore-hybrid-three-phase-inverter.png",640,640,false],"author_info":[],"comment_info":"","_links":{"self":[{"href":"https:\/\/ownpowr.com\/fi\/wp-json\/wp\/v2\/product\/221355","targetHints":{"allow":["GET"]}}],"collection":[{"href":"https:\/\/ownpowr.com\/fi\/wp-json\/wp\/v2\/product"}],"about":[{"href":"https:\/\/ownpowr.com\/fi\/wp-json\/wp\/v2\/types\/product"}],"wp:featuredmedia":[{"embeddable":true,"href":"https:\/\/ownpowr.com\/fi\/wp-json\/wp\/v2\/media\/221359"}],"wp:attachment":[{"href":"https:\/\/ownpowr.com\/fi\/wp-json\/wp\/v2\/media?parent=221355"}],"wp:term":[{"taxonomy":"product_cat","embeddable":true,"href":"https:\/\/ownpowr.com\/fi\/wp-json\/wp\/v2\/product_cat?post=221355"},{"taxonomy":"product_tag","embeddable":true,"href":"https:\/\/ownpowr.com\/fi\/wp-json\/wp\/v2\/product_tag?post=221355"}],"curies":[{"name":"wp","href":"https:\/\/api.w.org\/{rel}","templated":true}]}}