{"id":221361,"date":"2025-04-17T15:02:31","date_gmt":"2025-04-17T13:02:31","guid":{"rendered":"https:\/\/ownpowr.com\/?post_type=product&#038;p=221361"},"modified":"2025-04-17T15:02:32","modified_gmt":"2025-04-17T13:02:32","slug":"afore-20kw-hybrid-three-phase-inverter","status":"publish","type":"product","link":"https:\/\/ownpowr.com\/fi\/product\/ennen-20kw-hybridi-kolmivaiheinen-invertteri\/","title":{"rendered":"Afore 20kw hybridi kolmivaiheinen invertteri"},"content":{"rendered":"<p>Hybridi-invertteri AF20K-TH, 2 MPPT:t\u00e4, kolmivaiheinen, nimellisteho 20 000W.<br \/>\nAfore AF20K-TH on kolmivaiheinen hybridi-invertteri, jonka teho on 20 kW. Korkeaj\u00e4nniteakun kanssa invertteri\u00e4 voidaan k\u00e4ytt\u00e4\u00e4 itsen\u00e4isen\u00e4 j\u00e4rjestelm\u00e4n\u00e4\/verkon ulkopuolella ja varavirtal\u00e4hteen\u00e4. Siin\u00e4 on kaksi MPPT-seurantalaitetta ja mahdollisuus kytke\u00e4 useita aurinkos\u00e4hk\u00f6moduulien ketjuja. Siin\u00e4 on laaja MPPT-j\u00e4nnitealue.<\/p>\n<p>Kohokohdat<br \/>\nModerni muotoilu<br \/>\nWi-Fi-valvonta<br \/>\nKorkea hy\u00f6tysuhde 97,8%<br \/>\nVaravoimakapasiteetti<br \/>\n2 MPPT:t\u00e4, joissa kussakin on 2 jousitusta<br \/>\nHelppo ja nopea asennus<br \/>\nKompaktit mitat (558 x 535 x 260 mm)<br \/>\nYhteensopiva monien akkuvalmistajien kanssa<br \/>\nSopii akkutyypeille: .<\/p>\n<p>Tekniset tiedot<\/p>\n<p>Tuotteen nimi: Hybridi-invertteri AF20K-TH, 2 MPPT:t\u00e4, kolmivaiheinen, nimellisteho 20 000 W.<br \/>\nAC-l\u00e4ht\u00f6tiedot<br \/>\nNimellinen l\u00e4ht\u00f6teho: 20 000 W<br \/>\nMaksimi n\u00e4enn\u00e4inen l\u00e4ht\u00f6teho: 22 000 VA<br \/>\nVaihtoj\u00e4nnite: 3\/N\/PE 400 V<br \/>\nAC-taajuus: 50 Hz \/ 60 Hz<br \/>\nNimellinen vaihtovirta: 29,0 A<br \/>\nMax. Vaihtovirta: 32,0 A<br \/>\nPV-merkkijonon sy\u00f6tt\u00f6tiedot<br \/>\nMax. DC-tuloteho: 30 kW<br \/>\nMax. DC Tuloj\u00e4nnite: 1000V<br \/>\nMax. DC-tulovirta: 2 x 32A<br \/>\nK\u00e4ynnistysj\u00e4nnite: 160V<br \/>\nMPPT-j\u00e4nnitealue: 150-850V<br \/>\nMax. oikosulkuvirta: 2 x 48A<br \/>\nMPP-seurantalaitteiden m\u00e4\u00e4r\u00e4\/jousien m\u00e4\u00e4r\u00e4: 2\/4<br \/>\nAkun sy\u00f6tt\u00f6tiedot<br \/>\nParistotyyppi: Lithium-ion<br \/>\nNimellisj\u00e4nnite: 500V<br \/>\nMax. latausj\u00e4nnite: 150-800V<br \/>\nMax. latausvirta: 50A<br \/>\nMaksimipurkausvirta: 50A<br \/>\nYleist\u00e4<br \/>\nSuurin hy\u00f6tysuhde: 98,3%<br \/>\nEU:n hy\u00f6tysuhde: 97,8%<br \/>\nViestint\u00e4: N\u00e4ytt\u00f6, LED, RS485, CAN, Wi-Fi, GRPS, 4G<br \/>\nSuojausluokka: IP65<br \/>\nTopologia: Muuntajaton<\/p>\n<p>Mitat (L x K x S): H: 558x535x260mm<br \/>\nPaino: 29kg<\/p>\n<p>Toimituksen laajuus<br \/>\n1 x Afore hybridi-invertteri AF20K-TH<br \/>\n1 x tarvikesarja<\/p>","protected":false},"excerpt":{"rendered":"<p>Hybridivaihtosuuntaaja AF20K-TH, 2 MPPT:t\u00e4, kolmivaiheinen, nimellisteho 20 000 W Afore AF20K-TH on kolmivaiheinen hybridivaihtosuuntaaja, jonka teho on 20 kW. Korkeaj\u00e4nniteakun kanssa invertteri [...]<\/p>","protected":false},"featured_media":221359,"template":"","meta":{"_seopress_robots_primary_cat":"none","_seopress_titles_title":"","_seopress_titles_desc":"","_seopress_robots_index":"","_kad_blocks_custom_css":"","_kad_blocks_head_custom_js":"","_kad_blocks_body_custom_js":"","_kad_blocks_footer_custom_js":""},"product_cat":[18],"product_tag":[],"class_list":{"0":"post-221361","1":"product","2":"type-product","3":"status-publish","4":"has-post-thumbnail","6":"product_cat-hybrid-inverters","8":"first","9":"instock","10":"taxable","11":"shipping-taxable","12":"purchasable","13":"product-type-simple"},"taxonomy_info":{"product_cat":[{"value":18,"label":"Hybrid inverters"}]},"featured_image_src_large":["https:\/\/ownpowr.com\/wp-content\/uploads\/2025\/04\/afore-hybrid-three-phase-inverter.png",640,640,false],"author_info":[],"comment_info":"","_links":{"self":[{"href":"https:\/\/ownpowr.com\/fi\/wp-json\/wp\/v2\/product\/221361","targetHints":{"allow":["GET"]}}],"collection":[{"href":"https:\/\/ownpowr.com\/fi\/wp-json\/wp\/v2\/product"}],"about":[{"href":"https:\/\/ownpowr.com\/fi\/wp-json\/wp\/v2\/types\/product"}],"wp:featuredmedia":[{"embeddable":true,"href":"https:\/\/ownpowr.com\/fi\/wp-json\/wp\/v2\/media\/221359"}],"wp:attachment":[{"href":"https:\/\/ownpowr.com\/fi\/wp-json\/wp\/v2\/media?parent=221361"}],"wp:term":[{"taxonomy":"product_cat","embeddable":true,"href":"https:\/\/ownpowr.com\/fi\/wp-json\/wp\/v2\/product_cat?post=221361"},{"taxonomy":"product_tag","embeddable":true,"href":"https:\/\/ownpowr.com\/fi\/wp-json\/wp\/v2\/product_tag?post=221361"}],"curies":[{"name":"wp","href":"https:\/\/api.w.org\/{rel}","templated":true}]}}