{"id":265,"date":"2023-10-04T16:43:01","date_gmt":"2023-10-04T14:43:01","guid":{"rendered":"https:\/\/ownpowr.com\/product\/pylontech-force-l1-14-21\/"},"modified":"2025-12-30T14:50:46","modified_gmt":"2025-12-30T12:50:46","slug":"pylontech-force-l1-14-21","status":"publish","type":"product","link":"https:\/\/ownpowr.com\/fi\/product\/pylontech-force-l1-14-21\/","title":{"rendered":"Pylontech force L1 14.21"},"content":{"rendered":"<p>Pylontech Force L1 14.21 koostuu Pylontech BMU -akunhallintayksik\u00f6st\u00e4 ja nelj\u00e4st\u00e4 Force L1 3,55 kWh -akkumoduulista.<\/p>\n<p>Mahdollisuus skaalautua lis\u00e4\u00e4m\u00e4ll\u00e4 my\u00f6hemmin jopa 3 Force L1 -moduulia lis\u00e4\u00e4.<\/p>\n<div class=\"row\">\n<div class=\"col-lg-6\">\n<h3><strong>Pylontech Voima L1 14.21 - Pienj\u00e4nnite<\/strong><\/h3>\n<p>The <b>Voima L1<\/b> on uusin HESS-akkuj\u00e4rjestelm\u00e4, jonka toimittaa <strong>Pylontech<\/strong>. \"Pitk\u00e4ik\u00e4inen\" luonne, alan korkein energia- ja tehotiheys, muodikas muotoilu, asennuksen ja laajennuksen helppous heijastavat kaikki loppuk\u00e4ytt\u00e4jien todellisia vaatimuksia ja vahvinta teknist\u00e4 kyky\u00e4. <strong>Pylontech<\/strong>.<\/p>\n<p><strong>PylontechForceL1<\/strong>14.21 koostuu <strong>Pylontech<\/strong> BMU-akunhallintayksikk\u00f6 ja 4 Force L1 3,55 kWh -akkumoduulia. Mahdollisuus skaalautua lis\u00e4\u00e4m\u00e4ll\u00e4 my\u00f6hemmin jopa 3 Force L1 -moduulia rinnakkain t\u00e4h\u00e4n pinoon, jolloin saavutetaan jopa 24,86 kWh:n k\u00e4ytt\u00f6kelpoinen teho.<\/p>\n<p><strong>Vertikaalinen teollisuusintegraatio takaa yli 6 000 sykli\u00e4 90% DoD -laitteella.<\/strong><\/p>\n<p><strong>Modulaarinen rakenne antaa loppuasiakkaille mahdollisuuden valita kapasiteetin<\/strong><\/p>\n<p><strong>Yhteensopiva useimpien saatavilla olevien hybridi-invertterien kanssa<\/strong><\/p>\n<p><strong>Pikaliitin minimoi asennusaikaa ja -kustannuksia<\/strong><\/p>\n<p><strong>Kaunis muotoilu - sek\u00e4 sis\u00e4- ett\u00e4 ulkoasennuksen lis\u00e4ksi<\/strong><\/p>\n<\/div>\n<\/div>","protected":false},"excerpt":{"rendered":"<p>Pylontech Force L1 14.21 koostuu Pylontech BMU -akunhallintayksik\u00f6st\u00e4 ja nelj\u00e4st\u00e4 Force L1 3,55 kWh -akkumoduulista. Mahdollisuus skaalautua lis\u00e4\u00e4m\u00e4ll\u00e4 my\u00f6hemmin enint\u00e4\u00e4n 3 ylim\u00e4\u00e4r\u00e4ist\u00e4 Force [...]<\/p>","protected":false},"featured_media":266,"template":"","meta":{"_seopress_robots_primary_cat":"none","_seopress_titles_title":"","_seopress_titles_desc":"","_seopress_robots_index":"","_kad_blocks_custom_css":"","_kad_blocks_head_custom_js":"","_kad_blocks_body_custom_js":"","_kad_blocks_footer_custom_js":""},"product_cat":[17],"product_tag":[],"class_list":{"0":"post-265","1":"product","2":"type-product","3":"status-publish","4":"has-post-thumbnail","6":"product_cat-home-batteries","8":"first","9":"outofstock","10":"sale","11":"taxable","12":"shipping-taxable","13":"purchasable","14":"product-type-simple"},"taxonomy_info":{"product_cat":[{"value":17,"label":"Home batteries"}]},"featured_image_src_large":["https:\/\/ownpowr.com\/wp-content\/uploads\/2022\/11\/SAM7623-0.jpeg",600,661,false],"author_info":[],"comment_info":"","_links":{"self":[{"href":"https:\/\/ownpowr.com\/fi\/wp-json\/wp\/v2\/product\/265","targetHints":{"allow":["GET"]}}],"collection":[{"href":"https:\/\/ownpowr.com\/fi\/wp-json\/wp\/v2\/product"}],"about":[{"href":"https:\/\/ownpowr.com\/fi\/wp-json\/wp\/v2\/types\/product"}],"wp:featuredmedia":[{"embeddable":true,"href":"https:\/\/ownpowr.com\/fi\/wp-json\/wp\/v2\/media\/266"}],"wp:attachment":[{"href":"https:\/\/ownpowr.com\/fi\/wp-json\/wp\/v2\/media?parent=265"}],"wp:term":[{"taxonomy":"product_cat","embeddable":true,"href":"https:\/\/ownpowr.com\/fi\/wp-json\/wp\/v2\/product_cat?post=265"},{"taxonomy":"product_tag","embeddable":true,"href":"https:\/\/ownpowr.com\/fi\/wp-json\/wp\/v2\/product_tag?post=265"}],"curies":[{"name":"wp","href":"https:\/\/api.w.org\/{rel}","templated":true}]}}