{"id":276,"date":"2023-10-05T01:24:52","date_gmt":"2023-10-04T23:24:52","guid":{"rendered":"https:\/\/ownpowr.com\/product\/pylontech-force-l1-7-10\/"},"modified":"2025-11-28T11:02:45","modified_gmt":"2025-11-28T09:02:45","slug":"pylontech-force-l1-7-10","status":"publish","type":"product","link":"https:\/\/ownpowr.com\/fi\/product\/pylontech-force-l1-7-10\/","title":{"rendered":"Pylontech force L1 7.10"},"content":{"rendered":"<p>Esittelyss\u00e4 Pylontech Force L1 7,1 kWh:n matalaj\u00e4nniteakkuj\u00e4rjestelm\u00e4:<\/p>\n<p><strong>T\u00e4rkeimm\u00e4t ominaisuudet:<\/strong><\/p>\n<ul>\n<li><strong>Akun kokoonpano:<\/strong> 2 x Force L1 3,55 kWh akkumoduuli + 1 x Pylontech BMU akunhallintayksikk\u00f6.<\/li>\n<li><strong>K\u00e4ytett\u00e4viss\u00e4 oleva kokonaiskapasiteetti:<\/strong> 7,1 kWh<\/li>\n<li><strong>Skaalautuvuus:<\/strong> Mahdollisuus kasvattaa kapasiteettia lis\u00e4\u00e4m\u00e4ll\u00e4 my\u00f6hemmin enint\u00e4\u00e4n 2 Force L1 -lis\u00e4moduulia, jolloin k\u00e4ytt\u00f6kapasiteetti nousee 24,86 kWh:iin.<\/li>\n<li><strong>Vertikaalinen teollinen integraatio:<\/strong> Tarjoaa yli 6 000 sykli\u00e4 90%:n lataussyvyydell\u00e4 (Depth of Discharge, DoD), mik\u00e4 takaa pitk\u00e4kestoisen suorituskyvyn.<\/li>\n<li><strong>Modulaarinen rakenne:<\/strong> Antaa loppuasiakkaille mahdollisuuden valita haluamansa kapasiteetin, mik\u00e4 tarjoaa joustavuutta.<\/li>\n<li><strong>Yhteensopivuus:<\/strong> Yhteensopiva useimpien saatavilla olevien hybridivaihtosuuntaajien kanssa, mik\u00e4 takaa saumattoman integroinnin olemassa oleviin j\u00e4rjestelmiin.<\/li>\n<li><strong>Pikaliit\u00e4nt\u00e4:<\/strong> Minimoi asennusaikaa ja -kustannuksia ja yksinkertaistaa asennusta.<\/li>\n<li><strong>Monipuolinen muotoilu:<\/strong> Soveltuu sek\u00e4 sis\u00e4- ett\u00e4 ulkoasennuksiin ja tarjoaa joustavuutta sijoittelussa.<\/li>\n<\/ul>\n<p><strong>Tuotteen kuvaus: Tuotteen kuvaus: Tuotteen kuvaus: Tuotteen kuvaus: Tuotteen kuvaus: Tuotteen kuvaus:<\/strong><\/p>\n<p>Pylontech Force L1 on huippuluokan HESS-akkuj\u00e4rjestelm\u00e4 (High Energy Storage System), joka on suunniteltu vastaamaan k\u00e4ytt\u00e4jien kehittyviin tarpeisiin. Se sis\u00e4lt\u00e4\u00e4 useita keskeisi\u00e4 ominaisuuksia, jotka erottavat sen muista:<\/p>\n<ul>\n<li><strong>Pitk\u00e4 k\u00e4ytt\u00f6ik\u00e4:<\/strong> Force L1 on suunniteltu kest\u00e4v\u00e4ksi, jotta se t\u00e4ytt\u00e4\u00e4 pitk\u00e4aikaisten energiavarastointivaatimusten vaatimukset.<\/li>\n<li><strong>Korkea energia- ja tehotiheys:<\/strong> T\u00e4ss\u00e4 akkuj\u00e4rjestelm\u00e4ss\u00e4 on alan korkein energia- ja tehotiheys, joka maksimoi energian varastoinnin kompaktissa rakenteessa.<\/li>\n<li><strong>Asennuksen helppous:<\/strong> J\u00e4rjestelm\u00e4 on suunniteltu helposti asennettavaksi ja laajennettavaksi, mik\u00e4 yksinkertaistaa loppuk\u00e4ytt\u00e4jien k\u00e4ytt\u00f6\u00f6nottoprosessia.<\/li>\n<li><strong>Skaalautuvuus:<\/strong> K\u00e4ytt\u00e4j\u00e4t voivat aloittaa vain yhdell\u00e4 Force L1 -moduulilla ja laajentaa sit\u00e4 lis\u00e4\u00e4m\u00e4ll\u00e4 my\u00f6hemmin enint\u00e4\u00e4n kaksi moduulia, mik\u00e4 tarjoaa skaalautuvuutta muuttuvien energiavaatimusten t\u00e4ytt\u00e4miseksi.<\/li>\n<li><strong>Valmistajan takuu:<\/strong> Tuotteella on valmistajan takuu, joka takaa mielenrauhan ja tuotteen luotettavuuden. Tarkemmat takuun yksityiskohdat on tarkistettava Pylontech:lt\u00e4.<\/li>\n<\/ul>\n<p>Pylontech Force L1 on erinomainen valinta asuin- ja kaupallisiin energiavarastoratkaisuihin. Sen monipuolinen rakenne, korkea suorituskyky ja skaalautuvuus tekev\u00e4t siit\u00e4 arvokkaan lis\u00e4n mihin tahansa energianhallintaj\u00e4rjestelm\u00e4\u00e4n. Force L1 tarjoaa luotettavan ja tehokkaan energiavarastointiratkaisun riippumatta siit\u00e4, k\u00e4ytet\u00e4\u00e4nk\u00f6 sit\u00e4 varavoimanl\u00e4hteen\u00e4 s\u00e4hk\u00f6katkosten aikana vai energiankulutuksen optimoimiseksi.<\/p>","protected":false},"excerpt":{"rendered":"<p>Esittelyss\u00e4 Pylontech Force L1 7,1 kWh matalaj\u00e4nniteakkuj\u00e4rjestelm\u00e4: T\u00e4rkeimm\u00e4t ominaisuudet: Akkukokoonpano: 2 x Force L1 3,55 kWh akkumoduulia + 1 x Pylontech BMU Akunhallinta [...]<\/p>","protected":false},"featured_media":277,"template":"","meta":{"_seopress_robots_primary_cat":"none","_seopress_titles_title":"Pylontech Force L1 7.10 - High Energy Density HESS Battery System","_seopress_titles_desc":"Experience exceptional energy density and long-lasting performance with Pylontech Force L1 7.10. Expandable, easy to install, and compatible with hybrid inverters.","_seopress_robots_index":"","_kad_blocks_custom_css":"","_kad_blocks_head_custom_js":"","_kad_blocks_body_custom_js":"","_kad_blocks_footer_custom_js":""},"product_cat":[17],"product_tag":[],"class_list":{"0":"post-276","1":"product","2":"type-product","3":"status-publish","4":"has-post-thumbnail","6":"product_cat-home-batteries","8":"first","9":"instock","10":"sale","11":"taxable","12":"shipping-taxable","13":"purchasable","14":"product-type-simple"},"taxonomy_info":{"product_cat":[{"value":17,"label":"Home batteries"}]},"featured_image_src_large":["https:\/\/ownpowr.com\/wp-content\/uploads\/2022\/11\/SAM7621-0.jpeg",600,661,false],"author_info":[],"comment_info":"","_links":{"self":[{"href":"https:\/\/ownpowr.com\/fi\/wp-json\/wp\/v2\/product\/276","targetHints":{"allow":["GET"]}}],"collection":[{"href":"https:\/\/ownpowr.com\/fi\/wp-json\/wp\/v2\/product"}],"about":[{"href":"https:\/\/ownpowr.com\/fi\/wp-json\/wp\/v2\/types\/product"}],"wp:featuredmedia":[{"embeddable":true,"href":"https:\/\/ownpowr.com\/fi\/wp-json\/wp\/v2\/media\/277"}],"wp:attachment":[{"href":"https:\/\/ownpowr.com\/fi\/wp-json\/wp\/v2\/media?parent=276"}],"wp:term":[{"taxonomy":"product_cat","embeddable":true,"href":"https:\/\/ownpowr.com\/fi\/wp-json\/wp\/v2\/product_cat?post=276"},{"taxonomy":"product_tag","embeddable":true,"href":"https:\/\/ownpowr.com\/fi\/wp-json\/wp\/v2\/product_tag?post=276"}],"curies":[{"name":"wp","href":"https:\/\/api.w.org\/{rel}","templated":true}]}}