{"id":286,"date":"2023-10-05T01:24:51","date_gmt":"2023-10-04T23:24:51","guid":{"rendered":"https:\/\/ownpowr.com\/product\/pylontech-force-l1-3-55\/"},"modified":"2025-10-15T13:54:02","modified_gmt":"2025-10-15T11:54:02","slug":"pylontech-force-l1-3-55","status":"publish","type":"product","link":"https:\/\/ownpowr.com\/fi\/product\/pylontech-force-l1-3-55\/","title":{"rendered":"Pylontechin voima L1 3.55"},"content":{"rendered":"<h2><strong>Pylontech Force L1 3,55 kWh:n litiumakkumoduuli muodostaa pinottavan akkuj\u00e4rjestelm\u00e4n 2-7 moduulin v\u00e4lill\u00e4 ulkoisen BMS:n kanssa.<\/strong><\/h2>\n<p>Pylontech Force L1 3.55 koostuu Pylontech BMU -akunhallintayksik\u00f6st\u00e4 ja 1 Force L1 3.55 kWh -akkumoduulista. Mahdollisuus skaalautua lis\u00e4\u00e4m\u00e4ll\u00e4 my\u00f6hemmin enint\u00e4\u00e4n 6 Force L1 -moduulia.<\/p>\n<p>&nbsp;<\/p>\n<div class=\"row\">\n<div class=\"col-lg-6\">\n<h3><strong>Pylontech Voima L1 3.55 <\/strong><strong>- Pienj\u00e4nnite<\/strong><\/h3>\n<p>Force L1 on uusin Pylontech:n toimittama HESS-akkuj\u00e4rjestelm\u00e4. Pitk\u00e4 k\u00e4ytt\u00f6ik\u00e4, alan korkein energia- ja tehotiheys, muodikas muotoilu, helppo asennettavuus ja laajennettavuus heijastavat loppuk\u00e4ytt\u00e4jien todellisia vaatimuksia ja Pylontech:n vahvinta teknist\u00e4 kapasiteettia.<\/p>\n<p><strong>PylontechForceL1<\/strong>3.55 koostuu <strong>Pylontech<\/strong> BMU-akunhallintayksikk\u00f6 ja 1 Force L1 3,55 kWh:n akkumoduuli. Mahdollisuus skaalautua lis\u00e4\u00e4m\u00e4ll\u00e4 my\u00f6hemmin jopa 6 Force L1 -moduulia rinnakkain t\u00e4h\u00e4n pinoon, jolloin saavutetaan jopa 24,86 kWh:n k\u00e4ytt\u00f6kelpoinen teho.<\/p>\n<p><strong>Vertikaalinen teollinen integraatio takaa yli 6 000 sykli\u00e4 90% DoD -laitteella.<\/strong><\/p>\n<p><strong>Modulaarisen rakenteen ansiosta loppuasiakkaat voivat valita kapasiteetin.<\/strong><\/p>\n<p><strong>Yhteensopiva useimpien saatavilla olevien hybridivaihtosuuntaajien kanssa<\/strong><\/p>\n<p><strong>Pikaliit\u00e4nt\u00e4 minimoi asennusaikaa ja -kustannuksia<\/strong><\/p>\n<p><strong>Kaunis muotoilu - sopii sek\u00e4 sis\u00e4tiloihin ett\u00e4 ulkotiloihin<\/strong><\/p>\n<div id=\"ProductInfoTabs\" class=\"ui-tabs ui-widget ui-widget-content ui-corner-all epProductInfoTabs ep-js\" data-js=\"\">\n<div id=\"tab-product-description\" class=\"ui-tabs-panel ui-widget-content ui-corner-bottom\" role=\"tabpanel\" aria-labelledby=\"ui-id-1\" aria-hidden=\"false\">\n<div class=\"description\">\n<p>&nbsp;<\/p>\n<p>Pylontech Force L1 -litiumakkumoduulia k\u00e4ytet\u00e4\u00e4n 2-7 moduulin Pylontech-pinoamisakkuj\u00e4rjestelm\u00e4\u00e4n, jossa on ulkoinen BMS, jotta se voidaan mukauttaa erilaisiin kokoonpanoj\u00e4rjestelmiin. Nimelliskapasiteetti on 3,55 kWh, ja se on valmistettu koboltittomasta litiumferrofosfaatista.<\/p>\n<p>T\u00e4m\u00e4 uusin versio HESS:st\u00e4 (kotienergian varastointij\u00e4rjestelm\u00e4), jossa on modulaarisen suunnittelun periaate yhdistettyn\u00e4 helppoon asennukseen, yksinkertaisiin liittimiin ja yhteensopivuuteen ulkotilojen kanssa.<\/p>\n<p>Se on uusin versio HESS-j\u00e4rjestelm\u00e4st\u00e4 (kotienergian varastointij\u00e4rjestelm\u00e4), joka perustuu modulaariseen suunnitteluun, helppoon asennukseen, yksinkertaisiin liittimiin ja yhteensopivuuteen ulkotilojen kanssa.<\/p>\n<p>T\u00e4m\u00e4 varastointij\u00e4rjestelm\u00e4 voidaan asentaa ilman, ett\u00e4 akkujen v\u00e4lille tarvitsee kytke\u00e4 kaapeleita, ja se on pinottava, mik\u00e4 helpottaa ja nopeuttaa asennusta. T\u00e4m\u00e4 on uusi Pylontech-ratkaisu pienj\u00e4nniteasuntosektorille on L-sarja, johon kuuluvat Force L1 ja L2.<\/p>\n<p>N\u00e4m\u00e4 tuotteet koostuvat useista pinottavista 2-7 akusta, joissa on ulkoinen BMS-j\u00e4rjestelm\u00e4, jotta ne soveltuvat erilaisiin kokoonpanoj\u00e4rjestelmiin.<\/p>\n<p>Se soveltuu erityisen hyvin pieniin tiloihin, joissa on rajoitetusti tilaa, ja my\u00f6s laitteistoihin, joissa on paljon tehoa ja pitk\u00e4 k\u00e4ytt\u00f6ik\u00e4. T\u00e4m\u00e4 moduuli asennetaan yhdess\u00e4 BMS FC0048M-100:n kanssa, jonka nimellisj\u00e4nnite on 48V ja kapasiteetti 47Ah. N\u00e4iss\u00e4 j\u00e4rjestelmiss\u00e4 on my\u00f6s lataus- ja purkausvirta, joka voi olla yhteens\u00e4 60A, ja IP55-suojaus.<\/p>\n<p>J\u00e4rjestelm\u00e4n yksinkertaisuus ja pinottavuus tekev\u00e4t siit\u00e4 eritt\u00e4in joustavan, ja sit\u00e4 on helppo laajentaa ajan my\u00f6t\u00e4. Toinen t\u00e4rke\u00e4 n\u00e4k\u00f6kohta on ep\u00e4ilem\u00e4tt\u00e4 tyhjennyssyvyys, 90%. Lis\u00e4ksi laitteet voidaan yhdist\u00e4\u00e4 erityyppisiin inverttereihin, jopa integroidun EPS-toiminnon kanssa.<\/p>\n<p>Sen t\u00e4rkeimpi\u00e4 ominaisuuksia ovat modulaarinen rakenne, joka tarjoaa maksimaalisen joustavuuden, sis\u00e4inen LFP-kenno, joka mahdollistaa pidemm\u00e4n k\u00e4ytt\u00f6i\u00e4n ja paremman turvallisuuden, nopeat liit\u00e4nn\u00e4t, jotka s\u00e4\u00e4st\u00e4v\u00e4t asennusaikaa, ja todistetusti laajimmin taajuusmuuttajien kanssa yhteensopiva BMS.<\/p>\n<p>Akulla on 3 vuoden lakis\u00e4\u00e4teinen takuu ja 10 vuoden valmistajan takuu.<\/p>\n<p>&nbsp;<\/p>\n<h3><strong>Pylontech Force L1 -litiumakkumoduulin tekniset tiedot<\/strong><\/h3>\n<p>- Akun kapasiteetti: 3,55 kWh<br \/>\n- J\u00e4nnitealue: 44.5 -54h<br \/>\n- K\u00e4ytt\u00f6kapasiteetti: 4600W<br \/>\n- Suojausaste: IP55<br \/>\n- Tietoliikenneportti: RS485<br \/>\n- Takuu: 10 vuotta (valmistajan vaatimusten mukaisesti).<\/p>\n<\/div>\n<\/div>\n<\/div>\n<\/div>\n<\/div>","protected":false},"excerpt":{"rendered":"<p>Pylontech Force L1 3,55 kWh litiumakkumoduuli muodostaa pinottavan akkuj\u00e4rjestelm\u00e4n 2-7 moduulin v\u00e4lill\u00e4 ulkoisen BMS:n kanssa. Pylontech Force L1 3.55 koostuu Pylontech BMU:sta [...]<\/p>","protected":false},"featured_media":287,"template":"","meta":{"_seopress_robots_primary_cat":"none","_seopress_titles_title":"","_seopress_titles_desc":"","_seopress_robots_index":"","_kad_blocks_custom_css":"","_kad_blocks_head_custom_js":"","_kad_blocks_body_custom_js":"","_kad_blocks_footer_custom_js":""},"product_cat":[17],"product_tag":[],"class_list":{"0":"post-286","1":"product","2":"type-product","3":"status-publish","4":"has-post-thumbnail","6":"product_cat-home-batteries","8":"first","9":"outofstock","10":"sale","11":"taxable","12":"shipping-taxable","13":"purchasable","14":"product-type-simple"},"taxonomy_info":{"product_cat":[{"value":17,"label":"Home batteries"}]},"featured_image_src_large":["https:\/\/ownpowr.com\/wp-content\/uploads\/2022\/11\/Schermafbeelding-2022-10-15-om-12.07.40.png",822,504,false],"author_info":[],"comment_info":"","_links":{"self":[{"href":"https:\/\/ownpowr.com\/fi\/wp-json\/wp\/v2\/product\/286","targetHints":{"allow":["GET"]}}],"collection":[{"href":"https:\/\/ownpowr.com\/fi\/wp-json\/wp\/v2\/product"}],"about":[{"href":"https:\/\/ownpowr.com\/fi\/wp-json\/wp\/v2\/types\/product"}],"wp:featuredmedia":[{"embeddable":true,"href":"https:\/\/ownpowr.com\/fi\/wp-json\/wp\/v2\/media\/287"}],"wp:attachment":[{"href":"https:\/\/ownpowr.com\/fi\/wp-json\/wp\/v2\/media?parent=286"}],"wp:term":[{"taxonomy":"product_cat","embeddable":true,"href":"https:\/\/ownpowr.com\/fi\/wp-json\/wp\/v2\/product_cat?post=286"},{"taxonomy":"product_tag","embeddable":true,"href":"https:\/\/ownpowr.com\/fi\/wp-json\/wp\/v2\/product_tag?post=286"}],"curies":[{"name":"wp","href":"https:\/\/api.w.org\/{rel}","templated":true}]}}