{"id":3719,"date":"2023-10-19T17:21:57","date_gmt":"2023-10-19T15:21:57","guid":{"rendered":"https:\/\/ownpowr.com\/?post_type=product&#038;p=3719"},"modified":"2025-08-25T14:40:54","modified_gmt":"2025-08-25T12:40:54","slug":"blauhoff-maxus-100k-258kwh-all-in-one-8000-cycles-10-year-warantee","status":"publish","type":"product","link":"https:\/\/ownpowr.com\/fi\/product\/blauhoff-maxus-100k-258kwh-all-in-one-8000-syklia-10-vuoden-takuu\/","title":{"rendered":"Blauhoff Maxus 125K\/258kWh All In One energiavarastokaappi"},"content":{"rendered":"<h3>Blauhoff Maxus 125K\/258kWh All In One energiavarastokaappi 10 vuoden takuu 8000 sykli\u00e4<\/h3>\n<p><strong>Kaikilla Blauhoff-akkuj\u00e4rjestelmill\u00e4 on 10 vuoden takuu kennoille ja 5 vuoden takuu invertterille ilman mink\u00e4\u00e4nlaista lis\u00e4maksua!<\/strong><\/p>\n<p><strong>N\u00e4in ei ole useimpien muiden merkkien kohdalla, ja takuu on rajoitettu vain 3-5 vuoteen!<\/strong><\/p>\n<p><strong>Prismaattiset kennot takaavat korkeimman laadun ja pisimm\u00e4n k\u00e4ytt\u00f6i\u00e4n, 8000 sykli\u00e4 ja 10 vuoden takuu kennoille ilman lis\u00e4kustannuksia ja 5 vuoden takuu koko kennolle.<\/strong><\/p>\n<p>&nbsp;<\/p>\n<p>BLH-125K\/258KwH-Maxus-sarja, nestej\u00e4\u00e4hdytteinen kaupallinen ja teollinen all-in-one-ESS, on<br \/>\nintegroitu energiavarastomuuntimen, akun, BMS:n, EMS:n ja l\u00e4mm\u00f6nhallinnan kanssa,<br \/>\ns\u00e4hk\u00f6njakelu, palontorjunta jne. All-in-one-rakenne on helppo asentaa sek\u00e4<br \/>\nO&amp;M. Samalla j\u00e4rjestelm\u00e4n turvallisuussuunnittelu takaa paremman akun suorituskyvyn.<br \/>\nja pidempi k\u00e4ytt\u00f6ik\u00e4. Useita kaappisarjoja voidaan kytke\u00e4 suoraan rinnakkain jopa 30 kappaletta.<br \/>\ntoteuttaa energian varastointij\u00e4rjestelm\u00e4n laajentaminen.<\/p>\n<h4>Taloudellinen:<\/h4>\n<p>Eritt\u00e4in integroitu ESS helpottaa<br \/>\nkuljetus ja k\u00e4ytt\u00f6 ja huolto. .<br \/>\nintegroidun suunnittelun ansiosta sivusto<br \/>\nnopeasti k\u00e4ytt\u00f6\u00f6notettavissa ja k\u00e4ytett\u00e4viss\u00e4.<\/p>\n<p>Varmuuskopiointitoiminto<\/p>\n<p>Peakshave-toiminto<\/p>\n<p>PV-toiminto<\/p>\n<h4>Nestej\u00e4\u00e4hdytys:<\/h4>\n<p>L\u00e4mp\u00f6tilapoikkeama<br \/>\nakkukennoja koko<br \/>\nj\u00e4rjestelm\u00e4 on 3 \u00b0C:n sis\u00e4ll\u00e4, koska<br \/>\n\u00e4lyk\u00e4s nestej\u00e4\u00e4hdytysj\u00e4rjestelm\u00e4.<br \/>\nSe voi laajentaa k\u00e4ytt\u00f6ik\u00e4\u00e4<br \/>\nakkukennot 20%:hen asti.<\/p>\n<h4>Turvallinen:<\/h4>\n<p>J\u00e4rjestelm\u00e4ss\u00e4 on nelj\u00e4 tasoa<br \/>\nhallintorakenne, joka<br \/>\nvoi antaa tarkasti lyhyen<br \/>\npiirisuojaus, ylivirtasuojaus<br \/>\nsuojaus, ylij\u00e4nnitesuojaus<br \/>\nsuojaus, alij\u00e4nnite<br \/>\nsuojaus, ylil\u00e4mp\u00f6tila<br \/>\nsuojelu jne.<\/p>\n<p>VDE4100<\/p>\n<p>IEC62619<\/p>\n<p>IEC61000<\/p>\n<p>UL9540A<\/p>\n<p>EN50549<\/p>\n<h4>Tietolehti :<\/h4>\n<p><a href=\"https:\/\/ownpowr.com\/wp-content\/uploads\/2023\/10\/blauhoff_sd-125-258_energy_storage_cabinet.pdf\">Blauhoff_SD-125-258_Energy_Storage_Cabinet<\/a><\/p>\n<p><iframe title=\"Blauhoff ESS Kaikki yhdess\u00e4\" width=\"1140\" height=\"641\" src=\"https:\/\/www.youtube.com\/embed\/4ygzOwu-j7I?feature=oembed\" frameborder=\"0\" allow=\"accelerometer; autoplay; clipboard-write; encrypted-media; gyroscope; picture-in-picture; web-share\" referrerpolicy=\"strict-origin-when-cross-origin\" allowfullscreen><\/iframe><\/p>","protected":false},"excerpt":{"rendered":"<p><a href=\"https:\/\/ownpowr.com\/wp-content\/uploads\/2023\/10\/blauhoff_sd-125-258_energy_storage_cabinet.pdf\">Blauhoff_SD-125-258_Energy_Storage_Cabinet<\/a><\/p>\n<p>Huomio, hinta on ilman arvonlis\u00e4veroa ja ilman asennusta.<\/p>","protected":false},"featured_media":3781,"template":"","meta":{"_seopress_robots_primary_cat":"none","_seopress_titles_title":"Blauhoff Maxus 100K\/258kWh All In One Energy Storage System","_seopress_titles_desc":"Get this Energy Storage System for commercial and industrial use with liquid cooling, easy installation, and outstanding safety features","_seopress_robots_index":"","_kad_blocks_custom_css":"","_kad_blocks_head_custom_js":"","_kad_blocks_body_custom_js":"","_kad_blocks_footer_custom_js":""},"product_cat":[17,19],"product_tag":[],"class_list":{"0":"post-3719","1":"product","2":"type-product","3":"status-publish","4":"has-post-thumbnail","6":"product_cat-home-batteries","7":"product_cat-sets-with-inverters","9":"first","10":"instock","11":"sale","12":"taxable","13":"shipping-taxable","14":"purchasable","15":"product-type-simple"},"taxonomy_info":{"product_cat":[{"value":17,"label":"Home batteries"},{"value":19,"label":"Sets with inverters"}]},"featured_image_src_large":["https:\/\/ownpowr.com\/wp-content\/uploads\/2023\/10\/platte-tekst-toevoegen-1-2-1024x1024.png",1024,1024,true],"author_info":[],"comment_info":"","_links":{"self":[{"href":"https:\/\/ownpowr.com\/fi\/wp-json\/wp\/v2\/product\/3719","targetHints":{"allow":["GET"]}}],"collection":[{"href":"https:\/\/ownpowr.com\/fi\/wp-json\/wp\/v2\/product"}],"about":[{"href":"https:\/\/ownpowr.com\/fi\/wp-json\/wp\/v2\/types\/product"}],"wp:featuredmedia":[{"embeddable":true,"href":"https:\/\/ownpowr.com\/fi\/wp-json\/wp\/v2\/media\/3781"}],"wp:attachment":[{"href":"https:\/\/ownpowr.com\/fi\/wp-json\/wp\/v2\/media?parent=3719"}],"wp:term":[{"taxonomy":"product_cat","embeddable":true,"href":"https:\/\/ownpowr.com\/fi\/wp-json\/wp\/v2\/product_cat?post=3719"},{"taxonomy":"product_tag","embeddable":true,"href":"https:\/\/ownpowr.com\/fi\/wp-json\/wp\/v2\/product_tag?post=3719"}],"curies":[{"name":"wp","href":"https:\/\/api.w.org\/{rel}","templated":true}]}}