{"id":4030,"date":"2025-01-30T09:44:01","date_gmt":"2025-01-30T07:44:01","guid":{"rendered":"https:\/\/ownpowr.com\/?post_type=product&#038;p=4030"},"modified":"2025-08-25T15:06:43","modified_gmt":"2025-08-25T13:06:43","slug":"blauhoff-maxus-all-in-one-500k-1156kwh-energy-storage-cabinet-liquid-cooled","status":"publish","type":"product","link":"https:\/\/ownpowr.com\/fi\/product\/blauhoff-maxus-all-in-one-500k-1032kwh-energiavarastokaappi-nestejaahdytteinen\/","title":{"rendered":"Blauhoff Maxus All in One 500K\/1156kWh energiavarastokaappi Nestej\u00e4\u00e4hdytteinen 1 megawatti 1 megawatti"},"content":{"rendered":"<p><strong>Kaikilla Blauhoff-akkuj\u00e4rjestelmill\u00e4 on 10 vuoden takuu kennoille ja 5 vuoden takuu invertterille ilman mink\u00e4\u00e4nlaista lis\u00e4maksua!<\/strong><\/p>\n<p><strong>N\u00e4in ei ole useimpien muiden merkkien kohdalla, ja takuu on rajoitettu vain 3-5 vuoteen!<\/strong><\/p>\n<p><strong>Prismaattiset kennot takaavat korkeimman laadun ja pisimm\u00e4n k\u00e4ytt\u00f6i\u00e4n, 8000 sykli\u00e4 ja 10 vuoden takuu kennoille ilman lis\u00e4kustannuksia ja 5 vuoden takuu koko kennolle.<\/strong><\/p>\n<p>&nbsp;<\/p>\n<p>Blauhoff Maxus All in One 500K-1156kWh = 2 mWh Nestej\u00e4\u00e4hdytteinen 10 vuoden takuu 8000 sykli\u00e4<\/p>\n<p>Prismaattiset kennot takaavat parhaan laadun ja pisimm\u00e4n k\u00e4ytt\u00f6i\u00e4n sek\u00e4 8000 sykli\u00e4.<\/p>\n<p>T\u00e4ysin integroitu ESS helpottaa kuljetusta ja huoltoa.<\/p>\n<p>Integroidun ja modulaarisen rakenteen ansiosta se on nopea asentaa ja k\u00e4ytt\u00e4\u00e4, 2-3 tuntia ty\u00f6t\u00e4 yksikk\u00f6\u00e4 kohden.<\/p>\n<p>Blauhoff BLH-100K-2064kWh-Maxus, joka on nestej\u00e4\u00e4hdytyksell\u00e4 varustettu kaupallinen ja teollinen ESS, on integroitu energiavarastomuuntimella, akulla, BMS-j\u00e4rjestelm\u00e4ll\u00e4, EMS-j\u00e4rjestelm\u00e4ll\u00e4, l\u00e4mm\u00f6nhallinnalla, tehonjakelulla, palontorjunnalla jne.<\/p>\n<p>T\u00e4ss\u00e4 tapauksessa 8 kpl.<\/p>\n<p>All-in-one-rakenne on helppo asentaa ja yll\u00e4pit\u00e4\u00e4, ja se on varustettu varmuuskopiointi- ja aurinkos\u00e4hk\u00f6toiminnolla.<\/p>\n<p>J\u00e4rjestelm\u00e4n turvallisuussuunnittelu takaa paremman akun suorituskyvyn ja pidemm\u00e4n k\u00e4ytt\u00f6i\u00e4n.<br \/>\nel\u00e4m\u00e4\u00e4. Useita kaappisarjoja voidaan kytke\u00e4 suoraan rinnakkain jopa 30 kpl energian varastoimiseksi.<br \/>\nj\u00e4rjestelm\u00e4n laajentaminen. Se on eritt\u00e4in helposti skaalautuva ja kannettava.<\/p>\n<p>Nestej\u00e4\u00e4hdytys :<br \/>\nAkkukennojen l\u00e4mp\u00f6tilan vaihtelu<br \/>\nkoko j\u00e4rjestelm\u00e4ss\u00e4 on \u00b11,5 \u00b0C:n sis\u00e4ll\u00e4 johtuen siit\u00e4, ett\u00e4<br \/>\n\u00e4lyk\u00e4s nestej\u00e4\u00e4hdytysj\u00e4rjestelm\u00e4. Se voi<br \/>\npident\u00e4\u00e4 j\u00e4rjestelm\u00e4n k\u00e4ytt\u00f6ik\u00e4\u00e4 jopa<br \/>\n30%, lis\u00e4\u00e4v\u00e4t j\u00e4rjestelm\u00e4n pitk\u00e4n aikav\u00e4lin tehokkuutta<br \/>\nenint\u00e4\u00e4n 88,5%.<\/p>\n<p>Turvallinen<br \/>\nJ\u00e4rjestelm\u00e4ss\u00e4 on nelj\u00e4 hallintotasoa<br \/>\nrakenne, joka voi tarjota tarkan<br \/>\noikosulkusuojaus, ylivirtasuojaus<br \/>\nsuojaus, ylij\u00e4nnitesuojaus,<br \/>\nalij\u00e4nnitesuojaus, ylil\u00e4mp\u00f6tilasuojaus<br \/>\nsuojelu jne.<\/p>\n<p>VDE4100<\/p>\n<p>IEC62619<\/p>\n<p>IEC61000<\/p>\n<p>UL9540A<\/p>\n<p>EN50549<\/p>\n<h3><span style=\"font-size: 16px\">Tietolehti :<\/span><\/h3>\n<p><a href=\"https:\/\/blauhoff.nl\/wp-content\/uploads\/2023\/10\/Blauhoff_SD-125-258_Energy_Storage_Cabinet.pdf\" target=\"_blank\" rel=\"noopener\">Blauhoff_SD-125-258_Energy_Storage_Cabinet<\/a><\/p>\n<p>HUOMIO !<\/p>\n<p>Integroinnin ja monimutkaisuuden vuoksi hinta on arvonlis\u00e4veroton ja ilman kokoonpanoa.<\/p>\n<p>Asennuksen suorittaa paikallinen asentaja teknisen henkil\u00f6kuntamme avustuksella.<\/p>\n<p><iframe title=\"Blauhoff ESS Kaikki yhdess\u00e4\" width=\"1140\" height=\"641\" src=\"https:\/\/www.youtube.com\/embed\/4ygzOwu-j7I?feature=oembed\" frameborder=\"0\" allow=\"accelerometer; autoplay; clipboard-write; encrypted-media; gyroscope; picture-in-picture; web-share\" referrerpolicy=\"strict-origin-when-cross-origin\" allowfullscreen><\/iframe><\/p>","protected":false},"excerpt":{"rendered":"<p>Kaikilla Blauhoff-akkuj\u00e4rjestelmill\u00e4 on 10 vuoden takuu kennoille ja 5 vuoden takuu invertterille ilman mink\u00e4\u00e4nlaista lis\u00e4maksua! N\u00e4in ei ole [...]<\/p>","protected":false},"featured_media":4028,"template":"","meta":{"_seopress_robots_primary_cat":"none","_seopress_titles_title":"Blauhoff Maxus All in One 500K\/1032kWh Energy Storage Cabinet Liquid cooled","_seopress_titles_desc":"Discover the game-changing products offered by OwnPowr to enhance your online presence and capture your target audience. Start growing your business today!","_seopress_robots_index":"","_kad_blocks_custom_css":"","_kad_blocks_head_custom_js":"","_kad_blocks_body_custom_js":"","_kad_blocks_footer_custom_js":""},"product_cat":[17,19],"product_tag":[],"class_list":{"0":"post-4030","1":"product","2":"type-product","3":"status-publish","4":"has-post-thumbnail","6":"product_cat-home-batteries","7":"product_cat-sets-with-inverters","9":"first","10":"instock","11":"taxable","12":"shipping-taxable","13":"purchasable","14":"product-type-simple"},"taxonomy_info":{"product_cat":[{"value":17,"label":"Home batteries"},{"value":19,"label":"Sets with inverters"}]},"featured_image_src_large":["https:\/\/ownpowr.com\/wp-content\/uploads\/2023\/10\/blauhoff-maxus.png",300,300,false],"author_info":[],"comment_info":"","_links":{"self":[{"href":"https:\/\/ownpowr.com\/fi\/wp-json\/wp\/v2\/product\/4030","targetHints":{"allow":["GET"]}}],"collection":[{"href":"https:\/\/ownpowr.com\/fi\/wp-json\/wp\/v2\/product"}],"about":[{"href":"https:\/\/ownpowr.com\/fi\/wp-json\/wp\/v2\/types\/product"}],"wp:featuredmedia":[{"embeddable":true,"href":"https:\/\/ownpowr.com\/fi\/wp-json\/wp\/v2\/media\/4028"}],"wp:attachment":[{"href":"https:\/\/ownpowr.com\/fi\/wp-json\/wp\/v2\/media?parent=4030"}],"wp:term":[{"taxonomy":"product_cat","embeddable":true,"href":"https:\/\/ownpowr.com\/fi\/wp-json\/wp\/v2\/product_cat?post=4030"},{"taxonomy":"product_tag","embeddable":true,"href":"https:\/\/ownpowr.com\/fi\/wp-json\/wp\/v2\/product_tag?post=4030"}],"curies":[{"name":"wp","href":"https:\/\/api.w.org\/{rel}","templated":true}]}}