{"id":405,"date":"2023-10-05T01:24:56","date_gmt":"2023-10-04T23:24:56","guid":{"rendered":"https:\/\/ownpowr.com\/product\/pytes-e-box-48100r\/"},"modified":"2024-10-16T15:58:23","modified_gmt":"2024-10-16T13:58:23","slug":"pytes-e-box-48100r","status":"publish","type":"product","link":"https:\/\/ownpowr.com\/fi\/product\/pytes-e-box-48100r\/","title":{"rendered":"PYTES E-BOX 48100R"},"content":{"rendered":"<p>Aurinkopaneelien kanssa k\u00e4ytett\u00e4v\u00e4 Pytes-kotiparisto on uuden sukupolven LFP-litiumparisto kotienergian varastointiin.<\/p>\n<p>T\u00e4m\u00e4 kotiakku on turvallinen, hyvin suunniteltu ja tehokas LFP-standardiakku kotiisi tai yritykseesi.<br \/>\nAkku on kompakti ja modulaarinen ja sopii aurinkopaneeleihisi, on kompakti, helppo asentaa, huoltovapaa ja sit\u00e4 voidaan k\u00e4ytt\u00e4\u00e4 rinnakkain asennettuna energiavarastoj\u00e4rjestelm\u00e4n rakennuspalikkana. Sit\u00e4 k\u00e4ytet\u00e4\u00e4n laajalti kotitalouksissa energian varastointiin tai<br \/>\npienet kaupalliset ja teolliset energiavarastointij\u00e4rjestelm\u00e4t, kuten teleasemat.<\/p>\n<p>Rinnakkain asennettavat enimm\u00e4ism\u00e4\u00e4r\u00e4t ovat 8 * 5,12 kwh = 40,96 kwh, ja kun HUB lis\u00e4t\u00e4\u00e4n 56 * 5,12 kwh = 280 KwH.<\/p>\n<p>PYTES E-BOX 48100R -kotipariston ominaisuudet:<\/p>\n<ol>\n<li><strong>Vaikuttava 10 vuoden takuu:<\/strong> Voit luottaa siihen, ett\u00e4 t\u00e4m\u00e4 kotiakku kest\u00e4\u00e4 pitk\u00e4\u00e4n, sill\u00e4 sill\u00e4 on vankka 10 vuoden takuu.<\/li>\n<li><strong>\u00c4lyk\u00e4s energianhallinta:<\/strong> PYTES E-BOX 48100R antaa sinulle mahdollisuuden hallita energiantarpeesi t\u00e4ysin itse. Se varastoi tehokkaasti aurinkopaneeleistasi tuotetun ylim\u00e4\u00e4r\u00e4isen energian mittaamalla, valvomalla ja hallinnoimalla prosessia tarkasti. J\u00e4rjestelm\u00e4n k\u00e4ytt\u00f6ik\u00e4\u00e4 optimoivien \u00e4lykk\u00e4iden algoritmien ansiosta energia on helposti k\u00e4ytett\u00e4viss\u00e4 silloin, kun sit\u00e4 eniten tarvitset.<\/li>\n<li><strong>Varavoima ja varavoima:<\/strong> Voit olla rauhassa tiet\u00e4en, ett\u00e4 t\u00e4m\u00e4 kotiakku tarjoaa luotettavan vara- ja h\u00e4t\u00e4s\u00e4hk\u00f6n, kun s\u00e4hk\u00f6verkko pett\u00e4\u00e4 tai kun se k\u00e4y l\u00e4pi yli 6000 sykli\u00e4, mik\u00e4 takaa sek\u00e4 pitk\u00e4ik\u00e4isyyden ett\u00e4 turvallisuuden.<\/li>\n<li><strong>Laaja yhteensopivuus:<\/strong> PYTES E-BOX 48100R -kotiakku on suunniteltu laaja yhteensopivuus mieless\u00e4, ja se sopii saumattomasti erilaisiin kokoonpanoihin.<\/li>\n<li><strong>Energialaskun s\u00e4\u00e4st\u00f6t:<\/strong> Huipputuntien ulkopuolella kotiakku latautuu \u00e4lykk\u00e4\u00e4sti invertterin avulla ja purkautuu huipputuntien aikana. T\u00e4m\u00e4 strategia v\u00e4hent\u00e4\u00e4 energialaskua huomattavasti ajan mittaan.<\/li>\n<\/ol>\n<p>Tekniset tiedot:<\/p>\n<ul>\n<li><strong>Malli:<\/strong> 48100R<\/li>\n<li><strong>Akun kemia:<\/strong> Litium-rautafosfaatti (LFP)<\/li>\n<li><strong>Nimellisj\u00e4nnite:<\/strong> 51.2V<\/li>\n<li><strong>J\u00e4nnitealue:<\/strong> 47.5V-57.6V<\/li>\n<li><strong>Nimelliskapasiteetti:<\/strong> 100Ah<\/li>\n<li><strong>Nimellinen energia:<\/strong> 5,12 kWh<\/li>\n<li><strong>Yksik\u00f6n mitat:<\/strong> L440mm x B620mm x K117mm (2.6U)<\/li>\n<li><strong>Yksik\u00f6n paino:<\/strong> 51kg<\/li>\n<li><strong>Vakiolatausvirta:<\/strong> 50A<\/li>\n<li><strong>Suurin latausvirta:<\/strong> 50A<\/li>\n<li><strong>Vakiopurkausvirta:<\/strong> 50A<\/li>\n<li><strong>Suurin purkausnopeus:<\/strong> 50A<\/li>\n<li><strong>Tehokkuus edestakaisella matkalla:<\/strong> \u226595%<\/li>\n<li><strong>Viestint\u00e4protokollat:<\/strong> RS232, RS485, VOI<\/li>\n<li><strong>Syklin kesto:<\/strong> \u22656000 sykli\u00e4<\/li>\n<li><strong>Kalenteriel\u00e4m\u00e4:<\/strong> \u226510 vuotta<\/li>\n<li><strong>K\u00e4ytt\u00f6l\u00e4mp\u00f6tila:<\/strong> -10\u00b0C - 50\u00b0C<\/li>\n<li><strong>Liit\u00e4nt\u00e4tyyli:<\/strong> Rinnakkainen<\/li>\n<li><strong>S\u00e4ilytysl\u00e4mp\u00f6tila:<\/strong> 1 kuukauden kuluessa: 1-3 kuukauden kuluessa: -20\u00b0C - 55\u00b0C, 1-3 kuukautta: -20\u00b0C - 55\u00b0C: 0\u00b0C - 35\u00b0C, 3-12 kk: 20\u00b0C - 25\u00b0C<\/li>\n<li><strong>Ohjauspaneeli:<\/strong> Helppoja asennusvaihtoehtoja ovat yksitt\u00e4inen sein\u00e4asennus mukana toimitetuilla kiinnikkeill\u00e4 tai tyylik\u00e4s yhdist\u00e4minen tyylikk\u00e4\u00e4n homeboxin kanssa.<\/li>\n<\/ul>","protected":false},"excerpt":{"rendered":"<p>Aurinkopaneelien kanssa k\u00e4ytett\u00e4v\u00e4 Pytes-kotiparisto on uuden sukupolven LFP-litiumparisto kotienergian varastointiin. T\u00e4m\u00e4 kotiakku on turvallinen, hyvin suunniteltu ja tehokas vakiomallinen [...]<\/p>","protected":false},"featured_media":406,"template":"","meta":{"_seopress_robots_primary_cat":"none","_seopress_titles_title":"The Pytes Home Battery: A Safe, Powerful LFP Lithium Battery for Solar Panels","_seopress_titles_desc":"Experience complete energy self-management with this compact, easy-to-install home battery. Store excess energy, reduce bills, and enjoy a 10-year warranty!","_seopress_robots_index":"","_kad_blocks_custom_css":"","_kad_blocks_head_custom_js":"","_kad_blocks_body_custom_js":"","_kad_blocks_footer_custom_js":""},"product_cat":[17],"product_tag":[],"class_list":{"0":"post-405","1":"product","2":"type-product","3":"status-publish","4":"has-post-thumbnail","6":"product_cat-home-batteries","8":"first","9":"instock","10":"sale","11":"taxable","12":"shipping-taxable","13":"purchasable","14":"product-type-simple"},"taxonomy_info":{"product_cat":[{"value":17,"label":"Home batteries"}]},"featured_image_src_large":["https:\/\/ownpowr.com\/wp-content\/uploads\/2022\/11\/48100R\u8be6\u60c5-920x640_08-420x420-1.jpeg",420,420,false],"author_info":[],"comment_info":"","_links":{"self":[{"href":"https:\/\/ownpowr.com\/fi\/wp-json\/wp\/v2\/product\/405","targetHints":{"allow":["GET"]}}],"collection":[{"href":"https:\/\/ownpowr.com\/fi\/wp-json\/wp\/v2\/product"}],"about":[{"href":"https:\/\/ownpowr.com\/fi\/wp-json\/wp\/v2\/types\/product"}],"wp:featuredmedia":[{"embeddable":true,"href":"https:\/\/ownpowr.com\/fi\/wp-json\/wp\/v2\/media\/406"}],"wp:attachment":[{"href":"https:\/\/ownpowr.com\/fi\/wp-json\/wp\/v2\/media?parent=405"}],"wp:term":[{"taxonomy":"product_cat","embeddable":true,"href":"https:\/\/ownpowr.com\/fi\/wp-json\/wp\/v2\/product_cat?post=405"},{"taxonomy":"product_tag","embeddable":true,"href":"https:\/\/ownpowr.com\/fi\/wp-json\/wp\/v2\/product_tag?post=405"}],"curies":[{"name":"wp","href":"https:\/\/api.w.org\/{rel}","templated":true}]}}